{"id":97389,"date":"2026-02-19T18:16:40","date_gmt":"2026-02-19T17:16:40","guid":{"rendered":"https:\/\/www.refrigerantboys.com\/?page_id=97389"},"modified":"2026-02-19T18:25:06","modified_gmt":"2026-02-19T17:25:06","slug":"97389-2","status":"publish","type":"page","link":"https:\/\/www.refrigerantboys.com\/es\/97389-2\/","title":{"rendered":"Reglamento F-GAS para la compra de gas refrigerante"},"content":{"rendered":"<section class=\"wpb-content-wrapper\"><p>[vc_row][vc_column][vc_single_image image=&#8221;97343&#8243; img_size=&#8221;full&#8221; alignment=&#8221;center&#8221; style=&#8221;vc_box_shadow&#8221; label=&#8221;&#8221;][vc_column_text]<\/p>\n<p data-path-to-node=\"4\">El nuevo <b data-path-to-node=\"4\" data-index-in-node=\"9\">Reglamento (UE) 2024\/573<\/b> sobre gases fluorados de efecto invernadero (F-Gas) deroga y sustituye al anterior Reglamento (UE) 517\/2014.<\/p>\n<h3 data-path-to-node=\"5\">\u00bfQui\u00e9nes son los &#8220;operadores&#8221;?<\/h3>\n<p data-path-to-node=\"6\">Se define como \u00aboperador\u00bb a la empresa que ejerce un <b data-path-to-node=\"6\" data-index-in-node=\"53\">control efectivo sobre el funcionamiento t\u00e9cnico<\/b> de los productos, aparatos o sistemas cubiertos por este reglamento, o al propietario, en caso de que el Estado miembro lo considere responsable de las obligaciones del operador en circunstancias espec\u00edficas. En resumen: el propietario u otra persona f\u00edsica o jur\u00eddica que ejerce un control real sobre el funcionamiento t\u00e9cnico de los productos y equipos.<\/p>\n<h3 data-path-to-node=\"7\">\u00bfQu\u00e9 equipos est\u00e1n involucrados?<\/h3>\n<p data-path-to-node=\"8\">Los equipos afectados por el reglamento son los siguientes:<\/p>\n<ul data-path-to-node=\"9\">\n<li>\n<p data-path-to-node=\"9,0,0\">Equipos fijos de refrigeraci\u00f3n;<\/p>\n<\/li>\n<li>\n<p data-path-to-node=\"9,1,0\">Equipos fijos de aire acondicionado;<\/p>\n<\/li>\n<li>\n<p data-path-to-node=\"9,2,0\">Bombas de calor fijas;<\/p>\n<\/li>\n<li>\n<p data-path-to-node=\"9,3,0\">Equipos fijos de protecci\u00f3n contra incendios;<\/p>\n<\/li>\n<li>\n<p data-path-to-node=\"9,4,0\">Unidades de refrigeraci\u00f3n de camiones y remolques frigor\u00edficos;<\/p>\n<\/li>\n<li>\n<p data-path-to-node=\"9,5,0\">C\u00e9lulas de conmutaci\u00f3n el\u00e9ctrica.<\/p>\n<\/li>\n<\/ul>\n<h3 data-path-to-node=\"10\">\u00bfCu\u00e1les son las obligaciones para los operadores?<\/h3>\n<p data-path-to-node=\"11\">Es importante aclarar que la empresa o entidad que act\u00fae como &#8220;operador&#8221; de equipos que contienen F-Gas <b data-path-to-node=\"11\" data-index-in-node=\"104\">no est\u00e1 obligada a inscribirse en el Registro ni a certificarse<\/b>. Sin embargo, para las operaciones de instalaci\u00f3n, mantenimiento, reparaci\u00f3n, revisi\u00f3n y desmantelamiento, as\u00ed como para el control de fugas, los operadores tienen la obligaci\u00f3n de:<\/p>\n<ol start=\"1\" data-path-to-node=\"12\">\n<li>\n<p data-path-to-node=\"12,0,0\">Utilizar personal propio inscrito en el registro y en posesi\u00f3n de un certificado <b data-path-to-node=\"12,0,0\" data-index-in-node=\"81\">O<\/b><\/p>\n<\/li>\n<li>\n<p data-path-to-node=\"12,1,0\">Recurrir a personas o empresas certificadas.<\/p>\n<\/li>\n<\/ol>\n<p data-path-to-node=\"13\"><b data-path-to-node=\"13\" data-index-in-node=\"0\">\u00a1ATENCI\u00d3N!<\/b> Es responsabilidad del <b data-path-to-node=\"13\" data-index-in-node=\"34\">operador<\/b> verificar que ha confiado las operaciones a sujetos cualificados y comprobar que las intervenciones se han completado (control de fugas, registros).<\/p>\n<p>[\/vc_column_text][vc_column_text]<\/p>\n<h3 data-path-to-node=\"15\">Actualizaci\u00f3n del Mercado de Gases Refrigerantes 2026<\/h3>\n<p data-path-to-node=\"16\">En los \u00faltimos a\u00f1os, con la consolidaci\u00f3n del nuevo Reglamento (UE) 2024\/573, estamos asistiendo a un <b data-path-to-node=\"16\" data-index-in-node=\"102\">aumento progresivo y marcado de los precios<\/b> de los gases HFC y de algunas mezclas HFO.<\/p>\n<p data-path-to-node=\"17\">Esta din\u00e1mica se debe a la dr\u00e1stica reducci\u00f3n de las cuotas de GWP (Global Warming Potential) impuesta por la Comisi\u00f3n Europea. Este escenario reduce significativamente la disponibilidad de producto, lo que provoca un aumento inevitable de las tarifas. Los gases m\u00e1s afectados son: <b data-path-to-node=\"17\" data-index-in-node=\"282\">R410A, R407C, R134a<\/b> y otros.<\/p>\n<p data-path-to-node=\"1\"><b data-path-to-node=\"1\" data-index-in-node=\"0\">Qu\u00e9 ha cambiado respecto al texto original:<\/b><\/p>\n<ul data-path-to-node=\"2\">\n<li>\n<p data-path-to-node=\"2,0,0\"><b data-path-to-node=\"2,0,0\" data-index-in-node=\"0\">A\u00f1o:<\/b> He sustituido &#8220;2023&#8221; por una referencia m\u00e1s actual, ya que el verdadero &#8220;recorte&#8221; dr\u00e1stico de las cuotas comenz\u00f3 con el nuevo reglamento de 2024.<\/p>\n<\/li>\n<li>\n<p data-path-to-node=\"2,1,0\"><b data-path-to-node=\"2,1,0\" data-index-in-node=\"0\">Normativa:<\/b> He eliminado la referencia gen\u00e9rica a la &#8220;decisi\u00f3n de los fabricantes&#8221; para darle un tono m\u00e1s institucional (reducci\u00f3n de las cuotas GWP).<\/p>\n<\/li>\n<li>\n<p data-path-to-node=\"2,2,0\"><b data-path-to-node=\"2,2,0\" data-index-in-node=\"0\">Estilo:<\/b> He adaptado el lenguaje para un sitio de comercio electr\u00f3nico profesional (ej. &#8220;disponibilidad de producto&#8221; en lugar de &#8220;menos producto&#8221;).<\/p>\n<\/li>\n<\/ul>\n<p>[\/vc_column_text][vc_separator color=&#8221;green&#8221; border_width=&#8221;10&#8243;]<div class=\"porto-btn-ctn-center \"><a class=\"porto-btn porto-adjust-bottom-margin porto-btn-large porto-btn-no-hover-bg   wpb_custom_fa51088c2567b780100c1edcf8821d3b  porto-btn-center \"  rel='' href = \"https:\/\/www.refrigerantboys.com\/es\/declaracion_fgas_2026_es\/\"  data-hover=\"\" data-border-color=\"\" data-bg=\"#43ac34\" data-hover-bg=\"\" data-border-hover=\"\" data-shadow-click=\"none\" data-shadow=\"\" style=\"border:none;background: #43ac34;color: #000000;\"><span class=\"porto-btn-hover\"><\/span><span class=\"porto-btn-data porto-btn-text \" >DESCARGAR FORMULARIO<\/span><\/a><\/div><div class=\"porto-btn-ctn-center \"><a class=\"porto-btn porto-adjust-bottom-margin porto-btn-large porto-btn-no-hover-bg   wpb_custom_fa51088c2567b780100c1edcf8821d3b  porto-btn-center \"  rel='' href = \"mailto:CUSTOMERCARE@REFRIGERANTBOYS.COM\"  data-hover=\"\" data-border-color=\"\" data-bg=\"#43ac34\" data-hover-bg=\"\" data-border-hover=\"\" data-shadow-click=\"none\" data-shadow=\"\" style=\"border:none;background: #43ac34;color: #000000;\"><span class=\"porto-btn-hover\"><\/span><span class=\"porto-btn-data porto-btn-text \" >Cont\u00e1ctenos por correo electr\u00f3nico:<\/span><\/a><\/div><div class=\"porto-btn-ctn-center \"><a class=\"porto-btn porto-adjust-bottom-margin porto-btn-large porto-btn-no-hover-bg   wpb_custom_fa51088c2567b780100c1edcf8821d3b  porto-btn-center \"  rel='' href = \"https:\/\/eur-lex.europa.eu\/legal-content\/EN\/TXT\/?uri=CELEX:32024R0573\"  data-hover=\"\" data-border-color=\"\" data-bg=\"#43ac34\" data-hover-bg=\"\" data-border-hover=\"\" data-shadow-click=\"none\" data-shadow=\"\" style=\"border:none;background: #43ac34;color: #000000;\"><span class=\"porto-btn-hover\"><\/span><span class=\"porto-btn-data porto-btn-text \" >Consulta el D.P.R. n. 146\/2018 (Base de datos F-Gas Italia)<\/span><\/a><\/div>[\/vc_column][\/vc_row]<\/p>\n<\/section>","protected":false},"excerpt":{"rendered":"<p>[vc_row][vc_column][vc_single_image image=&#8221;97343&#8243; img_size=&#8221;full&#8221; alignment=&#8221;center&#8221; style=&#8221;vc_box_shadow&#8221; label=&#8221;&#8221;][vc_column_text] El nuevo Reglamento (UE) 2024\/573 sobre gases fluorados de efecto invernadero (F-Gas) deroga y sustituye al anterior Reglamento (UE) 517\/2014. \u00bfQui\u00e9nes son los &#8220;operadores&#8221;? Se define como \u00aboperador\u00bb a la empresa que ejerce un control efectivo sobre el funcionamiento t\u00e9cnico de los productos, aparatos o sistemas cubiertos por este [&hellip;]<\/p>\n","protected":false},"author":1211,"featured_media":0,"parent":0,"menu_order":0,"comment_status":"closed","ping_status":"closed","template":"","meta":[],"acf":[],"yoast_head":"<!-- This site is optimized with the Yoast SEO plugin v20.2 - https:\/\/yoast.com\/wordpress\/plugins\/seo\/ -->\n<title>Reglamento F-GAS para la compra de gas refrigerante | Refrigerant Boys<\/title>\n<meta name=\"robots\" content=\"index, follow, max-snippet:-1, max-image-preview:large, max-video-preview:-1\" \/>\n<link rel=\"canonical\" href=\"https:\/\/www.refrigerantboys.com\/es\/97389-2\/\" \/>\n<meta property=\"og:locale\" content=\"es_ES\" \/>\n<meta property=\"og:type\" content=\"article\" \/>\n<meta property=\"og:title\" content=\"Reglamento F-GAS para la compra de gas refrigerante | Refrigerant Boys\" \/>\n<meta property=\"og:description\" content=\"[vc_row][vc_column][vc_single_image image=&#8221;97343&#8243; img_size=&#8221;full&#8221; alignment=&#8221;center&#8221; style=&#8221;vc_box_shadow&#8221; label=&#8221;&#8221;][vc_column_text] El nuevo Reglamento (UE) 2024\/573 sobre gases fluorados de efecto invernadero (F-Gas) deroga y sustituye al anterior Reglamento (UE) 517\/2014. \u00bfQui\u00e9nes son los &#8220;operadores&#8221;? Se define como \u00aboperador\u00bb a la empresa que ejerce un control efectivo sobre el funcionamiento t\u00e9cnico de los productos, aparatos o sistemas cubiertos por este [&hellip;]\" \/>\n<meta property=\"og:url\" content=\"https:\/\/www.refrigerantboys.com\/es\/97389-2\/\" \/>\n<meta property=\"og:site_name\" content=\"Refrigerant Boys\" \/>\n<meta property=\"article:modified_time\" content=\"2026-02-19T17:25:06+00:00\" \/>\n<meta name=\"twitter:card\" content=\"summary_large_image\" \/>\n<meta name=\"twitter:label1\" content=\"Tiempo de lectura\" \/>\n\t<meta name=\"twitter:data1\" content=\"3 minutos\" \/>\n<script type=\"application\/ld+json\" class=\"yoast-schema-graph\">{\"@context\":\"https:\/\/schema.org\",\"@graph\":[{\"@type\":\"WebPage\",\"@id\":\"https:\/\/www.refrigerantboys.com\/es\/97389-2\/\",\"url\":\"https:\/\/www.refrigerantboys.com\/es\/97389-2\/\",\"name\":\"Reglamento F-GAS para la compra de gas refrigerante | Refrigerant Boys\",\"isPartOf\":{\"@id\":\"https:\/\/www.refrigerantboys.com\/es\/#website\"},\"datePublished\":\"2026-02-19T17:16:40+00:00\",\"dateModified\":\"2026-02-19T17:25:06+00:00\",\"breadcrumb\":{\"@id\":\"https:\/\/www.refrigerantboys.com\/es\/97389-2\/#breadcrumb\"},\"inLanguage\":\"es\",\"potentialAction\":[{\"@type\":\"ReadAction\",\"target\":[\"https:\/\/www.refrigerantboys.com\/es\/97389-2\/\"]}]},{\"@type\":\"BreadcrumbList\",\"@id\":\"https:\/\/www.refrigerantboys.com\/es\/97389-2\/#breadcrumb\",\"itemListElement\":[{\"@type\":\"ListItem\",\"position\":1,\"name\":\"Home\",\"item\":\"https:\/\/www.refrigerantboys.com\/es\/\"},{\"@type\":\"ListItem\",\"position\":2,\"name\":\"Reglamento F-GAS para la compra de gas refrigerante\"}]},{\"@type\":\"WebSite\",\"@id\":\"https:\/\/www.refrigerantboys.com\/es\/#website\",\"url\":\"https:\/\/www.refrigerantboys.com\/es\/\",\"name\":\"Refrigerant Boys\",\"description\":\"Vendita gas refrigeranti\",\"potentialAction\":[{\"@type\":\"SearchAction\",\"target\":{\"@type\":\"EntryPoint\",\"urlTemplate\":\"https:\/\/www.refrigerantboys.com\/es\/?s={search_term_string}\"},\"query-input\":\"required name=search_term_string\"}],\"inLanguage\":\"es\"}]}<\/script>\n<!-- \/ Yoast SEO plugin. -->","yoast_head_json":{"title":"Reglamento F-GAS para la compra de gas refrigerante | Refrigerant Boys","robots":{"index":"index","follow":"follow","max-snippet":"max-snippet:-1","max-image-preview":"max-image-preview:large","max-video-preview":"max-video-preview:-1"},"canonical":"https:\/\/www.refrigerantboys.com\/es\/97389-2\/","og_locale":"es_ES","og_type":"article","og_title":"Reglamento F-GAS para la compra de gas refrigerante | Refrigerant Boys","og_description":"[vc_row][vc_column][vc_single_image image=&#8221;97343&#8243; img_size=&#8221;full&#8221; alignment=&#8221;center&#8221; style=&#8221;vc_box_shadow&#8221; label=&#8221;&#8221;][vc_column_text] El nuevo Reglamento (UE) 2024\/573 sobre gases fluorados de efecto invernadero (F-Gas) deroga y sustituye al anterior Reglamento (UE) 517\/2014. \u00bfQui\u00e9nes son los &#8220;operadores&#8221;? Se define como \u00aboperador\u00bb a la empresa que ejerce un control efectivo sobre el funcionamiento t\u00e9cnico de los productos, aparatos o sistemas cubiertos por este [&hellip;]","og_url":"https:\/\/www.refrigerantboys.com\/es\/97389-2\/","og_site_name":"Refrigerant Boys","article_modified_time":"2026-02-19T17:25:06+00:00","twitter_card":"summary_large_image","twitter_misc":{"Tiempo de lectura":"3 minutos"},"schema":{"@context":"https:\/\/schema.org","@graph":[{"@type":"WebPage","@id":"https:\/\/www.refrigerantboys.com\/es\/97389-2\/","url":"https:\/\/www.refrigerantboys.com\/es\/97389-2\/","name":"Reglamento F-GAS para la compra de gas refrigerante | Refrigerant Boys","isPartOf":{"@id":"https:\/\/www.refrigerantboys.com\/es\/#website"},"datePublished":"2026-02-19T17:16:40+00:00","dateModified":"2026-02-19T17:25:06+00:00","breadcrumb":{"@id":"https:\/\/www.refrigerantboys.com\/es\/97389-2\/#breadcrumb"},"inLanguage":"es","potentialAction":[{"@type":"ReadAction","target":["https:\/\/www.refrigerantboys.com\/es\/97389-2\/"]}]},{"@type":"BreadcrumbList","@id":"https:\/\/www.refrigerantboys.com\/es\/97389-2\/#breadcrumb","itemListElement":[{"@type":"ListItem","position":1,"name":"Home","item":"https:\/\/www.refrigerantboys.com\/es\/"},{"@type":"ListItem","position":2,"name":"Reglamento F-GAS para la compra de gas refrigerante"}]},{"@type":"WebSite","@id":"https:\/\/www.refrigerantboys.com\/es\/#website","url":"https:\/\/www.refrigerantboys.com\/es\/","name":"Refrigerant Boys","description":"Vendita gas refrigeranti","potentialAction":[{"@type":"SearchAction","target":{"@type":"EntryPoint","urlTemplate":"https:\/\/www.refrigerantboys.com\/es\/?s={search_term_string}"},"query-input":"required name=search_term_string"}],"inLanguage":"es"}]}},"_links":{"self":[{"href":"https:\/\/www.refrigerantboys.com\/es\/wp-json\/wp\/v2\/pages\/97389"}],"collection":[{"href":"https:\/\/www.refrigerantboys.com\/es\/wp-json\/wp\/v2\/pages"}],"about":[{"href":"https:\/\/www.refrigerantboys.com\/es\/wp-json\/wp\/v2\/types\/page"}],"author":[{"embeddable":true,"href":"https:\/\/www.refrigerantboys.com\/es\/wp-json\/wp\/v2\/users\/1211"}],"replies":[{"embeddable":true,"href":"https:\/\/www.refrigerantboys.com\/es\/wp-json\/wp\/v2\/comments?post=97389"}],"version-history":[{"count":0,"href":"https:\/\/www.refrigerantboys.com\/es\/wp-json\/wp\/v2\/pages\/97389\/revisions"}],"wp:attachment":[{"href":"https:\/\/www.refrigerantboys.com\/es\/wp-json\/wp\/v2\/media?parent=97389"}],"curies":[{"name":"wp","href":"https:\/\/api.w.org\/{rel}","templated":true}]}}