{"id":53659,"date":"2022-04-13T07:40:33","date_gmt":"2022-04-13T06:40:33","guid":{"rendered":"https:\/\/www.refrigerantboys.com\/servizio-di-raccolta-bombole-vuote\/"},"modified":"2023-03-01T10:01:29","modified_gmt":"2023-03-01T09:01:29","slug":"servicio-de-recogida-de-cilindros-vacios","status":"publish","type":"page","link":"https:\/\/www.refrigerantboys.com\/es\/servicio-de-recogida-de-cilindros-vacios\/","title":{"rendered":"Servicio de recogida de cilindros vacios"},"content":{"rendered":"<section class=\"wpb-content-wrapper\"><p>[vc_row][vc_column][vc_column_text]<\/p>\n<h2 style=\"text-align: center;\">Compra de botella vac\u00ecas usadas<\/h2>\n<p style=\"text-align: center;\">Contactar nuestro servicio al cliente <a href=\"mailto:customercare@refrigerantboys.com\">customercare@refrigerantboys.com<\/a> y incluya:<\/p>\n<p>[\/vc_column_text][\/vc_column][\/vc_row][vc_row][vc_column width=&#8221;1\/3&#8243;]<div class=\"porto-sicon-box  wpb_custom_1efe903570d178ff0a9b7bfa5febd3a4 style_1 heading-right-icon\"><div class=\"porto-sicon-header\"><h3 class=\"porto-sicon-title\">Botella de 10\/12 kg<\/h3><\/div> <!-- header --><div class=\"porto-sicon-heading-right\" ><div class=\"porto-just-icon-wrapper porto-sicon-img  porto-icon-9f5d1cfb45d27d96b50bf473aebba227\" style=\"font-size: 50px;\"><img class=\"img-icon\" alt=\"\" src=\"https:\/\/www.refrigerantboys.com\/wp-content\/uploads\/2022\/10\/TRNR_300dpi.png\" width=\"1535\" height=\"2561\" \/><\/div><\/div><\/div><!-- porto-sicon-box -->[\/vc_column][vc_column width=&#8221;1\/3&#8243;]<div class=\"porto-sicon-box  wpb_custom_1efe903570d178ff0a9b7bfa5febd3a4 style_1 heading-right-icon\"><div class=\"porto-sicon-header\"><h3 class=\"porto-sicon-title\">Botella de 30\/40 kg<\/h3><\/div> <!-- header --><div class=\"porto-sicon-heading-right\" ><div class=\"porto-just-icon-wrapper porto-sicon-img  porto-icon-9f5d1cfb45d27d96b50bf473aebba227\" style=\"font-size: 50px;\"><img class=\"img-icon\" alt=\"\" src=\"https:\/\/www.refrigerantboys.com\/wp-content\/uploads\/2022\/10\/TRB40KV_300dpi.png\" width=\"1503\" height=\"3094\" \/><\/div><\/div><\/div><!-- porto-sicon-box -->[\/vc_column][vc_column width=&#8221;1\/3&#8243;]<div class=\"porto-sicon-box  wpb_custom_1efe903570d178ff0a9b7bfa5febd3a4 style_1 heading-right-icon\"><div class=\"porto-sicon-header\"><h3 class=\"porto-sicon-title\">No recogemos botellas de otros formatos.<\/h3><p>Las botellas tienen que ser \u00eatre recargables T-PED<\/p><\/div> <!-- header --><div class=\"porto-sicon-heading-right\" ><div class=\"porto-just-icon-wrapper porto-sicon-img  porto-icon-9f5d1cfb45d27d96b50bf473aebba227\" style=\"font-size: 100px;\"><img class=\"img-icon\" alt=\"\" src=\"https:\/\/www.refrigerantboys.com\/wp-content\/uploads\/2022\/11\/no-bombole.png\" width=\"520\" height=\"522\" \/><\/div><\/div><\/div><!-- porto-sicon-box -->[\/vc_column][\/vc_row][vc_row][vc_column][vc_column_text]<\/p>\n<p style=\"text-align: center;\"><strong>ADVERTENCIA: <\/strong>Los cilindros de gas refrigerante son v\u00e0lidos hasta 10 anos a partir de la fecha de producci\u00f2n.<\/p>\n<p style=\"text-align: center;\">EJEMPLO : Si lo encuentra en su botella una fecha de 03\/2017, significa que la botella misma puede ser utilizada hasta el 03\/027.<\/p>\n<p>[\/vc_column_text][vc_single_image image=&#8221;63426&#8243; img_size=&#8221;full&#8221; alignment=&#8221;center&#8221; label=&#8221;&#8221;][vc_column_text]Como enviarnos las botellas vac\u00ecas<\/p>\n<ul>\n<li>Datos completos de la empresa.<\/li>\n<li>Direcci\u00f2n exacta + hora de apertura + n\u00f9mero de tel\u00e9fono.<\/li>\n<li>La cuenta exacta de las botellas.<\/li>\n<\/ul>\n<p>Nuestro servicio al cliente le respondar\u00e0 con todas las informaci\u00f2nes.[\/vc_column_text][\/vc_column][\/vc_row]<\/p>\n<\/section>","protected":false},"excerpt":{"rendered":"<p>[vc_row][vc_column][vc_column_text] Compra de botella vac\u00ecas usadas Contactar nuestro servicio al cliente customercare@refrigerantboys.com y incluya: [\/vc_column_text][\/vc_column][\/vc_row][vc_row][vc_column width=&#8221;1\/3&#8243;][\/vc_column][vc_column width=&#8221;1\/3&#8243;][\/vc_column][vc_column width=&#8221;1\/3&#8243;][\/vc_column][\/vc_row][vc_row][vc_column][vc_column_text] ADVERTENCIA: Los cilindros de gas refrigerante son v\u00e0lidos hasta 10 anos a partir de la fecha de producci\u00f2n. EJEMPLO : Si lo encuentra en su botella una fecha de 03\/2017, significa que la botella misma puede ser [&hellip;]<\/p>\n","protected":false},"author":5232,"featured_media":0,"parent":0,"menu_order":0,"comment_status":"closed","ping_status":"closed","template":"","meta":[],"acf":[],"yoast_head":"<!-- This site is optimized with the Yoast SEO plugin v20.2 - https:\/\/yoast.com\/wordpress\/plugins\/seo\/ -->\n<title>Servicio de recogida de cilindros vacios | Refrigerant Boys<\/title>\n<meta name=\"robots\" content=\"index, follow, max-snippet:-1, max-image-preview:large, max-video-preview:-1\" \/>\n<link rel=\"canonical\" href=\"https:\/\/www.refrigerantboys.com\/es\/servicio-de-recogida-de-cilindros-vacios\/\" \/>\n<meta property=\"og:locale\" content=\"es_ES\" \/>\n<meta property=\"og:type\" content=\"article\" \/>\n<meta property=\"og:title\" content=\"Servicio de recogida de cilindros vacios | Refrigerant Boys\" \/>\n<meta property=\"og:description\" content=\"[vc_row][vc_column][vc_column_text] Compra de botella vac\u00ecas usadas Contactar nuestro servicio al cliente customercare@refrigerantboys.com y incluya: [\/vc_column_text][\/vc_column][\/vc_row][vc_row][vc_column width=&#8221;1\/3&#8243;][\/vc_column][vc_column width=&#8221;1\/3&#8243;][\/vc_column][vc_column width=&#8221;1\/3&#8243;][\/vc_column][\/vc_row][vc_row][vc_column][vc_column_text] ADVERTENCIA: Los cilindros de gas refrigerante son v\u00e0lidos hasta 10 anos a partir de la fecha de producci\u00f2n. EJEMPLO : Si lo encuentra en su botella una fecha de 03\/2017, significa que la botella misma puede ser [&hellip;]\" \/>\n<meta property=\"og:url\" content=\"https:\/\/www.refrigerantboys.com\/es\/servicio-de-recogida-de-cilindros-vacios\/\" \/>\n<meta property=\"og:site_name\" content=\"Refrigerant Boys\" \/>\n<meta property=\"article:modified_time\" content=\"2023-03-01T09:01:29+00:00\" \/>\n<meta property=\"og:image\" content=\"https:\/\/www.refrigerantboys.com\/wp-content\/uploads\/2018\/07\/gas_1.jpg\" \/>\n\t<meta property=\"og:image:width\" content=\"960\" \/>\n\t<meta property=\"og:image:height\" content=\"648\" \/>\n\t<meta property=\"og:image:type\" content=\"image\/jpeg\" \/>\n<meta name=\"twitter:card\" content=\"summary_large_image\" \/>\n<meta name=\"twitter:label1\" content=\"Tiempo de lectura\" \/>\n\t<meta name=\"twitter:data1\" content=\"1 minuto\" \/>\n<script type=\"application\/ld+json\" class=\"yoast-schema-graph\">{\"@context\":\"https:\/\/schema.org\",\"@graph\":[{\"@type\":\"WebPage\",\"@id\":\"https:\/\/www.refrigerantboys.com\/es\/servicio-de-recogida-de-cilindros-vacios\/\",\"url\":\"https:\/\/www.refrigerantboys.com\/es\/servicio-de-recogida-de-cilindros-vacios\/\",\"name\":\"Servicio de recogida de cilindros vacios | Refrigerant Boys\",\"isPartOf\":{\"@id\":\"https:\/\/www.refrigerantboys.com\/es\/#website\"},\"datePublished\":\"2022-04-13T06:40:33+00:00\",\"dateModified\":\"2023-03-01T09:01:29+00:00\",\"breadcrumb\":{\"@id\":\"https:\/\/www.refrigerantboys.com\/es\/servicio-de-recogida-de-cilindros-vacios\/#breadcrumb\"},\"inLanguage\":\"es\",\"potentialAction\":[{\"@type\":\"ReadAction\",\"target\":[\"https:\/\/www.refrigerantboys.com\/es\/servicio-de-recogida-de-cilindros-vacios\/\"]}]},{\"@type\":\"BreadcrumbList\",\"@id\":\"https:\/\/www.refrigerantboys.com\/es\/servicio-de-recogida-de-cilindros-vacios\/#breadcrumb\",\"itemListElement\":[{\"@type\":\"ListItem\",\"position\":1,\"name\":\"Home\",\"item\":\"https:\/\/www.refrigerantboys.com\/es\/\"},{\"@type\":\"ListItem\",\"position\":2,\"name\":\"Servicio de recogida de cilindros vacios\"}]},{\"@type\":\"WebSite\",\"@id\":\"https:\/\/www.refrigerantboys.com\/es\/#website\",\"url\":\"https:\/\/www.refrigerantboys.com\/es\/\",\"name\":\"Refrigerant Boys\",\"description\":\"Vendita gas refrigeranti\",\"potentialAction\":[{\"@type\":\"SearchAction\",\"target\":{\"@type\":\"EntryPoint\",\"urlTemplate\":\"https:\/\/www.refrigerantboys.com\/es\/?s={search_term_string}\"},\"query-input\":\"required name=search_term_string\"}],\"inLanguage\":\"es\"}]}<\/script>\n<!-- \/ Yoast SEO plugin. -->","yoast_head_json":{"title":"Servicio de recogida de cilindros vacios | Refrigerant Boys","robots":{"index":"index","follow":"follow","max-snippet":"max-snippet:-1","max-image-preview":"max-image-preview:large","max-video-preview":"max-video-preview:-1"},"canonical":"https:\/\/www.refrigerantboys.com\/es\/servicio-de-recogida-de-cilindros-vacios\/","og_locale":"es_ES","og_type":"article","og_title":"Servicio de recogida de cilindros vacios | Refrigerant Boys","og_description":"[vc_row][vc_column][vc_column_text] Compra de botella vac\u00ecas usadas Contactar nuestro servicio al cliente customercare@refrigerantboys.com y incluya: [\/vc_column_text][\/vc_column][\/vc_row][vc_row][vc_column width=&#8221;1\/3&#8243;][\/vc_column][vc_column width=&#8221;1\/3&#8243;][\/vc_column][vc_column width=&#8221;1\/3&#8243;][\/vc_column][\/vc_row][vc_row][vc_column][vc_column_text] ADVERTENCIA: Los cilindros de gas refrigerante son v\u00e0lidos hasta 10 anos a partir de la fecha de producci\u00f2n. EJEMPLO : Si lo encuentra en su botella una fecha de 03\/2017, significa que la botella misma puede ser [&hellip;]","og_url":"https:\/\/www.refrigerantboys.com\/es\/servicio-de-recogida-de-cilindros-vacios\/","og_site_name":"Refrigerant Boys","article_modified_time":"2023-03-01T09:01:29+00:00","og_image":[{"width":960,"height":648,"url":"https:\/\/www.refrigerantboys.com\/wp-content\/uploads\/2018\/07\/gas_1.jpg","type":"image\/jpeg"}],"twitter_card":"summary_large_image","twitter_misc":{"Tiempo de lectura":"1 minuto"},"schema":{"@context":"https:\/\/schema.org","@graph":[{"@type":"WebPage","@id":"https:\/\/www.refrigerantboys.com\/es\/servicio-de-recogida-de-cilindros-vacios\/","url":"https:\/\/www.refrigerantboys.com\/es\/servicio-de-recogida-de-cilindros-vacios\/","name":"Servicio de recogida de cilindros vacios | Refrigerant Boys","isPartOf":{"@id":"https:\/\/www.refrigerantboys.com\/es\/#website"},"datePublished":"2022-04-13T06:40:33+00:00","dateModified":"2023-03-01T09:01:29+00:00","breadcrumb":{"@id":"https:\/\/www.refrigerantboys.com\/es\/servicio-de-recogida-de-cilindros-vacios\/#breadcrumb"},"inLanguage":"es","potentialAction":[{"@type":"ReadAction","target":["https:\/\/www.refrigerantboys.com\/es\/servicio-de-recogida-de-cilindros-vacios\/"]}]},{"@type":"BreadcrumbList","@id":"https:\/\/www.refrigerantboys.com\/es\/servicio-de-recogida-de-cilindros-vacios\/#breadcrumb","itemListElement":[{"@type":"ListItem","position":1,"name":"Home","item":"https:\/\/www.refrigerantboys.com\/es\/"},{"@type":"ListItem","position":2,"name":"Servicio de recogida de cilindros vacios"}]},{"@type":"WebSite","@id":"https:\/\/www.refrigerantboys.com\/es\/#website","url":"https:\/\/www.refrigerantboys.com\/es\/","name":"Refrigerant Boys","description":"Vendita gas refrigeranti","potentialAction":[{"@type":"SearchAction","target":{"@type":"EntryPoint","urlTemplate":"https:\/\/www.refrigerantboys.com\/es\/?s={search_term_string}"},"query-input":"required name=search_term_string"}],"inLanguage":"es"}]}},"_links":{"self":[{"href":"https:\/\/www.refrigerantboys.com\/es\/wp-json\/wp\/v2\/pages\/53659"}],"collection":[{"href":"https:\/\/www.refrigerantboys.com\/es\/wp-json\/wp\/v2\/pages"}],"about":[{"href":"https:\/\/www.refrigerantboys.com\/es\/wp-json\/wp\/v2\/types\/page"}],"author":[{"embeddable":true,"href":"https:\/\/www.refrigerantboys.com\/es\/wp-json\/wp\/v2\/users\/5232"}],"replies":[{"embeddable":true,"href":"https:\/\/www.refrigerantboys.com\/es\/wp-json\/wp\/v2\/comments?post=53659"}],"version-history":[{"count":0,"href":"https:\/\/www.refrigerantboys.com\/es\/wp-json\/wp\/v2\/pages\/53659\/revisions"}],"wp:attachment":[{"href":"https:\/\/www.refrigerantboys.com\/es\/wp-json\/wp\/v2\/media?parent=53659"}],"curies":[{"name":"wp","href":"https:\/\/api.w.org\/{rel}","templated":true}]}}