{"id":2619,"date":"2018-04-16T09:58:50","date_gmt":"2018-04-16T09:58:50","guid":{"rendered":"https:\/\/www.refrigerantboys.com\/?page_id=2619"},"modified":"2023-03-01T09:24:33","modified_gmt":"2023-03-01T08:24:33","slug":"productos-quimicos-refrigeracion","status":"publish","type":"page","link":"https:\/\/www.refrigerantboys.com\/es\/productos-quimicos-refrigeracion\/","title":{"rendered":"Productos para mantenimiento de equipos de refrigeraci\u00f3n"},"content":{"rendered":"<section class=\"wpb-content-wrapper\"><p>[vc_row full_width=&#8221;stretch_row&#8221; el_class=&#8221;py-5 m-0 bg-overlay main-no-padding&#8221; css=&#8221;.vc_custom_1675323761797{background-image: url(https:\/\/refrigerantboys.com\/wp-content\/uploads\/2018\/04\/refrigerant.jpg?id=9034) !important;background-position: center !important;background-repeat: no-repeat !important;background-size: cover !important;}&#8221; conditional_render=&#8221;%5B%7B%22value_role%22%3A%22administrator%22%7D%5D&#8221;][vc_column]<div class=\"porto-u-heading  wpb_custom_8c3ad193a912f398c30e5b63082c323c porto-u-55ca8359258f9a412be7e73af65d2aac \"><div class=\"porto-u-main-heading\"><h2   style=\"color:#ffffff;margin-bottom: 30px;\">Qu\u00edmico<\/h2><\/div><div class=\"porto-u-sub-heading\" style=\"color: #ffffff;margin-bottom:50px;\">Si necesitas un producto qu\u00edmico espec\u00edfico para la limpieza y el mantenimiento, consulta la secci\u00f3n dedicada de nuestra tienda.<\/div><style>.porto-u-55ca8359258f9a412be7e73af65d2aac.porto-u-heading{text-align:center}<\/style><\/div><div class=\"porto-btn-ctn-center btn-green\"><a class=\"porto-btn porto-adjust-bottom-margin porto-btn-large porto-btn-no-hover-bg   wpb_custom_fa51088c2567b780100c1edcf8821d3b  porto-btn-center \"  rel='' href = \"https:\/\/refrigerantboys.com\/es\/tienda\/quimico\/\"  data-hover=\"\" data-border-color=\"\" data-bg=\"#43ac34\" data-hover-bg=\"\" data-border-hover=\"\" data-shadow-click=\"none\" data-shadow=\"\" style=\"border:none;background: #43ac34;color: #ffffff;\"><span class=\"porto-btn-hover\"><\/span><span class=\"porto-btn-data porto-btn-text \" >COMPRA<\/span><\/a><\/div>[\/vc_column][\/vc_row][vc_row][vc_column width=&#8221;1\/3&#8243;]<div class=\"porto-sicon-box  vc_custom_1675324003567 m-5  wpb_custom_b2558a407b98911ccc962cfe41b037e8 style_1 top-icon\"><div class=\"porto-sicon-top\"><div class=\"porto-just-icon-wrapper porto-sicon-img  porto-icon-6ab677815b2272e3a6a897ebf5e8ffd0\" style=\"background:#ffffff;border-style:solid;border-color:#43ac34;border-width:2px;padding:15px;border-radius:100px;font-size: 50px;\"><img class=\"img-icon\" alt=\"\" src=\"https:\/\/www.refrigerantboys.com\/wp-content\/uploads\/2018\/04\/002-medical.png\" width=\"256\" height=\"256\" \/><\/div><\/div><div class=\"porto-sicon-header\"><h3 class=\"porto-sicon-title\" style=\"\">DESINFECCI\u00d3N<\/h3><\/div> <!-- header --><div class=\"porto-sicon-description\" style=\"\">Desinfecta los equipos de refrigeraci\u00f3n y el acondicionador del autom\u00f3vil con los detergentes e higienizantes que encontrar\u00e1s en nuestro cat\u00e1logo de productos.<\/div> <!-- description --><\/div><!-- porto-sicon-box -->[\/vc_column][vc_column width=&#8221;1\/3&#8243;]<div class=\"porto-sicon-box  vc_custom_1675324013721 m-5  wpb_custom_b2558a407b98911ccc962cfe41b037e8 style_1 top-icon\"><div class=\"porto-sicon-top\"><div class=\"porto-just-icon-wrapper porto-sicon-img  porto-icon-6ab677815b2272e3a6a897ebf5e8ffd0\" style=\"background:#ffffff;border-style:solid;border-color:#43ac34;border-width:2px;padding:15px;border-radius:100px;font-size: 50px;\"><img class=\"img-icon\" alt=\"\" src=\"https:\/\/www.refrigerantboys.com\/wp-content\/uploads\/2018\/04\/003-tools.png\" width=\"256\" height=\"256\" \/><\/div><\/div><div class=\"porto-sicon-header\"><h3 class=\"porto-sicon-title\" style=\"\">TAPAFUGAS<\/h3><\/div> <!-- header --><div class=\"porto-sicon-description\" style=\"\">Repara las p\u00e9rdidas y fugas de un equipo de acondicionamiento. Con nuestros productos tapafugas, bloqueas en un instante la p\u00e9rdida de gas refrigerante.<\/div> <!-- description --><\/div><!-- porto-sicon-box -->[\/vc_column][vc_column width=&#8221;1\/3&#8243;]<div class=\"porto-sicon-box  vc_custom_1675324026476 m-5  wpb_custom_b2558a407b98911ccc962cfe41b037e8 style_1 top-icon\"><div class=\"porto-sicon-top\"><div class=\"porto-just-icon-wrapper porto-sicon-img  porto-icon-6ab677815b2272e3a6a897ebf5e8ffd0\" style=\"background:#ffffff;border-style:solid;border-color:#43ac34;border-width:2px;padding:15px;border-radius:100px;font-size: 50px;\"><img class=\"img-icon\" alt=\"\" src=\"https:\/\/www.refrigerantboys.com\/wp-content\/uploads\/2018\/01\/002-pipe.png\" width=\"256\" height=\"256\" \/><\/div><\/div><div class=\"porto-sicon-header\"><h3 class=\"porto-sicon-title\" style=\"\">LOCALIZACI\u00d3N DE P\u00c9RDIDAS<\/h3><\/div> <!-- header --><div class=\"porto-sicon-description\" style=\"\">\u00bfTiene un equipo con fugas? Local\u00edzalas en un instante con los trazadores fluorescentes y las l\u00e1mparas UV de nuestro cat\u00e1logo.<\/div> <!-- description --><\/div><!-- porto-sicon-box -->[\/vc_column][\/vc_row][vc_row full_width=&#8221;stretch_row&#8221; el_class=&#8221;py-5 m-0 bg-dark&#8221; conditional_render=&#8221;%5B%7B%22value_role%22%3A%22administrator%22%7D%5D&#8221;][vc_column]<div class=\"porto-u-heading  wpb_custom_c4617b5f16c71546a6eee5f224561a54 porto-u-55ca8359258f9a412be7e73af65d2aac \"><div class=\"porto-u-main-heading\"><h2   style=\"color:#ffffff;margin-bottom: 30px;\">EQUIPOS DE REFRIGERACI\u00d3N Y A\/C: MANTENIMIENTO Y REPARACI\u00d3N<\/h2><\/div><div class=\"porto-u-sub-heading\" style=\"color: #ffffff;\">Productos higienizantes que resuelven los problemas de mohos y malos olores, trazadores para la detecci\u00f3n de p\u00e9rdidas en los equipos, botes de detergente l\u00edquido para los circuitos frigor\u00edficos o de acondicionamiento. Estos son solo algunos de los productos qu\u00edmicos que podr\u00e1s encontrar en esta secci\u00f3n de nuestra tienda.<br \/>\nSi est\u00e1s buscando herramientas espec\u00edficas (como grifos, man\u00f3metros, tubos) o gases refrigerantes, consulta las secciones correspondientes de nuestro sitio web.<\/div><style>.porto-u-55ca8359258f9a412be7e73af65d2aac.porto-u-heading{text-align:center}<\/style><\/div>[\/vc_column][\/vc_row][vc_row full_width=&#8221;stretch_row&#8221; el_class=&#8221;py-5 m-0&#8243; conditional_render=&#8221;%5B%7B%22value_role%22%3A%22administrator%22%7D%5D&#8221; css=&#8221;.vc_custom_1675098639954{background-color: #f5f5f5 !important;}&#8221;][vc_column width=&#8221;2\/3&#8243;]<div class=\"porto-u-heading  wpb_custom_95aa9a11c17ad45cfabaf210d84ee7cc porto-u-ad87e2eaf3f9c495180fe0156ddf3eb0 \"><div class=\"porto-u-main-heading\"><h2  >DESINFECCI\u00d3N DE EQUIPOS DE REFRIGERACI\u00d3N: DETERGENTES E HIGIENIZANTES.<\/h2><\/div><div class=\"porto-u-sub-heading\" style=\"\">La desinfecci\u00f3n de un equipo de refrigeraci\u00f3n es muy importante, porque permite reducir la carga bacteriana que se acumula en los equipos de refrigeraci\u00f3n o en el sistema de climatizaci\u00f3n del autom\u00f3vil. Adem\u00e1s de reducir la carga bacteriana, la desinfecci\u00f3n del acondicionador elimina los malos olores (por ejemplo, de esmog o de nicotina, en el caso del aire acondicionado del autom\u00f3vil) e introduce un agradable aroma tanto en el equipo como en las estancias.<\/div><style>.porto-u-ad87e2eaf3f9c495180fe0156ddf3eb0.porto-u-heading{text-align:left}<\/style><\/div><div class=\"porto-btn-ctn-left btn-green\"><a class=\"porto-btn porto-adjust-bottom-margin porto-btn-normal porto-btn-no-hover-bg   wpb_custom_fa51088c2567b780100c1edcf8821d3b  porto-btn-left \"  rel='' href = \"https:\/\/refrigerantboys.com\/es\/compra\/quimico\/desinfectante-400ml\/\"  data-hover=\"\" data-border-color=\"\" data-bg=\"#43ac33\" data-hover-bg=\"\" data-border-hover=\"\" data-shadow-click=\"none\" data-shadow=\"\" style=\"border:none;background: #43ac33;color: #ffffff;\"><span class=\"porto-btn-hover\"><\/span><span class=\"porto-btn-data porto-btn-text \" >COMPRA<\/span><\/a><\/div>[\/vc_column][vc_column width=&#8221;1\/3&#8243;][vc_single_image image=&#8221;1242&#8243; img_size=&#8221;full&#8221; alignment=&#8221;right&#8221; style=&#8221;vc_box_shadow&#8221; el_class=&#8221;img-250-auto&#8221; label=&#8221;&#8221;][\/vc_column][\/vc_row][vc_row el_class=&#8221;py-5 m-0&#8243; conditional_render=&#8221;%5B%7B%22value_role%22%3A%22administrator%22%7D%5D&#8221;][vc_column width=&#8221;1\/3&#8243;][vc_single_image image=&#8221;4872&#8243; img_size=&#8221;full&#8221; style=&#8221;vc_box_shadow&#8221; el_class=&#8221;img-250-auto&#8221; label=&#8221;&#8221;][\/vc_column][vc_column width=&#8221;2\/3&#8243;]<div class=\"porto-u-heading  wpb_custom_95aa9a11c17ad45cfabaf210d84ee7cc porto-u-deedcbb7371acea8894cf5880bfdad9c \"><div class=\"porto-u-main-heading\"><h2  >BLOQUEAR P\u00c9RDIDAS Y TAPAR FUGAS: REPARAR EQUIPOS DE ACONDICIONAMIENTO<\/h2><\/div><div class=\"porto-u-sub-heading\" style=\"\">Los productos tapafugas y para bloquear p\u00e9rdidas para acondicionadores de aire y equipos de refrigeraci\u00f3n funcionan como las plaquetas en la sangre: se liberan dentro del equipo y, al circular por dentro de los tubos, se acumulan en los puntos con p\u00e9rdidas, orificios o cortes. Estos componentes (microdispersos en un lubricante universal) interrumpen la p\u00e9rdida obstruyendo el paso del gas y hacen que los sistemas de refrigeraci\u00f3n recuperen su eficiencia.<\/div><style>.porto-u-deedcbb7371acea8894cf5880bfdad9c.porto-u-heading{text-align:right}<\/style><\/div><div class=\"porto-btn-ctn-right btn-green\"><a class=\"porto-btn porto-adjust-bottom-margin porto-btn-normal porto-btn-no-hover-bg   wpb_custom_fa51088c2567b780100c1edcf8821d3b  porto-btn-right \"  rel='' href = \"https:\/\/refrigerantboys.com\/es\/compra\/quimico\/perdidas-bloque-30-ml-refrigeracion-auto-a-c\/\"  data-hover=\"\" data-border-color=\"\" data-bg=\"#43ac33\" data-hover-bg=\"\" data-border-hover=\"\" data-shadow-click=\"none\" data-shadow=\"\" style=\"border:none;background: #43ac33;color: #ffffff;\"><span class=\"porto-btn-hover\"><\/span><span class=\"porto-btn-data porto-btn-text \" >COMPRA<\/span><\/a><\/div>[\/vc_column][\/vc_row][vc_row full_width=&#8221;stretch_row&#8221; el_class=&#8221;py-5 m-0&#8243; conditional_render=&#8221;%5B%7B%22value_role%22%3A%22administrator%22%7D%5D&#8221; css=&#8221;.vc_custom_1675098645390{background-color: #f5f5f5 !important;}&#8221;][vc_column width=&#8221;2\/3&#8243;]<div class=\"porto-u-heading  wpb_custom_95aa9a11c17ad45cfabaf210d84ee7cc porto-u-ad87e2eaf3f9c495180fe0156ddf3eb0 \"><div class=\"porto-u-main-heading\"><h2  >LOCALIZAR P\u00c9RDIDAS EN LOS EQUIPOS A\/C<\/h2><\/div><div class=\"porto-u-sub-heading\" style=\"\">\u00bfC\u00f3mo localizar p\u00e9rdidas en los equipos de refrigeraci\u00f3n y acondicionamiento? Gracias al uso de trazadores fluorescentes que se inyectan en el equipo mediante jeringas. El gas trazador especial se ver\u00e1 fluorescente a la luz de cualquier l\u00e1mpara UV, revelando p\u00e9rdidas, acoplamientos no herm\u00e9ticos, porosidad en los tubos y microp\u00e9rdidas de gas.<\/div><style>.porto-u-ad87e2eaf3f9c495180fe0156ddf3eb0.porto-u-heading{text-align:left}<\/style><\/div><div class=\"porto-btn-ctn-left btn-green\"><a class=\"porto-btn porto-adjust-bottom-margin porto-btn-normal porto-btn-no-hover-bg   wpb_custom_fa51088c2567b780100c1edcf8821d3b  porto-btn-left \"  rel='' href = \"https:\/\/refrigerantboys.com\/es\/compra\/quimico\/tc45mk\/\"  data-hover=\"\" data-border-color=\"\" data-bg=\"#43ac33\" data-hover-bg=\"\" data-border-hover=\"\" data-shadow-click=\"none\" data-shadow=\"\" style=\"border:none;background: #43ac33;color: #ffffff;\"><span class=\"porto-btn-hover\"><\/span><span class=\"porto-btn-data porto-btn-text \" >COMPRA<\/span><\/a><\/div>[\/vc_column][vc_column width=&#8221;1\/3&#8243;][vc_single_image image=&#8221;4887&#8243; img_size=&#8221;full&#8221; alignment=&#8221;right&#8221; style=&#8221;vc_box_shadow&#8221; el_class=&#8221;img-250-auto&#8221; label=&#8221;&#8221;][\/vc_column][\/vc_row]<\/p>\n<\/section>","protected":false},"excerpt":{"rendered":"<p>[vc_row full_width=&#8221;stretch_row&#8221; el_class=&#8221;py-5 m-0 bg-overlay main-no-padding&#8221; css=&#8221;.vc_custom_1675323761797{background-image: url(https:\/\/refrigerantboys.com\/wp-content\/uploads\/2018\/04\/refrigerant.jpg?id=9034) !important;background-position: center !important;background-repeat: no-repeat !important;background-size: cover !important;}&#8221; conditional_render=&#8221;%5B%7B%22value_role%22%3A%22administrator%22%7D%5D&#8221;][vc_column][\/vc_column][\/vc_row][vc_row][vc_column width=&#8221;1\/3&#8243;][\/vc_column][vc_column width=&#8221;1\/3&#8243;][\/vc_column][vc_column width=&#8221;1\/3&#8243;][\/vc_column][\/vc_row][vc_row full_width=&#8221;stretch_row&#8221; el_class=&#8221;py-5 m-0 bg-dark&#8221; conditional_render=&#8221;%5B%7B%22value_role%22%3A%22administrator%22%7D%5D&#8221;][vc_column][\/vc_column][\/vc_row][vc_row full_width=&#8221;stretch_row&#8221; el_class=&#8221;py-5 m-0&#8243; conditional_render=&#8221;%5B%7B%22value_role%22%3A%22administrator%22%7D%5D&#8221; css=&#8221;.vc_custom_1675098639954{background-color: #f5f5f5 !important;}&#8221;][vc_column width=&#8221;2\/3&#8243;][\/vc_column][vc_column width=&#8221;1\/3&#8243;][vc_single_image image=&#8221;1242&#8243; img_size=&#8221;full&#8221; alignment=&#8221;right&#8221; style=&#8221;vc_box_shadow&#8221; el_class=&#8221;img-250-auto&#8221; label=&#8221;&#8221;][\/vc_column][\/vc_row][vc_row el_class=&#8221;py-5 m-0&#8243; conditional_render=&#8221;%5B%7B%22value_role%22%3A%22administrator%22%7D%5D&#8221;][vc_column width=&#8221;1\/3&#8243;][vc_single_image image=&#8221;4872&#8243; img_size=&#8221;full&#8221; style=&#8221;vc_box_shadow&#8221; el_class=&#8221;img-250-auto&#8221; label=&#8221;&#8221;][\/vc_column][vc_column width=&#8221;2\/3&#8243;][\/vc_column][\/vc_row][vc_row full_width=&#8221;stretch_row&#8221; el_class=&#8221;py-5 m-0&#8243; conditional_render=&#8221;%5B%7B%22value_role%22%3A%22administrator%22%7D%5D&#8221; css=&#8221;.vc_custom_1675098645390{background-color: #f5f5f5 [&hellip;]<\/p>\n","protected":false},"author":1,"featured_media":0,"parent":0,"menu_order":1,"comment_status":"closed","ping_status":"closed","template":"","meta":[],"acf":[],"yoast_head":"<!-- This site is optimized with the Yoast SEO plugin v20.2 - https:\/\/yoast.com\/wordpress\/plugins\/seo\/ -->\n<title>Productos para mantenimiento de equipos de refrigeraci\u00f3n | Refrigerant Boys<\/title>\n<meta name=\"robots\" content=\"index, follow, max-snippet:-1, max-image-preview:large, max-video-preview:-1\" \/>\n<link rel=\"canonical\" href=\"https:\/\/www.refrigerantboys.com\/es\/productos-quimicos-refrigeracion\/\" \/>\n<meta property=\"og:locale\" content=\"es_ES\" \/>\n<meta property=\"og:type\" content=\"article\" \/>\n<meta property=\"og:title\" content=\"Productos para mantenimiento de equipos de refrigeraci\u00f3n | Refrigerant Boys\" \/>\n<meta property=\"og:description\" content=\"[vc_row full_width=&#8221;stretch_row&#8221; el_class=&#8221;py-5 m-0 bg-overlay main-no-padding&#8221; css=&#8221;.vc_custom_1675323761797{background-image: url(https:\/\/refrigerantboys.com\/wp-content\/uploads\/2018\/04\/refrigerant.jpg?id=9034) !important;background-position: center !important;background-repeat: no-repeat !important;background-size: cover !important;}&#8221; conditional_render=&#8221;%5B%7B%22value_role%22%3A%22administrator%22%7D%5D&#8221;][vc_column][\/vc_column][\/vc_row][vc_row][vc_column width=&#8221;1\/3&#8243;][\/vc_column][vc_column width=&#8221;1\/3&#8243;][\/vc_column][vc_column width=&#8221;1\/3&#8243;][\/vc_column][\/vc_row][vc_row full_width=&#8221;stretch_row&#8221; el_class=&#8221;py-5 m-0 bg-dark&#8221; conditional_render=&#8221;%5B%7B%22value_role%22%3A%22administrator%22%7D%5D&#8221;][vc_column][\/vc_column][\/vc_row][vc_row full_width=&#8221;stretch_row&#8221; el_class=&#8221;py-5 m-0&#8243; conditional_render=&#8221;%5B%7B%22value_role%22%3A%22administrator%22%7D%5D&#8221; css=&#8221;.vc_custom_1675098639954{background-color: #f5f5f5 !important;}&#8221;][vc_column width=&#8221;2\/3&#8243;][\/vc_column][vc_column width=&#8221;1\/3&#8243;][vc_single_image image=&#8221;1242&#8243; img_size=&#8221;full&#8221; alignment=&#8221;right&#8221; style=&#8221;vc_box_shadow&#8221; el_class=&#8221;img-250-auto&#8221; label=&#8221;&#8221;][\/vc_column][\/vc_row][vc_row el_class=&#8221;py-5 m-0&#8243; conditional_render=&#8221;%5B%7B%22value_role%22%3A%22administrator%22%7D%5D&#8221;][vc_column width=&#8221;1\/3&#8243;][vc_single_image image=&#8221;4872&#8243; img_size=&#8221;full&#8221; style=&#8221;vc_box_shadow&#8221; el_class=&#8221;img-250-auto&#8221; label=&#8221;&#8221;][\/vc_column][vc_column width=&#8221;2\/3&#8243;][\/vc_column][\/vc_row][vc_row full_width=&#8221;stretch_row&#8221; el_class=&#8221;py-5 m-0&#8243; conditional_render=&#8221;%5B%7B%22value_role%22%3A%22administrator%22%7D%5D&#8221; css=&#8221;.vc_custom_1675098645390{background-color: #f5f5f5 [&hellip;]\" \/>\n<meta property=\"og:url\" content=\"https:\/\/www.refrigerantboys.com\/es\/productos-quimicos-refrigeracion\/\" \/>\n<meta property=\"og:site_name\" content=\"Refrigerant Boys\" \/>\n<meta property=\"article:modified_time\" content=\"2023-03-01T08:24:33+00:00\" \/>\n<meta property=\"og:image\" content=\"https:\/\/www.refrigerantboys.com\/wp-content\/uploads\/2016\/08\/dummy-1.jpg\" \/>\n\t<meta property=\"og:image:width\" content=\"400\" \/>\n\t<meta property=\"og:image:height\" content=\"260\" \/>\n\t<meta property=\"og:image:type\" content=\"image\/jpeg\" \/>\n<meta name=\"twitter:card\" content=\"summary_large_image\" \/>\n<meta name=\"twitter:label1\" content=\"Tiempo de lectura\" \/>\n\t<meta name=\"twitter:data1\" content=\"3 minutos\" \/>\n<script type=\"application\/ld+json\" class=\"yoast-schema-graph\">{\"@context\":\"https:\/\/schema.org\",\"@graph\":[{\"@type\":\"WebPage\",\"@id\":\"https:\/\/www.refrigerantboys.com\/es\/productos-quimicos-refrigeracion\/\",\"url\":\"https:\/\/www.refrigerantboys.com\/es\/productos-quimicos-refrigeracion\/\",\"name\":\"Productos para mantenimiento de equipos de refrigeraci\u00f3n | Refrigerant Boys\",\"isPartOf\":{\"@id\":\"https:\/\/www.refrigerantboys.com\/es\/#website\"},\"datePublished\":\"2018-04-16T09:58:50+00:00\",\"dateModified\":\"2023-03-01T08:24:33+00:00\",\"breadcrumb\":{\"@id\":\"https:\/\/www.refrigerantboys.com\/es\/productos-quimicos-refrigeracion\/#breadcrumb\"},\"inLanguage\":\"es\",\"potentialAction\":[{\"@type\":\"ReadAction\",\"target\":[\"https:\/\/www.refrigerantboys.com\/es\/productos-quimicos-refrigeracion\/\"]}]},{\"@type\":\"BreadcrumbList\",\"@id\":\"https:\/\/www.refrigerantboys.com\/es\/productos-quimicos-refrigeracion\/#breadcrumb\",\"itemListElement\":[{\"@type\":\"ListItem\",\"position\":1,\"name\":\"Home\",\"item\":\"https:\/\/www.refrigerantboys.com\/es\/\"},{\"@type\":\"ListItem\",\"position\":2,\"name\":\"Productos para mantenimiento de equipos de refrigeraci\u00f3n\"}]},{\"@type\":\"WebSite\",\"@id\":\"https:\/\/www.refrigerantboys.com\/es\/#website\",\"url\":\"https:\/\/www.refrigerantboys.com\/es\/\",\"name\":\"Refrigerant Boys\",\"description\":\"Vendita gas refrigeranti\",\"potentialAction\":[{\"@type\":\"SearchAction\",\"target\":{\"@type\":\"EntryPoint\",\"urlTemplate\":\"https:\/\/www.refrigerantboys.com\/es\/?s={search_term_string}\"},\"query-input\":\"required name=search_term_string\"}],\"inLanguage\":\"es\"}]}<\/script>\n<!-- \/ Yoast SEO plugin. -->","yoast_head_json":{"title":"Productos para mantenimiento de equipos de refrigeraci\u00f3n | Refrigerant Boys","robots":{"index":"index","follow":"follow","max-snippet":"max-snippet:-1","max-image-preview":"max-image-preview:large","max-video-preview":"max-video-preview:-1"},"canonical":"https:\/\/www.refrigerantboys.com\/es\/productos-quimicos-refrigeracion\/","og_locale":"es_ES","og_type":"article","og_title":"Productos para mantenimiento de equipos de refrigeraci\u00f3n | Refrigerant Boys","og_description":"[vc_row full_width=&#8221;stretch_row&#8221; el_class=&#8221;py-5 m-0 bg-overlay main-no-padding&#8221; css=&#8221;.vc_custom_1675323761797{background-image: url(https:\/\/refrigerantboys.com\/wp-content\/uploads\/2018\/04\/refrigerant.jpg?id=9034) !important;background-position: center !important;background-repeat: no-repeat !important;background-size: cover !important;}&#8221; conditional_render=&#8221;%5B%7B%22value_role%22%3A%22administrator%22%7D%5D&#8221;][vc_column][\/vc_column][\/vc_row][vc_row][vc_column width=&#8221;1\/3&#8243;][\/vc_column][vc_column width=&#8221;1\/3&#8243;][\/vc_column][vc_column width=&#8221;1\/3&#8243;][\/vc_column][\/vc_row][vc_row full_width=&#8221;stretch_row&#8221; el_class=&#8221;py-5 m-0 bg-dark&#8221; conditional_render=&#8221;%5B%7B%22value_role%22%3A%22administrator%22%7D%5D&#8221;][vc_column][\/vc_column][\/vc_row][vc_row full_width=&#8221;stretch_row&#8221; el_class=&#8221;py-5 m-0&#8243; conditional_render=&#8221;%5B%7B%22value_role%22%3A%22administrator%22%7D%5D&#8221; css=&#8221;.vc_custom_1675098639954{background-color: #f5f5f5 !important;}&#8221;][vc_column width=&#8221;2\/3&#8243;][\/vc_column][vc_column width=&#8221;1\/3&#8243;][vc_single_image image=&#8221;1242&#8243; img_size=&#8221;full&#8221; alignment=&#8221;right&#8221; style=&#8221;vc_box_shadow&#8221; el_class=&#8221;img-250-auto&#8221; label=&#8221;&#8221;][\/vc_column][\/vc_row][vc_row el_class=&#8221;py-5 m-0&#8243; conditional_render=&#8221;%5B%7B%22value_role%22%3A%22administrator%22%7D%5D&#8221;][vc_column width=&#8221;1\/3&#8243;][vc_single_image image=&#8221;4872&#8243; img_size=&#8221;full&#8221; style=&#8221;vc_box_shadow&#8221; el_class=&#8221;img-250-auto&#8221; label=&#8221;&#8221;][\/vc_column][vc_column width=&#8221;2\/3&#8243;][\/vc_column][\/vc_row][vc_row full_width=&#8221;stretch_row&#8221; el_class=&#8221;py-5 m-0&#8243; conditional_render=&#8221;%5B%7B%22value_role%22%3A%22administrator%22%7D%5D&#8221; css=&#8221;.vc_custom_1675098645390{background-color: #f5f5f5 [&hellip;]","og_url":"https:\/\/www.refrigerantboys.com\/es\/productos-quimicos-refrigeracion\/","og_site_name":"Refrigerant Boys","article_modified_time":"2023-03-01T08:24:33+00:00","og_image":[{"width":400,"height":260,"url":"https:\/\/www.refrigerantboys.com\/wp-content\/uploads\/2016\/08\/dummy-1.jpg","type":"image\/jpeg"}],"twitter_card":"summary_large_image","twitter_misc":{"Tiempo de lectura":"3 minutos"},"schema":{"@context":"https:\/\/schema.org","@graph":[{"@type":"WebPage","@id":"https:\/\/www.refrigerantboys.com\/es\/productos-quimicos-refrigeracion\/","url":"https:\/\/www.refrigerantboys.com\/es\/productos-quimicos-refrigeracion\/","name":"Productos para mantenimiento de equipos de refrigeraci\u00f3n | Refrigerant Boys","isPartOf":{"@id":"https:\/\/www.refrigerantboys.com\/es\/#website"},"datePublished":"2018-04-16T09:58:50+00:00","dateModified":"2023-03-01T08:24:33+00:00","breadcrumb":{"@id":"https:\/\/www.refrigerantboys.com\/es\/productos-quimicos-refrigeracion\/#breadcrumb"},"inLanguage":"es","potentialAction":[{"@type":"ReadAction","target":["https:\/\/www.refrigerantboys.com\/es\/productos-quimicos-refrigeracion\/"]}]},{"@type":"BreadcrumbList","@id":"https:\/\/www.refrigerantboys.com\/es\/productos-quimicos-refrigeracion\/#breadcrumb","itemListElement":[{"@type":"ListItem","position":1,"name":"Home","item":"https:\/\/www.refrigerantboys.com\/es\/"},{"@type":"ListItem","position":2,"name":"Productos para mantenimiento de equipos de refrigeraci\u00f3n"}]},{"@type":"WebSite","@id":"https:\/\/www.refrigerantboys.com\/es\/#website","url":"https:\/\/www.refrigerantboys.com\/es\/","name":"Refrigerant Boys","description":"Vendita gas refrigeranti","potentialAction":[{"@type":"SearchAction","target":{"@type":"EntryPoint","urlTemplate":"https:\/\/www.refrigerantboys.com\/es\/?s={search_term_string}"},"query-input":"required name=search_term_string"}],"inLanguage":"es"}]}},"_links":{"self":[{"href":"https:\/\/www.refrigerantboys.com\/es\/wp-json\/wp\/v2\/pages\/2619"}],"collection":[{"href":"https:\/\/www.refrigerantboys.com\/es\/wp-json\/wp\/v2\/pages"}],"about":[{"href":"https:\/\/www.refrigerantboys.com\/es\/wp-json\/wp\/v2\/types\/page"}],"author":[{"embeddable":true,"href":"https:\/\/www.refrigerantboys.com\/es\/wp-json\/wp\/v2\/users\/1"}],"replies":[{"embeddable":true,"href":"https:\/\/www.refrigerantboys.com\/es\/wp-json\/wp\/v2\/comments?post=2619"}],"version-history":[{"count":0,"href":"https:\/\/www.refrigerantboys.com\/es\/wp-json\/wp\/v2\/pages\/2619\/revisions"}],"wp:attachment":[{"href":"https:\/\/www.refrigerantboys.com\/es\/wp-json\/wp\/v2\/media?parent=2619"}],"curies":[{"name":"wp","href":"https:\/\/api.w.org\/{rel}","templated":true}]}}