{"id":2612,"date":"2018-04-16T09:43:45","date_gmt":"2018-04-16T09:43:45","guid":{"rendered":"https:\/\/www.refrigerantboys.com\/?page_id=2612"},"modified":"2025-05-23T12:43:29","modified_gmt":"2025-05-23T10:43:29","slug":"recarga-botellas","status":"publish","type":"page","link":"https:\/\/www.refrigerantboys.com\/es\/recarga-botellas\/","title":{"rendered":"Recarga de botellas de gas refrigerante"},"content":{"rendered":"<section class=\"wpb-content-wrapper\"><p>[vc_row full_width=&#8221;stretch_row&#8221; el_class=&#8221;py-5 m-0 bg-overlay main-no-padding&#8221; css=&#8221;.vc_custom_1675324664165{background-image: url(https:\/\/refrigerantboys.com\/wp-content\/uploads\/2018\/07\/gas_1.jpg?id=3206) !important;background-position: center !important;background-repeat: no-repeat !important;background-size: cover !important;}&#8221; conditional_render=&#8221;%5B%7B%22value_role%22%3A%22administrator%22%7D%5D&#8221;][vc_column]<div class=\"porto-u-heading  wpb_custom_c4617b5f16c71546a6eee5f224561a54 porto-u-55ca8359258f9a412be7e73af65d2aac \"><div class=\"porto-u-main-heading\"><h2   style=\"color:#ffffff;margin-bottom: 30px;\">Recarga de tanques su propiedad:<\/h2><\/div><div class=\"porto-u-sub-heading\" style=\"color: #ffffff;\">Refrigerantboys ofrece un servicio de recarga de cilindros de su propiedad. Env\u00ede una solicitud por correo electr\u00f3nico a: <a href=\"mailto:CUSTOMERCARE@REFRIGERANTBOYS.COM\" data-cmp-ab=\"2\">CUSTOMERCARE@REFRIGERANTBOYS.COM<\/a> para comprar gas a granel. Conveniente, porque ahorra en el costo del cilindro. Seguro, porque est\u00e1 garantizado por la profesionalidad de Refrigerantboys.<\/div><style>.porto-u-55ca8359258f9a412be7e73af65d2aac.porto-u-heading{text-align:center}<\/style><\/div>[\/vc_column][\/vc_row][vc_row full_width=&#8221;stretch_row&#8221; el_class=&#8221;py-5 m-0&#8243; css=&#8221;.vc_custom_1675092567509{background-color: #f5f5f5 !important;}&#8221; conditional_render=&#8221;%5B%7B%22value_role%22%3A%22administrator%22%7D%5D&#8221;][vc_column]<div class=\"porto-u-heading  wpb_custom_c4617b5f16c71546a6eee5f224561a54 porto-u-55ca8359258f9a412be7e73af65d2aac \"><div class=\"porto-u-main-heading\"><h2   style=\"margin-bottom: 30px;\">\u00a1RECARGA TUS BOTELLAS DE GAS F\u00c1CILMENTE!<\/h2><\/div><div class=\"porto-u-sub-heading\" style=\"\">Para simplificar la recarga de sus cilindros, haga clic en el bot\u00f3n de abajo, complete el formulario y env\u00edelo, completado en su totalidad, Solo despu\u00e9s de recargar (y solo para cilindros v\u00e1lidos, como se describe) recibir\u00e1 un correo electr\u00f3nico con la cantidad total a pagar.<\/div><style>.porto-u-55ca8359258f9a412be7e73af65d2aac.porto-u-heading{text-align:center}<\/style><\/div>[\/vc_column][\/vc_row][vc_row][vc_column]<div class=\"porto-u-heading  wpb_custom_95aa9a11c17ad45cfabaf210d84ee7cc porto-u-55ca8359258f9a412be7e73af65d2aac \"><div class=\"porto-u-main-heading\"><h2  >RELLENE EL FORMULARIO<\/h2><\/div><style>.porto-u-55ca8359258f9a412be7e73af65d2aac.porto-u-heading{text-align:center}<\/style><\/div><div class=\"wpb_custom_8e39365fa00ded789edeaf348f33ca36\">\n<div class=\"wpcf7 no-js\" id=\"wpcf7-f66869-o1\" lang=\"es-ES\" dir=\"ltr\">\n<div class=\"screen-reader-response\"><p role=\"status\" aria-live=\"polite\" aria-atomic=\"true\"><\/p> <ul><\/ul><\/div>\n<form action=\"\/es\/wp-json\/wp\/v2\/pages\/2612#wpcf7-f66869-o1\" method=\"post\" class=\"wpcf7-form init\" aria-label=\"Formulario de contacto\" novalidate=\"novalidate\" data-status=\"init\">\n<div style=\"display: none;\">\n<input type=\"hidden\" name=\"_wpcf7\" value=\"66869\" \/>\n<input type=\"hidden\" name=\"_wpcf7_version\" value=\"5.7.4\" \/>\n<input type=\"hidden\" name=\"_wpcf7_locale\" value=\"es_ES\" \/>\n<input type=\"hidden\" name=\"_wpcf7_unit_tag\" value=\"wpcf7-f66869-o1\" \/>\n<input type=\"hidden\" name=\"_wpcf7_container_post\" value=\"0\" \/>\n<input type=\"hidden\" name=\"_wpcf7_posted_data_hash\" value=\"\" \/>\n<input type=\"hidden\" name=\"_wpcf7_recaptcha_response\" value=\"\" \/>\n<\/div>\n<div class=\"row\">\n\t<div class=\"col-6\">\n\t\t<p><label> Ragione Sociale (*)<br \/>\n<span class=\"wpcf7-form-control-wrap\" data-name=\"rag-soc\"><input size=\"40\" class=\"wpcf7-form-control wpcf7-text wpcf7-validates-as-required\" aria-required=\"true\" aria-invalid=\"false\" value=\"\" type=\"text\" name=\"rag-soc\" \/><\/span><br \/>\n<\/label>\n\t\t<\/p>\n\t\t<p><label> Indirizzo (*)<br \/>\n<span class=\"wpcf7-form-control-wrap\" data-name=\"indirizzo\"><input size=\"40\" class=\"wpcf7-form-control wpcf7-text wpcf7-validates-as-required\" aria-required=\"true\" aria-invalid=\"false\" value=\"\" type=\"text\" name=\"indirizzo\" \/><\/span><br \/>\n<\/label>\n\t\t<\/p>\n\t\t<p><label> E-mail (*)<br \/>\n<span class=\"wpcf7-form-control-wrap\" data-name=\"your-email\"><input size=\"40\" class=\"wpcf7-form-control wpcf7-text wpcf7-email wpcf7-validates-as-required wpcf7-validates-as-email\" aria-required=\"true\" aria-invalid=\"false\" value=\"\" type=\"email\" name=\"your-email\" \/><\/span> <\/label>\n\t\t<\/p>\n\t\t<p><label> Cosa vuoi ricaricare? (*)<br \/>\n<span class=\"wpcf7-form-control-wrap\" data-name=\"tipibombole\"><textarea cols=\"40\" rows=\"10\" class=\"wpcf7-form-control wpcf7-textarea wpcf7-validates-as-required\" aria-required=\"true\" aria-invalid=\"false\" placeholder=\"Indica modelli, tipo di gas e quantit\u00e0\" name=\"tipibombole\"><\/textarea><\/span><br \/>\n<\/label>\n\t\t<\/p>\n\t<\/div>\n\t<div class=\"col-6\">\n\t\t<p>Imballaggio (*)\n\t\t<\/p>\n\t\t<p><span class=\"wpcf7-form-control-wrap\" data-name=\"Imballaggio\"><span class=\"wpcf7-form-control wpcf7-radio\"><span class=\"wpcf7-list-item first\"><span class=\"wpcf7-list-item-label\">bancali<\/span><input type=\"radio\" name=\"Imballaggio\" value=\"bancali\" checked=\"checked\" \/><\/span><span class=\"wpcf7-list-item last\"><span class=\"wpcf7-list-item-label\">scatole<\/span><input type=\"radio\" name=\"Imballaggio\" value=\"scatole\" \/><\/span><\/span><\/span>\n\t\t<\/p>\n\t\t<p>Ritiro con sponda idraulica (*)\n\t\t<\/p>\n\t\t<p><i>(servizio opzionale al costo di 45\u20ac circa)<\/i><br \/>\n<span class=\"wpcf7-form-control-wrap\" data-name=\"ritiro\"><span class=\"wpcf7-form-control wpcf7-radio\"><span class=\"wpcf7-list-item first\"><span class=\"wpcf7-list-item-label\">s\u00ec<\/span><input type=\"radio\" name=\"ritiro\" value=\"s\u00ec\" checked=\"checked\" \/><\/span><span class=\"wpcf7-list-item last\"><span class=\"wpcf7-list-item-label\">no<\/span><input type=\"radio\" name=\"ritiro\" value=\"no\" \/><\/span><\/span><\/span>\n\t\t<\/p>\n\t\t<p><label> Numero totale colli (*)<br \/>\n<span class=\"wpcf7-form-control-wrap\" data-name=\"totcolli\"><input size=\"40\" class=\"wpcf7-form-control wpcf7-text wpcf7-validates-as-required\" aria-required=\"true\" aria-invalid=\"false\" value=\"\" type=\"text\" name=\"totcolli\" \/><\/span> <\/label>\n\t\t<\/p>\n\t\t<p><label> Data ritiro (*)<br \/>\n<span class=\"wpcf7-form-control-wrap\" data-name=\"dataritiro\"><input size=\"40\" class=\"wpcf7-form-control wpcf7-text wpcf7-validates-as-required\" aria-required=\"true\" aria-invalid=\"false\" value=\"\" type=\"text\" name=\"dataritiro\" \/><\/span><br \/>\n<\/label>\n\t\t<\/p>\n\t\t<p><label> Persona di riferimento (*)<br \/>\n<span class=\"wpcf7-form-control-wrap\" data-name=\"personarif\"><input size=\"40\" class=\"wpcf7-form-control wpcf7-text wpcf7-validates-as-required\" aria-required=\"true\" aria-invalid=\"false\" value=\"\" type=\"text\" name=\"personarif\" \/><\/span><br \/>\n<\/label>\n\t\t<\/p>\n\t\t<p><input class=\"wpcf7-form-control has-spinner wpcf7-submit button primary rounded\" type=\"submit\" value=\"Invia richiesta\" \/>\n\t\t<\/p>\n\t<\/div>\n<\/div><div class=\"wpcf7-response-output\" aria-hidden=\"true\"><\/div>\n<\/form>\n<\/div>\n<\/div>[\/vc_column][\/vc_row][vc_row full_width=&#8221;stretch_row&#8221; el_class=&#8221;py-5 m-0 bg-dark&#8221; conditional_render=&#8221;%5B%7B%22value_role%22%3A%22administrator%22%7D%5D&#8221;][vc_column]<div class=\"porto-u-heading  wpb_custom_c4617b5f16c71546a6eee5f224561a54 porto-u-55ca8359258f9a412be7e73af65d2aac \"><div class=\"porto-u-sub-heading\" style=\"color: #ffffff;\">Si est\u00e1s interesado en comprar botellas de gas refrigerante nuevas, herramientas para el mundo de la refrigeraci\u00f3n o productos qu\u00edmicos para el diagn\u00f3stico y mantenimiento de los equipos, visita las secciones correspondientes de nuestra tienda e-commerce.<\/div><style>.porto-u-55ca8359258f9a412be7e73af65d2aac.porto-u-heading{text-align:center}<\/style><\/div>[\/vc_column][\/vc_row][vc_row][vc_column][vc_single_image image=&#8221;8266&#8243; img_size=&#8221;full&#8221;][vc_column_text]<\/p>\n<p style=\"text-align: center;\"><strong>Cilindros<\/strong><br \/>\n<strong>Verde para gases refrigerantes clase 2A<\/strong><br \/>\n<strong>Rojo clase 2F seg\u00fan la directiva 2010\/35 \/ UE T-PED<\/strong><br \/>\n<strong>Recargable EN 13322-1- hilos 17E \/ 25E<\/strong><br \/>\n<strong>Presiones 36\/48 bar<\/strong><\/p>\n<p>[\/vc_column_text]<div class=\"porto-u-heading  wpb_custom_95aa9a11c17ad45cfabaf210d84ee7cc porto-u-ad87e2eaf3f9c495180fe0156ddf3eb0 \"><div class=\"porto-u-main-heading\"><h2   style=\"margin-bottom: 30px;\">\u00bfCU\u00c1LES SON LAS BOTELLAS QUE ADMITEN RECARGA?<\/h2><\/div><div class=\"porto-u-sub-heading\" style=\"\">El servicio de recarga de cilindros usados \u200b\u200bes realizado por Refrigerantboys solo bajo ciertas condiciones, cumpliendo con las leyes y regulaciones vigentes. En particular, aseg\u00farese de cumplir con los siguientes par\u00e1metros antes de solicitar nuestro servicio de recarga:<\/p>\n<ul>\n<li><strong>Los cilindros deben estar dentro de la Directiva T-PED (Directiva de equipos a presi\u00f3n, com\u00fanmente llamada PED por el nombre en ingl\u00e9s Directiva de equipos a presi\u00f3n)<\/strong><\/li>\n<li><strong>Los cilindros deben estar en buen estado, sin presentar abolladuras y \/ o roturas.<\/strong><\/li>\n<li><strong>Retirada de cilindros vac\u00edos y devoluci\u00f3n llena por nuestra cuenta con cargo en la factura del costo<\/strong><\/li>\n<li><strong>Cilindros sobre palet.<\/strong><\/li>\n<li><strong>Para cilindros de gas R410A 42-44 bar m\u00ednimo<\/strong><\/li>\n<li><strong>Para gas R32-R600a-R290-R1234yf Cilindros rojos con grifo de v\u00e1lvula W21.7 \u00d7 1\/14 \u2033<\/strong><\/li>\n<li><strong>Para gas R134a-R407H-R407C-R449A-R452A etc. Cilindros de 36 bar<\/strong><\/li>\n<li><strong class=\"text-red\">Verifique la fecha de vencimiento en el tal\u00f3n del cilindro (v\u00e1lido por 10 a\u00f1os)<\/strong><\/li>\n<\/ul>\n<p><\/div><style>.porto-u-ad87e2eaf3f9c495180fe0156ddf3eb0.porto-u-heading{text-align:left}<\/style><\/div>[vc_single_image image=&#8221;17169&#8243; img_size=&#8221;full&#8221;][\/vc_column][\/vc_row][vc_row full_width=&#8221;stretch_row&#8221; el_class=&#8221;py-5 m-0 bg-dark&#8221; conditional_render=&#8221;%5B%7B%22value_role%22%3A%22administrator%22%7D%5D&#8221;][vc_column]<div class=\"porto-u-heading  wpb_custom_c4617b5f16c71546a6eee5f224561a54 porto-u-55ca8359258f9a412be7e73af65d2aac \"><div class=\"porto-u-main-heading\"><h2   style=\"color:#ffffff;margin-bottom: 30px;\">T\u00c9RMINOS Y CONDICIONES PARA LA RECARGA DE BOTELLAS<\/h2><\/div><div class=\"porto-u-sub-heading\" style=\"color: #ffffff;\">Refrigerant Boys S.r.l. se reserva el derecho de inspeccionar los contenedores a su llegada para verificar que todas las botellas respeten las normativas vigentes y las caracter\u00edsticas enumeradas en la lista arriba presentada. En caso de que hubiese alguna irregularidad, no podremos efectuar la recarga y propondremos nuevas botellas para sustituir las viejas, que en cualquier caso se incluir\u00e1n en el env\u00edo de retorno de la mercanc\u00eda.<\/div><style>.porto-u-55ca8359258f9a412be7e73af65d2aac.porto-u-heading{text-align:center}<\/style><\/div>[\/vc_column][\/vc_row]<\/p>\n<\/section>","protected":false},"excerpt":{"rendered":"<p>[vc_row full_width=&#8221;stretch_row&#8221; el_class=&#8221;py-5 m-0 bg-overlay main-no-padding&#8221; css=&#8221;.vc_custom_1675324664165{background-image: url(https:\/\/refrigerantboys.com\/wp-content\/uploads\/2018\/07\/gas_1.jpg?id=3206) !important;background-position: center !important;background-repeat: no-repeat !important;background-size: cover !important;}&#8221; conditional_render=&#8221;%5B%7B%22value_role%22%3A%22administrator%22%7D%5D&#8221;][vc_column][\/vc_column][\/vc_row][vc_row full_width=&#8221;stretch_row&#8221; el_class=&#8221;py-5 m-0&#8243; css=&#8221;.vc_custom_1675092567509{background-color: #f5f5f5 !important;}&#8221; conditional_render=&#8221;%5B%7B%22value_role%22%3A%22administrator%22%7D%5D&#8221;][vc_column][\/vc_column][\/vc_row][vc_row][vc_column][\/vc_column][\/vc_row][vc_row full_width=&#8221;stretch_row&#8221; el_class=&#8221;py-5 m-0 bg-dark&#8221; conditional_render=&#8221;%5B%7B%22value_role%22%3A%22administrator%22%7D%5D&#8221;][vc_column][\/vc_column][\/vc_row][vc_row][vc_column][vc_single_image image=&#8221;8266&#8243; img_size=&#8221;full&#8221;][vc_column_text] Cilindros Verde para gases refrigerantes clase 2A Rojo clase 2F seg\u00fan la directiva 2010\/35 \/ UE T-PED Recargable EN 13322-1- hilos 17E \/ 25E Presiones [&hellip;]<\/p>\n","protected":false},"author":1,"featured_media":0,"parent":0,"menu_order":0,"comment_status":"closed","ping_status":"closed","template":"","meta":[],"acf":[],"yoast_head":"<!-- This site is optimized with the Yoast SEO plugin v20.2 - https:\/\/yoast.com\/wordpress\/plugins\/seo\/ -->\n<title>Recarga de botellas de gas refrigerante | Refrigerant Boys<\/title>\n<meta name=\"robots\" content=\"index, follow, max-snippet:-1, max-image-preview:large, max-video-preview:-1\" \/>\n<link rel=\"canonical\" href=\"https:\/\/www.refrigerantboys.com\/es\/recarga-botellas\/\" \/>\n<meta property=\"og:locale\" content=\"es_ES\" \/>\n<meta property=\"og:type\" content=\"article\" \/>\n<meta property=\"og:title\" content=\"Recarga de botellas de gas refrigerante | Refrigerant Boys\" \/>\n<meta property=\"og:description\" content=\"[vc_row full_width=&#8221;stretch_row&#8221; el_class=&#8221;py-5 m-0 bg-overlay main-no-padding&#8221; css=&#8221;.vc_custom_1675324664165{background-image: url(https:\/\/refrigerantboys.com\/wp-content\/uploads\/2018\/07\/gas_1.jpg?id=3206) !important;background-position: center !important;background-repeat: no-repeat !important;background-size: cover !important;}&#8221; conditional_render=&#8221;%5B%7B%22value_role%22%3A%22administrator%22%7D%5D&#8221;][vc_column][\/vc_column][\/vc_row][vc_row full_width=&#8221;stretch_row&#8221; el_class=&#8221;py-5 m-0&#8243; css=&#8221;.vc_custom_1675092567509{background-color: #f5f5f5 !important;}&#8221; conditional_render=&#8221;%5B%7B%22value_role%22%3A%22administrator%22%7D%5D&#8221;][vc_column][\/vc_column][\/vc_row][vc_row][vc_column][\/vc_column][\/vc_row][vc_row full_width=&#8221;stretch_row&#8221; el_class=&#8221;py-5 m-0 bg-dark&#8221; conditional_render=&#8221;%5B%7B%22value_role%22%3A%22administrator%22%7D%5D&#8221;][vc_column][\/vc_column][\/vc_row][vc_row][vc_column][vc_single_image image=&#8221;8266&#8243; img_size=&#8221;full&#8221;][vc_column_text] Cilindros Verde para gases refrigerantes clase 2A Rojo clase 2F seg\u00fan la directiva 2010\/35 \/ UE T-PED Recargable EN 13322-1- hilos 17E \/ 25E Presiones [&hellip;]\" \/>\n<meta property=\"og:url\" content=\"https:\/\/www.refrigerantboys.com\/es\/recarga-botellas\/\" \/>\n<meta property=\"og:site_name\" content=\"Refrigerant Boys\" \/>\n<meta property=\"article:modified_time\" content=\"2025-05-23T10:43:29+00:00\" \/>\n<meta name=\"twitter:card\" content=\"summary_large_image\" \/>\n<meta name=\"twitter:label1\" content=\"Tiempo de lectura\" \/>\n\t<meta name=\"twitter:data1\" content=\"3 minutos\" \/>\n<script type=\"application\/ld+json\" class=\"yoast-schema-graph\">{\"@context\":\"https:\/\/schema.org\",\"@graph\":[{\"@type\":\"WebPage\",\"@id\":\"https:\/\/www.refrigerantboys.com\/es\/recarga-botellas\/\",\"url\":\"https:\/\/www.refrigerantboys.com\/es\/recarga-botellas\/\",\"name\":\"Recarga de botellas de gas refrigerante | Refrigerant Boys\",\"isPartOf\":{\"@id\":\"https:\/\/www.refrigerantboys.com\/es\/#website\"},\"datePublished\":\"2018-04-16T09:43:45+00:00\",\"dateModified\":\"2025-05-23T10:43:29+00:00\",\"breadcrumb\":{\"@id\":\"https:\/\/www.refrigerantboys.com\/es\/recarga-botellas\/#breadcrumb\"},\"inLanguage\":\"es\",\"potentialAction\":[{\"@type\":\"ReadAction\",\"target\":[\"https:\/\/www.refrigerantboys.com\/es\/recarga-botellas\/\"]}]},{\"@type\":\"BreadcrumbList\",\"@id\":\"https:\/\/www.refrigerantboys.com\/es\/recarga-botellas\/#breadcrumb\",\"itemListElement\":[{\"@type\":\"ListItem\",\"position\":1,\"name\":\"Home\",\"item\":\"https:\/\/www.refrigerantboys.com\/es\/\"},{\"@type\":\"ListItem\",\"position\":2,\"name\":\"Recarga de botellas de gas refrigerante\"}]},{\"@type\":\"WebSite\",\"@id\":\"https:\/\/www.refrigerantboys.com\/es\/#website\",\"url\":\"https:\/\/www.refrigerantboys.com\/es\/\",\"name\":\"Refrigerant Boys\",\"description\":\"Vendita gas refrigeranti\",\"potentialAction\":[{\"@type\":\"SearchAction\",\"target\":{\"@type\":\"EntryPoint\",\"urlTemplate\":\"https:\/\/www.refrigerantboys.com\/es\/?s={search_term_string}\"},\"query-input\":\"required name=search_term_string\"}],\"inLanguage\":\"es\"}]}<\/script>\n<!-- \/ Yoast SEO plugin. -->","yoast_head_json":{"title":"Recarga de botellas de gas refrigerante | Refrigerant Boys","robots":{"index":"index","follow":"follow","max-snippet":"max-snippet:-1","max-image-preview":"max-image-preview:large","max-video-preview":"max-video-preview:-1"},"canonical":"https:\/\/www.refrigerantboys.com\/es\/recarga-botellas\/","og_locale":"es_ES","og_type":"article","og_title":"Recarga de botellas de gas refrigerante | Refrigerant Boys","og_description":"[vc_row full_width=&#8221;stretch_row&#8221; el_class=&#8221;py-5 m-0 bg-overlay main-no-padding&#8221; css=&#8221;.vc_custom_1675324664165{background-image: url(https:\/\/refrigerantboys.com\/wp-content\/uploads\/2018\/07\/gas_1.jpg?id=3206) !important;background-position: center !important;background-repeat: no-repeat !important;background-size: cover !important;}&#8221; conditional_render=&#8221;%5B%7B%22value_role%22%3A%22administrator%22%7D%5D&#8221;][vc_column][\/vc_column][\/vc_row][vc_row full_width=&#8221;stretch_row&#8221; el_class=&#8221;py-5 m-0&#8243; css=&#8221;.vc_custom_1675092567509{background-color: #f5f5f5 !important;}&#8221; conditional_render=&#8221;%5B%7B%22value_role%22%3A%22administrator%22%7D%5D&#8221;][vc_column][\/vc_column][\/vc_row][vc_row][vc_column][\/vc_column][\/vc_row][vc_row full_width=&#8221;stretch_row&#8221; el_class=&#8221;py-5 m-0 bg-dark&#8221; conditional_render=&#8221;%5B%7B%22value_role%22%3A%22administrator%22%7D%5D&#8221;][vc_column][\/vc_column][\/vc_row][vc_row][vc_column][vc_single_image image=&#8221;8266&#8243; img_size=&#8221;full&#8221;][vc_column_text] Cilindros Verde para gases refrigerantes clase 2A Rojo clase 2F seg\u00fan la directiva 2010\/35 \/ UE T-PED Recargable EN 13322-1- hilos 17E \/ 25E Presiones [&hellip;]","og_url":"https:\/\/www.refrigerantboys.com\/es\/recarga-botellas\/","og_site_name":"Refrigerant Boys","article_modified_time":"2025-05-23T10:43:29+00:00","twitter_card":"summary_large_image","twitter_misc":{"Tiempo de lectura":"3 minutos"},"schema":{"@context":"https:\/\/schema.org","@graph":[{"@type":"WebPage","@id":"https:\/\/www.refrigerantboys.com\/es\/recarga-botellas\/","url":"https:\/\/www.refrigerantboys.com\/es\/recarga-botellas\/","name":"Recarga de botellas de gas refrigerante | Refrigerant Boys","isPartOf":{"@id":"https:\/\/www.refrigerantboys.com\/es\/#website"},"datePublished":"2018-04-16T09:43:45+00:00","dateModified":"2025-05-23T10:43:29+00:00","breadcrumb":{"@id":"https:\/\/www.refrigerantboys.com\/es\/recarga-botellas\/#breadcrumb"},"inLanguage":"es","potentialAction":[{"@type":"ReadAction","target":["https:\/\/www.refrigerantboys.com\/es\/recarga-botellas\/"]}]},{"@type":"BreadcrumbList","@id":"https:\/\/www.refrigerantboys.com\/es\/recarga-botellas\/#breadcrumb","itemListElement":[{"@type":"ListItem","position":1,"name":"Home","item":"https:\/\/www.refrigerantboys.com\/es\/"},{"@type":"ListItem","position":2,"name":"Recarga de botellas de gas refrigerante"}]},{"@type":"WebSite","@id":"https:\/\/www.refrigerantboys.com\/es\/#website","url":"https:\/\/www.refrigerantboys.com\/es\/","name":"Refrigerant Boys","description":"Vendita gas refrigeranti","potentialAction":[{"@type":"SearchAction","target":{"@type":"EntryPoint","urlTemplate":"https:\/\/www.refrigerantboys.com\/es\/?s={search_term_string}"},"query-input":"required name=search_term_string"}],"inLanguage":"es"}]}},"_links":{"self":[{"href":"https:\/\/www.refrigerantboys.com\/es\/wp-json\/wp\/v2\/pages\/2612"}],"collection":[{"href":"https:\/\/www.refrigerantboys.com\/es\/wp-json\/wp\/v2\/pages"}],"about":[{"href":"https:\/\/www.refrigerantboys.com\/es\/wp-json\/wp\/v2\/types\/page"}],"author":[{"embeddable":true,"href":"https:\/\/www.refrigerantboys.com\/es\/wp-json\/wp\/v2\/users\/1"}],"replies":[{"embeddable":true,"href":"https:\/\/www.refrigerantboys.com\/es\/wp-json\/wp\/v2\/comments?post=2612"}],"version-history":[{"count":4,"href":"https:\/\/www.refrigerantboys.com\/es\/wp-json\/wp\/v2\/pages\/2612\/revisions"}],"predecessor-version":[{"id":88754,"href":"https:\/\/www.refrigerantboys.com\/es\/wp-json\/wp\/v2\/pages\/2612\/revisions\/88754"}],"wp:attachment":[{"href":"https:\/\/www.refrigerantboys.com\/es\/wp-json\/wp\/v2\/media?parent=2612"}],"curies":[{"name":"wp","href":"https:\/\/api.w.org\/{rel}","templated":true}]}}