{"id":2608,"date":"2018-04-16T09:40:20","date_gmt":"2018-04-16T09:40:20","guid":{"rendered":"https:\/\/www.refrigerantboys.com\/?page_id=2608"},"modified":"2024-05-28T14:54:16","modified_gmt":"2024-05-28T12:54:16","slug":"pagos-aceptados","status":"publish","type":"page","link":"https:\/\/www.refrigerantboys.com\/es\/pagos-aceptados\/","title":{"rendered":"Pagos Aceptados"},"content":{"rendered":"<section class=\"wpb-content-wrapper\"><p>[vc_row full_width=&#8221;stretch_row&#8221; el_class=&#8221;py-5 m-0&#8243; conditional_render=&#8221;%5B%7B%22value_role%22%3A%22administrator%22%7D%5D&#8221;][vc_column][vc_column_text]<em class=\"text-green\">Si su empresa est\u00e1 registrada en V.I.E.S. (Sistema de intercambio electr\u00f3nico de datos de IVA) no tiene que pagar un impuesto del 22%<\/em><\/p>\n<p><strong class=\"text-red\">Los precios que aparecen en nuestro sitio son los sin IVA.<\/strong><\/p>\n<p>Refrigerant Boys S.r.l. acepta pagos electr\u00f3nicos como Paypal y tarjetas de cr\u00e9dito o mediante transferencia bancaria sin ning\u00fan tipo de comisi\u00f3n los pagos son completamente seguros ya que est\u00e1n protegidos por la conexi\u00f3n TLS \/ SSL que garantiza la seguridad de una conexi\u00f3n a Internet y protege los datos sensibles intercambiados. Los pagos mediante transferencia bancaria, si no se finalizan en un plazo de 6 d\u00edas, se cancelar\u00e1n autom\u00e1ticamente y deber\u00e1 proceder a realizar un nuevo pedido.<\/p>\n<p>Cont\u00e1ctenos por correo electr\u00f3nico a la direcci\u00f3n <a href=\"mailto:service@refrigerantboys.it\">service@refrigerantboys.it<\/a>[\/vc_column_text][\/vc_column][\/vc_row][vc_row full_width=&#8221;stretch_row&#8221; el_class=&#8221;py-5 m-0&#8243; css=&#8221;.vc_custom_1675088722233{background-color: #f5f5f5 !important;}&#8221; conditional_render=&#8221;%5B%7B%22value_role%22%3A%22administrator%22%7D%5D&#8221;][vc_column]<div class=\"porto-u-heading  wpb_custom_95aa9a11c17ad45cfabaf210d84ee7cc porto-u-55ca8359258f9a412be7e73af65d2aac \"><div class=\"porto-u-main-heading\"><h2  >FACTURACI\u00d3N<\/h2><\/div><style>.porto-u-55ca8359258f9a412be7e73af65d2aac.porto-u-heading{text-align:center}<\/style><\/div>[vc_column_text]Las facturas se env\u00edan por correo electr\u00f3nico dentro de los 5 d\u00edas posteriores a la finalizaci\u00f3n del pedido a la direcci\u00f3n ingresada durante el registro.<\/p>\n<p><strong class=\"text-red\">IMPORTANTE: si los datos de la empresa no se introducen correctamente (nombre de la empresa \u2013 n\u00famero de IVA) y no se proporcionar\u00e1n por correo electr\u00f3nico dentro de los 10 d\u00edas del mes desde el pedido, la factura ya no se podr\u00e1 emitir y la venta se registrar\u00e1 como gen\u00e9rico. consideraci\u00f3n.<\/strong>[\/vc_column_text][\/vc_column][\/vc_row][vc_row full_width=&#8221;stretch_row&#8221; el_class=&#8221;py-5 m-0&#8243; conditional_render=&#8221;%5B%7B%22value_role%22%3A%22administrator%22%7D%5D&#8221;][vc_column width=&#8221;1\/2&#8243;][vc_column_text]<\/p>\n<h2 class=\"uppercase\" style=\"text-align: center;\">TRANSFERENCIA BANCARIA<\/h2>\n<h5 style=\"text-align: center;\"><strong>IBAN: IT 35 C 02008 22800 000104149887<br \/>\n<\/strong><\/h5>\n<p style=\"text-align: center;\"><strong>BIC\/SWIFT: UNCRITM1305<\/strong><\/p>\n<p style=\"text-align: center;\">CAUSAL: PARA INSERTAR N\u00b0 ORDEN<\/p>\n<p>[\/vc_column_text][\/vc_column][vc_column width=&#8221;1\/2&#8243;][vc_single_image image=&#8221;46283&#8243; img_size=&#8221;full&#8221;][\/vc_column][\/vc_row]<\/p>\n<\/section>","protected":false},"excerpt":{"rendered":"<p>[vc_row full_width=&#8221;stretch_row&#8221; el_class=&#8221;py-5 m-0&#8243; conditional_render=&#8221;%5B%7B%22value_role%22%3A%22administrator%22%7D%5D&#8221;][vc_column][vc_column_text]Si su empresa est\u00e1 registrada en V.I.E.S. (Sistema de intercambio electr\u00f3nico de datos de IVA) no tiene que pagar un impuesto del 22% Los precios que aparecen en nuestro sitio son los sin IVA. Refrigerant Boys S.r.l. acepta pagos electr\u00f3nicos como Paypal y tarjetas de cr\u00e9dito o mediante transferencia bancaria sin [&hellip;]<\/p>\n","protected":false},"author":1,"featured_media":0,"parent":0,"menu_order":0,"comment_status":"closed","ping_status":"closed","template":"","meta":[],"acf":[],"yoast_head":"<!-- This site is optimized with the Yoast SEO plugin v20.2 - https:\/\/yoast.com\/wordpress\/plugins\/seo\/ -->\n<title>Pagos Aceptados | Refrigerant Boys<\/title>\n<meta name=\"robots\" content=\"index, follow, max-snippet:-1, max-image-preview:large, max-video-preview:-1\" \/>\n<link rel=\"canonical\" href=\"https:\/\/www.refrigerantboys.com\/es\/pagos-aceptados\/\" \/>\n<meta property=\"og:locale\" content=\"es_ES\" \/>\n<meta property=\"og:type\" content=\"article\" \/>\n<meta property=\"og:title\" content=\"Pagos Aceptados | Refrigerant Boys\" \/>\n<meta property=\"og:description\" content=\"[vc_row full_width=&#8221;stretch_row&#8221; el_class=&#8221;py-5 m-0&#8243; conditional_render=&#8221;%5B%7B%22value_role%22%3A%22administrator%22%7D%5D&#8221;][vc_column][vc_column_text]Si su empresa est\u00e1 registrada en V.I.E.S. (Sistema de intercambio electr\u00f3nico de datos de IVA) no tiene que pagar un impuesto del 22% Los precios que aparecen en nuestro sitio son los sin IVA. Refrigerant Boys S.r.l. acepta pagos electr\u00f3nicos como Paypal y tarjetas de cr\u00e9dito o mediante transferencia bancaria sin [&hellip;]\" \/>\n<meta property=\"og:url\" content=\"https:\/\/www.refrigerantboys.com\/es\/pagos-aceptados\/\" \/>\n<meta property=\"og:site_name\" content=\"Refrigerant Boys\" \/>\n<meta property=\"article:modified_time\" content=\"2024-05-28T12:54:16+00:00\" \/>\n<meta name=\"twitter:card\" content=\"summary_large_image\" \/>\n<meta name=\"twitter:label1\" content=\"Tiempo de lectura\" \/>\n\t<meta name=\"twitter:data1\" content=\"2 minutos\" \/>\n<script type=\"application\/ld+json\" class=\"yoast-schema-graph\">{\"@context\":\"https:\/\/schema.org\",\"@graph\":[{\"@type\":\"WebPage\",\"@id\":\"https:\/\/www.refrigerantboys.com\/es\/pagos-aceptados\/\",\"url\":\"https:\/\/www.refrigerantboys.com\/es\/pagos-aceptados\/\",\"name\":\"Pagos Aceptados | Refrigerant Boys\",\"isPartOf\":{\"@id\":\"https:\/\/www.refrigerantboys.com\/es\/#website\"},\"datePublished\":\"2018-04-16T09:40:20+00:00\",\"dateModified\":\"2024-05-28T12:54:16+00:00\",\"breadcrumb\":{\"@id\":\"https:\/\/www.refrigerantboys.com\/es\/pagos-aceptados\/#breadcrumb\"},\"inLanguage\":\"es\",\"potentialAction\":[{\"@type\":\"ReadAction\",\"target\":[\"https:\/\/www.refrigerantboys.com\/es\/pagos-aceptados\/\"]}]},{\"@type\":\"BreadcrumbList\",\"@id\":\"https:\/\/www.refrigerantboys.com\/es\/pagos-aceptados\/#breadcrumb\",\"itemListElement\":[{\"@type\":\"ListItem\",\"position\":1,\"name\":\"Home\",\"item\":\"https:\/\/www.refrigerantboys.com\/es\/\"},{\"@type\":\"ListItem\",\"position\":2,\"name\":\"Pagos Aceptados\"}]},{\"@type\":\"WebSite\",\"@id\":\"https:\/\/www.refrigerantboys.com\/es\/#website\",\"url\":\"https:\/\/www.refrigerantboys.com\/es\/\",\"name\":\"Refrigerant Boys\",\"description\":\"Vendita gas refrigeranti\",\"potentialAction\":[{\"@type\":\"SearchAction\",\"target\":{\"@type\":\"EntryPoint\",\"urlTemplate\":\"https:\/\/www.refrigerantboys.com\/es\/?s={search_term_string}\"},\"query-input\":\"required name=search_term_string\"}],\"inLanguage\":\"es\"}]}<\/script>\n<!-- \/ Yoast SEO plugin. -->","yoast_head_json":{"title":"Pagos Aceptados | Refrigerant Boys","robots":{"index":"index","follow":"follow","max-snippet":"max-snippet:-1","max-image-preview":"max-image-preview:large","max-video-preview":"max-video-preview:-1"},"canonical":"https:\/\/www.refrigerantboys.com\/es\/pagos-aceptados\/","og_locale":"es_ES","og_type":"article","og_title":"Pagos Aceptados | Refrigerant Boys","og_description":"[vc_row full_width=&#8221;stretch_row&#8221; el_class=&#8221;py-5 m-0&#8243; conditional_render=&#8221;%5B%7B%22value_role%22%3A%22administrator%22%7D%5D&#8221;][vc_column][vc_column_text]Si su empresa est\u00e1 registrada en V.I.E.S. (Sistema de intercambio electr\u00f3nico de datos de IVA) no tiene que pagar un impuesto del 22% Los precios que aparecen en nuestro sitio son los sin IVA. Refrigerant Boys S.r.l. acepta pagos electr\u00f3nicos como Paypal y tarjetas de cr\u00e9dito o mediante transferencia bancaria sin [&hellip;]","og_url":"https:\/\/www.refrigerantboys.com\/es\/pagos-aceptados\/","og_site_name":"Refrigerant Boys","article_modified_time":"2024-05-28T12:54:16+00:00","twitter_card":"summary_large_image","twitter_misc":{"Tiempo de lectura":"2 minutos"},"schema":{"@context":"https:\/\/schema.org","@graph":[{"@type":"WebPage","@id":"https:\/\/www.refrigerantboys.com\/es\/pagos-aceptados\/","url":"https:\/\/www.refrigerantboys.com\/es\/pagos-aceptados\/","name":"Pagos Aceptados | Refrigerant Boys","isPartOf":{"@id":"https:\/\/www.refrigerantboys.com\/es\/#website"},"datePublished":"2018-04-16T09:40:20+00:00","dateModified":"2024-05-28T12:54:16+00:00","breadcrumb":{"@id":"https:\/\/www.refrigerantboys.com\/es\/pagos-aceptados\/#breadcrumb"},"inLanguage":"es","potentialAction":[{"@type":"ReadAction","target":["https:\/\/www.refrigerantboys.com\/es\/pagos-aceptados\/"]}]},{"@type":"BreadcrumbList","@id":"https:\/\/www.refrigerantboys.com\/es\/pagos-aceptados\/#breadcrumb","itemListElement":[{"@type":"ListItem","position":1,"name":"Home","item":"https:\/\/www.refrigerantboys.com\/es\/"},{"@type":"ListItem","position":2,"name":"Pagos Aceptados"}]},{"@type":"WebSite","@id":"https:\/\/www.refrigerantboys.com\/es\/#website","url":"https:\/\/www.refrigerantboys.com\/es\/","name":"Refrigerant Boys","description":"Vendita gas refrigeranti","potentialAction":[{"@type":"SearchAction","target":{"@type":"EntryPoint","urlTemplate":"https:\/\/www.refrigerantboys.com\/es\/?s={search_term_string}"},"query-input":"required name=search_term_string"}],"inLanguage":"es"}]}},"_links":{"self":[{"href":"https:\/\/www.refrigerantboys.com\/es\/wp-json\/wp\/v2\/pages\/2608"}],"collection":[{"href":"https:\/\/www.refrigerantboys.com\/es\/wp-json\/wp\/v2\/pages"}],"about":[{"href":"https:\/\/www.refrigerantboys.com\/es\/wp-json\/wp\/v2\/types\/page"}],"author":[{"embeddable":true,"href":"https:\/\/www.refrigerantboys.com\/es\/wp-json\/wp\/v2\/users\/1"}],"replies":[{"embeddable":true,"href":"https:\/\/www.refrigerantboys.com\/es\/wp-json\/wp\/v2\/comments?post=2608"}],"version-history":[{"count":3,"href":"https:\/\/www.refrigerantboys.com\/es\/wp-json\/wp\/v2\/pages\/2608\/revisions"}],"predecessor-version":[{"id":78615,"href":"https:\/\/www.refrigerantboys.com\/es\/wp-json\/wp\/v2\/pages\/2608\/revisions\/78615"}],"wp:attachment":[{"href":"https:\/\/www.refrigerantboys.com\/es\/wp-json\/wp\/v2\/media?parent=2608"}],"curies":[{"name":"wp","href":"https:\/\/api.w.org\/{rel}","templated":true}]}}