{"id":99273,"date":"2026-04-19T11:12:47","date_gmt":"2026-04-19T09:12:48","guid":{"rendered":"https:\/\/www.refrigerantboys.com\/?post_type=product&#038;p=99273"},"modified":"2026-04-19T11:25:55","modified_gmt":"2026-04-19T09:25:55","slug":"kaeltemittel-gas-r444a-hfo-10-kg-hochleistungsalternative-fuer-automotive-und-spezialklimatisierung","status":"publish","type":"product","link":"https:\/\/www.refrigerantboys.com\/de\/kaufen\/unkategorisiert\/kaeltemittel-gas-r444a-hfo-10-kg-hochleistungsalternative-fuer-automotive-und-spezialklimatisierung\/","title":{"rendered":"K\u00e4ltemittel Gas R444A (HFO) 10 KG \u2013 Hochleistungsalternative f\u00fcr Automotive und Spezialklimatisierung"},"content":{"rendered":"<p data-path-to-node=\"13\">Refrigerant Boys pr\u00e4sentiert die <b data-path-to-node=\"13\" data-index-in-node=\"62\">10KG<\/b> Flasche <b data-path-to-node=\"13\" data-index-in-node=\"75\">R444A<\/b>, ein hochleistungsf\u00e4higes zeotropes HFO-K\u00e4ltemittelgemisch der Sicherheitsklasse <b data-path-to-node=\"13\" data-index-in-node=\"162\">A2L<\/b> (schwer entflammbar). Von unseren Technikern aufgrund seiner au\u00dfergew\u00f6hnlichen thermischen Eigenschaften ausgew\u00e4hlt, ist R444A die verantwortungsbewusste Wahl f\u00fcr alle, die Effizienz und Nachhaltigkeit im Automotive- und mobilen K\u00e4ltesektor suchen.<\/p>\n<p data-path-to-node=\"14\"><b data-path-to-node=\"14\" data-index-in-node=\"0\">Warum R444A bei Refrigerant Boys kaufen?<\/b><\/p>\n<ul data-path-to-node=\"15\">\n<li>\n<p data-path-to-node=\"15,0,0\"><b data-path-to-node=\"15,0,0\" data-index-in-node=\"0\">Garantierte Reinheit:<\/b> Jede Flasche wird strengen Qualit\u00e4tstests unterzogen, um die originale chemische Zusammensetzung und maximale Leistung sicherzustellen.<\/p>\n<\/li>\n<li>\n<p data-path-to-node=\"15,1,0\"><b data-path-to-node=\"15,1,0\" data-index-in-node=\"0\">Maximale Effizienz unter extremen Bedingungen:<\/b> Es beh\u00e4lt auch bei Au\u00dfentemperaturen \u00fcber 40\u00b0C eine \u00fcberlegene K\u00fchlleistung bei, ideal f\u00fcr Nutzfahrzeuge und Landmaschinen.<\/p>\n<\/li>\n<li>\n<p data-path-to-node=\"15,2,0\"><b data-path-to-node=\"15,2,0\" data-index-in-node=\"0\">Nachhaltigkeit:<\/b> Reduziert die Umweltbelastung im Vergleich zu R134a um 93 % (GWP 92) und erf\u00fcllt die F-Gas-Verordnungen.<\/p>\n<\/li>\n<li>\n<p data-path-to-node=\"15,3,0\"><b data-path-to-node=\"15,3,0\" data-index-in-node=\"0\">Professionelle Vielseitigkeit:<\/b> Idealer Ersatz (Drop-in) f\u00fcr bestehende oder neue Systeme; <b data-path-to-node=\"15,3,0\" data-index-in-node=\"90\">zugelassen von Branchenf\u00fchrern wie Texa<\/b>.<\/p>\n<\/li>\n<li>\n<p data-path-to-node=\"15,4,0\"><b data-path-to-node=\"15,4,0\" data-index-in-node=\"0\">T-PED-Zertifizierung:<\/b> Unsere 10KG-Flasche entspricht der Norm T-PED 13322-1 f\u00fcr maximale Sicherheit bei Transport und Lagerung.<\/p>\n<\/li>\n<li>\n<p data-path-to-node=\"34,3,0\"><b data-path-to-node=\"34,3,0\" data-index-in-node=\"0\">Standardanschluss:<\/b>\u00a0Spezielles Ventil\u00a0<b data-path-to-node=\"34,3,0\" data-index-in-node=\"37\">W21,8\u201d x 1\/14\u201d Links<\/b>\u00a0(Linksgewinde), um Verwechslungen und Kontaminationen mit anderen K\u00e4ltemitteln zu vermeiden.<\/p>\n<\/li>\n<\/ul>\n","protected":false},"excerpt":{"rendered":"<p><img decoding=\"async\" loading=\"lazy\" class=\"wp-image-99258 aligncenter\" src=\"https:\/\/www.refrigerantboys.com\/wp-content\/uploads\/2026\/04\/r444a-motore-de-733x400.png\" alt=\"\" width=\"392\" height=\"214\" \/>R444A (Solstice ac5) im professionellen <b data-path-to-node=\"20\" data-index-in-node=\"58\">10 KG<\/b> Format ist die L\u00f6sung der n\u00e4chsten Generation zur Maximierung der Effizienz von Klimaanlagen unter extremen Bedingungen. Mit einem GWP von nur 92 ist es der fortschrittliche Ersatz f\u00fcr R134a und <b data-path-to-node=\"20\" data-index-in-node=\"259\">R1234yf<\/b>. R444A ist <b data-path-to-node=\"20\" data-index-in-node=\"278\">mischbar<\/b> und <b data-path-to-node=\"20\" data-index-in-node=\"291\">von den f\u00fchrenden Herstellern von Autoladestationen, einschlie\u00dflich Texa, zugelassen<\/b>.<\/p>\n","protected":false},"featured_media":99280,"template":"","meta":[],"product_cat":[],"product_tag":[],"acf":{"ai_note":""},"yoast_head":"<!-- This site is optimized with the Yoast SEO plugin v20.2 - https:\/\/yoast.com\/wordpress\/plugins\/seo\/ -->\n<title>K\u00e4ltemittel Gas R444A (HFO) 10 KG \u2013 Hochleistungsalternative f\u00fcr Automotive und Spezialklimatisierung | Refrigerant Boys<\/title>\n<meta name=\"description\" content=\"R444A (Solstice ac5) im professionellen 10 KG Format ist die L\u00f6sung der n\u00e4chsten Generation zur Maximierung der Effizienz von Klimaanlagen unter extremen Bedingungen. Mit einem GWP von nur 92 ist es der fortschrittliche Ersatz f\u00fcr R134a und R1234yf. R444A ist mischbar und von den f\u00fchrenden Herstellern von Autoladestationen, einschlie\u00dflich Texa, zugelassen.\" \/>\n<meta name=\"robots\" content=\"index, follow, max-snippet:-1, max-image-preview:large, max-video-preview:-1\" \/>\n<link rel=\"canonical\" href=\"https:\/\/www.refrigerantboys.com\/de\/kaufen\/unkategorisiert\/kaeltemittel-gas-r444a-hfo-10-kg-hochleistungsalternative-fuer-automotive-und-spezialklimatisierung\/\" \/>\n<meta property=\"og:locale\" content=\"de_DE\" \/>\n<meta property=\"og:type\" content=\"article\" \/>\n<meta property=\"og:title\" content=\"K\u00e4ltemittel Gas R444A (HFO) 10 KG \u2013 Hochleistungsalternative f\u00fcr Automotive und Spezialklimatisierung | Refrigerant Boys\" \/>\n<meta property=\"og:description\" content=\"R444A (Solstice ac5) im professionellen 10 KG Format ist die L\u00f6sung der n\u00e4chsten Generation zur Maximierung der Effizienz von Klimaanlagen unter extremen Bedingungen. Mit einem GWP von nur 92 ist es der fortschrittliche Ersatz f\u00fcr R134a und R1234yf. R444A ist mischbar und von den f\u00fchrenden Herstellern von Autoladestationen, einschlie\u00dflich Texa, zugelassen.\" \/>\n<meta property=\"og:url\" content=\"https:\/\/www.refrigerantboys.com\/de\/kaufen\/unkategorisiert\/kaeltemittel-gas-r444a-hfo-10-kg-hochleistungsalternative-fuer-automotive-und-spezialklimatisierung\/\" \/>\n<meta property=\"og:site_name\" content=\"Refrigerant Boys\" \/>\n<meta property=\"article:modified_time\" content=\"2026-04-19T09:25:55+00:00\" \/>\n<meta property=\"og:image\" content=\"https:\/\/www.refrigerantboys.com\/wp-content\/uploads\/2026\/04\/bb444k10.png\" \/>\n\t<meta property=\"og:image:width\" content=\"1000\" \/>\n\t<meta property=\"og:image:height\" content=\"1024\" \/>\n\t<meta property=\"og:image:type\" content=\"image\/png\" \/>\n<meta name=\"twitter:card\" content=\"summary_large_image\" \/>\n<meta name=\"twitter:label1\" content=\"Gesch\u00e4tzte Lesezeit\" \/>\n\t<meta name=\"twitter:data1\" content=\"1\u00a0Minute\" \/>\n<script type=\"application\/ld+json\" class=\"yoast-schema-graph\">{\"@context\":\"https:\/\/schema.org\",\"@graph\":[{\"@type\":\"WebPage\",\"@id\":\"https:\/\/www.refrigerantboys.com\/de\/kaufen\/unkategorisiert\/kaeltemittel-gas-r444a-hfo-10-kg-hochleistungsalternative-fuer-automotive-und-spezialklimatisierung\/\",\"url\":\"https:\/\/www.refrigerantboys.com\/de\/kaufen\/unkategorisiert\/kaeltemittel-gas-r444a-hfo-10-kg-hochleistungsalternative-fuer-automotive-und-spezialklimatisierung\/\",\"name\":\"K\u00e4ltemittel Gas R444A (HFO) 10 KG \u2013 Hochleistungsalternative f\u00fcr Automotive und Spezialklimatisierung | Refrigerant Boys\",\"isPartOf\":{\"@id\":\"https:\/\/www.refrigerantboys.com\/de\/#website\"},\"datePublished\":\"2026-04-19T09:12:48+00:00\",\"dateModified\":\"2026-04-19T09:25:55+00:00\",\"description\":\"R444A (Solstice ac5) im professionellen 10 KG Format ist die L\u00f6sung der n\u00e4chsten Generation zur Maximierung der Effizienz von Klimaanlagen unter extremen Bedingungen. Mit einem GWP von nur 92 ist es der fortschrittliche Ersatz f\u00fcr R134a und R1234yf. R444A ist mischbar und von den f\u00fchrenden Herstellern von Autoladestationen, einschlie\u00dflich Texa, zugelassen.\",\"breadcrumb\":{\"@id\":\"https:\/\/www.refrigerantboys.com\/de\/kaufen\/unkategorisiert\/kaeltemittel-gas-r444a-hfo-10-kg-hochleistungsalternative-fuer-automotive-und-spezialklimatisierung\/#breadcrumb\"},\"inLanguage\":\"de\",\"potentialAction\":[{\"@type\":\"ReadAction\",\"target\":[\"https:\/\/www.refrigerantboys.com\/de\/kaufen\/unkategorisiert\/kaeltemittel-gas-r444a-hfo-10-kg-hochleistungsalternative-fuer-automotive-und-spezialklimatisierung\/\"]}]},{\"@type\":\"BreadcrumbList\",\"@id\":\"https:\/\/www.refrigerantboys.com\/de\/kaufen\/unkategorisiert\/kaeltemittel-gas-r444a-hfo-10-kg-hochleistungsalternative-fuer-automotive-und-spezialklimatisierung\/#breadcrumb\",\"itemListElement\":[{\"@type\":\"ListItem\",\"position\":1,\"name\":\"Home\",\"item\":\"https:\/\/www.refrigerantboys.com\/de\/\"},{\"@type\":\"ListItem\",\"position\":2,\"name\":\"Gesch\u00e4ft\",\"item\":\"https:\/\/www.refrigerantboys.com\/de\/geschaeft\/\"},{\"@type\":\"ListItem\",\"position\":3,\"name\":\"K\u00e4ltemittel Gas R444A (HFO) 10 KG \u2013 Hochleistungsalternative f\u00fcr Automotive und Spezialklimatisierung\"}]},{\"@type\":\"WebSite\",\"@id\":\"https:\/\/www.refrigerantboys.com\/de\/#website\",\"url\":\"https:\/\/www.refrigerantboys.com\/de\/\",\"name\":\"Refrigerant Boys\",\"description\":\"Vendita gas refrigeranti\",\"potentialAction\":[{\"@type\":\"SearchAction\",\"target\":{\"@type\":\"EntryPoint\",\"urlTemplate\":\"https:\/\/www.refrigerantboys.com\/de\/?s={search_term_string}\"},\"query-input\":\"required name=search_term_string\"}],\"inLanguage\":\"de\"}]}<\/script>\n<!-- \/ Yoast SEO plugin. -->","yoast_head_json":{"title":"K\u00e4ltemittel Gas R444A (HFO) 10 KG \u2013 Hochleistungsalternative f\u00fcr Automotive und Spezialklimatisierung | Refrigerant Boys","description":"R444A (Solstice ac5) im professionellen 10 KG Format ist die L\u00f6sung der n\u00e4chsten Generation zur Maximierung der Effizienz von Klimaanlagen unter extremen Bedingungen. Mit einem GWP von nur 92 ist es der fortschrittliche Ersatz f\u00fcr R134a und R1234yf. R444A ist mischbar und von den f\u00fchrenden Herstellern von Autoladestationen, einschlie\u00dflich Texa, zugelassen.","robots":{"index":"index","follow":"follow","max-snippet":"max-snippet:-1","max-image-preview":"max-image-preview:large","max-video-preview":"max-video-preview:-1"},"canonical":"https:\/\/www.refrigerantboys.com\/de\/kaufen\/unkategorisiert\/kaeltemittel-gas-r444a-hfo-10-kg-hochleistungsalternative-fuer-automotive-und-spezialklimatisierung\/","og_locale":"de_DE","og_type":"article","og_title":"K\u00e4ltemittel Gas R444A (HFO) 10 KG \u2013 Hochleistungsalternative f\u00fcr Automotive und Spezialklimatisierung | Refrigerant Boys","og_description":"R444A (Solstice ac5) im professionellen 10 KG Format ist die L\u00f6sung der n\u00e4chsten Generation zur Maximierung der Effizienz von Klimaanlagen unter extremen Bedingungen. Mit einem GWP von nur 92 ist es der fortschrittliche Ersatz f\u00fcr R134a und R1234yf. R444A ist mischbar und von den f\u00fchrenden Herstellern von Autoladestationen, einschlie\u00dflich Texa, zugelassen.","og_url":"https:\/\/www.refrigerantboys.com\/de\/kaufen\/unkategorisiert\/kaeltemittel-gas-r444a-hfo-10-kg-hochleistungsalternative-fuer-automotive-und-spezialklimatisierung\/","og_site_name":"Refrigerant Boys","article_modified_time":"2026-04-19T09:25:55+00:00","og_image":[{"width":1000,"height":1024,"url":"https:\/\/www.refrigerantboys.com\/wp-content\/uploads\/2026\/04\/bb444k10.png","type":"image\/png"}],"twitter_card":"summary_large_image","twitter_misc":{"Gesch\u00e4tzte Lesezeit":"1\u00a0Minute"},"schema":{"@context":"https:\/\/schema.org","@graph":[{"@type":"WebPage","@id":"https:\/\/www.refrigerantboys.com\/de\/kaufen\/unkategorisiert\/kaeltemittel-gas-r444a-hfo-10-kg-hochleistungsalternative-fuer-automotive-und-spezialklimatisierung\/","url":"https:\/\/www.refrigerantboys.com\/de\/kaufen\/unkategorisiert\/kaeltemittel-gas-r444a-hfo-10-kg-hochleistungsalternative-fuer-automotive-und-spezialklimatisierung\/","name":"K\u00e4ltemittel Gas R444A (HFO) 10 KG \u2013 Hochleistungsalternative f\u00fcr Automotive und Spezialklimatisierung | Refrigerant Boys","isPartOf":{"@id":"https:\/\/www.refrigerantboys.com\/de\/#website"},"datePublished":"2026-04-19T09:12:48+00:00","dateModified":"2026-04-19T09:25:55+00:00","description":"R444A (Solstice ac5) im professionellen 10 KG Format ist die L\u00f6sung der n\u00e4chsten Generation zur Maximierung der Effizienz von Klimaanlagen unter extremen Bedingungen. Mit einem GWP von nur 92 ist es der fortschrittliche Ersatz f\u00fcr R134a und R1234yf. R444A ist mischbar und von den f\u00fchrenden Herstellern von Autoladestationen, einschlie\u00dflich Texa, zugelassen.","breadcrumb":{"@id":"https:\/\/www.refrigerantboys.com\/de\/kaufen\/unkategorisiert\/kaeltemittel-gas-r444a-hfo-10-kg-hochleistungsalternative-fuer-automotive-und-spezialklimatisierung\/#breadcrumb"},"inLanguage":"de","potentialAction":[{"@type":"ReadAction","target":["https:\/\/www.refrigerantboys.com\/de\/kaufen\/unkategorisiert\/kaeltemittel-gas-r444a-hfo-10-kg-hochleistungsalternative-fuer-automotive-und-spezialklimatisierung\/"]}]},{"@type":"BreadcrumbList","@id":"https:\/\/www.refrigerantboys.com\/de\/kaufen\/unkategorisiert\/kaeltemittel-gas-r444a-hfo-10-kg-hochleistungsalternative-fuer-automotive-und-spezialklimatisierung\/#breadcrumb","itemListElement":[{"@type":"ListItem","position":1,"name":"Home","item":"https:\/\/www.refrigerantboys.com\/de\/"},{"@type":"ListItem","position":2,"name":"Gesch\u00e4ft","item":"https:\/\/www.refrigerantboys.com\/de\/geschaeft\/"},{"@type":"ListItem","position":3,"name":"K\u00e4ltemittel Gas R444A (HFO) 10 KG \u2013 Hochleistungsalternative f\u00fcr Automotive und Spezialklimatisierung"}]},{"@type":"WebSite","@id":"https:\/\/www.refrigerantboys.com\/de\/#website","url":"https:\/\/www.refrigerantboys.com\/de\/","name":"Refrigerant Boys","description":"Vendita gas refrigeranti","potentialAction":[{"@type":"SearchAction","target":{"@type":"EntryPoint","urlTemplate":"https:\/\/www.refrigerantboys.com\/de\/?s={search_term_string}"},"query-input":"required name=search_term_string"}],"inLanguage":"de"}]}},"_links":{"self":[{"href":"https:\/\/www.refrigerantboys.com\/de\/wp-json\/wp\/v2\/product\/99273"}],"collection":[{"href":"https:\/\/www.refrigerantboys.com\/de\/wp-json\/wp\/v2\/product"}],"about":[{"href":"https:\/\/www.refrigerantboys.com\/de\/wp-json\/wp\/v2\/types\/product"}],"wp:featuredmedia":[{"embeddable":true,"href":"https:\/\/www.refrigerantboys.com\/de\/wp-json\/wp\/v2\/media\/99280"}],"wp:attachment":[{"href":"https:\/\/www.refrigerantboys.com\/de\/wp-json\/wp\/v2\/media?parent=99273"}],"wp:term":[{"taxonomy":"product_cat","embeddable":true,"href":"https:\/\/www.refrigerantboys.com\/de\/wp-json\/wp\/v2\/product_cat?post=99273"},{"taxonomy":"product_tag","embeddable":true,"href":"https:\/\/www.refrigerantboys.com\/de\/wp-json\/wp\/v2\/product_tag?post=99273"}],"curies":[{"name":"wp","href":"https:\/\/api.w.org\/{rel}","templated":true}]}}