{"id":99119,"date":"2026-04-15T10:27:24","date_gmt":"2026-04-15T08:27:24","guid":{"rendered":"https:\/\/www.refrigerantboys.com\/?post_type=product&#038;p=99119"},"modified":"2026-04-15T11:44:22","modified_gmt":"2026-04-15T09:44:22","slug":"r1234yf-kaeltemittelgas-2-kg-flasche-ventil-1-2-acme-links-t-ped-zertifiziert","status":"publish","type":"product","link":"https:\/\/www.refrigerantboys.com\/de\/kaufen\/kaeltemittelgase\/r1234yf\/r1234yf-kaeltemittelgas-2-kg-flasche-ventil-1-2-acme-links-t-ped-zertifiziert\/","title":{"rendered":"R1234yf K\u00e4ltemittelgas 2 kg Flasche \u2013 Ventil 1\/2&#8243; ACME Links (T-PED zertifiziert)"},"content":{"rendered":"<p data-path-to-node=\"19\">Diese Gasflasche mit <b data-path-to-node=\"19\" data-index-in-node=\"322\">R1234yf<\/b> ist der \u00f6kologische Pflichtstandard (<span class=\"math-inline\" data-math=\"GWP &lt; 1\" data-index-in-node=\"367\">$GWP &lt; 1$<\/span>) f\u00fcr Fahrzeuge mit Zulassung ab 2011.<\/p>\n<ul data-path-to-node=\"20\">\n<li>\n<p data-path-to-node=\"20,0,0\"><b data-path-to-node=\"20,0,0\" data-index-in-node=\"0\">Freier Kauf:<\/b> Erh\u00e4ltlich ohne Verpflichtung zur Vorlage eines Sachkundenachweises oder einer F-Gas-Zertifizierung.<\/p>\n<\/li>\n<li>\n<p data-path-to-node=\"20,1,0\"><b data-path-to-node=\"20,1,0\" data-index-in-node=\"0\">Inhalt:<\/b> 2 kg reines R1234yf Gas.<\/p>\n<\/li>\n<li>\n<p data-path-to-node=\"20,2,0\"><b data-path-to-node=\"20,2,0\" data-index-in-node=\"0\">Ventilanschluss:<\/b> 1\/2&#8243; ACME Linksgewinde (spezifischer R1234yf-Standard).<\/p>\n<\/li>\n<li>\n<p data-path-to-node=\"20,3,0\"><b data-path-to-node=\"20,3,0\" data-index-in-node=\"0\">Zertifizierungen:<\/b> Beh\u00e4lter zertifiziert nach <b data-path-to-node=\"20,3,0\" data-index-in-node=\"45\">T-PED \/ EN 13322-1<\/b>.<\/p>\n<\/li>\n<li>\n<p data-path-to-node=\"20,4,0\"><b data-path-to-node=\"20,4,0\" data-index-in-node=\"0\">Garantierte Qualit\u00e4t:<\/b> Hoher Reinheitsgrad zur Erhaltung der Effizienz der Klimaanlage.<\/p>\n<\/li>\n<\/ul>\n<p><iframe loading=\"lazy\" title=\"YouTube-Video-Player\" src=\"https:\/\/www.youtube.com\/embed\/9b67gkTUURI\" width=\"300\" height=\"200\" frameborder=\"0\" allowfullscreen=\"allowfullscreen\"><\/iframe><\/p>\n<pre><span style=\"color: #339966; font-size: 20px;\"><strong>GWP 0,5 IPCC\r\n<\/strong><\/span><span style=\"font-size: 16px;\">(Wert aktualisiert gem\u00e4\u00df EU-Verordnung 2024\/573 \u2013 IPCC AR6)<\/span>\r\n<\/pre>\n","protected":false},"excerpt":{"rendered":"<p>Professionelle 2-kg-L\u00f6sung zur Bef\u00fcllung von Klimaanlagen. Hochreines HFO-1234yf K\u00e4ltemittelgas. <b data-path-to-node=\"19\" data-index-in-node=\"210\">Freier Verkauf \u2013 kein Sachkundenachweis oder Zertifikat erforderlich.<\/b><\/p>\n","protected":false},"featured_media":99136,"template":"","meta":[],"product_cat":[232,236],"product_tag":[],"acf":{"ai_note":""},"yoast_head":"<!-- This site is optimized with the Yoast SEO plugin v20.2 - https:\/\/yoast.com\/wordpress\/plugins\/seo\/ -->\n<title>R1234yf K\u00e4ltemittelgas 2 kg Flasche \u2013 Ventil 1\/2&quot; ACME Links (T-PED zertifiziert) | Refrigerant Boys<\/title>\n<meta name=\"description\" content=\"Professionelle 2-kg-L\u00f6sung zur Bef\u00fcllung von Klimaanlagen. Hochreines HFO-1234yf K\u00e4ltemittelgas. Freier Verkauf \u2013 kein Sachkundenachweis oder Zertifikat erforderlich.\" \/>\n<meta name=\"robots\" content=\"index, follow, max-snippet:-1, max-image-preview:large, max-video-preview:-1\" \/>\n<link rel=\"canonical\" href=\"https:\/\/www.refrigerantboys.com\/de\/kaufen\/kaeltemittelgase\/r1234yf\/r1234yf-kaeltemittelgas-2-kg-flasche-ventil-1-2-acme-links-t-ped-zertifiziert\/\" \/>\n<meta property=\"og:locale\" content=\"de_DE\" \/>\n<meta property=\"og:type\" content=\"article\" \/>\n<meta property=\"og:title\" content=\"R1234yf K\u00e4ltemittelgas 2 kg Flasche \u2013 Ventil 1\/2&quot; ACME Links (T-PED zertifiziert) | Refrigerant Boys\" \/>\n<meta property=\"og:description\" content=\"Professionelle 2-kg-L\u00f6sung zur Bef\u00fcllung von Klimaanlagen. Hochreines HFO-1234yf K\u00e4ltemittelgas. Freier Verkauf \u2013 kein Sachkundenachweis oder Zertifikat erforderlich.\" \/>\n<meta property=\"og:url\" content=\"https:\/\/www.refrigerantboys.com\/de\/kaufen\/kaeltemittelgase\/r1234yf\/r1234yf-kaeltemittelgas-2-kg-flasche-ventil-1-2-acme-links-t-ped-zertifiziert\/\" \/>\n<meta property=\"og:site_name\" content=\"Refrigerant Boys\" \/>\n<meta property=\"article:modified_time\" content=\"2026-04-15T09:44:22+00:00\" \/>\n<meta property=\"og:image\" content=\"https:\/\/www.refrigerantboys.com\/wp-content\/uploads\/2026\/04\/BB1234K2.webp\" \/>\n\t<meta property=\"og:image:width\" content=\"1119\" \/>\n\t<meta property=\"og:image:height\" content=\"2505\" \/>\n\t<meta property=\"og:image:type\" content=\"image\/webp\" \/>\n<meta name=\"twitter:card\" content=\"summary_large_image\" \/>\n<meta name=\"twitter:label1\" content=\"Gesch\u00e4tzte Lesezeit\" \/>\n\t<meta name=\"twitter:data1\" content=\"1\u00a0Minute\" \/>\n<script type=\"application\/ld+json\" class=\"yoast-schema-graph\">{\"@context\":\"https:\/\/schema.org\",\"@graph\":[{\"@type\":\"WebPage\",\"@id\":\"https:\/\/www.refrigerantboys.com\/de\/kaufen\/kaeltemittelgase\/r1234yf\/r1234yf-kaeltemittelgas-2-kg-flasche-ventil-1-2-acme-links-t-ped-zertifiziert\/\",\"url\":\"https:\/\/www.refrigerantboys.com\/de\/kaufen\/kaeltemittelgase\/r1234yf\/r1234yf-kaeltemittelgas-2-kg-flasche-ventil-1-2-acme-links-t-ped-zertifiziert\/\",\"name\":\"R1234yf K\u00e4ltemittelgas 2 kg Flasche \u2013 Ventil 1\/2\\\" ACME Links (T-PED zertifiziert) | Refrigerant Boys\",\"isPartOf\":{\"@id\":\"https:\/\/www.refrigerantboys.com\/de\/#website\"},\"datePublished\":\"2026-04-15T08:27:24+00:00\",\"dateModified\":\"2026-04-15T09:44:22+00:00\",\"description\":\"Professionelle 2-kg-L\u00f6sung zur Bef\u00fcllung von Klimaanlagen. Hochreines HFO-1234yf K\u00e4ltemittelgas. Freier Verkauf \u2013 kein Sachkundenachweis oder Zertifikat erforderlich.\",\"breadcrumb\":{\"@id\":\"https:\/\/www.refrigerantboys.com\/de\/kaufen\/kaeltemittelgase\/r1234yf\/r1234yf-kaeltemittelgas-2-kg-flasche-ventil-1-2-acme-links-t-ped-zertifiziert\/#breadcrumb\"},\"inLanguage\":\"de\",\"potentialAction\":[{\"@type\":\"ReadAction\",\"target\":[\"https:\/\/www.refrigerantboys.com\/de\/kaufen\/kaeltemittelgase\/r1234yf\/r1234yf-kaeltemittelgas-2-kg-flasche-ventil-1-2-acme-links-t-ped-zertifiziert\/\"]}]},{\"@type\":\"BreadcrumbList\",\"@id\":\"https:\/\/www.refrigerantboys.com\/de\/kaufen\/kaeltemittelgase\/r1234yf\/r1234yf-kaeltemittelgas-2-kg-flasche-ventil-1-2-acme-links-t-ped-zertifiziert\/#breadcrumb\",\"itemListElement\":[{\"@type\":\"ListItem\",\"position\":1,\"name\":\"Home\",\"item\":\"https:\/\/www.refrigerantboys.com\/de\/\"},{\"@type\":\"ListItem\",\"position\":2,\"name\":\"Gesch\u00e4ft\",\"item\":\"https:\/\/www.refrigerantboys.com\/de\/geschaeft\/\"},{\"@type\":\"ListItem\",\"position\":3,\"name\":\"R1234yf K\u00e4ltemittelgas 2 kg Flasche \u2013 Ventil 1\/2&#8243; ACME Links (T-PED zertifiziert)\"}]},{\"@type\":\"WebSite\",\"@id\":\"https:\/\/www.refrigerantboys.com\/de\/#website\",\"url\":\"https:\/\/www.refrigerantboys.com\/de\/\",\"name\":\"Refrigerant Boys\",\"description\":\"Vendita gas refrigeranti\",\"potentialAction\":[{\"@type\":\"SearchAction\",\"target\":{\"@type\":\"EntryPoint\",\"urlTemplate\":\"https:\/\/www.refrigerantboys.com\/de\/?s={search_term_string}\"},\"query-input\":\"required name=search_term_string\"}],\"inLanguage\":\"de\"}]}<\/script>\n<!-- \/ Yoast SEO plugin. -->","yoast_head_json":{"title":"R1234yf K\u00e4ltemittelgas 2 kg Flasche \u2013 Ventil 1\/2\" ACME Links (T-PED zertifiziert) | Refrigerant Boys","description":"Professionelle 2-kg-L\u00f6sung zur Bef\u00fcllung von Klimaanlagen. Hochreines HFO-1234yf K\u00e4ltemittelgas. Freier Verkauf \u2013 kein Sachkundenachweis oder Zertifikat erforderlich.","robots":{"index":"index","follow":"follow","max-snippet":"max-snippet:-1","max-image-preview":"max-image-preview:large","max-video-preview":"max-video-preview:-1"},"canonical":"https:\/\/www.refrigerantboys.com\/de\/kaufen\/kaeltemittelgase\/r1234yf\/r1234yf-kaeltemittelgas-2-kg-flasche-ventil-1-2-acme-links-t-ped-zertifiziert\/","og_locale":"de_DE","og_type":"article","og_title":"R1234yf K\u00e4ltemittelgas 2 kg Flasche \u2013 Ventil 1\/2\" ACME Links (T-PED zertifiziert) | Refrigerant Boys","og_description":"Professionelle 2-kg-L\u00f6sung zur Bef\u00fcllung von Klimaanlagen. Hochreines HFO-1234yf K\u00e4ltemittelgas. Freier Verkauf \u2013 kein Sachkundenachweis oder Zertifikat erforderlich.","og_url":"https:\/\/www.refrigerantboys.com\/de\/kaufen\/kaeltemittelgase\/r1234yf\/r1234yf-kaeltemittelgas-2-kg-flasche-ventil-1-2-acme-links-t-ped-zertifiziert\/","og_site_name":"Refrigerant Boys","article_modified_time":"2026-04-15T09:44:22+00:00","og_image":[{"width":1119,"height":2505,"url":"https:\/\/www.refrigerantboys.com\/wp-content\/uploads\/2026\/04\/BB1234K2.webp","type":"image\/webp"}],"twitter_card":"summary_large_image","twitter_misc":{"Gesch\u00e4tzte Lesezeit":"1\u00a0Minute"},"schema":{"@context":"https:\/\/schema.org","@graph":[{"@type":"WebPage","@id":"https:\/\/www.refrigerantboys.com\/de\/kaufen\/kaeltemittelgase\/r1234yf\/r1234yf-kaeltemittelgas-2-kg-flasche-ventil-1-2-acme-links-t-ped-zertifiziert\/","url":"https:\/\/www.refrigerantboys.com\/de\/kaufen\/kaeltemittelgase\/r1234yf\/r1234yf-kaeltemittelgas-2-kg-flasche-ventil-1-2-acme-links-t-ped-zertifiziert\/","name":"R1234yf K\u00e4ltemittelgas 2 kg Flasche \u2013 Ventil 1\/2\" ACME Links (T-PED zertifiziert) | Refrigerant Boys","isPartOf":{"@id":"https:\/\/www.refrigerantboys.com\/de\/#website"},"datePublished":"2026-04-15T08:27:24+00:00","dateModified":"2026-04-15T09:44:22+00:00","description":"Professionelle 2-kg-L\u00f6sung zur Bef\u00fcllung von Klimaanlagen. Hochreines HFO-1234yf K\u00e4ltemittelgas. Freier Verkauf \u2013 kein Sachkundenachweis oder Zertifikat erforderlich.","breadcrumb":{"@id":"https:\/\/www.refrigerantboys.com\/de\/kaufen\/kaeltemittelgase\/r1234yf\/r1234yf-kaeltemittelgas-2-kg-flasche-ventil-1-2-acme-links-t-ped-zertifiziert\/#breadcrumb"},"inLanguage":"de","potentialAction":[{"@type":"ReadAction","target":["https:\/\/www.refrigerantboys.com\/de\/kaufen\/kaeltemittelgase\/r1234yf\/r1234yf-kaeltemittelgas-2-kg-flasche-ventil-1-2-acme-links-t-ped-zertifiziert\/"]}]},{"@type":"BreadcrumbList","@id":"https:\/\/www.refrigerantboys.com\/de\/kaufen\/kaeltemittelgase\/r1234yf\/r1234yf-kaeltemittelgas-2-kg-flasche-ventil-1-2-acme-links-t-ped-zertifiziert\/#breadcrumb","itemListElement":[{"@type":"ListItem","position":1,"name":"Home","item":"https:\/\/www.refrigerantboys.com\/de\/"},{"@type":"ListItem","position":2,"name":"Gesch\u00e4ft","item":"https:\/\/www.refrigerantboys.com\/de\/geschaeft\/"},{"@type":"ListItem","position":3,"name":"R1234yf K\u00e4ltemittelgas 2 kg Flasche \u2013 Ventil 1\/2&#8243; ACME Links (T-PED zertifiziert)"}]},{"@type":"WebSite","@id":"https:\/\/www.refrigerantboys.com\/de\/#website","url":"https:\/\/www.refrigerantboys.com\/de\/","name":"Refrigerant Boys","description":"Vendita gas refrigeranti","potentialAction":[{"@type":"SearchAction","target":{"@type":"EntryPoint","urlTemplate":"https:\/\/www.refrigerantboys.com\/de\/?s={search_term_string}"},"query-input":"required name=search_term_string"}],"inLanguage":"de"}]}},"_links":{"self":[{"href":"https:\/\/www.refrigerantboys.com\/de\/wp-json\/wp\/v2\/product\/99119"}],"collection":[{"href":"https:\/\/www.refrigerantboys.com\/de\/wp-json\/wp\/v2\/product"}],"about":[{"href":"https:\/\/www.refrigerantboys.com\/de\/wp-json\/wp\/v2\/types\/product"}],"wp:featuredmedia":[{"embeddable":true,"href":"https:\/\/www.refrigerantboys.com\/de\/wp-json\/wp\/v2\/media\/99136"}],"wp:attachment":[{"href":"https:\/\/www.refrigerantboys.com\/de\/wp-json\/wp\/v2\/media?parent=99119"}],"wp:term":[{"taxonomy":"product_cat","embeddable":true,"href":"https:\/\/www.refrigerantboys.com\/de\/wp-json\/wp\/v2\/product_cat?post=99119"},{"taxonomy":"product_tag","embeddable":true,"href":"https:\/\/www.refrigerantboys.com\/de\/wp-json\/wp\/v2\/product_tag?post=99119"}],"curies":[{"name":"wp","href":"https:\/\/api.w.org\/{rel}","templated":true}]}}