{"id":98443,"date":"2026-03-10T18:05:14","date_gmt":"2026-03-11T09:50:33","guid":{"rendered":"https:\/\/www.refrigerantboys.com\/?post_type=product&#038;p=98443"},"modified":"2026-03-11T10:50:33","modified_gmt":"2026-03-11T09:50:33","slug":"max-hi-flow-kondensatpumpe-550-l-h-foerderhoehe-5m-1l-behaelter","status":"publish","type":"product","link":"https:\/\/www.refrigerantboys.com\/de\/kaufen\/kuehlkomponenten\/max-hi-flow-kondensatpumpe-550-l-h-foerderhoehe-5m-1l-behaelter\/","title":{"rendered":"Max Hi-Flow Kondensatpumpe | 550 L\/h &#8211; F\u00f6rderh\u00f6he 5m &#8211; 1L Beh\u00e4lter"},"content":{"rendered":"<p data-path-to-node=\"16\">Die Max Hi-Flow ist die ultimative L\u00f6sung f\u00fcr das Kondensatmanagement in gro\u00dfen HLK-Systemen. Dank ihres leistungsstarken Motors und des gro\u00dfz\u00fcgigen 1-Liter-Beh\u00e4lters kann sie gro\u00dfe Wassermengen mit h\u00f6chster Zuverl\u00e4ssigkeit bew\u00e4ltigen.<\/p>\n<ul data-path-to-node=\"17\">\n<li>\n<p data-path-to-node=\"17,0,0\"><b data-path-to-node=\"17,0,0\" data-index-in-node=\"0\">Hochleistung:<\/b> Rekord-F\u00f6rderstrom von 550 Litern\/Stunde, ideal f\u00fcr gewerbliche Klimaanlagen und Brennwertkessel.<\/p>\n<\/li>\n<li>\n<p data-path-to-node=\"17,1,0\"><b data-path-to-node=\"17,1,0\" data-index-in-node=\"0\">Gro\u00dfe F\u00f6rderh\u00f6he:<\/b> Pumpt das Wasser bis zu 5 Meter hoch und erm\u00f6glicht so flexible Installationen.<\/p>\n<\/li>\n<li>\n<p data-path-to-node=\"17,2,0\"><b data-path-to-node=\"17,2,0\" data-index-in-node=\"0\">Integrierte Sicherheit:<\/b> Ausgestattet mit einem Sicherheitsschalter, um \u00dcberlaufen zu verhindern und die Anlage zu sch\u00fctzen.<\/p>\n<\/li>\n<li>\n<p data-path-to-node=\"17,3,0\"><b data-path-to-node=\"17,3,0\" data-index-in-node=\"0\">Ger\u00e4uscharm:<\/b> Entwickelt, um Vibrationen w\u00e4hrend des Betriebs zu minimieren.<\/p>\n<\/li>\n<\/ul>\n","protected":false},"excerpt":{"rendered":"<p><b data-path-to-node=\"18\" data-index-in-node=\"0\">Spezifikationen:<\/b> 1L Beh\u00e4lter, F\u00f6rderstrom 550L\/h, F\u00f6rderh\u00f6he 5m, Schutzart IP24. Hochleistungs-Monoblock-Kondensatpumpe. Maximaler Durchfluss 550 L\/h, F\u00f6rderh\u00f6he bis zu 5 Meter und integrierter 1-Liter-Beh\u00e4lter. Robust, leise und einfach zu installieren.<\/p>\n","protected":false},"featured_media":98415,"template":"","meta":[],"product_cat":[517,317],"product_tag":[],"acf":{"ai_note":""},"yoast_head":"<!-- This site is optimized with the Yoast SEO plugin v20.2 - https:\/\/yoast.com\/wordpress\/plugins\/seo\/ -->\n<title>Max Hi-Flow Kondensatpumpe | 550 L\/h - F\u00f6rderh\u00f6he 5m - 1L Beh\u00e4lter | Refrigerant Boys<\/title>\n<meta name=\"description\" content=\"Spezifikationen: 1L Beh\u00e4lter, F\u00f6rderstrom 550L\/h, F\u00f6rderh\u00f6he 5m, Schutzart IP24. Hochleistungs-Monoblock-Kondensatpumpe. Maximaler Durchfluss 550 L\/h, F\u00f6rderh\u00f6he bis zu 5 Meter und integrierter 1-Liter-Beh\u00e4lter. Robust, leise und einfach zu installieren.\" \/>\n<meta name=\"robots\" content=\"index, follow, max-snippet:-1, max-image-preview:large, max-video-preview:-1\" \/>\n<link rel=\"canonical\" href=\"https:\/\/www.refrigerantboys.com\/de\/kaufen\/kuehlkomponenten\/max-hi-flow-kondensatpumpe-550-l-h-foerderhoehe-5m-1l-behaelter\/\" \/>\n<meta property=\"og:locale\" content=\"de_DE\" \/>\n<meta property=\"og:type\" content=\"article\" \/>\n<meta property=\"og:title\" content=\"Max Hi-Flow Kondensatpumpe | 550 L\/h - F\u00f6rderh\u00f6he 5m - 1L Beh\u00e4lter | Refrigerant Boys\" \/>\n<meta property=\"og:description\" content=\"Spezifikationen: 1L Beh\u00e4lter, F\u00f6rderstrom 550L\/h, F\u00f6rderh\u00f6he 5m, Schutzart IP24. Hochleistungs-Monoblock-Kondensatpumpe. Maximaler Durchfluss 550 L\/h, F\u00f6rderh\u00f6he bis zu 5 Meter und integrierter 1-Liter-Beh\u00e4lter. Robust, leise und einfach zu installieren.\" \/>\n<meta property=\"og:url\" content=\"https:\/\/www.refrigerantboys.com\/de\/kaufen\/kuehlkomponenten\/max-hi-flow-kondensatpumpe-550-l-h-foerderhoehe-5m-1l-behaelter\/\" \/>\n<meta property=\"og:site_name\" content=\"Refrigerant Boys\" \/>\n<meta property=\"og:image\" content=\"https:\/\/www.refrigerantboys.com\/wp-content\/uploads\/2026\/03\/Max-Hi-Flow-POMPA-002.jpg.webp\" \/>\n\t<meta property=\"og:image:width\" content=\"770\" \/>\n\t<meta property=\"og:image:height\" content=\"770\" \/>\n\t<meta property=\"og:image:type\" content=\"image\/webp\" \/>\n<meta name=\"twitter:card\" content=\"summary_large_image\" \/>\n<meta name=\"twitter:label1\" content=\"Gesch\u00e4tzte Lesezeit\" \/>\n\t<meta name=\"twitter:data1\" content=\"1\u00a0Minute\" \/>\n<script type=\"application\/ld+json\" class=\"yoast-schema-graph\">{\"@context\":\"https:\/\/schema.org\",\"@graph\":[{\"@type\":\"WebPage\",\"@id\":\"https:\/\/www.refrigerantboys.com\/de\/kaufen\/kuehlkomponenten\/max-hi-flow-kondensatpumpe-550-l-h-foerderhoehe-5m-1l-behaelter\/\",\"url\":\"https:\/\/www.refrigerantboys.com\/de\/kaufen\/kuehlkomponenten\/max-hi-flow-kondensatpumpe-550-l-h-foerderhoehe-5m-1l-behaelter\/\",\"name\":\"Max Hi-Flow Kondensatpumpe | 550 L\/h - F\u00f6rderh\u00f6he 5m - 1L Beh\u00e4lter | Refrigerant Boys\",\"isPartOf\":{\"@id\":\"https:\/\/www.refrigerantboys.com\/de\/#website\"},\"datePublished\":\"2026-03-11T09:50:33+00:00\",\"dateModified\":\"2026-03-11T09:50:33+00:00\",\"description\":\"Spezifikationen: 1L Beh\u00e4lter, F\u00f6rderstrom 550L\/h, F\u00f6rderh\u00f6he 5m, Schutzart IP24. Hochleistungs-Monoblock-Kondensatpumpe. Maximaler Durchfluss 550 L\/h, F\u00f6rderh\u00f6he bis zu 5 Meter und integrierter 1-Liter-Beh\u00e4lter. Robust, leise und einfach zu installieren.\",\"breadcrumb\":{\"@id\":\"https:\/\/www.refrigerantboys.com\/de\/kaufen\/kuehlkomponenten\/max-hi-flow-kondensatpumpe-550-l-h-foerderhoehe-5m-1l-behaelter\/#breadcrumb\"},\"inLanguage\":\"de\",\"potentialAction\":[{\"@type\":\"ReadAction\",\"target\":[\"https:\/\/www.refrigerantboys.com\/de\/kaufen\/kuehlkomponenten\/max-hi-flow-kondensatpumpe-550-l-h-foerderhoehe-5m-1l-behaelter\/\"]}]},{\"@type\":\"BreadcrumbList\",\"@id\":\"https:\/\/www.refrigerantboys.com\/de\/kaufen\/kuehlkomponenten\/max-hi-flow-kondensatpumpe-550-l-h-foerderhoehe-5m-1l-behaelter\/#breadcrumb\",\"itemListElement\":[{\"@type\":\"ListItem\",\"position\":1,\"name\":\"Home\",\"item\":\"https:\/\/www.refrigerantboys.com\/de\/\"},{\"@type\":\"ListItem\",\"position\":2,\"name\":\"Gesch\u00e4ft\",\"item\":\"https:\/\/www.refrigerantboys.com\/de\/geschaeft\/\"},{\"@type\":\"ListItem\",\"position\":3,\"name\":\"Max Hi-Flow Kondensatpumpe | 550 L\/h &#8211; F\u00f6rderh\u00f6he 5m &#8211; 1L Beh\u00e4lter\"}]},{\"@type\":\"WebSite\",\"@id\":\"https:\/\/www.refrigerantboys.com\/de\/#website\",\"url\":\"https:\/\/www.refrigerantboys.com\/de\/\",\"name\":\"Refrigerant Boys\",\"description\":\"Vendita gas refrigeranti\",\"potentialAction\":[{\"@type\":\"SearchAction\",\"target\":{\"@type\":\"EntryPoint\",\"urlTemplate\":\"https:\/\/www.refrigerantboys.com\/de\/?s={search_term_string}\"},\"query-input\":\"required name=search_term_string\"}],\"inLanguage\":\"de\"}]}<\/script>\n<!-- \/ Yoast SEO plugin. -->","yoast_head_json":{"title":"Max Hi-Flow Kondensatpumpe | 550 L\/h - F\u00f6rderh\u00f6he 5m - 1L Beh\u00e4lter | Refrigerant Boys","description":"Spezifikationen: 1L Beh\u00e4lter, F\u00f6rderstrom 550L\/h, F\u00f6rderh\u00f6he 5m, Schutzart IP24. Hochleistungs-Monoblock-Kondensatpumpe. Maximaler Durchfluss 550 L\/h, F\u00f6rderh\u00f6he bis zu 5 Meter und integrierter 1-Liter-Beh\u00e4lter. Robust, leise und einfach zu installieren.","robots":{"index":"index","follow":"follow","max-snippet":"max-snippet:-1","max-image-preview":"max-image-preview:large","max-video-preview":"max-video-preview:-1"},"canonical":"https:\/\/www.refrigerantboys.com\/de\/kaufen\/kuehlkomponenten\/max-hi-flow-kondensatpumpe-550-l-h-foerderhoehe-5m-1l-behaelter\/","og_locale":"de_DE","og_type":"article","og_title":"Max Hi-Flow Kondensatpumpe | 550 L\/h - F\u00f6rderh\u00f6he 5m - 1L Beh\u00e4lter | Refrigerant Boys","og_description":"Spezifikationen: 1L Beh\u00e4lter, F\u00f6rderstrom 550L\/h, F\u00f6rderh\u00f6he 5m, Schutzart IP24. Hochleistungs-Monoblock-Kondensatpumpe. Maximaler Durchfluss 550 L\/h, F\u00f6rderh\u00f6he bis zu 5 Meter und integrierter 1-Liter-Beh\u00e4lter. Robust, leise und einfach zu installieren.","og_url":"https:\/\/www.refrigerantboys.com\/de\/kaufen\/kuehlkomponenten\/max-hi-flow-kondensatpumpe-550-l-h-foerderhoehe-5m-1l-behaelter\/","og_site_name":"Refrigerant Boys","og_image":[{"width":770,"height":770,"url":"https:\/\/www.refrigerantboys.com\/wp-content\/uploads\/2026\/03\/Max-Hi-Flow-POMPA-002.jpg.webp","type":"image\/webp"}],"twitter_card":"summary_large_image","twitter_misc":{"Gesch\u00e4tzte Lesezeit":"1\u00a0Minute"},"schema":{"@context":"https:\/\/schema.org","@graph":[{"@type":"WebPage","@id":"https:\/\/www.refrigerantboys.com\/de\/kaufen\/kuehlkomponenten\/max-hi-flow-kondensatpumpe-550-l-h-foerderhoehe-5m-1l-behaelter\/","url":"https:\/\/www.refrigerantboys.com\/de\/kaufen\/kuehlkomponenten\/max-hi-flow-kondensatpumpe-550-l-h-foerderhoehe-5m-1l-behaelter\/","name":"Max Hi-Flow Kondensatpumpe | 550 L\/h - F\u00f6rderh\u00f6he 5m - 1L Beh\u00e4lter | Refrigerant Boys","isPartOf":{"@id":"https:\/\/www.refrigerantboys.com\/de\/#website"},"datePublished":"2026-03-11T09:50:33+00:00","dateModified":"2026-03-11T09:50:33+00:00","description":"Spezifikationen: 1L Beh\u00e4lter, F\u00f6rderstrom 550L\/h, F\u00f6rderh\u00f6he 5m, Schutzart IP24. Hochleistungs-Monoblock-Kondensatpumpe. Maximaler Durchfluss 550 L\/h, F\u00f6rderh\u00f6he bis zu 5 Meter und integrierter 1-Liter-Beh\u00e4lter. Robust, leise und einfach zu installieren.","breadcrumb":{"@id":"https:\/\/www.refrigerantboys.com\/de\/kaufen\/kuehlkomponenten\/max-hi-flow-kondensatpumpe-550-l-h-foerderhoehe-5m-1l-behaelter\/#breadcrumb"},"inLanguage":"de","potentialAction":[{"@type":"ReadAction","target":["https:\/\/www.refrigerantboys.com\/de\/kaufen\/kuehlkomponenten\/max-hi-flow-kondensatpumpe-550-l-h-foerderhoehe-5m-1l-behaelter\/"]}]},{"@type":"BreadcrumbList","@id":"https:\/\/www.refrigerantboys.com\/de\/kaufen\/kuehlkomponenten\/max-hi-flow-kondensatpumpe-550-l-h-foerderhoehe-5m-1l-behaelter\/#breadcrumb","itemListElement":[{"@type":"ListItem","position":1,"name":"Home","item":"https:\/\/www.refrigerantboys.com\/de\/"},{"@type":"ListItem","position":2,"name":"Gesch\u00e4ft","item":"https:\/\/www.refrigerantboys.com\/de\/geschaeft\/"},{"@type":"ListItem","position":3,"name":"Max Hi-Flow Kondensatpumpe | 550 L\/h &#8211; F\u00f6rderh\u00f6he 5m &#8211; 1L Beh\u00e4lter"}]},{"@type":"WebSite","@id":"https:\/\/www.refrigerantboys.com\/de\/#website","url":"https:\/\/www.refrigerantboys.com\/de\/","name":"Refrigerant Boys","description":"Vendita gas refrigeranti","potentialAction":[{"@type":"SearchAction","target":{"@type":"EntryPoint","urlTemplate":"https:\/\/www.refrigerantboys.com\/de\/?s={search_term_string}"},"query-input":"required name=search_term_string"}],"inLanguage":"de"}]}},"_links":{"self":[{"href":"https:\/\/www.refrigerantboys.com\/de\/wp-json\/wp\/v2\/product\/98443"}],"collection":[{"href":"https:\/\/www.refrigerantboys.com\/de\/wp-json\/wp\/v2\/product"}],"about":[{"href":"https:\/\/www.refrigerantboys.com\/de\/wp-json\/wp\/v2\/types\/product"}],"wp:featuredmedia":[{"embeddable":true,"href":"https:\/\/www.refrigerantboys.com\/de\/wp-json\/wp\/v2\/media\/98415"}],"wp:attachment":[{"href":"https:\/\/www.refrigerantboys.com\/de\/wp-json\/wp\/v2\/media?parent=98443"}],"wp:term":[{"taxonomy":"product_cat","embeddable":true,"href":"https:\/\/www.refrigerantboys.com\/de\/wp-json\/wp\/v2\/product_cat?post=98443"},{"taxonomy":"product_tag","embeddable":true,"href":"https:\/\/www.refrigerantboys.com\/de\/wp-json\/wp\/v2\/product_tag?post=98443"}],"curies":[{"name":"wp","href":"https:\/\/api.w.org\/{rel}","templated":true}]}}