{"id":88271,"date":"2025-05-07T17:01:53","date_gmt":"2025-05-07T15:01:54","guid":{"rendered":"https:\/\/www.refrigerantboys.com\/?post_type=product&#038;p=88271"},"modified":"2025-11-08T16:01:52","modified_gmt":"2025-11-08T15:01:52","slug":"stickstoff-nachfull-flasche-5-lt-300-bar","status":"publish","type":"product","link":"https:\/\/www.refrigerantboys.com\/de\/kaufen\/ausruestung\/stickstoff-nachfull-flasche-5-lt-300-bar\/","title":{"rendered":"Wiederbef\u00fcllbare Stickstoffflasche &#8211; 5 Lt \/ 300 Bar"},"content":{"rendered":"<p>Nachf\u00fcllbare Flasche 99\/36\/EG (TPED)<\/p>\n<div class=\"page product-details-page panel panel-default form-panel\">\n<div class=\"panel-body\">\n<form id=\"product-details-form\" action=\"https:\/\/www.refrigerantboys.it\/it\/bombola-azoto-100-l-110-bar\" method=\"post\" novalidate=\"novalidate\">\n<div data-productid=\"17\">\n<div class=\" product-essential\">\n<div class=\"tab-content\">\n<div id=\"description\" class=\"full-description tab-pane active\">\n<p>\u2728 <strong>Hauptmerkmale<\/strong><\/p>\n<ul>\n<li>Fassungsverm\u00f6gen: <strong>5 Liter<\/strong><\/li>\n<li>Maximaler Ladedruck: <strong>300 Bar<\/strong><\/li>\n<li>Robuste und langlebige Konstruktion, die den Sicherheitsstandards entspricht<\/li>\n<li>Hochwertiges Ventil f\u00fcr sicheren und praktischen Gebrauch<\/li>\n<li>Nachf\u00fcllbarer Zylinder, entwickelt f\u00fcr eine lang anhaltende und nachhaltige Nutzung<\/li>\n<\/ul>\n<p>\u2705 <strong>Empfohlene Verwendung<\/strong> Perfekt f\u00fcr K\u00fchlfachleute, Werkst\u00e4tten und Labore, die eine zuverl\u00e4ssige Quelle f\u00fcr Hochdruckstickstoff ben\u00f6tigen.<\/p>\n<\/div>\n<\/div>\n<\/div>\n<\/div>\n<\/form>\n<\/div>\n<\/div>\n<div class=\"product-collateral\">\n<div class=\"product-grid home-page-product-grid\"><\/div>\n<\/div>\n","protected":false},"excerpt":{"rendered":"<p>\ud83d\udd27 <strong>Produktbeschreibung<\/strong> Wiederbef\u00fcllbare <strong>5-Liter-Stickstoffflasche<\/strong> f\u00fcr maximale Sicherheit und Zuverl\u00e4ssigkeit bei professionellen Anwendungen. Mit einem Betriebsdruck von bis zu <strong>300 bar<\/strong> ist er ideal f\u00fcr K\u00fchlsysteme, Dichtheitspr\u00fcfungen und andere technische Anwendungen.<!--more--><\/p>\n","protected":false},"featured_media":88278,"template":"","meta":[],"product_cat":[246],"product_tag":[],"acf":{"ai_note":""},"yoast_head":"<!-- This site is optimized with the Yoast SEO plugin v20.2 - https:\/\/yoast.com\/wordpress\/plugins\/seo\/ -->\n<title>Wiederbef\u00fcllbare Stickstoffflasche - 5 Lt \/ 300 Bar | Refrigerant Boys<\/title>\n<meta name=\"description\" content=\"\ud83d\udd27 Produktbeschreibung Wiederbef\u00fcllbare 5-Liter-Stickstoffflasche f\u00fcr maximale Sicherheit und Zuverl\u00e4ssigkeit bei professionellen Anwendungen. Mit einem Betriebsdruck von bis zu 300 bar ist er ideal f\u00fcr K\u00fchlsysteme, Dichtheitspr\u00fcfungen und andere technische Anwendungen.\" \/>\n<meta name=\"robots\" content=\"index, follow, max-snippet:-1, max-image-preview:large, max-video-preview:-1\" \/>\n<link rel=\"canonical\" href=\"https:\/\/www.refrigerantboys.com\/de\/kaufen\/ausruestung\/stickstoff-nachfull-flasche-5-lt-300-bar\/\" \/>\n<meta property=\"og:locale\" content=\"de_DE\" \/>\n<meta property=\"og:type\" content=\"article\" \/>\n<meta property=\"og:title\" content=\"Wiederbef\u00fcllbare Stickstoffflasche - 5 Lt \/ 300 Bar | Refrigerant Boys\" \/>\n<meta property=\"og:description\" content=\"\ud83d\udd27 Produktbeschreibung Wiederbef\u00fcllbare 5-Liter-Stickstoffflasche f\u00fcr maximale Sicherheit und Zuverl\u00e4ssigkeit bei professionellen Anwendungen. Mit einem Betriebsdruck von bis zu 300 bar ist er ideal f\u00fcr K\u00fchlsysteme, Dichtheitspr\u00fcfungen und andere technische Anwendungen.\" \/>\n<meta property=\"og:url\" content=\"https:\/\/www.refrigerantboys.com\/de\/kaufen\/ausruestung\/stickstoff-nachfull-flasche-5-lt-300-bar\/\" \/>\n<meta property=\"og:site_name\" content=\"Refrigerant Boys\" \/>\n<meta property=\"article:modified_time\" content=\"2025-11-08T15:01:52+00:00\" \/>\n<meta property=\"og:image\" content=\"https:\/\/www.refrigerantboys.com\/wp-content\/uploads\/2025\/05\/az5501.png\" \/>\n\t<meta property=\"og:image:width\" content=\"267\" \/>\n\t<meta property=\"og:image:height\" content=\"766\" \/>\n\t<meta property=\"og:image:type\" content=\"image\/png\" \/>\n<meta name=\"twitter:card\" content=\"summary_large_image\" \/>\n<meta name=\"twitter:label1\" content=\"Gesch\u00e4tzte Lesezeit\" \/>\n\t<meta name=\"twitter:data1\" content=\"1\u00a0Minute\" \/>\n<script type=\"application\/ld+json\" class=\"yoast-schema-graph\">{\"@context\":\"https:\/\/schema.org\",\"@graph\":[{\"@type\":\"WebPage\",\"@id\":\"https:\/\/www.refrigerantboys.com\/de\/kaufen\/ausruestung\/stickstoff-nachfull-flasche-5-lt-300-bar\/\",\"url\":\"https:\/\/www.refrigerantboys.com\/de\/kaufen\/ausruestung\/stickstoff-nachfull-flasche-5-lt-300-bar\/\",\"name\":\"Wiederbef\u00fcllbare Stickstoffflasche - 5 Lt \/ 300 Bar | Refrigerant Boys\",\"isPartOf\":{\"@id\":\"https:\/\/www.refrigerantboys.com\/de\/#website\"},\"datePublished\":\"2025-05-07T15:01:54+00:00\",\"dateModified\":\"2025-11-08T15:01:52+00:00\",\"description\":\"\ud83d\udd27 Produktbeschreibung Wiederbef\u00fcllbare 5-Liter-Stickstoffflasche f\u00fcr maximale Sicherheit und Zuverl\u00e4ssigkeit bei professionellen Anwendungen. Mit einem Betriebsdruck von bis zu 300 bar ist er ideal f\u00fcr K\u00fchlsysteme, Dichtheitspr\u00fcfungen und andere technische Anwendungen.\",\"breadcrumb\":{\"@id\":\"https:\/\/www.refrigerantboys.com\/de\/kaufen\/ausruestung\/stickstoff-nachfull-flasche-5-lt-300-bar\/#breadcrumb\"},\"inLanguage\":\"de\",\"potentialAction\":[{\"@type\":\"ReadAction\",\"target\":[\"https:\/\/www.refrigerantboys.com\/de\/kaufen\/ausruestung\/stickstoff-nachfull-flasche-5-lt-300-bar\/\"]}]},{\"@type\":\"BreadcrumbList\",\"@id\":\"https:\/\/www.refrigerantboys.com\/de\/kaufen\/ausruestung\/stickstoff-nachfull-flasche-5-lt-300-bar\/#breadcrumb\",\"itemListElement\":[{\"@type\":\"ListItem\",\"position\":1,\"name\":\"Home\",\"item\":\"https:\/\/www.refrigerantboys.com\/de\/\"},{\"@type\":\"ListItem\",\"position\":2,\"name\":\"Gesch\u00e4ft\",\"item\":\"https:\/\/www.refrigerantboys.com\/de\/geschaeft\/\"},{\"@type\":\"ListItem\",\"position\":3,\"name\":\"Wiederbef\u00fcllbare Stickstoffflasche &#8211; 5 Lt \/ 300 Bar\"}]},{\"@type\":\"WebSite\",\"@id\":\"https:\/\/www.refrigerantboys.com\/de\/#website\",\"url\":\"https:\/\/www.refrigerantboys.com\/de\/\",\"name\":\"Refrigerant Boys\",\"description\":\"Vendita gas refrigeranti\",\"potentialAction\":[{\"@type\":\"SearchAction\",\"target\":{\"@type\":\"EntryPoint\",\"urlTemplate\":\"https:\/\/www.refrigerantboys.com\/de\/?s={search_term_string}\"},\"query-input\":\"required name=search_term_string\"}],\"inLanguage\":\"de\"}]}<\/script>\n<!-- \/ Yoast SEO plugin. -->","yoast_head_json":{"title":"Wiederbef\u00fcllbare Stickstoffflasche - 5 Lt \/ 300 Bar | Refrigerant Boys","description":"\ud83d\udd27 Produktbeschreibung Wiederbef\u00fcllbare 5-Liter-Stickstoffflasche f\u00fcr maximale Sicherheit und Zuverl\u00e4ssigkeit bei professionellen Anwendungen. Mit einem Betriebsdruck von bis zu 300 bar ist er ideal f\u00fcr K\u00fchlsysteme, Dichtheitspr\u00fcfungen und andere technische Anwendungen.","robots":{"index":"index","follow":"follow","max-snippet":"max-snippet:-1","max-image-preview":"max-image-preview:large","max-video-preview":"max-video-preview:-1"},"canonical":"https:\/\/www.refrigerantboys.com\/de\/kaufen\/ausruestung\/stickstoff-nachfull-flasche-5-lt-300-bar\/","og_locale":"de_DE","og_type":"article","og_title":"Wiederbef\u00fcllbare Stickstoffflasche - 5 Lt \/ 300 Bar | Refrigerant Boys","og_description":"\ud83d\udd27 Produktbeschreibung Wiederbef\u00fcllbare 5-Liter-Stickstoffflasche f\u00fcr maximale Sicherheit und Zuverl\u00e4ssigkeit bei professionellen Anwendungen. Mit einem Betriebsdruck von bis zu 300 bar ist er ideal f\u00fcr K\u00fchlsysteme, Dichtheitspr\u00fcfungen und andere technische Anwendungen.","og_url":"https:\/\/www.refrigerantboys.com\/de\/kaufen\/ausruestung\/stickstoff-nachfull-flasche-5-lt-300-bar\/","og_site_name":"Refrigerant Boys","article_modified_time":"2025-11-08T15:01:52+00:00","og_image":[{"width":267,"height":766,"url":"https:\/\/www.refrigerantboys.com\/wp-content\/uploads\/2025\/05\/az5501.png","type":"image\/png"}],"twitter_card":"summary_large_image","twitter_misc":{"Gesch\u00e4tzte Lesezeit":"1\u00a0Minute"},"schema":{"@context":"https:\/\/schema.org","@graph":[{"@type":"WebPage","@id":"https:\/\/www.refrigerantboys.com\/de\/kaufen\/ausruestung\/stickstoff-nachfull-flasche-5-lt-300-bar\/","url":"https:\/\/www.refrigerantboys.com\/de\/kaufen\/ausruestung\/stickstoff-nachfull-flasche-5-lt-300-bar\/","name":"Wiederbef\u00fcllbare Stickstoffflasche - 5 Lt \/ 300 Bar | Refrigerant Boys","isPartOf":{"@id":"https:\/\/www.refrigerantboys.com\/de\/#website"},"datePublished":"2025-05-07T15:01:54+00:00","dateModified":"2025-11-08T15:01:52+00:00","description":"\ud83d\udd27 Produktbeschreibung Wiederbef\u00fcllbare 5-Liter-Stickstoffflasche f\u00fcr maximale Sicherheit und Zuverl\u00e4ssigkeit bei professionellen Anwendungen. Mit einem Betriebsdruck von bis zu 300 bar ist er ideal f\u00fcr K\u00fchlsysteme, Dichtheitspr\u00fcfungen und andere technische Anwendungen.","breadcrumb":{"@id":"https:\/\/www.refrigerantboys.com\/de\/kaufen\/ausruestung\/stickstoff-nachfull-flasche-5-lt-300-bar\/#breadcrumb"},"inLanguage":"de","potentialAction":[{"@type":"ReadAction","target":["https:\/\/www.refrigerantboys.com\/de\/kaufen\/ausruestung\/stickstoff-nachfull-flasche-5-lt-300-bar\/"]}]},{"@type":"BreadcrumbList","@id":"https:\/\/www.refrigerantboys.com\/de\/kaufen\/ausruestung\/stickstoff-nachfull-flasche-5-lt-300-bar\/#breadcrumb","itemListElement":[{"@type":"ListItem","position":1,"name":"Home","item":"https:\/\/www.refrigerantboys.com\/de\/"},{"@type":"ListItem","position":2,"name":"Gesch\u00e4ft","item":"https:\/\/www.refrigerantboys.com\/de\/geschaeft\/"},{"@type":"ListItem","position":3,"name":"Wiederbef\u00fcllbare Stickstoffflasche &#8211; 5 Lt \/ 300 Bar"}]},{"@type":"WebSite","@id":"https:\/\/www.refrigerantboys.com\/de\/#website","url":"https:\/\/www.refrigerantboys.com\/de\/","name":"Refrigerant Boys","description":"Vendita gas refrigeranti","potentialAction":[{"@type":"SearchAction","target":{"@type":"EntryPoint","urlTemplate":"https:\/\/www.refrigerantboys.com\/de\/?s={search_term_string}"},"query-input":"required name=search_term_string"}],"inLanguage":"de"}]}},"_links":{"self":[{"href":"https:\/\/www.refrigerantboys.com\/de\/wp-json\/wp\/v2\/product\/88271"}],"collection":[{"href":"https:\/\/www.refrigerantboys.com\/de\/wp-json\/wp\/v2\/product"}],"about":[{"href":"https:\/\/www.refrigerantboys.com\/de\/wp-json\/wp\/v2\/types\/product"}],"wp:featuredmedia":[{"embeddable":true,"href":"https:\/\/www.refrigerantboys.com\/de\/wp-json\/wp\/v2\/media\/88278"}],"wp:attachment":[{"href":"https:\/\/www.refrigerantboys.com\/de\/wp-json\/wp\/v2\/media?parent=88271"}],"wp:term":[{"taxonomy":"product_cat","embeddable":true,"href":"https:\/\/www.refrigerantboys.com\/de\/wp-json\/wp\/v2\/product_cat?post=88271"},{"taxonomy":"product_tag","embeddable":true,"href":"https:\/\/www.refrigerantboys.com\/de\/wp-json\/wp\/v2\/product_tag?post=88271"}],"curies":[{"name":"wp","href":"https:\/\/api.w.org\/{rel}","templated":true}]}}