{"id":84284,"date":"2024-11-12T10:53:24","date_gmt":"2024-11-12T09:53:25","guid":{"rendered":"https:\/\/www.refrigerantboys.com\/?post_type=product&#038;p=84284"},"modified":"2026-02-24T18:00:14","modified_gmt":"2026-02-24T17:00:14","slug":"kaltemittel-gas-r449a-mit-10-kg-in-der-flasche-kuhl-ventil-1-4-sae","status":"publish","type":"product","link":"https:\/\/www.refrigerantboys.com\/de\/kaufen\/kaeltemittelgase\/r404a\/kaltemittel-gas-r449a-mit-10-kg-in-der-flasche-kuhl-ventil-1-4-sae\/","title":{"rendered":"K\u00e4ltemittel R449A Flasche &#8211; 10kg &#8211; Wiederaufbereitet (T-PED) &#8211; 1\/4&#8243; SAE Ventil"},"content":{"rendered":"<p><strong>WICHTIG:<\/strong> Diese Flaschen sind <strong>WIEDERAUFBEREITET<\/strong> (sie sind nicht neu). Die Ventile und Anschl\u00fcsse wurden \u00fcberpr\u00fcft, das Innere wurde dekontaminiert und sie wurden mit neuem Gas bef\u00fcllt. \u00c4u\u00dferlich k\u00f6nnen sie Gebrauchsspuren oder Kratzer aufweisen, was jedoch die Sicherheit oder Funktionalit\u00e4t des Produkts in keiner Weise beeintr\u00e4chtigt.<\/p>\n<ul>\n<li>\n<p data-path-to-node=\"32,0,0\"><b data-path-to-node=\"32,0,0\" data-index-in-node=\"0\">Effizienz:<\/b> R449A ist der optimale Ersatz f\u00fcr R404A mit einem deutlich geringeren Treibhauspotenzial (GWP 1397).<\/p>\n<\/li>\n<li>\n<p data-path-to-node=\"32,1,0\"><b data-path-to-node=\"32,1,0\" data-index-in-node=\"0\">Gepr\u00fcfte Sicherheit:<\/b> Die Flasche entspricht den strengen <b data-path-to-node=\"32,1,0\" data-index-in-node=\"57\">T-PED \/ EN 13322-1<\/b> Richtlinien f\u00fcr ortsbewegliche Druckger\u00e4te.<\/p>\n<\/li>\n<li>\n<p data-path-to-node=\"32,2,0\"><b data-path-to-node=\"32,2,0\" data-index-in-node=\"0\">Technische Daten:<\/b> 10kg Nettoinhalt, robustes Design und Standard <b data-path-to-node=\"32,2,0\" data-index-in-node=\"65\">1\/4&#8243; SAE Ventil<\/b> f\u00fcr g\u00e4ngige Servicearmaturen.<\/p>\n<\/li>\n<li>\n<p data-path-to-node=\"32,3,0\"><b data-path-to-node=\"32,3,0\" data-index-in-node=\"0\">Hinweis:<\/b> Abgabe nur an zertifizierte Fachbetriebe gem\u00e4\u00df F-Gase-Verordnung (EU) 517\/2014.<\/p>\n<\/li>\n<\/ul>\n","protected":false},"excerpt":{"rendered":"<div><span style=\"color: #166534; font-weight: bold;\">\u2713 Eco-Tax (Reg. UE 2024\/573)<\/span> <span style=\"color: #dc2626; font-weight: bold; margin-left: 5px;\">4,20 \u20ac\/kg<\/span><\/div>\n<p data-path-to-node=\"30\">Wiederbef\u00fcllbare <b data-path-to-node=\"30\" data-index-in-node=\"17\">10kg R449A K\u00e4ltemittelflasche<\/b>, ideal f\u00fcr gewerbliche und industrielle K\u00fchlung. <b data-path-to-node=\"30\" data-index-in-node=\"96\">Professionell wiederaufbereitet<\/b> und zertifiziert nach <b data-path-to-node=\"30\" data-index-in-node=\"150\">T-PED \/ EN 13322-1<\/b>. Umweltfreundliche L\u00f6sung mit niedrigem GWP, ausgestattet mit einem Standard 1\/4&#8243; SAE Anschluss.<\/p>\n<h3 data-path-to-node=\"31\"><\/h3>\n","protected":false},"featured_media":84291,"template":"","meta":[],"product_cat":[232,237,243],"product_tag":[],"acf":{"ai_note":""},"yoast_head":"<!-- This site is optimized with the Yoast SEO plugin v20.2 - https:\/\/yoast.com\/wordpress\/plugins\/seo\/ -->\n<title>K\u00e4ltemittel R449A Flasche - 10kg - Wiederaufbereitet (T-PED) - 1\/4&quot; SAE Ventil | Refrigerant Boys<\/title>\n<meta name=\"description\" content=\"\u2713 Eco-Tax (Reg. UE 2024\/573) 4,20 \u20ac\/kg Wiederbef\u00fcllbare 10kg R449A K\u00e4ltemittelflasche, ideal f\u00fcr gewerbliche und industrielle K\u00fchlung. Professionell wiederaufbereitet und zertifiziert nach T-PED \/ EN 13322-1. Umweltfreundliche L\u00f6sung mit niedrigem GWP, ausgestattet mit einem Standard 1\/4&quot; SAE Anschluss.\" \/>\n<meta name=\"robots\" content=\"index, follow, max-snippet:-1, max-image-preview:large, max-video-preview:-1\" \/>\n<link rel=\"canonical\" href=\"https:\/\/www.refrigerantboys.com\/de\/kaufen\/kaeltemittelgase\/r404a\/kaltemittel-gas-r449a-mit-10-kg-in-der-flasche-kuhl-ventil-1-4-sae\/\" \/>\n<meta property=\"og:locale\" content=\"de_DE\" \/>\n<meta property=\"og:type\" content=\"article\" \/>\n<meta property=\"og:title\" content=\"K\u00e4ltemittel R449A Flasche - 10kg - Wiederaufbereitet (T-PED) - 1\/4&quot; SAE Ventil | Refrigerant Boys\" \/>\n<meta property=\"og:description\" content=\"\u2713 Eco-Tax (Reg. UE 2024\/573) 4,20 \u20ac\/kg Wiederbef\u00fcllbare 10kg R449A K\u00e4ltemittelflasche, ideal f\u00fcr gewerbliche und industrielle K\u00fchlung. Professionell wiederaufbereitet und zertifiziert nach T-PED \/ EN 13322-1. Umweltfreundliche L\u00f6sung mit niedrigem GWP, ausgestattet mit einem Standard 1\/4&quot; SAE Anschluss.\" \/>\n<meta property=\"og:url\" content=\"https:\/\/www.refrigerantboys.com\/de\/kaufen\/kaeltemittelgase\/r404a\/kaltemittel-gas-r449a-mit-10-kg-in-der-flasche-kuhl-ventil-1-4-sae\/\" \/>\n<meta property=\"og:site_name\" content=\"Refrigerant Boys\" \/>\n<meta property=\"article:modified_time\" content=\"2026-02-24T17:00:14+00:00\" \/>\n<meta property=\"og:image\" content=\"https:\/\/www.refrigerantboys.com\/wp-content\/uploads\/2024\/11\/R449A-10kg-usata.png\" \/>\n\t<meta property=\"og:image:width\" content=\"367\" \/>\n\t<meta property=\"og:image:height\" content=\"720\" \/>\n\t<meta property=\"og:image:type\" content=\"image\/png\" \/>\n<meta name=\"twitter:card\" content=\"summary_large_image\" \/>\n<meta name=\"twitter:label1\" content=\"Gesch\u00e4tzte Lesezeit\" \/>\n\t<meta name=\"twitter:data1\" content=\"1\u00a0Minute\" \/>\n<script type=\"application\/ld+json\" class=\"yoast-schema-graph\">{\"@context\":\"https:\/\/schema.org\",\"@graph\":[{\"@type\":\"WebPage\",\"@id\":\"https:\/\/www.refrigerantboys.com\/de\/kaufen\/kaeltemittelgase\/r404a\/kaltemittel-gas-r449a-mit-10-kg-in-der-flasche-kuhl-ventil-1-4-sae\/\",\"url\":\"https:\/\/www.refrigerantboys.com\/de\/kaufen\/kaeltemittelgase\/r404a\/kaltemittel-gas-r449a-mit-10-kg-in-der-flasche-kuhl-ventil-1-4-sae\/\",\"name\":\"K\u00e4ltemittel R449A Flasche - 10kg - Wiederaufbereitet (T-PED) - 1\/4\\\" SAE Ventil | Refrigerant Boys\",\"isPartOf\":{\"@id\":\"https:\/\/www.refrigerantboys.com\/de\/#website\"},\"datePublished\":\"2024-11-12T09:53:25+00:00\",\"dateModified\":\"2026-02-24T17:00:14+00:00\",\"description\":\"\u2713 Eco-Tax (Reg. UE 2024\/573) 4,20 \u20ac\/kg Wiederbef\u00fcllbare 10kg R449A K\u00e4ltemittelflasche, ideal f\u00fcr gewerbliche und industrielle K\u00fchlung. Professionell wiederaufbereitet und zertifiziert nach T-PED \/ EN 13322-1. Umweltfreundliche L\u00f6sung mit niedrigem GWP, ausgestattet mit einem Standard 1\/4\\\" SAE Anschluss.\",\"breadcrumb\":{\"@id\":\"https:\/\/www.refrigerantboys.com\/de\/kaufen\/kaeltemittelgase\/r404a\/kaltemittel-gas-r449a-mit-10-kg-in-der-flasche-kuhl-ventil-1-4-sae\/#breadcrumb\"},\"inLanguage\":\"de\",\"potentialAction\":[{\"@type\":\"ReadAction\",\"target\":[\"https:\/\/www.refrigerantboys.com\/de\/kaufen\/kaeltemittelgase\/r404a\/kaltemittel-gas-r449a-mit-10-kg-in-der-flasche-kuhl-ventil-1-4-sae\/\"]}]},{\"@type\":\"BreadcrumbList\",\"@id\":\"https:\/\/www.refrigerantboys.com\/de\/kaufen\/kaeltemittelgase\/r404a\/kaltemittel-gas-r449a-mit-10-kg-in-der-flasche-kuhl-ventil-1-4-sae\/#breadcrumb\",\"itemListElement\":[{\"@type\":\"ListItem\",\"position\":1,\"name\":\"Home\",\"item\":\"https:\/\/www.refrigerantboys.com\/de\/\"},{\"@type\":\"ListItem\",\"position\":2,\"name\":\"Gesch\u00e4ft\",\"item\":\"https:\/\/www.refrigerantboys.com\/de\/geschaeft\/\"},{\"@type\":\"ListItem\",\"position\":3,\"name\":\"K\u00e4ltemittel R449A Flasche &#8211; 10kg &#8211; Wiederaufbereitet (T-PED) &#8211; 1\/4&#8243; SAE Ventil\"}]},{\"@type\":\"WebSite\",\"@id\":\"https:\/\/www.refrigerantboys.com\/de\/#website\",\"url\":\"https:\/\/www.refrigerantboys.com\/de\/\",\"name\":\"Refrigerant Boys\",\"description\":\"Vendita gas refrigeranti\",\"potentialAction\":[{\"@type\":\"SearchAction\",\"target\":{\"@type\":\"EntryPoint\",\"urlTemplate\":\"https:\/\/www.refrigerantboys.com\/de\/?s={search_term_string}\"},\"query-input\":\"required name=search_term_string\"}],\"inLanguage\":\"de\"}]}<\/script>\n<!-- \/ Yoast SEO plugin. -->","yoast_head_json":{"title":"K\u00e4ltemittel R449A Flasche - 10kg - Wiederaufbereitet (T-PED) - 1\/4\" SAE Ventil | Refrigerant Boys","description":"\u2713 Eco-Tax (Reg. UE 2024\/573) 4,20 \u20ac\/kg Wiederbef\u00fcllbare 10kg R449A K\u00e4ltemittelflasche, ideal f\u00fcr gewerbliche und industrielle K\u00fchlung. Professionell wiederaufbereitet und zertifiziert nach T-PED \/ EN 13322-1. Umweltfreundliche L\u00f6sung mit niedrigem GWP, ausgestattet mit einem Standard 1\/4\" SAE Anschluss.","robots":{"index":"index","follow":"follow","max-snippet":"max-snippet:-1","max-image-preview":"max-image-preview:large","max-video-preview":"max-video-preview:-1"},"canonical":"https:\/\/www.refrigerantboys.com\/de\/kaufen\/kaeltemittelgase\/r404a\/kaltemittel-gas-r449a-mit-10-kg-in-der-flasche-kuhl-ventil-1-4-sae\/","og_locale":"de_DE","og_type":"article","og_title":"K\u00e4ltemittel R449A Flasche - 10kg - Wiederaufbereitet (T-PED) - 1\/4\" SAE Ventil | Refrigerant Boys","og_description":"\u2713 Eco-Tax (Reg. UE 2024\/573) 4,20 \u20ac\/kg Wiederbef\u00fcllbare 10kg R449A K\u00e4ltemittelflasche, ideal f\u00fcr gewerbliche und industrielle K\u00fchlung. Professionell wiederaufbereitet und zertifiziert nach T-PED \/ EN 13322-1. Umweltfreundliche L\u00f6sung mit niedrigem GWP, ausgestattet mit einem Standard 1\/4\" SAE Anschluss.","og_url":"https:\/\/www.refrigerantboys.com\/de\/kaufen\/kaeltemittelgase\/r404a\/kaltemittel-gas-r449a-mit-10-kg-in-der-flasche-kuhl-ventil-1-4-sae\/","og_site_name":"Refrigerant Boys","article_modified_time":"2026-02-24T17:00:14+00:00","og_image":[{"width":367,"height":720,"url":"https:\/\/www.refrigerantboys.com\/wp-content\/uploads\/2024\/11\/R449A-10kg-usata.png","type":"image\/png"}],"twitter_card":"summary_large_image","twitter_misc":{"Gesch\u00e4tzte Lesezeit":"1\u00a0Minute"},"schema":{"@context":"https:\/\/schema.org","@graph":[{"@type":"WebPage","@id":"https:\/\/www.refrigerantboys.com\/de\/kaufen\/kaeltemittelgase\/r404a\/kaltemittel-gas-r449a-mit-10-kg-in-der-flasche-kuhl-ventil-1-4-sae\/","url":"https:\/\/www.refrigerantboys.com\/de\/kaufen\/kaeltemittelgase\/r404a\/kaltemittel-gas-r449a-mit-10-kg-in-der-flasche-kuhl-ventil-1-4-sae\/","name":"K\u00e4ltemittel R449A Flasche - 10kg - Wiederaufbereitet (T-PED) - 1\/4\" SAE Ventil | Refrigerant Boys","isPartOf":{"@id":"https:\/\/www.refrigerantboys.com\/de\/#website"},"datePublished":"2024-11-12T09:53:25+00:00","dateModified":"2026-02-24T17:00:14+00:00","description":"\u2713 Eco-Tax (Reg. UE 2024\/573) 4,20 \u20ac\/kg Wiederbef\u00fcllbare 10kg R449A K\u00e4ltemittelflasche, ideal f\u00fcr gewerbliche und industrielle K\u00fchlung. Professionell wiederaufbereitet und zertifiziert nach T-PED \/ EN 13322-1. Umweltfreundliche L\u00f6sung mit niedrigem GWP, ausgestattet mit einem Standard 1\/4\" SAE Anschluss.","breadcrumb":{"@id":"https:\/\/www.refrigerantboys.com\/de\/kaufen\/kaeltemittelgase\/r404a\/kaltemittel-gas-r449a-mit-10-kg-in-der-flasche-kuhl-ventil-1-4-sae\/#breadcrumb"},"inLanguage":"de","potentialAction":[{"@type":"ReadAction","target":["https:\/\/www.refrigerantboys.com\/de\/kaufen\/kaeltemittelgase\/r404a\/kaltemittel-gas-r449a-mit-10-kg-in-der-flasche-kuhl-ventil-1-4-sae\/"]}]},{"@type":"BreadcrumbList","@id":"https:\/\/www.refrigerantboys.com\/de\/kaufen\/kaeltemittelgase\/r404a\/kaltemittel-gas-r449a-mit-10-kg-in-der-flasche-kuhl-ventil-1-4-sae\/#breadcrumb","itemListElement":[{"@type":"ListItem","position":1,"name":"Home","item":"https:\/\/www.refrigerantboys.com\/de\/"},{"@type":"ListItem","position":2,"name":"Gesch\u00e4ft","item":"https:\/\/www.refrigerantboys.com\/de\/geschaeft\/"},{"@type":"ListItem","position":3,"name":"K\u00e4ltemittel R449A Flasche &#8211; 10kg &#8211; Wiederaufbereitet (T-PED) &#8211; 1\/4&#8243; SAE Ventil"}]},{"@type":"WebSite","@id":"https:\/\/www.refrigerantboys.com\/de\/#website","url":"https:\/\/www.refrigerantboys.com\/de\/","name":"Refrigerant Boys","description":"Vendita gas refrigeranti","potentialAction":[{"@type":"SearchAction","target":{"@type":"EntryPoint","urlTemplate":"https:\/\/www.refrigerantboys.com\/de\/?s={search_term_string}"},"query-input":"required name=search_term_string"}],"inLanguage":"de"}]}},"_links":{"self":[{"href":"https:\/\/www.refrigerantboys.com\/de\/wp-json\/wp\/v2\/product\/84284"}],"collection":[{"href":"https:\/\/www.refrigerantboys.com\/de\/wp-json\/wp\/v2\/product"}],"about":[{"href":"https:\/\/www.refrigerantboys.com\/de\/wp-json\/wp\/v2\/types\/product"}],"wp:featuredmedia":[{"embeddable":true,"href":"https:\/\/www.refrigerantboys.com\/de\/wp-json\/wp\/v2\/media\/84291"}],"wp:attachment":[{"href":"https:\/\/www.refrigerantboys.com\/de\/wp-json\/wp\/v2\/media?parent=84284"}],"wp:term":[{"taxonomy":"product_cat","embeddable":true,"href":"https:\/\/www.refrigerantboys.com\/de\/wp-json\/wp\/v2\/product_cat?post=84284"},{"taxonomy":"product_tag","embeddable":true,"href":"https:\/\/www.refrigerantboys.com\/de\/wp-json\/wp\/v2\/product_tag?post=84284"}],"curies":[{"name":"wp","href":"https:\/\/api.w.org\/{rel}","templated":true}]}}