{"id":76850,"date":"2024-03-11T12:28:03","date_gmt":"2024-03-11T11:28:05","guid":{"rendered":"https:\/\/www.refrigerantboys.com\/?post_type=product&#038;p=76850"},"modified":"2026-04-15T13:16:22","modified_gmt":"2026-04-15T11:16:22","slug":"bombola-da-950-grammi-gas-r1234yfvalvola-1-2-acme-sinistro","status":"publish","type":"product","link":"https:\/\/www.refrigerantboys.com\/de\/kaufen\/kaeltemittelgase\/bombola-da-950-grammi-gas-r1234yfvalvola-1-2-acme-sinistro\/","title":{"rendered":"R1234yf K\u00e4ltemittelgas 950g Flasche \u2013 Ventil 1\/2&#8243; ACME Links (T-PED zertifiziert)"},"content":{"rendered":"<p data-path-to-node=\"24\">Diese <b data-path-to-node=\"24\" data-index-in-node=\"28\">R1234yf<\/b> 950g Gasflasche ist die ideale L\u00f6sung f\u00fcr Profis und Techniker, die ein leichtes und transportables Format ben\u00f6tigen. Entwickelt f\u00fcr Fahrzeug-Klimaanlagen der neuesten Generation (GWP &lt; 1), garantiert sie hohe Leistung und maximale Umweltfreundlichkeit.<\/p>\n<ul data-path-to-node=\"25\">\n<li>\n<p data-path-to-node=\"25,0,0\"><b data-path-to-node=\"25,0,0\" data-index-in-node=\"0\">Freier Verkauf :<\/b> Dieses spezifische Format ist frei verk\u00e4uflich; f\u00fcr den Kauf ist kein Sachkundenachweis oder eine F-Gas-Zertifizierung erforderlich.<\/p>\n<\/li>\n<li>\n<p data-path-to-node=\"25,1,0\"><b data-path-to-node=\"25,1,0\" data-index-in-node=\"0\">Inhalt :<\/b> 950 Gramm 100% reines R1234yf-Gas.<\/p>\n<\/li>\n<li>\n<p data-path-to-node=\"25,2,0\"><b data-path-to-node=\"25,2,0\" data-index-in-node=\"0\">Ventilanschluss :<\/b> 1\/2&#8243; ACME Linksgewinde (spezifischer Standard zur Vermeidung von Verwechslungen).<\/p>\n<\/li>\n<li>\n<p data-path-to-node=\"25,3,0\"><b data-path-to-node=\"25,3,0\" data-index-in-node=\"0\">Zertifizierungen :<\/b> Beh\u00e4lter zertifiziert nach <b data-path-to-node=\"25,3,0\" data-index-in-node=\"46\">T-PED \/ EN 13322-1<\/b>, was h\u00f6chste Sicherheitsstandards bei Transport und Verwendung garantiert.<\/p>\n<\/li>\n<li>\n<p data-path-to-node=\"25,4,0\"><b data-path-to-node=\"25,4,0\" data-index-in-node=\"0\">Garantierte Qualit\u00e4t :<\/b> Der hohe Reinheitsgrad des Gases schont den Kompressor und sorgt f\u00fcr eine optimale Lebensdauer der Klimaanlage.<\/p>\n<\/li>\n<\/ul>\n<p><iframe loading=\"lazy\" title=\"YouTube-Video-Player\" src=\"https:\/\/www.youtube.com\/embed\/9b67gkTUURI\" width=\"300\" height=\"200\" frameborder=\"0\" allowfullscreen=\"allowfullscreen\"><\/iframe><\/p>\n<pre><span style=\"color: #339966; font-size: 20px;\"><strong>GWP 0,5 IPCC\r\n<\/strong><\/span><span style=\"font-size: 16px;\">(Wert aktualisiert gem\u00e4\u00df EU-Verordnung 2024\/573 \u2013 IPCC AR6)<\/span>\r\n<\/pre>\n","protected":false},"excerpt":{"rendered":"<p>Kompaktes und handliches 950g-Format mit hochreinem R1234yf-Gas. Ideal f\u00fcr kleine Eins\u00e4tze und mobilen Service. <b data-path-to-node=\"23\" data-index-in-node=\"131\">Freier Verkauf ohne Sachkundenachweis.<\/b><\/p>\n","protected":false},"featured_media":96578,"template":"","meta":[],"product_cat":[232,236],"product_tag":[],"acf":{"ai_note":""},"yoast_head":"<!-- This site is optimized with the Yoast SEO plugin v20.2 - https:\/\/yoast.com\/wordpress\/plugins\/seo\/ -->\n<title>R1234yf K\u00e4ltemittelgas 950g Flasche \u2013 Ventil 1\/2&quot; ACME Links (T-PED zertifiziert) | Refrigerant Boys<\/title>\n<meta name=\"description\" content=\"Kompaktes und handliches 950g-Format mit hochreinem R1234yf-Gas. Ideal f\u00fcr kleine Eins\u00e4tze und mobilen Service. Freier Verkauf ohne Sachkundenachweis.\" \/>\n<meta name=\"robots\" content=\"index, follow, max-snippet:-1, max-image-preview:large, max-video-preview:-1\" \/>\n<link rel=\"canonical\" href=\"https:\/\/www.refrigerantboys.com\/de\/kaufen\/kaeltemittelgase\/bombola-da-950-grammi-gas-r1234yfvalvola-1-2-acme-sinistro\/\" \/>\n<meta property=\"og:locale\" content=\"de_DE\" \/>\n<meta property=\"og:type\" content=\"article\" \/>\n<meta property=\"og:title\" content=\"R1234yf K\u00e4ltemittelgas 950g Flasche \u2013 Ventil 1\/2&quot; ACME Links (T-PED zertifiziert) | Refrigerant Boys\" \/>\n<meta property=\"og:description\" content=\"Kompaktes und handliches 950g-Format mit hochreinem R1234yf-Gas. Ideal f\u00fcr kleine Eins\u00e4tze und mobilen Service. Freier Verkauf ohne Sachkundenachweis.\" \/>\n<meta property=\"og:url\" content=\"https:\/\/www.refrigerantboys.com\/de\/kaufen\/kaeltemittelgase\/bombola-da-950-grammi-gas-r1234yfvalvola-1-2-acme-sinistro\/\" \/>\n<meta property=\"og:site_name\" content=\"Refrigerant Boys\" \/>\n<meta property=\"article:modified_time\" content=\"2026-04-15T11:16:22+00:00\" \/>\n<meta property=\"og:image\" content=\"https:\/\/www.refrigerantboys.com\/wp-content\/uploads\/2024\/03\/BB1234K095-300x644-1.jpg\" \/>\n\t<meta property=\"og:image:width\" content=\"300\" \/>\n\t<meta property=\"og:image:height\" content=\"644\" \/>\n\t<meta property=\"og:image:type\" content=\"image\/jpeg\" \/>\n<meta name=\"twitter:card\" content=\"summary_large_image\" \/>\n<meta name=\"twitter:label1\" content=\"Gesch\u00e4tzte Lesezeit\" \/>\n\t<meta name=\"twitter:data1\" content=\"1\u00a0Minute\" \/>\n<script type=\"application\/ld+json\" class=\"yoast-schema-graph\">{\"@context\":\"https:\/\/schema.org\",\"@graph\":[{\"@type\":\"WebPage\",\"@id\":\"https:\/\/www.refrigerantboys.com\/de\/kaufen\/kaeltemittelgase\/bombola-da-950-grammi-gas-r1234yfvalvola-1-2-acme-sinistro\/\",\"url\":\"https:\/\/www.refrigerantboys.com\/de\/kaufen\/kaeltemittelgase\/bombola-da-950-grammi-gas-r1234yfvalvola-1-2-acme-sinistro\/\",\"name\":\"R1234yf K\u00e4ltemittelgas 950g Flasche \u2013 Ventil 1\/2\\\" ACME Links (T-PED zertifiziert) | Refrigerant Boys\",\"isPartOf\":{\"@id\":\"https:\/\/www.refrigerantboys.com\/de\/#website\"},\"datePublished\":\"2024-03-11T11:28:05+00:00\",\"dateModified\":\"2026-04-15T11:16:22+00:00\",\"description\":\"Kompaktes und handliches 950g-Format mit hochreinem R1234yf-Gas. Ideal f\u00fcr kleine Eins\u00e4tze und mobilen Service. Freier Verkauf ohne Sachkundenachweis.\",\"breadcrumb\":{\"@id\":\"https:\/\/www.refrigerantboys.com\/de\/kaufen\/kaeltemittelgase\/bombola-da-950-grammi-gas-r1234yfvalvola-1-2-acme-sinistro\/#breadcrumb\"},\"inLanguage\":\"de\",\"potentialAction\":[{\"@type\":\"ReadAction\",\"target\":[\"https:\/\/www.refrigerantboys.com\/de\/kaufen\/kaeltemittelgase\/bombola-da-950-grammi-gas-r1234yfvalvola-1-2-acme-sinistro\/\"]}]},{\"@type\":\"BreadcrumbList\",\"@id\":\"https:\/\/www.refrigerantboys.com\/de\/kaufen\/kaeltemittelgase\/bombola-da-950-grammi-gas-r1234yfvalvola-1-2-acme-sinistro\/#breadcrumb\",\"itemListElement\":[{\"@type\":\"ListItem\",\"position\":1,\"name\":\"Home\",\"item\":\"https:\/\/www.refrigerantboys.com\/de\/\"},{\"@type\":\"ListItem\",\"position\":2,\"name\":\"Gesch\u00e4ft\",\"item\":\"https:\/\/www.refrigerantboys.com\/de\/geschaeft\/\"},{\"@type\":\"ListItem\",\"position\":3,\"name\":\"R1234yf K\u00e4ltemittelgas 950g Flasche \u2013 Ventil 1\/2&#8243; ACME Links (T-PED zertifiziert)\"}]},{\"@type\":\"WebSite\",\"@id\":\"https:\/\/www.refrigerantboys.com\/de\/#website\",\"url\":\"https:\/\/www.refrigerantboys.com\/de\/\",\"name\":\"Refrigerant Boys\",\"description\":\"Vendita gas refrigeranti\",\"potentialAction\":[{\"@type\":\"SearchAction\",\"target\":{\"@type\":\"EntryPoint\",\"urlTemplate\":\"https:\/\/www.refrigerantboys.com\/de\/?s={search_term_string}\"},\"query-input\":\"required name=search_term_string\"}],\"inLanguage\":\"de\"}]}<\/script>\n<!-- \/ Yoast SEO plugin. -->","yoast_head_json":{"title":"R1234yf K\u00e4ltemittelgas 950g Flasche \u2013 Ventil 1\/2\" ACME Links (T-PED zertifiziert) | Refrigerant Boys","description":"Kompaktes und handliches 950g-Format mit hochreinem R1234yf-Gas. Ideal f\u00fcr kleine Eins\u00e4tze und mobilen Service. Freier Verkauf ohne Sachkundenachweis.","robots":{"index":"index","follow":"follow","max-snippet":"max-snippet:-1","max-image-preview":"max-image-preview:large","max-video-preview":"max-video-preview:-1"},"canonical":"https:\/\/www.refrigerantboys.com\/de\/kaufen\/kaeltemittelgase\/bombola-da-950-grammi-gas-r1234yfvalvola-1-2-acme-sinistro\/","og_locale":"de_DE","og_type":"article","og_title":"R1234yf K\u00e4ltemittelgas 950g Flasche \u2013 Ventil 1\/2\" ACME Links (T-PED zertifiziert) | Refrigerant Boys","og_description":"Kompaktes und handliches 950g-Format mit hochreinem R1234yf-Gas. Ideal f\u00fcr kleine Eins\u00e4tze und mobilen Service. Freier Verkauf ohne Sachkundenachweis.","og_url":"https:\/\/www.refrigerantboys.com\/de\/kaufen\/kaeltemittelgase\/bombola-da-950-grammi-gas-r1234yfvalvola-1-2-acme-sinistro\/","og_site_name":"Refrigerant Boys","article_modified_time":"2026-04-15T11:16:22+00:00","og_image":[{"width":300,"height":644,"url":"https:\/\/www.refrigerantboys.com\/wp-content\/uploads\/2024\/03\/BB1234K095-300x644-1.jpg","type":"image\/jpeg"}],"twitter_card":"summary_large_image","twitter_misc":{"Gesch\u00e4tzte Lesezeit":"1\u00a0Minute"},"schema":{"@context":"https:\/\/schema.org","@graph":[{"@type":"WebPage","@id":"https:\/\/www.refrigerantboys.com\/de\/kaufen\/kaeltemittelgase\/bombola-da-950-grammi-gas-r1234yfvalvola-1-2-acme-sinistro\/","url":"https:\/\/www.refrigerantboys.com\/de\/kaufen\/kaeltemittelgase\/bombola-da-950-grammi-gas-r1234yfvalvola-1-2-acme-sinistro\/","name":"R1234yf K\u00e4ltemittelgas 950g Flasche \u2013 Ventil 1\/2\" ACME Links (T-PED zertifiziert) | Refrigerant Boys","isPartOf":{"@id":"https:\/\/www.refrigerantboys.com\/de\/#website"},"datePublished":"2024-03-11T11:28:05+00:00","dateModified":"2026-04-15T11:16:22+00:00","description":"Kompaktes und handliches 950g-Format mit hochreinem R1234yf-Gas. Ideal f\u00fcr kleine Eins\u00e4tze und mobilen Service. Freier Verkauf ohne Sachkundenachweis.","breadcrumb":{"@id":"https:\/\/www.refrigerantboys.com\/de\/kaufen\/kaeltemittelgase\/bombola-da-950-grammi-gas-r1234yfvalvola-1-2-acme-sinistro\/#breadcrumb"},"inLanguage":"de","potentialAction":[{"@type":"ReadAction","target":["https:\/\/www.refrigerantboys.com\/de\/kaufen\/kaeltemittelgase\/bombola-da-950-grammi-gas-r1234yfvalvola-1-2-acme-sinistro\/"]}]},{"@type":"BreadcrumbList","@id":"https:\/\/www.refrigerantboys.com\/de\/kaufen\/kaeltemittelgase\/bombola-da-950-grammi-gas-r1234yfvalvola-1-2-acme-sinistro\/#breadcrumb","itemListElement":[{"@type":"ListItem","position":1,"name":"Home","item":"https:\/\/www.refrigerantboys.com\/de\/"},{"@type":"ListItem","position":2,"name":"Gesch\u00e4ft","item":"https:\/\/www.refrigerantboys.com\/de\/geschaeft\/"},{"@type":"ListItem","position":3,"name":"R1234yf K\u00e4ltemittelgas 950g Flasche \u2013 Ventil 1\/2&#8243; ACME Links (T-PED zertifiziert)"}]},{"@type":"WebSite","@id":"https:\/\/www.refrigerantboys.com\/de\/#website","url":"https:\/\/www.refrigerantboys.com\/de\/","name":"Refrigerant Boys","description":"Vendita gas refrigeranti","potentialAction":[{"@type":"SearchAction","target":{"@type":"EntryPoint","urlTemplate":"https:\/\/www.refrigerantboys.com\/de\/?s={search_term_string}"},"query-input":"required name=search_term_string"}],"inLanguage":"de"}]}},"_links":{"self":[{"href":"https:\/\/www.refrigerantboys.com\/de\/wp-json\/wp\/v2\/product\/76850"}],"collection":[{"href":"https:\/\/www.refrigerantboys.com\/de\/wp-json\/wp\/v2\/product"}],"about":[{"href":"https:\/\/www.refrigerantboys.com\/de\/wp-json\/wp\/v2\/types\/product"}],"wp:featuredmedia":[{"embeddable":true,"href":"https:\/\/www.refrigerantboys.com\/de\/wp-json\/wp\/v2\/media\/96578"}],"wp:attachment":[{"href":"https:\/\/www.refrigerantboys.com\/de\/wp-json\/wp\/v2\/media?parent=76850"}],"wp:term":[{"taxonomy":"product_cat","embeddable":true,"href":"https:\/\/www.refrigerantboys.com\/de\/wp-json\/wp\/v2\/product_cat?post=76850"},{"taxonomy":"product_tag","embeddable":true,"href":"https:\/\/www.refrigerantboys.com\/de\/wp-json\/wp\/v2\/product_tag?post=76850"}],"curies":[{"name":"wp","href":"https:\/\/api.w.org\/{rel}","templated":true}]}}