{"id":70276,"date":"2023-06-21T12:14:08","date_gmt":"2023-06-21T10:14:08","guid":{"rendered":"https:\/\/www.refrigerantboys.com\/?post_type=product&#038;p=70276"},"modified":"2023-06-30T15:00:29","modified_gmt":"2023-06-30T13:00:29","slug":"filter-trockner-feststoff-kartusche-mit-100-molekularen-sieben-1-4-sae-2","status":"publish","type":"product","link":"https:\/\/www.refrigerantboys.com\/de\/kaufen\/kuehlkomponenten\/filtri-de\/filter-trockner-feststoff-kartusche-mit-100-molekularen-sieben-1-4-sae-2\/","title":{"rendered":"FESTSTOFF-PATRONENFILTERTROCKNER MIT 100% MOLEKULARSIEBEN 1\/4 S\u00c4"},"content":{"rendered":"<p>Konzipiert f\u00fcr den Einbau in gewerbliche K\u00e4lteanlagen sowie zivile und industrielle Klimaanlagen, die HFKW-K\u00e4ltemittel, insbesondere R134A, R404A, R407C, R410A und R507, im Gemisch mit POE-\u00d6len verwenden.<\/p>\n<ul>\n<li>CASTEL 4308\/2<\/li>\n<\/ul>\n","protected":false},"excerpt":{"rendered":"<p><strong>FILTERTROCKNER 1\/4 SAE ANSCHLUSS<\/strong><\/p>\n<p><span style=\"color: #ff0000;\"><strong>&#8211; 52 mm Durchmesser<\/strong><br \/>\n<\/span><\/p>\n<p><span style=\"color: #ff0000;\"><strong>&#8211; L\u00e4nge 156 mm<\/strong><br \/>\n<\/span><\/p>\n<p><strong>&#8211; Anschluss: 1\/4 SAE<\/strong><\/p>\n<p><strong>&#8211; TS [\u00b0C]: min. Maximal -40\u00b0. +80\u00b0<\/strong><\/p>\n<p><strong>&#8211; PS [bar]: 45.<\/strong><\/p>\n","protected":false},"featured_media":70671,"template":"","meta":[],"product_cat":[341,317],"product_tag":[],"acf":{"ai_note":""},"yoast_head":"<!-- This site is optimized with the Yoast SEO plugin v20.2 - https:\/\/yoast.com\/wordpress\/plugins\/seo\/ -->\n<title>FESTSTOFF-PATRONENFILTERTROCKNER MIT 100% MOLEKULARSIEBEN 1\/4 S\u00c4 | Refrigerant Boys<\/title>\n<meta name=\"description\" content=\"FILTERTROCKNER 1\/4 SAE ANSCHLUSS  - 52 mm Durchmesser   - L\u00e4nge 156 mm   - Anschluss: 1\/4 SAE  - TS : min. Maximal -40\u00b0. +80\u00b0  - PS : 45.\" \/>\n<meta name=\"robots\" content=\"index, follow, max-snippet:-1, max-image-preview:large, max-video-preview:-1\" \/>\n<link rel=\"canonical\" href=\"https:\/\/www.refrigerantboys.com\/de\/kaufen\/kuehlkomponenten\/filtri-de\/filter-trockner-feststoff-kartusche-mit-100-molekularen-sieben-1-4-sae-2\/\" \/>\n<meta property=\"og:locale\" content=\"de_DE\" \/>\n<meta property=\"og:type\" content=\"article\" \/>\n<meta property=\"og:title\" content=\"FESTSTOFF-PATRONENFILTERTROCKNER MIT 100% MOLEKULARSIEBEN 1\/4 S\u00c4 | Refrigerant Boys\" \/>\n<meta property=\"og:description\" content=\"FILTERTROCKNER 1\/4 SAE ANSCHLUSS  - 52 mm Durchmesser   - L\u00e4nge 156 mm   - Anschluss: 1\/4 SAE  - TS : min. Maximal -40\u00b0. +80\u00b0  - PS : 45.\" \/>\n<meta property=\"og:url\" content=\"https:\/\/www.refrigerantboys.com\/de\/kaufen\/kuehlkomponenten\/filtri-de\/filter-trockner-feststoff-kartusche-mit-100-molekularen-sieben-1-4-sae-2\/\" \/>\n<meta property=\"og:site_name\" content=\"Refrigerant Boys\" \/>\n<meta property=\"article:modified_time\" content=\"2023-06-30T13:00:29+00:00\" \/>\n<meta property=\"og:image\" content=\"https:\/\/www.refrigerantboys.com\/wp-content\/uploads\/2023\/06\/filtro-156.png\" \/>\n\t<meta property=\"og:image:width\" content=\"220\" \/>\n\t<meta property=\"og:image:height\" content=\"434\" \/>\n\t<meta property=\"og:image:type\" content=\"image\/png\" \/>\n<meta name=\"twitter:card\" content=\"summary_large_image\" \/>\n<meta name=\"twitter:label1\" content=\"Gesch\u00e4tzte Lesezeit\" \/>\n\t<meta name=\"twitter:data1\" content=\"1\u00a0Minute\" \/>\n<script type=\"application\/ld+json\" class=\"yoast-schema-graph\">{\"@context\":\"https:\/\/schema.org\",\"@graph\":[{\"@type\":\"WebPage\",\"@id\":\"https:\/\/www.refrigerantboys.com\/de\/kaufen\/kuehlkomponenten\/filtri-de\/filter-trockner-feststoff-kartusche-mit-100-molekularen-sieben-1-4-sae-2\/\",\"url\":\"https:\/\/www.refrigerantboys.com\/de\/kaufen\/kuehlkomponenten\/filtri-de\/filter-trockner-feststoff-kartusche-mit-100-molekularen-sieben-1-4-sae-2\/\",\"name\":\"FESTSTOFF-PATRONENFILTERTROCKNER MIT 100% MOLEKULARSIEBEN 1\/4 S\u00c4 | Refrigerant Boys\",\"isPartOf\":{\"@id\":\"https:\/\/www.refrigerantboys.com\/de\/#website\"},\"datePublished\":\"2023-06-21T10:14:08+00:00\",\"dateModified\":\"2023-06-30T13:00:29+00:00\",\"description\":\"FILTERTROCKNER 1\/4 SAE ANSCHLUSS - 52 mm Durchmesser - L\u00e4nge 156 mm - Anschluss: 1\/4 SAE - TS : min. Maximal -40\u00b0. +80\u00b0 - PS : 45.\",\"breadcrumb\":{\"@id\":\"https:\/\/www.refrigerantboys.com\/de\/kaufen\/kuehlkomponenten\/filtri-de\/filter-trockner-feststoff-kartusche-mit-100-molekularen-sieben-1-4-sae-2\/#breadcrumb\"},\"inLanguage\":\"de\",\"potentialAction\":[{\"@type\":\"ReadAction\",\"target\":[\"https:\/\/www.refrigerantboys.com\/de\/kaufen\/kuehlkomponenten\/filtri-de\/filter-trockner-feststoff-kartusche-mit-100-molekularen-sieben-1-4-sae-2\/\"]}]},{\"@type\":\"BreadcrumbList\",\"@id\":\"https:\/\/www.refrigerantboys.com\/de\/kaufen\/kuehlkomponenten\/filtri-de\/filter-trockner-feststoff-kartusche-mit-100-molekularen-sieben-1-4-sae-2\/#breadcrumb\",\"itemListElement\":[{\"@type\":\"ListItem\",\"position\":1,\"name\":\"Home\",\"item\":\"https:\/\/www.refrigerantboys.com\/de\/\"},{\"@type\":\"ListItem\",\"position\":2,\"name\":\"Gesch\u00e4ft\",\"item\":\"https:\/\/www.refrigerantboys.com\/de\/geschaeft\/\"},{\"@type\":\"ListItem\",\"position\":3,\"name\":\"FESTSTOFF-PATRONENFILTERTROCKNER MIT 100% MOLEKULARSIEBEN 1\/4 S\u00c4\"}]},{\"@type\":\"WebSite\",\"@id\":\"https:\/\/www.refrigerantboys.com\/de\/#website\",\"url\":\"https:\/\/www.refrigerantboys.com\/de\/\",\"name\":\"Refrigerant Boys\",\"description\":\"Vendita gas refrigeranti\",\"potentialAction\":[{\"@type\":\"SearchAction\",\"target\":{\"@type\":\"EntryPoint\",\"urlTemplate\":\"https:\/\/www.refrigerantboys.com\/de\/?s={search_term_string}\"},\"query-input\":\"required name=search_term_string\"}],\"inLanguage\":\"de\"}]}<\/script>\n<!-- \/ Yoast SEO plugin. -->","yoast_head_json":{"title":"FESTSTOFF-PATRONENFILTERTROCKNER MIT 100% MOLEKULARSIEBEN 1\/4 S\u00c4 | Refrigerant Boys","description":"FILTERTROCKNER 1\/4 SAE ANSCHLUSS  - 52 mm Durchmesser   - L\u00e4nge 156 mm   - Anschluss: 1\/4 SAE  - TS : min. Maximal -40\u00b0. +80\u00b0  - PS : 45.","robots":{"index":"index","follow":"follow","max-snippet":"max-snippet:-1","max-image-preview":"max-image-preview:large","max-video-preview":"max-video-preview:-1"},"canonical":"https:\/\/www.refrigerantboys.com\/de\/kaufen\/kuehlkomponenten\/filtri-de\/filter-trockner-feststoff-kartusche-mit-100-molekularen-sieben-1-4-sae-2\/","og_locale":"de_DE","og_type":"article","og_title":"FESTSTOFF-PATRONENFILTERTROCKNER MIT 100% MOLEKULARSIEBEN 1\/4 S\u00c4 | Refrigerant Boys","og_description":"FILTERTROCKNER 1\/4 SAE ANSCHLUSS  - 52 mm Durchmesser   - L\u00e4nge 156 mm   - Anschluss: 1\/4 SAE  - TS : min. Maximal -40\u00b0. +80\u00b0  - PS : 45.","og_url":"https:\/\/www.refrigerantboys.com\/de\/kaufen\/kuehlkomponenten\/filtri-de\/filter-trockner-feststoff-kartusche-mit-100-molekularen-sieben-1-4-sae-2\/","og_site_name":"Refrigerant Boys","article_modified_time":"2023-06-30T13:00:29+00:00","og_image":[{"width":220,"height":434,"url":"https:\/\/www.refrigerantboys.com\/wp-content\/uploads\/2023\/06\/filtro-156.png","type":"image\/png"}],"twitter_card":"summary_large_image","twitter_misc":{"Gesch\u00e4tzte Lesezeit":"1\u00a0Minute"},"schema":{"@context":"https:\/\/schema.org","@graph":[{"@type":"WebPage","@id":"https:\/\/www.refrigerantboys.com\/de\/kaufen\/kuehlkomponenten\/filtri-de\/filter-trockner-feststoff-kartusche-mit-100-molekularen-sieben-1-4-sae-2\/","url":"https:\/\/www.refrigerantboys.com\/de\/kaufen\/kuehlkomponenten\/filtri-de\/filter-trockner-feststoff-kartusche-mit-100-molekularen-sieben-1-4-sae-2\/","name":"FESTSTOFF-PATRONENFILTERTROCKNER MIT 100% MOLEKULARSIEBEN 1\/4 S\u00c4 | Refrigerant Boys","isPartOf":{"@id":"https:\/\/www.refrigerantboys.com\/de\/#website"},"datePublished":"2023-06-21T10:14:08+00:00","dateModified":"2023-06-30T13:00:29+00:00","description":"FILTERTROCKNER 1\/4 SAE ANSCHLUSS - 52 mm Durchmesser - L\u00e4nge 156 mm - Anschluss: 1\/4 SAE - TS : min. Maximal -40\u00b0. +80\u00b0 - PS : 45.","breadcrumb":{"@id":"https:\/\/www.refrigerantboys.com\/de\/kaufen\/kuehlkomponenten\/filtri-de\/filter-trockner-feststoff-kartusche-mit-100-molekularen-sieben-1-4-sae-2\/#breadcrumb"},"inLanguage":"de","potentialAction":[{"@type":"ReadAction","target":["https:\/\/www.refrigerantboys.com\/de\/kaufen\/kuehlkomponenten\/filtri-de\/filter-trockner-feststoff-kartusche-mit-100-molekularen-sieben-1-4-sae-2\/"]}]},{"@type":"BreadcrumbList","@id":"https:\/\/www.refrigerantboys.com\/de\/kaufen\/kuehlkomponenten\/filtri-de\/filter-trockner-feststoff-kartusche-mit-100-molekularen-sieben-1-4-sae-2\/#breadcrumb","itemListElement":[{"@type":"ListItem","position":1,"name":"Home","item":"https:\/\/www.refrigerantboys.com\/de\/"},{"@type":"ListItem","position":2,"name":"Gesch\u00e4ft","item":"https:\/\/www.refrigerantboys.com\/de\/geschaeft\/"},{"@type":"ListItem","position":3,"name":"FESTSTOFF-PATRONENFILTERTROCKNER MIT 100% MOLEKULARSIEBEN 1\/4 S\u00c4"}]},{"@type":"WebSite","@id":"https:\/\/www.refrigerantboys.com\/de\/#website","url":"https:\/\/www.refrigerantboys.com\/de\/","name":"Refrigerant Boys","description":"Vendita gas refrigeranti","potentialAction":[{"@type":"SearchAction","target":{"@type":"EntryPoint","urlTemplate":"https:\/\/www.refrigerantboys.com\/de\/?s={search_term_string}"},"query-input":"required name=search_term_string"}],"inLanguage":"de"}]}},"_links":{"self":[{"href":"https:\/\/www.refrigerantboys.com\/de\/wp-json\/wp\/v2\/product\/70276"}],"collection":[{"href":"https:\/\/www.refrigerantboys.com\/de\/wp-json\/wp\/v2\/product"}],"about":[{"href":"https:\/\/www.refrigerantboys.com\/de\/wp-json\/wp\/v2\/types\/product"}],"wp:featuredmedia":[{"embeddable":true,"href":"https:\/\/www.refrigerantboys.com\/de\/wp-json\/wp\/v2\/media\/70671"}],"wp:attachment":[{"href":"https:\/\/www.refrigerantboys.com\/de\/wp-json\/wp\/v2\/media?parent=70276"}],"wp:term":[{"taxonomy":"product_cat","embeddable":true,"href":"https:\/\/www.refrigerantboys.com\/de\/wp-json\/wp\/v2\/product_cat?post=70276"},{"taxonomy":"product_tag","embeddable":true,"href":"https:\/\/www.refrigerantboys.com\/de\/wp-json\/wp\/v2\/product_tag?post=70276"}],"curies":[{"name":"wp","href":"https:\/\/api.w.org\/{rel}","templated":true}]}}