{"id":70258,"date":"2023-06-21T11:24:32","date_gmt":"2023-06-21T09:24:32","guid":{"rendered":"https:\/\/www.refrigerantboys.com\/?post_type=product&#038;p=70258"},"modified":"2023-06-27T14:18:45","modified_gmt":"2023-06-27T12:18:45","slug":"10-watt-ventilator","status":"publish","type":"product","link":"https:\/\/www.refrigerantboys.com\/de\/kaufen\/kuehlkomponenten\/lueftermotoren\/10-watt-ventilator\/","title":{"rendered":"10-WATT-MOTORL\u00dcFTER"},"content":{"rendered":"<p>Beschreibende Notizen:<br \/>\nPentavalent-Befestigung: 3 L\u00f6cher vorne, 3 L\u00f6cher hinten, B\u00fcgel vorbereitet.<br \/>\nL\u00fcfter mit 200\/230 mm Durchmesser empfohlen<\/p>\n<p>Pentavalent Motor ohne L\u00fcfter und Halterung<\/p>\n","protected":false},"excerpt":{"rendered":"<p>-Universeller Ersatz mit 1,5 m dreiadrigem Kabel und Befestigungselementen<\/p>\n<p>-Technische Hinweise: Leistung 10 Watt 230 VAC<\/p>\n<p>&#8211; Leistungsaufnahme 40 W<\/p>\n<p>-Umdrehungszahl: 1300 U\/min<\/p>\n","protected":false},"featured_media":70903,"template":"","meta":[],"product_cat":[317,344],"product_tag":[],"acf":{"ai_note":""},"yoast_head":"<!-- This site is optimized with the Yoast SEO plugin v20.2 - https:\/\/yoast.com\/wordpress\/plugins\/seo\/ -->\n<title>10-WATT-MOTORL\u00dcFTER | Refrigerant Boys<\/title>\n<meta name=\"description\" content=\"-Universeller Ersatz mit 1,5 m dreiadrigem Kabel und Befestigungselementen  -Technische Hinweise: Leistung 10 Watt 230 VAC  - Leistungsaufnahme 40 W  -Umdrehungszahl: 1300 U\/min\" \/>\n<meta name=\"robots\" content=\"index, follow, max-snippet:-1, max-image-preview:large, max-video-preview:-1\" \/>\n<link rel=\"canonical\" href=\"https:\/\/www.refrigerantboys.com\/de\/kaufen\/kuehlkomponenten\/lueftermotoren\/10-watt-ventilator\/\" \/>\n<meta property=\"og:locale\" content=\"de_DE\" \/>\n<meta property=\"og:type\" content=\"article\" \/>\n<meta property=\"og:title\" content=\"10-WATT-MOTORL\u00dcFTER | Refrigerant Boys\" \/>\n<meta property=\"og:description\" content=\"-Universeller Ersatz mit 1,5 m dreiadrigem Kabel und Befestigungselementen  -Technische Hinweise: Leistung 10 Watt 230 VAC  - Leistungsaufnahme 40 W  -Umdrehungszahl: 1300 U\/min\" \/>\n<meta property=\"og:url\" content=\"https:\/\/www.refrigerantboys.com\/de\/kaufen\/kuehlkomponenten\/lueftermotoren\/10-watt-ventilator\/\" \/>\n<meta property=\"og:site_name\" content=\"Refrigerant Boys\" \/>\n<meta property=\"article:modified_time\" content=\"2023-06-27T12:18:45+00:00\" \/>\n<meta property=\"og:image\" content=\"https:\/\/www.refrigerantboys.com\/wp-content\/uploads\/2023\/06\/VENTOLE.png\" \/>\n\t<meta property=\"og:image:width\" content=\"507\" \/>\n\t<meta property=\"og:image:height\" content=\"284\" \/>\n\t<meta property=\"og:image:type\" content=\"image\/png\" \/>\n<meta name=\"twitter:card\" content=\"summary_large_image\" \/>\n<meta name=\"twitter:label1\" content=\"Gesch\u00e4tzte Lesezeit\" \/>\n\t<meta name=\"twitter:data1\" content=\"1\u00a0Minute\" \/>\n<script type=\"application\/ld+json\" class=\"yoast-schema-graph\">{\"@context\":\"https:\/\/schema.org\",\"@graph\":[{\"@type\":\"WebPage\",\"@id\":\"https:\/\/www.refrigerantboys.com\/de\/kaufen\/kuehlkomponenten\/lueftermotoren\/10-watt-ventilator\/\",\"url\":\"https:\/\/www.refrigerantboys.com\/de\/kaufen\/kuehlkomponenten\/lueftermotoren\/10-watt-ventilator\/\",\"name\":\"10-WATT-MOTORL\u00dcFTER | Refrigerant Boys\",\"isPartOf\":{\"@id\":\"https:\/\/www.refrigerantboys.com\/de\/#website\"},\"datePublished\":\"2023-06-21T09:24:32+00:00\",\"dateModified\":\"2023-06-27T12:18:45+00:00\",\"description\":\"-Universeller Ersatz mit 1,5 m dreiadrigem Kabel und Befestigungselementen -Technische Hinweise: Leistung 10 Watt 230 VAC - Leistungsaufnahme 40 W -Umdrehungszahl: 1300 U\/min\",\"breadcrumb\":{\"@id\":\"https:\/\/www.refrigerantboys.com\/de\/kaufen\/kuehlkomponenten\/lueftermotoren\/10-watt-ventilator\/#breadcrumb\"},\"inLanguage\":\"de\",\"potentialAction\":[{\"@type\":\"ReadAction\",\"target\":[\"https:\/\/www.refrigerantboys.com\/de\/kaufen\/kuehlkomponenten\/lueftermotoren\/10-watt-ventilator\/\"]}]},{\"@type\":\"BreadcrumbList\",\"@id\":\"https:\/\/www.refrigerantboys.com\/de\/kaufen\/kuehlkomponenten\/lueftermotoren\/10-watt-ventilator\/#breadcrumb\",\"itemListElement\":[{\"@type\":\"ListItem\",\"position\":1,\"name\":\"Home\",\"item\":\"https:\/\/www.refrigerantboys.com\/de\/\"},{\"@type\":\"ListItem\",\"position\":2,\"name\":\"Gesch\u00e4ft\",\"item\":\"https:\/\/www.refrigerantboys.com\/de\/geschaeft\/\"},{\"@type\":\"ListItem\",\"position\":3,\"name\":\"10-WATT-MOTORL\u00dcFTER\"}]},{\"@type\":\"WebSite\",\"@id\":\"https:\/\/www.refrigerantboys.com\/de\/#website\",\"url\":\"https:\/\/www.refrigerantboys.com\/de\/\",\"name\":\"Refrigerant Boys\",\"description\":\"Vendita gas refrigeranti\",\"potentialAction\":[{\"@type\":\"SearchAction\",\"target\":{\"@type\":\"EntryPoint\",\"urlTemplate\":\"https:\/\/www.refrigerantboys.com\/de\/?s={search_term_string}\"},\"query-input\":\"required name=search_term_string\"}],\"inLanguage\":\"de\"}]}<\/script>\n<!-- \/ Yoast SEO plugin. -->","yoast_head_json":{"title":"10-WATT-MOTORL\u00dcFTER | Refrigerant Boys","description":"-Universeller Ersatz mit 1,5 m dreiadrigem Kabel und Befestigungselementen  -Technische Hinweise: Leistung 10 Watt 230 VAC  - Leistungsaufnahme 40 W  -Umdrehungszahl: 1300 U\/min","robots":{"index":"index","follow":"follow","max-snippet":"max-snippet:-1","max-image-preview":"max-image-preview:large","max-video-preview":"max-video-preview:-1"},"canonical":"https:\/\/www.refrigerantboys.com\/de\/kaufen\/kuehlkomponenten\/lueftermotoren\/10-watt-ventilator\/","og_locale":"de_DE","og_type":"article","og_title":"10-WATT-MOTORL\u00dcFTER | Refrigerant Boys","og_description":"-Universeller Ersatz mit 1,5 m dreiadrigem Kabel und Befestigungselementen  -Technische Hinweise: Leistung 10 Watt 230 VAC  - Leistungsaufnahme 40 W  -Umdrehungszahl: 1300 U\/min","og_url":"https:\/\/www.refrigerantboys.com\/de\/kaufen\/kuehlkomponenten\/lueftermotoren\/10-watt-ventilator\/","og_site_name":"Refrigerant Boys","article_modified_time":"2023-06-27T12:18:45+00:00","og_image":[{"width":507,"height":284,"url":"https:\/\/www.refrigerantboys.com\/wp-content\/uploads\/2023\/06\/VENTOLE.png","type":"image\/png"}],"twitter_card":"summary_large_image","twitter_misc":{"Gesch\u00e4tzte Lesezeit":"1\u00a0Minute"},"schema":{"@context":"https:\/\/schema.org","@graph":[{"@type":"WebPage","@id":"https:\/\/www.refrigerantboys.com\/de\/kaufen\/kuehlkomponenten\/lueftermotoren\/10-watt-ventilator\/","url":"https:\/\/www.refrigerantboys.com\/de\/kaufen\/kuehlkomponenten\/lueftermotoren\/10-watt-ventilator\/","name":"10-WATT-MOTORL\u00dcFTER | Refrigerant Boys","isPartOf":{"@id":"https:\/\/www.refrigerantboys.com\/de\/#website"},"datePublished":"2023-06-21T09:24:32+00:00","dateModified":"2023-06-27T12:18:45+00:00","description":"-Universeller Ersatz mit 1,5 m dreiadrigem Kabel und Befestigungselementen -Technische Hinweise: Leistung 10 Watt 230 VAC - Leistungsaufnahme 40 W -Umdrehungszahl: 1300 U\/min","breadcrumb":{"@id":"https:\/\/www.refrigerantboys.com\/de\/kaufen\/kuehlkomponenten\/lueftermotoren\/10-watt-ventilator\/#breadcrumb"},"inLanguage":"de","potentialAction":[{"@type":"ReadAction","target":["https:\/\/www.refrigerantboys.com\/de\/kaufen\/kuehlkomponenten\/lueftermotoren\/10-watt-ventilator\/"]}]},{"@type":"BreadcrumbList","@id":"https:\/\/www.refrigerantboys.com\/de\/kaufen\/kuehlkomponenten\/lueftermotoren\/10-watt-ventilator\/#breadcrumb","itemListElement":[{"@type":"ListItem","position":1,"name":"Home","item":"https:\/\/www.refrigerantboys.com\/de\/"},{"@type":"ListItem","position":2,"name":"Gesch\u00e4ft","item":"https:\/\/www.refrigerantboys.com\/de\/geschaeft\/"},{"@type":"ListItem","position":3,"name":"10-WATT-MOTORL\u00dcFTER"}]},{"@type":"WebSite","@id":"https:\/\/www.refrigerantboys.com\/de\/#website","url":"https:\/\/www.refrigerantboys.com\/de\/","name":"Refrigerant Boys","description":"Vendita gas refrigeranti","potentialAction":[{"@type":"SearchAction","target":{"@type":"EntryPoint","urlTemplate":"https:\/\/www.refrigerantboys.com\/de\/?s={search_term_string}"},"query-input":"required name=search_term_string"}],"inLanguage":"de"}]}},"_links":{"self":[{"href":"https:\/\/www.refrigerantboys.com\/de\/wp-json\/wp\/v2\/product\/70258"}],"collection":[{"href":"https:\/\/www.refrigerantboys.com\/de\/wp-json\/wp\/v2\/product"}],"about":[{"href":"https:\/\/www.refrigerantboys.com\/de\/wp-json\/wp\/v2\/types\/product"}],"wp:featuredmedia":[{"embeddable":true,"href":"https:\/\/www.refrigerantboys.com\/de\/wp-json\/wp\/v2\/media\/70903"}],"wp:attachment":[{"href":"https:\/\/www.refrigerantboys.com\/de\/wp-json\/wp\/v2\/media?parent=70258"}],"wp:term":[{"taxonomy":"product_cat","embeddable":true,"href":"https:\/\/www.refrigerantboys.com\/de\/wp-json\/wp\/v2\/product_cat?post=70258"},{"taxonomy":"product_tag","embeddable":true,"href":"https:\/\/www.refrigerantboys.com\/de\/wp-json\/wp\/v2\/product_tag?post=70258"}],"curies":[{"name":"wp","href":"https:\/\/api.w.org\/{rel}","templated":true}]}}