{"id":69414,"date":"2023-06-05T15:42:36","date_gmt":"2023-06-05T13:42:36","guid":{"rendered":"https:\/\/www.refrigerantboys.com\/?post_type=product&#038;p=69414"},"modified":"2023-06-27T14:36:38","modified_gmt":"2023-06-27T12:36:38","slug":"ventilatore-assiale-ventola-o-450-mm-230-volt-4-poli-1400-giri-aspirante","status":"publish","type":"product","link":"https:\/\/www.refrigerantboys.com\/de\/kaufen\/kuehlkomponenten\/axialventilatoren\/ventilatore-assiale-ventola-o-450-mm-230-volt-4-poli-1400-giri-aspirante\/","title":{"rendered":"Axialventilator L\u00fcfter \u00f8 450 mm 230 Volt 4-polig 1400 U\/min Ansaugung"},"content":{"rendered":"<p>Merkmale:<\/p>\n<p>&#8211; ASPIRANT-Axialventilator <strong><span style=\"color: red;\">\u00d8 450 mm &#8211; 230v<\/span><br \/>\n<\/strong><\/p>\n<p>&#8211; 1400 RPM &#8211; Umdrehungen pro Minute<\/p>\n<p>&#8211; 4 Pole<\/p>\n<p>&#8211; Luftmenge 1450 m3\/h<\/p>\n<p>&#8211; L\u00e4rm 58 dBA<\/p>\n","protected":false},"excerpt":{"rendered":"<p>4-poliger Axialventilator. Ventilator <span style=\"color: #ff0000;\"><strong>\u00d8 450 mm <\/strong><\/span>. Einphasig 230 Volt.<br \/>\nAu\u00dfenl\u00e4ufermotoren IP 54 mit Isolierung der Klasse B und W\u00e4rmeschutz.<br \/>\n\u00dcbereinstimmung mit EN 60335-1 \/ EN 60034-5 \/ 73-23 EEC<br \/>\nIdeal f\u00fcr: K\u00fchlung, L\u00fcftung, Absaugung, Verdampfer<br \/>\nDie Wellen sind auf abgedichteten Kugellagern gelagert und f\u00fcr den horizontalen und vertikalen Betrieb geeignet<br \/>\nStahldrahtschutzgitter nach EN294<\/p>\n","protected":false},"featured_media":69019,"template":"","meta":[],"product_cat":[352,317],"product_tag":[],"acf":{"ai_note":""},"yoast_head":"<!-- This site is optimized with the Yoast SEO plugin v20.2 - https:\/\/yoast.com\/wordpress\/plugins\/seo\/ -->\n<title>Axialventilator L\u00fcfter \u00f8 450 mm 230 Volt 4-polig 1400 U\/min Ansaugung | Refrigerant Boys<\/title>\n<meta name=\"description\" content=\"4-poliger Axialventilator. Ventilator \u00d8 450 mm . Einphasig 230 Volt. Au\u00dfenl\u00e4ufermotoren IP 54 mit Isolierung der Klasse B und W\u00e4rmeschutz. \u00dcbereinstimmung mit EN 60335-1 \/ EN 60034-5 \/ 73-23 EEC Ideal f\u00fcr: K\u00fchlung, L\u00fcftung, Absaugung, Verdampfer Die Wellen sind auf abgedichteten Kugellagern gelagert und f\u00fcr den horizontalen und vertikalen Betrieb geeignet Stahldrahtschutzgitter nach EN294\" \/>\n<meta name=\"robots\" content=\"index, follow, max-snippet:-1, max-image-preview:large, max-video-preview:-1\" \/>\n<link rel=\"canonical\" href=\"https:\/\/www.refrigerantboys.com\/de\/kaufen\/kuehlkomponenten\/axialventilatoren\/ventilatore-assiale-ventola-o-450-mm-230-volt-4-poli-1400-giri-aspirante\/\" \/>\n<meta property=\"og:locale\" content=\"de_DE\" \/>\n<meta property=\"og:type\" content=\"article\" \/>\n<meta property=\"og:title\" content=\"Axialventilator L\u00fcfter \u00f8 450 mm 230 Volt 4-polig 1400 U\/min Ansaugung | Refrigerant Boys\" \/>\n<meta property=\"og:description\" content=\"4-poliger Axialventilator. Ventilator \u00d8 450 mm . Einphasig 230 Volt. Au\u00dfenl\u00e4ufermotoren IP 54 mit Isolierung der Klasse B und W\u00e4rmeschutz. \u00dcbereinstimmung mit EN 60335-1 \/ EN 60034-5 \/ 73-23 EEC Ideal f\u00fcr: K\u00fchlung, L\u00fcftung, Absaugung, Verdampfer Die Wellen sind auf abgedichteten Kugellagern gelagert und f\u00fcr den horizontalen und vertikalen Betrieb geeignet Stahldrahtschutzgitter nach EN294\" \/>\n<meta property=\"og:url\" content=\"https:\/\/www.refrigerantboys.com\/de\/kaufen\/kuehlkomponenten\/axialventilatoren\/ventilatore-assiale-ventola-o-450-mm-230-volt-4-poli-1400-giri-aspirante\/\" \/>\n<meta property=\"og:site_name\" content=\"Refrigerant Boys\" \/>\n<meta property=\"article:modified_time\" content=\"2023-06-27T12:36:38+00:00\" \/>\n<meta property=\"og:image\" content=\"https:\/\/www.refrigerantboys.com\/wp-content\/uploads\/2023\/05\/Ventilatore-assiale-ventola-o-300.png\" \/>\n\t<meta property=\"og:image:width\" content=\"378\" \/>\n\t<meta property=\"og:image:height\" content=\"362\" \/>\n\t<meta property=\"og:image:type\" content=\"image\/png\" \/>\n<meta name=\"twitter:card\" content=\"summary_large_image\" \/>\n<meta name=\"twitter:label1\" content=\"Gesch\u00e4tzte Lesezeit\" \/>\n\t<meta name=\"twitter:data1\" content=\"1\u00a0Minute\" \/>\n<script type=\"application\/ld+json\" class=\"yoast-schema-graph\">{\"@context\":\"https:\/\/schema.org\",\"@graph\":[{\"@type\":\"WebPage\",\"@id\":\"https:\/\/www.refrigerantboys.com\/de\/kaufen\/kuehlkomponenten\/axialventilatoren\/ventilatore-assiale-ventola-o-450-mm-230-volt-4-poli-1400-giri-aspirante\/\",\"url\":\"https:\/\/www.refrigerantboys.com\/de\/kaufen\/kuehlkomponenten\/axialventilatoren\/ventilatore-assiale-ventola-o-450-mm-230-volt-4-poli-1400-giri-aspirante\/\",\"name\":\"Axialventilator L\u00fcfter \u00f8 450 mm 230 Volt 4-polig 1400 U\/min Ansaugung | Refrigerant Boys\",\"isPartOf\":{\"@id\":\"https:\/\/www.refrigerantboys.com\/de\/#website\"},\"datePublished\":\"2023-06-05T13:42:36+00:00\",\"dateModified\":\"2023-06-27T12:36:38+00:00\",\"description\":\"4-poliger Axialventilator. Ventilator \u00d8 450 mm . Einphasig 230 Volt. Au\u00dfenl\u00e4ufermotoren IP 54 mit Isolierung der Klasse B und W\u00e4rmeschutz. \u00dcbereinstimmung mit EN 60335-1 \/ EN 60034-5 \/ 73-23 EEC Ideal f\u00fcr: K\u00fchlung, L\u00fcftung, Absaugung, Verdampfer Die Wellen sind auf abgedichteten Kugellagern gelagert und f\u00fcr den horizontalen und vertikalen Betrieb geeignet Stahldrahtschutzgitter nach EN294\",\"breadcrumb\":{\"@id\":\"https:\/\/www.refrigerantboys.com\/de\/kaufen\/kuehlkomponenten\/axialventilatoren\/ventilatore-assiale-ventola-o-450-mm-230-volt-4-poli-1400-giri-aspirante\/#breadcrumb\"},\"inLanguage\":\"de\",\"potentialAction\":[{\"@type\":\"ReadAction\",\"target\":[\"https:\/\/www.refrigerantboys.com\/de\/kaufen\/kuehlkomponenten\/axialventilatoren\/ventilatore-assiale-ventola-o-450-mm-230-volt-4-poli-1400-giri-aspirante\/\"]}]},{\"@type\":\"BreadcrumbList\",\"@id\":\"https:\/\/www.refrigerantboys.com\/de\/kaufen\/kuehlkomponenten\/axialventilatoren\/ventilatore-assiale-ventola-o-450-mm-230-volt-4-poli-1400-giri-aspirante\/#breadcrumb\",\"itemListElement\":[{\"@type\":\"ListItem\",\"position\":1,\"name\":\"Home\",\"item\":\"https:\/\/www.refrigerantboys.com\/de\/\"},{\"@type\":\"ListItem\",\"position\":2,\"name\":\"Gesch\u00e4ft\",\"item\":\"https:\/\/www.refrigerantboys.com\/de\/geschaeft\/\"},{\"@type\":\"ListItem\",\"position\":3,\"name\":\"Axialventilator L\u00fcfter \u00f8 450 mm 230 Volt 4-polig 1400 U\/min Ansaugung\"}]},{\"@type\":\"WebSite\",\"@id\":\"https:\/\/www.refrigerantboys.com\/de\/#website\",\"url\":\"https:\/\/www.refrigerantboys.com\/de\/\",\"name\":\"Refrigerant Boys\",\"description\":\"Vendita gas refrigeranti\",\"potentialAction\":[{\"@type\":\"SearchAction\",\"target\":{\"@type\":\"EntryPoint\",\"urlTemplate\":\"https:\/\/www.refrigerantboys.com\/de\/?s={search_term_string}\"},\"query-input\":\"required name=search_term_string\"}],\"inLanguage\":\"de\"}]}<\/script>\n<!-- \/ Yoast SEO plugin. -->","yoast_head_json":{"title":"Axialventilator L\u00fcfter \u00f8 450 mm 230 Volt 4-polig 1400 U\/min Ansaugung | Refrigerant Boys","description":"4-poliger Axialventilator. Ventilator \u00d8 450 mm . Einphasig 230 Volt. Au\u00dfenl\u00e4ufermotoren IP 54 mit Isolierung der Klasse B und W\u00e4rmeschutz. \u00dcbereinstimmung mit EN 60335-1 \/ EN 60034-5 \/ 73-23 EEC Ideal f\u00fcr: K\u00fchlung, L\u00fcftung, Absaugung, Verdampfer Die Wellen sind auf abgedichteten Kugellagern gelagert und f\u00fcr den horizontalen und vertikalen Betrieb geeignet Stahldrahtschutzgitter nach EN294","robots":{"index":"index","follow":"follow","max-snippet":"max-snippet:-1","max-image-preview":"max-image-preview:large","max-video-preview":"max-video-preview:-1"},"canonical":"https:\/\/www.refrigerantboys.com\/de\/kaufen\/kuehlkomponenten\/axialventilatoren\/ventilatore-assiale-ventola-o-450-mm-230-volt-4-poli-1400-giri-aspirante\/","og_locale":"de_DE","og_type":"article","og_title":"Axialventilator L\u00fcfter \u00f8 450 mm 230 Volt 4-polig 1400 U\/min Ansaugung | Refrigerant Boys","og_description":"4-poliger Axialventilator. Ventilator \u00d8 450 mm . Einphasig 230 Volt. Au\u00dfenl\u00e4ufermotoren IP 54 mit Isolierung der Klasse B und W\u00e4rmeschutz. \u00dcbereinstimmung mit EN 60335-1 \/ EN 60034-5 \/ 73-23 EEC Ideal f\u00fcr: K\u00fchlung, L\u00fcftung, Absaugung, Verdampfer Die Wellen sind auf abgedichteten Kugellagern gelagert und f\u00fcr den horizontalen und vertikalen Betrieb geeignet Stahldrahtschutzgitter nach EN294","og_url":"https:\/\/www.refrigerantboys.com\/de\/kaufen\/kuehlkomponenten\/axialventilatoren\/ventilatore-assiale-ventola-o-450-mm-230-volt-4-poli-1400-giri-aspirante\/","og_site_name":"Refrigerant Boys","article_modified_time":"2023-06-27T12:36:38+00:00","og_image":[{"width":378,"height":362,"url":"https:\/\/www.refrigerantboys.com\/wp-content\/uploads\/2023\/05\/Ventilatore-assiale-ventola-o-300.png","type":"image\/png"}],"twitter_card":"summary_large_image","twitter_misc":{"Gesch\u00e4tzte Lesezeit":"1\u00a0Minute"},"schema":{"@context":"https:\/\/schema.org","@graph":[{"@type":"WebPage","@id":"https:\/\/www.refrigerantboys.com\/de\/kaufen\/kuehlkomponenten\/axialventilatoren\/ventilatore-assiale-ventola-o-450-mm-230-volt-4-poli-1400-giri-aspirante\/","url":"https:\/\/www.refrigerantboys.com\/de\/kaufen\/kuehlkomponenten\/axialventilatoren\/ventilatore-assiale-ventola-o-450-mm-230-volt-4-poli-1400-giri-aspirante\/","name":"Axialventilator L\u00fcfter \u00f8 450 mm 230 Volt 4-polig 1400 U\/min Ansaugung | Refrigerant Boys","isPartOf":{"@id":"https:\/\/www.refrigerantboys.com\/de\/#website"},"datePublished":"2023-06-05T13:42:36+00:00","dateModified":"2023-06-27T12:36:38+00:00","description":"4-poliger Axialventilator. Ventilator \u00d8 450 mm . Einphasig 230 Volt. Au\u00dfenl\u00e4ufermotoren IP 54 mit Isolierung der Klasse B und W\u00e4rmeschutz. \u00dcbereinstimmung mit EN 60335-1 \/ EN 60034-5 \/ 73-23 EEC Ideal f\u00fcr: K\u00fchlung, L\u00fcftung, Absaugung, Verdampfer Die Wellen sind auf abgedichteten Kugellagern gelagert und f\u00fcr den horizontalen und vertikalen Betrieb geeignet Stahldrahtschutzgitter nach EN294","breadcrumb":{"@id":"https:\/\/www.refrigerantboys.com\/de\/kaufen\/kuehlkomponenten\/axialventilatoren\/ventilatore-assiale-ventola-o-450-mm-230-volt-4-poli-1400-giri-aspirante\/#breadcrumb"},"inLanguage":"de","potentialAction":[{"@type":"ReadAction","target":["https:\/\/www.refrigerantboys.com\/de\/kaufen\/kuehlkomponenten\/axialventilatoren\/ventilatore-assiale-ventola-o-450-mm-230-volt-4-poli-1400-giri-aspirante\/"]}]},{"@type":"BreadcrumbList","@id":"https:\/\/www.refrigerantboys.com\/de\/kaufen\/kuehlkomponenten\/axialventilatoren\/ventilatore-assiale-ventola-o-450-mm-230-volt-4-poli-1400-giri-aspirante\/#breadcrumb","itemListElement":[{"@type":"ListItem","position":1,"name":"Home","item":"https:\/\/www.refrigerantboys.com\/de\/"},{"@type":"ListItem","position":2,"name":"Gesch\u00e4ft","item":"https:\/\/www.refrigerantboys.com\/de\/geschaeft\/"},{"@type":"ListItem","position":3,"name":"Axialventilator L\u00fcfter \u00f8 450 mm 230 Volt 4-polig 1400 U\/min Ansaugung"}]},{"@type":"WebSite","@id":"https:\/\/www.refrigerantboys.com\/de\/#website","url":"https:\/\/www.refrigerantboys.com\/de\/","name":"Refrigerant Boys","description":"Vendita gas refrigeranti","potentialAction":[{"@type":"SearchAction","target":{"@type":"EntryPoint","urlTemplate":"https:\/\/www.refrigerantboys.com\/de\/?s={search_term_string}"},"query-input":"required name=search_term_string"}],"inLanguage":"de"}]}},"_links":{"self":[{"href":"https:\/\/www.refrigerantboys.com\/de\/wp-json\/wp\/v2\/product\/69414"}],"collection":[{"href":"https:\/\/www.refrigerantboys.com\/de\/wp-json\/wp\/v2\/product"}],"about":[{"href":"https:\/\/www.refrigerantboys.com\/de\/wp-json\/wp\/v2\/types\/product"}],"wp:featuredmedia":[{"embeddable":true,"href":"https:\/\/www.refrigerantboys.com\/de\/wp-json\/wp\/v2\/media\/69019"}],"wp:attachment":[{"href":"https:\/\/www.refrigerantboys.com\/de\/wp-json\/wp\/v2\/media?parent=69414"}],"wp:term":[{"taxonomy":"product_cat","embeddable":true,"href":"https:\/\/www.refrigerantboys.com\/de\/wp-json\/wp\/v2\/product_cat?post=69414"},{"taxonomy":"product_tag","embeddable":true,"href":"https:\/\/www.refrigerantboys.com\/de\/wp-json\/wp\/v2\/product_tag?post=69414"}],"curies":[{"name":"wp","href":"https:\/\/api.w.org\/{rel}","templated":true}]}}