{"id":69154,"date":"2023-05-29T14:30:49","date_gmt":"2023-05-29T12:30:50","guid":{"rendered":"https:\/\/www.refrigerantboys.com\/?post_type=product&#038;p=69154"},"modified":"2023-08-01T09:46:21","modified_gmt":"2023-08-01T07:46:21","slug":"manometer-fur-r32-flaschen-selbstbefullung","status":"publish","type":"product","link":"https:\/\/www.refrigerantboys.com\/de\/kaufen\/kaeltemittelgase\/r32\/manometer-fur-r32-flaschen-selbstbefullung\/","title":{"rendered":"Manometer f\u00fcr R32-Flaschen selbstauff\u00fcllende"},"content":{"rendered":"<p><strong><span style=\"color: #000000;\">Manometer f\u00fcr R32-Eigengasdiagnose und 800 g Nachf\u00fcllset<\/span><br \/>\n<\/strong><\/p>\n<p>Unsere Manometer sind zuverl\u00e4ssige und genaue Instrumente, die eine genaue Druckmessung von R32-Flaschen w\u00e4hrend des Nachf\u00fcllvorgangs gew\u00e4hrleisten. Dank ihrer Robustheit und Langlebigkeit eignen sich unsere Manometer perfekt f\u00fcr den professionellen Einsatz und sind sowohl f\u00fcr erfahrene Techniker als auch f\u00fcr Einsteiger geeignet. Ihre Praktikabilit\u00e4t und Benutzerfreundlichkeit machen sie zu einem unverzichtbaren Zubeh\u00f6r f\u00fcr Ihre Arbeit im Klima- und K\u00e4ltebereich. W\u00e4hlen Sie die selbstnachf\u00fcllenden Manometer f\u00fcr R32-Flaschen von Refrigerant Boys und genie\u00dfen Sie die Genauigkeit und Zuverl\u00e4ssigkeit eines hochwertigen Werkzeugs f\u00fcr Ihre professionellen Anforderungen.<\/p>\n","protected":false},"excerpt":{"rendered":"<ul>\n<li>Blauer Schlauch mit 5\/16&#8243; Anschluss<\/li>\n<li>Manometer-Bausatz 1\/2&#8243; acme links<\/li>\n<\/ul>\n","protected":false},"featured_media":69161,"template":"","meta":[],"product_cat":[232,234],"product_tag":[233],"acf":{"ai_note":""},"yoast_head":"<!-- This site is optimized with the Yoast SEO plugin v20.2 - https:\/\/yoast.com\/wordpress\/plugins\/seo\/ -->\n<title>Manometer f\u00fcr R32-Flaschen selbstauff\u00fcllende | Refrigerant Boys<\/title>\n<meta name=\"description\" content=\"W\u00e4hlen Sie die selbstnachf\u00fcllenden Manometer f\u00fcr R32-Flaschen von Refrigerant Boys und genie\u00dfen Sie die Genauigkeit und Zuverl\u00e4ssigkeit eines hochwertigen Werkzeugs f\u00fcr Ihre professionellen Anforderungen.\" \/>\n<meta name=\"robots\" content=\"index, follow, max-snippet:-1, max-image-preview:large, max-video-preview:-1\" \/>\n<link rel=\"canonical\" href=\"https:\/\/www.refrigerantboys.com\/de\/kaufen\/kaeltemittelgase\/r32\/manometer-fur-r32-flaschen-selbstbefullung\/\" \/>\n<meta property=\"og:locale\" content=\"de_DE\" \/>\n<meta property=\"og:type\" content=\"article\" \/>\n<meta property=\"og:title\" content=\"Manometer f\u00fcr R32-Flaschen selbstauff\u00fcllende | Refrigerant Boys\" \/>\n<meta property=\"og:description\" content=\"W\u00e4hlen Sie die selbstnachf\u00fcllenden Manometer f\u00fcr R32-Flaschen von Refrigerant Boys und genie\u00dfen Sie die Genauigkeit und Zuverl\u00e4ssigkeit eines hochwertigen Werkzeugs f\u00fcr Ihre professionellen Anforderungen.\" \/>\n<meta property=\"og:url\" content=\"https:\/\/www.refrigerantboys.com\/de\/kaufen\/kaeltemittelgase\/r32\/manometer-fur-r32-flaschen-selbstbefullung\/\" \/>\n<meta property=\"og:site_name\" content=\"Refrigerant Boys\" \/>\n<meta property=\"article:modified_time\" content=\"2023-08-01T07:46:21+00:00\" \/>\n<meta property=\"og:image\" content=\"https:\/\/www.refrigerantboys.com\/wp-content\/uploads\/2023\/05\/mk32s.png\" \/>\n\t<meta property=\"og:image:width\" content=\"1134\" \/>\n\t<meta property=\"og:image:height\" content=\"1172\" \/>\n\t<meta property=\"og:image:type\" content=\"image\/png\" \/>\n<meta name=\"twitter:card\" content=\"summary_large_image\" \/>\n<meta name=\"twitter:label1\" content=\"Gesch\u00e4tzte Lesezeit\" \/>\n\t<meta name=\"twitter:data1\" content=\"1\u00a0Minute\" \/>\n<script type=\"application\/ld+json\" class=\"yoast-schema-graph\">{\"@context\":\"https:\/\/schema.org\",\"@graph\":[{\"@type\":\"WebPage\",\"@id\":\"https:\/\/www.refrigerantboys.com\/de\/kaufen\/kaeltemittelgase\/r32\/manometer-fur-r32-flaschen-selbstbefullung\/\",\"url\":\"https:\/\/www.refrigerantboys.com\/de\/kaufen\/kaeltemittelgase\/r32\/manometer-fur-r32-flaschen-selbstbefullung\/\",\"name\":\"Manometer f\u00fcr R32-Flaschen selbstauff\u00fcllende | Refrigerant Boys\",\"isPartOf\":{\"@id\":\"https:\/\/www.refrigerantboys.com\/de\/#website\"},\"datePublished\":\"2023-05-29T12:30:50+00:00\",\"dateModified\":\"2023-08-01T07:46:21+00:00\",\"description\":\"W\u00e4hlen Sie die selbstnachf\u00fcllenden Manometer f\u00fcr R32-Flaschen von Refrigerant Boys und genie\u00dfen Sie die Genauigkeit und Zuverl\u00e4ssigkeit eines hochwertigen Werkzeugs f\u00fcr Ihre professionellen Anforderungen.\",\"breadcrumb\":{\"@id\":\"https:\/\/www.refrigerantboys.com\/de\/kaufen\/kaeltemittelgase\/r32\/manometer-fur-r32-flaschen-selbstbefullung\/#breadcrumb\"},\"inLanguage\":\"de\",\"potentialAction\":[{\"@type\":\"ReadAction\",\"target\":[\"https:\/\/www.refrigerantboys.com\/de\/kaufen\/kaeltemittelgase\/r32\/manometer-fur-r32-flaschen-selbstbefullung\/\"]}]},{\"@type\":\"BreadcrumbList\",\"@id\":\"https:\/\/www.refrigerantboys.com\/de\/kaufen\/kaeltemittelgase\/r32\/manometer-fur-r32-flaschen-selbstbefullung\/#breadcrumb\",\"itemListElement\":[{\"@type\":\"ListItem\",\"position\":1,\"name\":\"Home\",\"item\":\"https:\/\/www.refrigerantboys.com\/de\/\"},{\"@type\":\"ListItem\",\"position\":2,\"name\":\"Gesch\u00e4ft\",\"item\":\"https:\/\/www.refrigerantboys.com\/de\/geschaeft\/\"},{\"@type\":\"ListItem\",\"position\":3,\"name\":\"Manometer f\u00fcr R32-Flaschen selbstauff\u00fcllende\"}]},{\"@type\":\"WebSite\",\"@id\":\"https:\/\/www.refrigerantboys.com\/de\/#website\",\"url\":\"https:\/\/www.refrigerantboys.com\/de\/\",\"name\":\"Refrigerant Boys\",\"description\":\"Vendita gas refrigeranti\",\"potentialAction\":[{\"@type\":\"SearchAction\",\"target\":{\"@type\":\"EntryPoint\",\"urlTemplate\":\"https:\/\/www.refrigerantboys.com\/de\/?s={search_term_string}\"},\"query-input\":\"required name=search_term_string\"}],\"inLanguage\":\"de\"}]}<\/script>\n<!-- \/ Yoast SEO plugin. -->","yoast_head_json":{"title":"Manometer f\u00fcr R32-Flaschen selbstauff\u00fcllende | Refrigerant Boys","description":"W\u00e4hlen Sie die selbstnachf\u00fcllenden Manometer f\u00fcr R32-Flaschen von Refrigerant Boys und genie\u00dfen Sie die Genauigkeit und Zuverl\u00e4ssigkeit eines hochwertigen Werkzeugs f\u00fcr Ihre professionellen Anforderungen.","robots":{"index":"index","follow":"follow","max-snippet":"max-snippet:-1","max-image-preview":"max-image-preview:large","max-video-preview":"max-video-preview:-1"},"canonical":"https:\/\/www.refrigerantboys.com\/de\/kaufen\/kaeltemittelgase\/r32\/manometer-fur-r32-flaschen-selbstbefullung\/","og_locale":"de_DE","og_type":"article","og_title":"Manometer f\u00fcr R32-Flaschen selbstauff\u00fcllende | Refrigerant Boys","og_description":"W\u00e4hlen Sie die selbstnachf\u00fcllenden Manometer f\u00fcr R32-Flaschen von Refrigerant Boys und genie\u00dfen Sie die Genauigkeit und Zuverl\u00e4ssigkeit eines hochwertigen Werkzeugs f\u00fcr Ihre professionellen Anforderungen.","og_url":"https:\/\/www.refrigerantboys.com\/de\/kaufen\/kaeltemittelgase\/r32\/manometer-fur-r32-flaschen-selbstbefullung\/","og_site_name":"Refrigerant Boys","article_modified_time":"2023-08-01T07:46:21+00:00","og_image":[{"width":1134,"height":1172,"url":"https:\/\/www.refrigerantboys.com\/wp-content\/uploads\/2023\/05\/mk32s.png","type":"image\/png"}],"twitter_card":"summary_large_image","twitter_misc":{"Gesch\u00e4tzte Lesezeit":"1\u00a0Minute"},"schema":{"@context":"https:\/\/schema.org","@graph":[{"@type":"WebPage","@id":"https:\/\/www.refrigerantboys.com\/de\/kaufen\/kaeltemittelgase\/r32\/manometer-fur-r32-flaschen-selbstbefullung\/","url":"https:\/\/www.refrigerantboys.com\/de\/kaufen\/kaeltemittelgase\/r32\/manometer-fur-r32-flaschen-selbstbefullung\/","name":"Manometer f\u00fcr R32-Flaschen selbstauff\u00fcllende | Refrigerant Boys","isPartOf":{"@id":"https:\/\/www.refrigerantboys.com\/de\/#website"},"datePublished":"2023-05-29T12:30:50+00:00","dateModified":"2023-08-01T07:46:21+00:00","description":"W\u00e4hlen Sie die selbstnachf\u00fcllenden Manometer f\u00fcr R32-Flaschen von Refrigerant Boys und genie\u00dfen Sie die Genauigkeit und Zuverl\u00e4ssigkeit eines hochwertigen Werkzeugs f\u00fcr Ihre professionellen Anforderungen.","breadcrumb":{"@id":"https:\/\/www.refrigerantboys.com\/de\/kaufen\/kaeltemittelgase\/r32\/manometer-fur-r32-flaschen-selbstbefullung\/#breadcrumb"},"inLanguage":"de","potentialAction":[{"@type":"ReadAction","target":["https:\/\/www.refrigerantboys.com\/de\/kaufen\/kaeltemittelgase\/r32\/manometer-fur-r32-flaschen-selbstbefullung\/"]}]},{"@type":"BreadcrumbList","@id":"https:\/\/www.refrigerantboys.com\/de\/kaufen\/kaeltemittelgase\/r32\/manometer-fur-r32-flaschen-selbstbefullung\/#breadcrumb","itemListElement":[{"@type":"ListItem","position":1,"name":"Home","item":"https:\/\/www.refrigerantboys.com\/de\/"},{"@type":"ListItem","position":2,"name":"Gesch\u00e4ft","item":"https:\/\/www.refrigerantboys.com\/de\/geschaeft\/"},{"@type":"ListItem","position":3,"name":"Manometer f\u00fcr R32-Flaschen selbstauff\u00fcllende"}]},{"@type":"WebSite","@id":"https:\/\/www.refrigerantboys.com\/de\/#website","url":"https:\/\/www.refrigerantboys.com\/de\/","name":"Refrigerant Boys","description":"Vendita gas refrigeranti","potentialAction":[{"@type":"SearchAction","target":{"@type":"EntryPoint","urlTemplate":"https:\/\/www.refrigerantboys.com\/de\/?s={search_term_string}"},"query-input":"required name=search_term_string"}],"inLanguage":"de"}]}},"_links":{"self":[{"href":"https:\/\/www.refrigerantboys.com\/de\/wp-json\/wp\/v2\/product\/69154"}],"collection":[{"href":"https:\/\/www.refrigerantboys.com\/de\/wp-json\/wp\/v2\/product"}],"about":[{"href":"https:\/\/www.refrigerantboys.com\/de\/wp-json\/wp\/v2\/types\/product"}],"wp:featuredmedia":[{"embeddable":true,"href":"https:\/\/www.refrigerantboys.com\/de\/wp-json\/wp\/v2\/media\/69161"}],"wp:attachment":[{"href":"https:\/\/www.refrigerantboys.com\/de\/wp-json\/wp\/v2\/media?parent=69154"}],"wp:term":[{"taxonomy":"product_cat","embeddable":true,"href":"https:\/\/www.refrigerantboys.com\/de\/wp-json\/wp\/v2\/product_cat?post=69154"},{"taxonomy":"product_tag","embeddable":true,"href":"https:\/\/www.refrigerantboys.com\/de\/wp-json\/wp\/v2\/product_tag?post=69154"}],"curies":[{"name":"wp","href":"https:\/\/api.w.org\/{rel}","templated":true}]}}