{"id":68661,"date":"2017-10-28T22:49:28","date_gmt":"2017-10-28T20:49:28","guid":{"rendered":"https:\/\/www.refrigerantboys.com\/acquista\/unkategorisiert\/kit-lavaggio-impianti-a-c-e-refrigerazione\/"},"modified":"2023-05-25T10:31:45","modified_gmt":"2023-05-25T08:31:45","slug":"bausatz-wasch-a-c-und-kuhlsysteme","status":"publish","type":"product","link":"https:\/\/www.refrigerantboys.com\/de\/kaufen\/ausruestung\/bausatz-wasch-a-c-und-kuhlsysteme\/","title":{"rendered":"SP\u00dcLSET F\u00dcR KLIMAANLAGEN UND K\u00dcHLSYSTEME"},"content":{"rendered":"<p>Auto-Klimaanlage und Klimaanlagen-Sp\u00fclset. Bei einem Druck von 10 bar kalibriert, kann es Verunreinigungen und \u00d6lr\u00fcckst\u00e4nde gr\u00fcndlich aus dem System entfernen. Durch sein geringes Gewicht kann er auch in schwierigen Situationen eingesetzt werden.<\/p>\n<p><strong><span style=\"color: #339966;\">Bausatz enth\u00e4lt:<\/span><\/strong><br \/>\nDruckminderer 10 bar<br \/>\nStickstoff-Patrone <a href=\"https:\/\/www.refrigerantboys.com\/de\/kaufen\/ausruestung\/bombola-monouso-di-azoto-110-bar-095-lt\/\">AZ110<\/a><br \/>\n60 cm Schlauch mit D\u00fcse zum Anschluss an die Waschmittelflasche<\/p>\n<p>500-ml-Flasche f\u00fcr Geschirrsp\u00fclmittel (leer)<\/p>\n","protected":false},"excerpt":{"rendered":"<p><strong><span style=\"color: #339966;\">Bausatz enth\u00e4lt:<\/span><\/strong><br \/>\nDruckminderer 10 bar<br \/>\nStickstoff-Patrone <a href=\"https:\/\/www.refrigerantboys.com\/acquista\/attrezzature\/bombola-monouso-di-azoto-110-bar\/\">AZ110<\/a><br \/>\n60 cm Schlauch mit D\u00fcse zum Anschluss an die Waschmittelflasche<\/p>\n<p>500-ml-Flasche f\u00fcr Geschirrsp\u00fclmittel (leer)<\/p>\n","protected":false},"featured_media":68662,"template":"","meta":[],"product_cat":[246],"product_tag":[],"acf":{"ai_note":""},"yoast_head":"<!-- This site is optimized with the Yoast SEO plugin v20.2 - https:\/\/yoast.com\/wordpress\/plugins\/seo\/ -->\n<title>SP\u00dcLSET F\u00dcR KLIMAANLAGEN UND K\u00dcHLSYSTEME | Refrigerant Boys<\/title>\n<meta name=\"description\" content=\"Bausatz enth\u00e4lt: Druckminderer 10 bar Stickstoff-Patrone AZ110 60 cm Schlauch mit D\u00fcse zum Anschluss an die Waschmittelflasche 500-ml-Flasche f\u00fcr Geschirrsp\u00fclmittel (leer)\" \/>\n<meta name=\"robots\" content=\"index, follow, max-snippet:-1, max-image-preview:large, max-video-preview:-1\" \/>\n<link rel=\"canonical\" href=\"https:\/\/www.refrigerantboys.com\/de\/kaufen\/ausruestung\/bausatz-wasch-a-c-und-kuhlsysteme\/\" \/>\n<meta property=\"og:locale\" content=\"de_DE\" \/>\n<meta property=\"og:type\" content=\"article\" \/>\n<meta property=\"og:title\" content=\"SP\u00dcLSET F\u00dcR KLIMAANLAGEN UND K\u00dcHLSYSTEME | Refrigerant Boys\" \/>\n<meta property=\"og:description\" content=\"Bausatz enth\u00e4lt: Druckminderer 10 bar Stickstoff-Patrone AZ110 60 cm Schlauch mit D\u00fcse zum Anschluss an die Waschmittelflasche 500-ml-Flasche f\u00fcr Geschirrsp\u00fclmittel (leer)\" \/>\n<meta property=\"og:url\" content=\"https:\/\/www.refrigerantboys.com\/de\/kaufen\/ausruestung\/bausatz-wasch-a-c-und-kuhlsysteme\/\" \/>\n<meta property=\"og:site_name\" content=\"Refrigerant Boys\" \/>\n<meta property=\"article:modified_time\" content=\"2023-05-25T08:31:45+00:00\" \/>\n<meta property=\"og:image\" content=\"https:\/\/www.refrigerantboys.com\/wp-content\/uploads\/2017\/10\/0001601_0-1.jpeg\" \/>\n\t<meta property=\"og:image:width\" content=\"960\" \/>\n\t<meta property=\"og:image:height\" content=\"1209\" \/>\n\t<meta property=\"og:image:type\" content=\"image\/jpeg\" \/>\n<meta name=\"twitter:card\" content=\"summary_large_image\" \/>\n<meta name=\"twitter:label1\" content=\"Gesch\u00e4tzte Lesezeit\" \/>\n\t<meta name=\"twitter:data1\" content=\"1\u00a0Minute\" \/>\n<script type=\"application\/ld+json\" class=\"yoast-schema-graph\">{\"@context\":\"https:\/\/schema.org\",\"@graph\":[{\"@type\":\"WebPage\",\"@id\":\"https:\/\/www.refrigerantboys.com\/de\/kaufen\/ausruestung\/bausatz-wasch-a-c-und-kuhlsysteme\/\",\"url\":\"https:\/\/www.refrigerantboys.com\/de\/kaufen\/ausruestung\/bausatz-wasch-a-c-und-kuhlsysteme\/\",\"name\":\"SP\u00dcLSET F\u00dcR KLIMAANLAGEN UND K\u00dcHLSYSTEME | Refrigerant Boys\",\"isPartOf\":{\"@id\":\"https:\/\/www.refrigerantboys.com\/de\/#website\"},\"datePublished\":\"2017-10-28T20:49:28+00:00\",\"dateModified\":\"2023-05-25T08:31:45+00:00\",\"description\":\"Bausatz enth\u00e4lt: Druckminderer 10 bar Stickstoff-Patrone AZ110 60 cm Schlauch mit D\u00fcse zum Anschluss an die Waschmittelflasche 500-ml-Flasche f\u00fcr Geschirrsp\u00fclmittel (leer)\",\"breadcrumb\":{\"@id\":\"https:\/\/www.refrigerantboys.com\/de\/kaufen\/ausruestung\/bausatz-wasch-a-c-und-kuhlsysteme\/#breadcrumb\"},\"inLanguage\":\"de\",\"potentialAction\":[{\"@type\":\"ReadAction\",\"target\":[\"https:\/\/www.refrigerantboys.com\/de\/kaufen\/ausruestung\/bausatz-wasch-a-c-und-kuhlsysteme\/\"]}]},{\"@type\":\"BreadcrumbList\",\"@id\":\"https:\/\/www.refrigerantboys.com\/de\/kaufen\/ausruestung\/bausatz-wasch-a-c-und-kuhlsysteme\/#breadcrumb\",\"itemListElement\":[{\"@type\":\"ListItem\",\"position\":1,\"name\":\"Home\",\"item\":\"https:\/\/www.refrigerantboys.com\/de\/\"},{\"@type\":\"ListItem\",\"position\":2,\"name\":\"Gesch\u00e4ft\",\"item\":\"https:\/\/www.refrigerantboys.com\/de\/geschaeft\/\"},{\"@type\":\"ListItem\",\"position\":3,\"name\":\"SP\u00dcLSET F\u00dcR KLIMAANLAGEN UND K\u00dcHLSYSTEME\"}]},{\"@type\":\"WebSite\",\"@id\":\"https:\/\/www.refrigerantboys.com\/de\/#website\",\"url\":\"https:\/\/www.refrigerantboys.com\/de\/\",\"name\":\"Refrigerant Boys\",\"description\":\"Vendita gas refrigeranti\",\"potentialAction\":[{\"@type\":\"SearchAction\",\"target\":{\"@type\":\"EntryPoint\",\"urlTemplate\":\"https:\/\/www.refrigerantboys.com\/de\/?s={search_term_string}\"},\"query-input\":\"required name=search_term_string\"}],\"inLanguage\":\"de\"}]}<\/script>\n<!-- \/ Yoast SEO plugin. -->","yoast_head_json":{"title":"SP\u00dcLSET F\u00dcR KLIMAANLAGEN UND K\u00dcHLSYSTEME | Refrigerant Boys","description":"Bausatz enth\u00e4lt: Druckminderer 10 bar Stickstoff-Patrone AZ110 60 cm Schlauch mit D\u00fcse zum Anschluss an die Waschmittelflasche 500-ml-Flasche f\u00fcr Geschirrsp\u00fclmittel (leer)","robots":{"index":"index","follow":"follow","max-snippet":"max-snippet:-1","max-image-preview":"max-image-preview:large","max-video-preview":"max-video-preview:-1"},"canonical":"https:\/\/www.refrigerantboys.com\/de\/kaufen\/ausruestung\/bausatz-wasch-a-c-und-kuhlsysteme\/","og_locale":"de_DE","og_type":"article","og_title":"SP\u00dcLSET F\u00dcR KLIMAANLAGEN UND K\u00dcHLSYSTEME | Refrigerant Boys","og_description":"Bausatz enth\u00e4lt: Druckminderer 10 bar Stickstoff-Patrone AZ110 60 cm Schlauch mit D\u00fcse zum Anschluss an die Waschmittelflasche 500-ml-Flasche f\u00fcr Geschirrsp\u00fclmittel (leer)","og_url":"https:\/\/www.refrigerantboys.com\/de\/kaufen\/ausruestung\/bausatz-wasch-a-c-und-kuhlsysteme\/","og_site_name":"Refrigerant Boys","article_modified_time":"2023-05-25T08:31:45+00:00","og_image":[{"width":960,"height":1209,"url":"https:\/\/www.refrigerantboys.com\/wp-content\/uploads\/2017\/10\/0001601_0-1.jpeg","type":"image\/jpeg"}],"twitter_card":"summary_large_image","twitter_misc":{"Gesch\u00e4tzte Lesezeit":"1\u00a0Minute"},"schema":{"@context":"https:\/\/schema.org","@graph":[{"@type":"WebPage","@id":"https:\/\/www.refrigerantboys.com\/de\/kaufen\/ausruestung\/bausatz-wasch-a-c-und-kuhlsysteme\/","url":"https:\/\/www.refrigerantboys.com\/de\/kaufen\/ausruestung\/bausatz-wasch-a-c-und-kuhlsysteme\/","name":"SP\u00dcLSET F\u00dcR KLIMAANLAGEN UND K\u00dcHLSYSTEME | Refrigerant Boys","isPartOf":{"@id":"https:\/\/www.refrigerantboys.com\/de\/#website"},"datePublished":"2017-10-28T20:49:28+00:00","dateModified":"2023-05-25T08:31:45+00:00","description":"Bausatz enth\u00e4lt: Druckminderer 10 bar Stickstoff-Patrone AZ110 60 cm Schlauch mit D\u00fcse zum Anschluss an die Waschmittelflasche 500-ml-Flasche f\u00fcr Geschirrsp\u00fclmittel (leer)","breadcrumb":{"@id":"https:\/\/www.refrigerantboys.com\/de\/kaufen\/ausruestung\/bausatz-wasch-a-c-und-kuhlsysteme\/#breadcrumb"},"inLanguage":"de","potentialAction":[{"@type":"ReadAction","target":["https:\/\/www.refrigerantboys.com\/de\/kaufen\/ausruestung\/bausatz-wasch-a-c-und-kuhlsysteme\/"]}]},{"@type":"BreadcrumbList","@id":"https:\/\/www.refrigerantboys.com\/de\/kaufen\/ausruestung\/bausatz-wasch-a-c-und-kuhlsysteme\/#breadcrumb","itemListElement":[{"@type":"ListItem","position":1,"name":"Home","item":"https:\/\/www.refrigerantboys.com\/de\/"},{"@type":"ListItem","position":2,"name":"Gesch\u00e4ft","item":"https:\/\/www.refrigerantboys.com\/de\/geschaeft\/"},{"@type":"ListItem","position":3,"name":"SP\u00dcLSET F\u00dcR KLIMAANLAGEN UND K\u00dcHLSYSTEME"}]},{"@type":"WebSite","@id":"https:\/\/www.refrigerantboys.com\/de\/#website","url":"https:\/\/www.refrigerantboys.com\/de\/","name":"Refrigerant Boys","description":"Vendita gas refrigeranti","potentialAction":[{"@type":"SearchAction","target":{"@type":"EntryPoint","urlTemplate":"https:\/\/www.refrigerantboys.com\/de\/?s={search_term_string}"},"query-input":"required name=search_term_string"}],"inLanguage":"de"}]}},"_links":{"self":[{"href":"https:\/\/www.refrigerantboys.com\/de\/wp-json\/wp\/v2\/product\/68661"}],"collection":[{"href":"https:\/\/www.refrigerantboys.com\/de\/wp-json\/wp\/v2\/product"}],"about":[{"href":"https:\/\/www.refrigerantboys.com\/de\/wp-json\/wp\/v2\/types\/product"}],"wp:featuredmedia":[{"embeddable":true,"href":"https:\/\/www.refrigerantboys.com\/de\/wp-json\/wp\/v2\/media\/68662"}],"wp:attachment":[{"href":"https:\/\/www.refrigerantboys.com\/de\/wp-json\/wp\/v2\/media?parent=68661"}],"wp:term":[{"taxonomy":"product_cat","embeddable":true,"href":"https:\/\/www.refrigerantboys.com\/de\/wp-json\/wp\/v2\/product_cat?post=68661"},{"taxonomy":"product_tag","embeddable":true,"href":"https:\/\/www.refrigerantboys.com\/de\/wp-json\/wp\/v2\/product_tag?post=68661"}],"curies":[{"name":"wp","href":"https:\/\/api.w.org\/{rel}","templated":true}]}}