{"id":68592,"date":"2023-05-17T15:44:12","date_gmt":"2023-05-17T13:44:12","guid":{"rendered":"https:\/\/www.refrigerantboys.com\/?post_type=product&#038;p=68592"},"modified":"2026-03-10T16:01:21","modified_gmt":"2026-03-10T15:01:21","slug":"kanister-azogen-monostickstoff-wasserstoff-100-lt","status":"publish","type":"product","link":"https:\/\/www.refrigerantboys.com\/de\/kaufen\/ausruestung\/kanister-azogen-monostickstoff-wasserstoff-100-lt\/","title":{"rendered":"105L Azogen Einwegflasche (N2\/H2) 110 Bar | M10x1 Anschluss"},"content":{"rendered":"<p data-path-to-node=\"20\">Die <b data-path-to-node=\"20\" data-index-in-node=\"254\">105L Azogen-Flasche<\/b> (entspanntes Gasvolumen) ist der Profi-Standard f\u00fcr die Lokalisierung von Mikrolecks in K\u00e4ltekreisl\u00e4ufen.<\/p>\n<ul data-path-to-node=\"21\">\n<li>\n<p data-path-to-node=\"21,0,0\"><b data-path-to-node=\"21,0,0\" data-index-in-node=\"0\">Gasertrag:<\/b> Liefert 105 Liter gebrauchsfertiges Stickstoff-Wasserstoff-Gemisch.<\/p>\n<\/li>\n<li>\n<p data-path-to-node=\"21,1,0\"><b data-path-to-node=\"21,1,0\" data-index-in-node=\"0\">Standard-Anschluss:<\/b> <b data-path-to-node=\"21,1,0\" data-index-in-node=\"20\">M10x1 Gewinde<\/b>, passend f\u00fcr alle g\u00e4ngigen Druckminderer f\u00fcr Einwegflaschen.<\/p>\n<\/li>\n<li>\n<p data-path-to-node=\"21,2,0\"><b data-path-to-node=\"21,2,0\" data-index-in-node=\"0\">Sniffer-Technologie:<\/b> Wasserstoff erm\u00f6glicht eine extrem schnelle Reaktion elektronischer Lecksuchger\u00e4te.<\/p>\n<\/li>\n<li>\n<p data-path-to-node=\"21,3,0\"><b data-path-to-node=\"21,3,0\" data-index-in-node=\"0\">Technische Daten:<\/b> 105L Gasvolumen, 110 Bar, N2\/H2 Gemisch, <b data-path-to-node=\"21,3,0\" data-index-in-node=\"59\">M10x1 Anschluss<\/b>.<\/p>\n<\/li>\n<\/ul>\n<div class=\"product-collateral\">\n<div class=\"product-grid home-page-product-grid\"><\/div>\n<\/div>\n","protected":false},"excerpt":{"rendered":"<p>Einwegbeh\u00e4lter mit <b data-path-to-node=\"20\" data-index-in-node=\"104\">105 Liter Gasinhalt<\/b> (Azogen-Gemisch). 110 Bar Druck und <b data-path-to-node=\"20\" data-index-in-node=\"160\">M10x1 Ventil<\/b>. Optimiert f\u00fcr die hochpr\u00e4zise elektronische Lecksuche<\/p>\n","protected":false},"featured_media":98408,"template":"","meta":[],"product_cat":[246],"product_tag":[],"acf":{"ai_note":""},"yoast_head":"<!-- This site is optimized with the Yoast SEO plugin v20.2 - https:\/\/yoast.com\/wordpress\/plugins\/seo\/ -->\n<title>105L Azogen Einwegflasche (N2\/H2) 110 Bar | M10x1 Anschluss | Refrigerant Boys<\/title>\n<meta name=\"description\" content=\"Einwegbeh\u00e4lter mit 105 Liter Gasinhalt (Azogen-Gemisch). 110 Bar Druck und M10x1 Ventil. Optimiert f\u00fcr die hochpr\u00e4zise elektronische Lecksuche\" \/>\n<meta name=\"robots\" content=\"index, follow, max-snippet:-1, max-image-preview:large, max-video-preview:-1\" \/>\n<link rel=\"canonical\" href=\"https:\/\/www.refrigerantboys.com\/de\/kaufen\/ausruestung\/kanister-azogen-monostickstoff-wasserstoff-100-lt\/\" \/>\n<meta property=\"og:locale\" content=\"de_DE\" \/>\n<meta property=\"og:type\" content=\"article\" \/>\n<meta property=\"og:title\" content=\"105L Azogen Einwegflasche (N2\/H2) 110 Bar | M10x1 Anschluss | Refrigerant Boys\" \/>\n<meta property=\"og:description\" content=\"Einwegbeh\u00e4lter mit 105 Liter Gasinhalt (Azogen-Gemisch). 110 Bar Druck und M10x1 Ventil. Optimiert f\u00fcr die hochpr\u00e4zise elektronische Lecksuche\" \/>\n<meta property=\"og:url\" content=\"https:\/\/www.refrigerantboys.com\/de\/kaufen\/ausruestung\/kanister-azogen-monostickstoff-wasserstoff-100-lt\/\" \/>\n<meta property=\"og:site_name\" content=\"Refrigerant Boys\" \/>\n<meta property=\"article:modified_time\" content=\"2026-03-10T15:01:21+00:00\" \/>\n<meta property=\"og:image\" content=\"https:\/\/www.refrigerantboys.com\/wp-content\/uploads\/2023\/05\/Azogen-Monouso-105-Litri.jpg\" \/>\n\t<meta property=\"og:image:width\" content=\"1350\" \/>\n\t<meta property=\"og:image:height\" content=\"2560\" \/>\n\t<meta property=\"og:image:type\" content=\"image\/jpeg\" \/>\n<meta name=\"twitter:card\" content=\"summary_large_image\" \/>\n<meta name=\"twitter:label1\" content=\"Gesch\u00e4tzte Lesezeit\" \/>\n\t<meta name=\"twitter:data1\" content=\"1\u00a0Minute\" \/>\n<script type=\"application\/ld+json\" class=\"yoast-schema-graph\">{\"@context\":\"https:\/\/schema.org\",\"@graph\":[{\"@type\":\"WebPage\",\"@id\":\"https:\/\/www.refrigerantboys.com\/de\/kaufen\/ausruestung\/kanister-azogen-monostickstoff-wasserstoff-100-lt\/\",\"url\":\"https:\/\/www.refrigerantboys.com\/de\/kaufen\/ausruestung\/kanister-azogen-monostickstoff-wasserstoff-100-lt\/\",\"name\":\"105L Azogen Einwegflasche (N2\/H2) 110 Bar | M10x1 Anschluss | Refrigerant Boys\",\"isPartOf\":{\"@id\":\"https:\/\/www.refrigerantboys.com\/de\/#website\"},\"datePublished\":\"2023-05-17T13:44:12+00:00\",\"dateModified\":\"2026-03-10T15:01:21+00:00\",\"description\":\"Einwegbeh\u00e4lter mit 105 Liter Gasinhalt (Azogen-Gemisch). 110 Bar Druck und M10x1 Ventil. Optimiert f\u00fcr die hochpr\u00e4zise elektronische Lecksuche\",\"breadcrumb\":{\"@id\":\"https:\/\/www.refrigerantboys.com\/de\/kaufen\/ausruestung\/kanister-azogen-monostickstoff-wasserstoff-100-lt\/#breadcrumb\"},\"inLanguage\":\"de\",\"potentialAction\":[{\"@type\":\"ReadAction\",\"target\":[\"https:\/\/www.refrigerantboys.com\/de\/kaufen\/ausruestung\/kanister-azogen-monostickstoff-wasserstoff-100-lt\/\"]}]},{\"@type\":\"BreadcrumbList\",\"@id\":\"https:\/\/www.refrigerantboys.com\/de\/kaufen\/ausruestung\/kanister-azogen-monostickstoff-wasserstoff-100-lt\/#breadcrumb\",\"itemListElement\":[{\"@type\":\"ListItem\",\"position\":1,\"name\":\"Home\",\"item\":\"https:\/\/www.refrigerantboys.com\/de\/\"},{\"@type\":\"ListItem\",\"position\":2,\"name\":\"Gesch\u00e4ft\",\"item\":\"https:\/\/www.refrigerantboys.com\/de\/geschaeft\/\"},{\"@type\":\"ListItem\",\"position\":3,\"name\":\"105L Azogen Einwegflasche (N2\/H2) 110 Bar | M10x1 Anschluss\"}]},{\"@type\":\"WebSite\",\"@id\":\"https:\/\/www.refrigerantboys.com\/de\/#website\",\"url\":\"https:\/\/www.refrigerantboys.com\/de\/\",\"name\":\"Refrigerant Boys\",\"description\":\"Vendita gas refrigeranti\",\"potentialAction\":[{\"@type\":\"SearchAction\",\"target\":{\"@type\":\"EntryPoint\",\"urlTemplate\":\"https:\/\/www.refrigerantboys.com\/de\/?s={search_term_string}\"},\"query-input\":\"required name=search_term_string\"}],\"inLanguage\":\"de\"}]}<\/script>\n<!-- \/ Yoast SEO plugin. -->","yoast_head_json":{"title":"105L Azogen Einwegflasche (N2\/H2) 110 Bar | M10x1 Anschluss | Refrigerant Boys","description":"Einwegbeh\u00e4lter mit 105 Liter Gasinhalt (Azogen-Gemisch). 110 Bar Druck und M10x1 Ventil. Optimiert f\u00fcr die hochpr\u00e4zise elektronische Lecksuche","robots":{"index":"index","follow":"follow","max-snippet":"max-snippet:-1","max-image-preview":"max-image-preview:large","max-video-preview":"max-video-preview:-1"},"canonical":"https:\/\/www.refrigerantboys.com\/de\/kaufen\/ausruestung\/kanister-azogen-monostickstoff-wasserstoff-100-lt\/","og_locale":"de_DE","og_type":"article","og_title":"105L Azogen Einwegflasche (N2\/H2) 110 Bar | M10x1 Anschluss | Refrigerant Boys","og_description":"Einwegbeh\u00e4lter mit 105 Liter Gasinhalt (Azogen-Gemisch). 110 Bar Druck und M10x1 Ventil. Optimiert f\u00fcr die hochpr\u00e4zise elektronische Lecksuche","og_url":"https:\/\/www.refrigerantboys.com\/de\/kaufen\/ausruestung\/kanister-azogen-monostickstoff-wasserstoff-100-lt\/","og_site_name":"Refrigerant Boys","article_modified_time":"2026-03-10T15:01:21+00:00","og_image":[{"width":1350,"height":2560,"url":"https:\/\/www.refrigerantboys.com\/wp-content\/uploads\/2023\/05\/Azogen-Monouso-105-Litri.jpg","type":"image\/jpeg"}],"twitter_card":"summary_large_image","twitter_misc":{"Gesch\u00e4tzte Lesezeit":"1\u00a0Minute"},"schema":{"@context":"https:\/\/schema.org","@graph":[{"@type":"WebPage","@id":"https:\/\/www.refrigerantboys.com\/de\/kaufen\/ausruestung\/kanister-azogen-monostickstoff-wasserstoff-100-lt\/","url":"https:\/\/www.refrigerantboys.com\/de\/kaufen\/ausruestung\/kanister-azogen-monostickstoff-wasserstoff-100-lt\/","name":"105L Azogen Einwegflasche (N2\/H2) 110 Bar | M10x1 Anschluss | Refrigerant Boys","isPartOf":{"@id":"https:\/\/www.refrigerantboys.com\/de\/#website"},"datePublished":"2023-05-17T13:44:12+00:00","dateModified":"2026-03-10T15:01:21+00:00","description":"Einwegbeh\u00e4lter mit 105 Liter Gasinhalt (Azogen-Gemisch). 110 Bar Druck und M10x1 Ventil. Optimiert f\u00fcr die hochpr\u00e4zise elektronische Lecksuche","breadcrumb":{"@id":"https:\/\/www.refrigerantboys.com\/de\/kaufen\/ausruestung\/kanister-azogen-monostickstoff-wasserstoff-100-lt\/#breadcrumb"},"inLanguage":"de","potentialAction":[{"@type":"ReadAction","target":["https:\/\/www.refrigerantboys.com\/de\/kaufen\/ausruestung\/kanister-azogen-monostickstoff-wasserstoff-100-lt\/"]}]},{"@type":"BreadcrumbList","@id":"https:\/\/www.refrigerantboys.com\/de\/kaufen\/ausruestung\/kanister-azogen-monostickstoff-wasserstoff-100-lt\/#breadcrumb","itemListElement":[{"@type":"ListItem","position":1,"name":"Home","item":"https:\/\/www.refrigerantboys.com\/de\/"},{"@type":"ListItem","position":2,"name":"Gesch\u00e4ft","item":"https:\/\/www.refrigerantboys.com\/de\/geschaeft\/"},{"@type":"ListItem","position":3,"name":"105L Azogen Einwegflasche (N2\/H2) 110 Bar | M10x1 Anschluss"}]},{"@type":"WebSite","@id":"https:\/\/www.refrigerantboys.com\/de\/#website","url":"https:\/\/www.refrigerantboys.com\/de\/","name":"Refrigerant Boys","description":"Vendita gas refrigeranti","potentialAction":[{"@type":"SearchAction","target":{"@type":"EntryPoint","urlTemplate":"https:\/\/www.refrigerantboys.com\/de\/?s={search_term_string}"},"query-input":"required name=search_term_string"}],"inLanguage":"de"}]}},"_links":{"self":[{"href":"https:\/\/www.refrigerantboys.com\/de\/wp-json\/wp\/v2\/product\/68592"}],"collection":[{"href":"https:\/\/www.refrigerantboys.com\/de\/wp-json\/wp\/v2\/product"}],"about":[{"href":"https:\/\/www.refrigerantboys.com\/de\/wp-json\/wp\/v2\/types\/product"}],"wp:featuredmedia":[{"embeddable":true,"href":"https:\/\/www.refrigerantboys.com\/de\/wp-json\/wp\/v2\/media\/98408"}],"wp:attachment":[{"href":"https:\/\/www.refrigerantboys.com\/de\/wp-json\/wp\/v2\/media?parent=68592"}],"wp:term":[{"taxonomy":"product_cat","embeddable":true,"href":"https:\/\/www.refrigerantboys.com\/de\/wp-json\/wp\/v2\/product_cat?post=68592"},{"taxonomy":"product_tag","embeddable":true,"href":"https:\/\/www.refrigerantboys.com\/de\/wp-json\/wp\/v2\/product_tag?post=68592"}],"curies":[{"name":"wp","href":"https:\/\/api.w.org\/{rel}","templated":true}]}}