{"id":53158,"date":"2018-09-27T11:58:44","date_gmt":"2022-03-30T15:40:09","guid":{"rendered":"https:\/\/www.refrigerantboys.com\/?post_type=product&#038;p=53158"},"modified":"2022-03-30T16:40:09","modified_gmt":"2022-03-30T15:40:09","slug":"super-seal-total-stop-leckage-komplett-mit-schnellkupplung-fuer-auto-a-c-kuehlung-fuer-r134a","status":"publish","type":"product","link":"https:\/\/www.refrigerantboys.com\/de\/kaufen\/chemikalie\/super-seal-total-stop-leckage-komplett-mit-schnellkupplung-fuer-auto-a-c-kuehlung-fuer-r134a\/","title":{"rendered":"\u201eSuper Seal\u201c Total Stop Leckage komplett mit Schnellkupplung f\u00fcr Auto A \/ C K\u00fchlung f\u00fcr R134a"},"content":{"rendered":"<div>Kompletter \u201eSuper Seal\u201c-Auslaufschutz komplett mit Schnellkupplung f\u00fcr Auto-R134a-K\u00e4lteanlagen<\/div>\n<ul>\n<li>Reparatur von Lecks in Metallteilen wie (Verdampferkondensator)<\/li>\n<li>Reparatur von Lecks in Gummiteilen wie (O-Ringe Rohrdichtungen)<\/li>\n<\/ul>\n<div><\/div>\n<div>Ideal zur L\u00f6sung von Leckageproblemen in Verdampfern, Kondensatoren und anderen Komponenten aus Metall und Gummi. Es ist das einzige Produkt, das unter Vakuum geliefert wird, um seine chemischen Eigenschaften unver\u00e4ndert beizubehalten. Die in der Produktionsphase verwendete Spitzentechnologie garantiert die h\u00f6chste Qualit\u00e4t des Produkts.<\/div>\n<div>Es ist einfach zu bedienen und passt auch mit geladenem System.<\/div>\n","protected":false},"excerpt":{"rendered":"<p>\u201eSuper Seal\u201c Total Stop Leckage komplett mit Schnellkupplung f\u00fcr Auto A \/ C K\u00fchlung f\u00fcr R134a<\/p>\n","protected":false},"featured_media":53151,"template":"","meta":[],"product_cat":[247],"product_tag":[],"acf":{"ai_note":""},"yoast_head":"<!-- This site is optimized with the Yoast SEO plugin v20.2 - https:\/\/yoast.com\/wordpress\/plugins\/seo\/ -->\n<title>\u201eSuper Seal\u201c Total Stop Leckage komplett mit Schnellkupplung f\u00fcr Auto A \/ C K\u00fchlung f\u00fcr R134a | Refrigerant Boys<\/title>\n<meta name=\"description\" content=\"\u201eSuper Seal\u201c Total Stop Leckage komplett mit Schnellkupplung f\u00fcr Auto A \/ C K\u00fchlung f\u00fcr R134a\" \/>\n<meta name=\"robots\" content=\"index, follow, max-snippet:-1, max-image-preview:large, max-video-preview:-1\" \/>\n<link rel=\"canonical\" href=\"https:\/\/www.refrigerantboys.com\/de\/kaufen\/chemikalie\/super-seal-total-stop-leckage-komplett-mit-schnellkupplung-fuer-auto-a-c-kuehlung-fuer-r134a\/\" \/>\n<meta property=\"og:locale\" content=\"de_DE\" \/>\n<meta property=\"og:type\" content=\"article\" \/>\n<meta property=\"og:title\" content=\"\u201eSuper Seal\u201c Total Stop Leckage komplett mit Schnellkupplung f\u00fcr Auto A \/ C K\u00fchlung f\u00fcr R134a | Refrigerant Boys\" \/>\n<meta property=\"og:description\" content=\"\u201eSuper Seal\u201c Total Stop Leckage komplett mit Schnellkupplung f\u00fcr Auto A \/ C K\u00fchlung f\u00fcr R134a\" \/>\n<meta property=\"og:url\" content=\"https:\/\/www.refrigerantboys.com\/de\/kaufen\/chemikalie\/super-seal-total-stop-leckage-komplett-mit-schnellkupplung-fuer-auto-a-c-kuehlung-fuer-r134a\/\" \/>\n<meta property=\"og:site_name\" content=\"Refrigerant Boys\" \/>\n<meta property=\"og:image\" content=\"https:\/\/www.refrigerantboys.com\/wp-content\/uploads\/2018\/09\/70425-1.png\" \/>\n\t<meta property=\"og:image:width\" content=\"200\" \/>\n\t<meta property=\"og:image:height\" content=\"324\" \/>\n\t<meta property=\"og:image:type\" content=\"image\/png\" \/>\n<meta name=\"twitter:card\" content=\"summary_large_image\" \/>\n<meta name=\"twitter:label1\" content=\"Gesch\u00e4tzte Lesezeit\" \/>\n\t<meta name=\"twitter:data1\" content=\"1\u00a0Minute\" \/>\n<script type=\"application\/ld+json\" class=\"yoast-schema-graph\">{\"@context\":\"https:\/\/schema.org\",\"@graph\":[{\"@type\":\"WebPage\",\"@id\":\"https:\/\/www.refrigerantboys.com\/de\/kaufen\/chemikalie\/super-seal-total-stop-leckage-komplett-mit-schnellkupplung-fuer-auto-a-c-kuehlung-fuer-r134a\/\",\"url\":\"https:\/\/www.refrigerantboys.com\/de\/kaufen\/chemikalie\/super-seal-total-stop-leckage-komplett-mit-schnellkupplung-fuer-auto-a-c-kuehlung-fuer-r134a\/\",\"name\":\"\u201eSuper Seal\u201c Total Stop Leckage komplett mit Schnellkupplung f\u00fcr Auto A \/ C K\u00fchlung f\u00fcr R134a | Refrigerant Boys\",\"isPartOf\":{\"@id\":\"https:\/\/www.refrigerantboys.com\/de\/#website\"},\"datePublished\":\"2022-03-30T15:40:09+00:00\",\"dateModified\":\"2022-03-30T15:40:09+00:00\",\"description\":\"\u201eSuper Seal\u201c Total Stop Leckage komplett mit Schnellkupplung f\u00fcr Auto A \/ C K\u00fchlung f\u00fcr R134a\",\"breadcrumb\":{\"@id\":\"https:\/\/www.refrigerantboys.com\/de\/kaufen\/chemikalie\/super-seal-total-stop-leckage-komplett-mit-schnellkupplung-fuer-auto-a-c-kuehlung-fuer-r134a\/#breadcrumb\"},\"inLanguage\":\"de\",\"potentialAction\":[{\"@type\":\"ReadAction\",\"target\":[\"https:\/\/www.refrigerantboys.com\/de\/kaufen\/chemikalie\/super-seal-total-stop-leckage-komplett-mit-schnellkupplung-fuer-auto-a-c-kuehlung-fuer-r134a\/\"]}]},{\"@type\":\"BreadcrumbList\",\"@id\":\"https:\/\/www.refrigerantboys.com\/de\/kaufen\/chemikalie\/super-seal-total-stop-leckage-komplett-mit-schnellkupplung-fuer-auto-a-c-kuehlung-fuer-r134a\/#breadcrumb\",\"itemListElement\":[{\"@type\":\"ListItem\",\"position\":1,\"name\":\"Home\",\"item\":\"https:\/\/www.refrigerantboys.com\/de\/\"},{\"@type\":\"ListItem\",\"position\":2,\"name\":\"Gesch\u00e4ft\",\"item\":\"https:\/\/www.refrigerantboys.com\/de\/geschaeft\/\"},{\"@type\":\"ListItem\",\"position\":3,\"name\":\"\u201eSuper Seal\u201c Total Stop Leckage komplett mit Schnellkupplung f\u00fcr Auto A \/ C K\u00fchlung f\u00fcr R134a\"}]},{\"@type\":\"WebSite\",\"@id\":\"https:\/\/www.refrigerantboys.com\/de\/#website\",\"url\":\"https:\/\/www.refrigerantboys.com\/de\/\",\"name\":\"Refrigerant Boys\",\"description\":\"Vendita gas refrigeranti\",\"potentialAction\":[{\"@type\":\"SearchAction\",\"target\":{\"@type\":\"EntryPoint\",\"urlTemplate\":\"https:\/\/www.refrigerantboys.com\/de\/?s={search_term_string}\"},\"query-input\":\"required name=search_term_string\"}],\"inLanguage\":\"de\"}]}<\/script>\n<!-- \/ Yoast SEO plugin. -->","yoast_head_json":{"title":"\u201eSuper Seal\u201c Total Stop Leckage komplett mit Schnellkupplung f\u00fcr Auto A \/ C K\u00fchlung f\u00fcr R134a | Refrigerant Boys","description":"\u201eSuper Seal\u201c Total Stop Leckage komplett mit Schnellkupplung f\u00fcr Auto A \/ C K\u00fchlung f\u00fcr R134a","robots":{"index":"index","follow":"follow","max-snippet":"max-snippet:-1","max-image-preview":"max-image-preview:large","max-video-preview":"max-video-preview:-1"},"canonical":"https:\/\/www.refrigerantboys.com\/de\/kaufen\/chemikalie\/super-seal-total-stop-leckage-komplett-mit-schnellkupplung-fuer-auto-a-c-kuehlung-fuer-r134a\/","og_locale":"de_DE","og_type":"article","og_title":"\u201eSuper Seal\u201c Total Stop Leckage komplett mit Schnellkupplung f\u00fcr Auto A \/ C K\u00fchlung f\u00fcr R134a | Refrigerant Boys","og_description":"\u201eSuper Seal\u201c Total Stop Leckage komplett mit Schnellkupplung f\u00fcr Auto A \/ C K\u00fchlung f\u00fcr R134a","og_url":"https:\/\/www.refrigerantboys.com\/de\/kaufen\/chemikalie\/super-seal-total-stop-leckage-komplett-mit-schnellkupplung-fuer-auto-a-c-kuehlung-fuer-r134a\/","og_site_name":"Refrigerant Boys","og_image":[{"width":200,"height":324,"url":"https:\/\/www.refrigerantboys.com\/wp-content\/uploads\/2018\/09\/70425-1.png","type":"image\/png"}],"twitter_card":"summary_large_image","twitter_misc":{"Gesch\u00e4tzte Lesezeit":"1\u00a0Minute"},"schema":{"@context":"https:\/\/schema.org","@graph":[{"@type":"WebPage","@id":"https:\/\/www.refrigerantboys.com\/de\/kaufen\/chemikalie\/super-seal-total-stop-leckage-komplett-mit-schnellkupplung-fuer-auto-a-c-kuehlung-fuer-r134a\/","url":"https:\/\/www.refrigerantboys.com\/de\/kaufen\/chemikalie\/super-seal-total-stop-leckage-komplett-mit-schnellkupplung-fuer-auto-a-c-kuehlung-fuer-r134a\/","name":"\u201eSuper Seal\u201c Total Stop Leckage komplett mit Schnellkupplung f\u00fcr Auto A \/ C K\u00fchlung f\u00fcr R134a | Refrigerant Boys","isPartOf":{"@id":"https:\/\/www.refrigerantboys.com\/de\/#website"},"datePublished":"2022-03-30T15:40:09+00:00","dateModified":"2022-03-30T15:40:09+00:00","description":"\u201eSuper Seal\u201c Total Stop Leckage komplett mit Schnellkupplung f\u00fcr Auto A \/ C K\u00fchlung f\u00fcr R134a","breadcrumb":{"@id":"https:\/\/www.refrigerantboys.com\/de\/kaufen\/chemikalie\/super-seal-total-stop-leckage-komplett-mit-schnellkupplung-fuer-auto-a-c-kuehlung-fuer-r134a\/#breadcrumb"},"inLanguage":"de","potentialAction":[{"@type":"ReadAction","target":["https:\/\/www.refrigerantboys.com\/de\/kaufen\/chemikalie\/super-seal-total-stop-leckage-komplett-mit-schnellkupplung-fuer-auto-a-c-kuehlung-fuer-r134a\/"]}]},{"@type":"BreadcrumbList","@id":"https:\/\/www.refrigerantboys.com\/de\/kaufen\/chemikalie\/super-seal-total-stop-leckage-komplett-mit-schnellkupplung-fuer-auto-a-c-kuehlung-fuer-r134a\/#breadcrumb","itemListElement":[{"@type":"ListItem","position":1,"name":"Home","item":"https:\/\/www.refrigerantboys.com\/de\/"},{"@type":"ListItem","position":2,"name":"Gesch\u00e4ft","item":"https:\/\/www.refrigerantboys.com\/de\/geschaeft\/"},{"@type":"ListItem","position":3,"name":"\u201eSuper Seal\u201c Total Stop Leckage komplett mit Schnellkupplung f\u00fcr Auto A \/ C K\u00fchlung f\u00fcr R134a"}]},{"@type":"WebSite","@id":"https:\/\/www.refrigerantboys.com\/de\/#website","url":"https:\/\/www.refrigerantboys.com\/de\/","name":"Refrigerant Boys","description":"Vendita gas refrigeranti","potentialAction":[{"@type":"SearchAction","target":{"@type":"EntryPoint","urlTemplate":"https:\/\/www.refrigerantboys.com\/de\/?s={search_term_string}"},"query-input":"required name=search_term_string"}],"inLanguage":"de"}]}},"_links":{"self":[{"href":"https:\/\/www.refrigerantboys.com\/de\/wp-json\/wp\/v2\/product\/53158"}],"collection":[{"href":"https:\/\/www.refrigerantboys.com\/de\/wp-json\/wp\/v2\/product"}],"about":[{"href":"https:\/\/www.refrigerantboys.com\/de\/wp-json\/wp\/v2\/types\/product"}],"wp:featuredmedia":[{"embeddable":true,"href":"https:\/\/www.refrigerantboys.com\/de\/wp-json\/wp\/v2\/media\/53151"}],"wp:attachment":[{"href":"https:\/\/www.refrigerantboys.com\/de\/wp-json\/wp\/v2\/media?parent=53158"}],"wp:term":[{"taxonomy":"product_cat","embeddable":true,"href":"https:\/\/www.refrigerantboys.com\/de\/wp-json\/wp\/v2\/product_cat?post=53158"},{"taxonomy":"product_tag","embeddable":true,"href":"https:\/\/www.refrigerantboys.com\/de\/wp-json\/wp\/v2\/product_tag?post=53158"}],"curies":[{"name":"wp","href":"https:\/\/api.w.org\/{rel}","templated":true}]}}