{"id":52240,"date":"2022-02-24T15:27:44","date_gmt":"2022-02-24T14:27:45","guid":{"rendered":"https:\/\/www.refrigerantboys.com\/?post_type=product&#038;p=52240"},"modified":"2026-04-14T15:27:55","modified_gmt":"2026-04-14T13:27:55","slug":"kaltemittel-gas-r134a-in-flasche-kaltemittel-mit-12-kg-ventil-1-4","status":"publish","type":"product","link":"https:\/\/www.refrigerantboys.com\/de\/kaufen\/kaeltemittelgase\/r134a\/kaltemittel-gas-r134a-in-flasche-kaltemittel-mit-12-kg-ventil-1-4\/","title":{"rendered":"K\u00e4ltemittel R134a &#8211; 12 kg &#8211; Regenerierte Flasche (Kosteneffizient &#038; Nachhaltig)"},"content":{"rendered":"<p data-path-to-node=\"27\"><b data-path-to-node=\"27\" data-index-in-node=\"0\">R134a 12 kg: Maximale Ersparnis und Profi-Qualit\u00e4t<\/b><\/p>\n<p data-path-to-node=\"28\">Diese general\u00fcberholte Flasche wurde ausgew\u00e4hlt, um einen sofortigen Wettbewerbsvorteil zu bieten: das gleiche Gas wie in neuen Flaschen zu einem g\u00fcnstigeren Preis.<\/p>\n<p data-path-to-node=\"29\"><b data-path-to-node=\"29\" data-index-in-node=\"0\">Warum die general\u00fcberholte Version w\u00e4hlen?<\/b><\/p>\n<ul data-path-to-node=\"30\">\n<li>\n<p data-path-to-node=\"30,0,0\"><b data-path-to-node=\"30,0,0\" data-index-in-node=\"0\">Kostenersparnis:<\/b> Senken Sie Ihre Einkaufskosten f\u00fcr jeden Klimaservice sp\u00fcrbar. Erhalten Sie die gleiche Menge an hochwertigem Frischgas zu einem niedrigeren Listenpreis als bei einem neuen Beh\u00e4lter.<\/p>\n<\/li>\n<li>\n<p data-path-to-node=\"30,1,0\"><b data-path-to-node=\"30,1,0\" data-index-in-node=\"0\">Umweltfreundlichkeit:<\/b> Reduzieren Sie die Umweltbelastung durch die Wiederverwendung zertifizierter Beh\u00e4lter und vermeiden Sie die Entstehung von neuem Metallabfall.<\/p>\n<\/li>\n<li>\n<p data-path-to-node=\"30,2,0\"><b data-path-to-node=\"30,2,0\" data-index-in-node=\"0\">Qualit\u00e4t und Sicherheit:<\/b> Obwohl der Beh\u00e4lter regeneriert ist, ist das enthaltene Gas zu 100 % neu und rein. Jede Flasche wird innen gereinigt und Dichtigkeits- sowie Druckpr\u00fcfungen gem\u00e4\u00df T-PED-Normen unterzogen.<\/p>\n<\/li>\n<\/ul>\n<p data-path-to-node=\"31\"><i data-path-to-node=\"31\" data-index-in-node=\"0\">Hinweis: \u00c4u\u00dferlich kann die Flasche Kratzer oder Gebrauchsspuren aufweisen, die die Sicherheit oder Funktionalit\u00e4t in keiner Weise beeintr\u00e4chtigen.<\/i><\/p>\n<p data-path-to-node=\"32\"><b data-path-to-node=\"32\" data-index-in-node=\"0\">Rechtlicher Hinweis:<\/b> Der Kauf ist professionellen Anwendern vorbehalten, die im Besitz einer F-Gase-Zertifizierung gem\u00e4\u00df der Verordnung (EU) Nr. 517\/2014 sind.<\/p>\n","protected":false},"excerpt":{"rendered":"<div><span style=\"color: #166534; font-weight: bold;\">\u2713 Eco-Tax (Reg. UE 2024\/573)<\/span> <span style=\"color: #dc2626; font-weight: bold; margin-left: 5px;\">4,29 \u20ac\/kg<\/span><\/div>\n<div>\n<pre><span style=\"color: #ff0000; font-size: 20px;\"><strong><strong>GWP[1430<\/strong>]<\/strong><\/span><\/pre>\n<p data-path-to-node=\"56\">Die ideale L\u00f6sung, um die Betriebskosten Ihrer Werkstatt zu senken, ohne auf Qualit\u00e4t zu verzichten. Professionell regenerierte <b data-path-to-node=\"56\" data-index-in-node=\"128\">12-kg-Flasche<\/b> mit <b data-path-to-node=\"56\" data-index-in-node=\"146\">R134a<\/b> Gas.<\/p>\n<ul data-path-to-node=\"57\">\n<li>\n<p data-path-to-node=\"57,0,0\"><b data-path-to-node=\"57,0,0\" data-index-in-node=\"0\">Vorteil:<\/b> G\u00fcnstigerer Preis im Vergleich zu neuen Flaschen.<\/p>\n<\/li>\n<li>\n<p data-path-to-node=\"57,1,0\"><b data-path-to-node=\"57,1,0\" data-index-in-node=\"0\">Qualit\u00e4t:<\/b> 100 % neues Frischgas.<\/p>\n<\/li>\n<li>\n<p data-path-to-node=\"57,2,0\"><b data-path-to-node=\"57,2,0\" data-index-in-node=\"0\">Nachhaltigkeit:<\/b> Umweltfreundliche Wahl (Kreislaufwirtschaft).<\/p>\n<\/li>\n<li>\n<p data-path-to-node=\"57,3,0\"><b data-path-to-node=\"57,3,0\" data-index-in-node=\"0\">Anschluss:<\/b> 1\/4&#8243; SAE Ventil.<\/p>\n<\/li>\n<\/ul>\n<\/div>\n","protected":false},"featured_media":68698,"template":"","meta":[],"product_cat":[232,231],"product_tag":[],"acf":{"ai_note":""},"yoast_head":"<!-- This site is optimized with the Yoast SEO plugin v20.2 - https:\/\/yoast.com\/wordpress\/plugins\/seo\/ -->\n<title>K\u00e4ltemittel R134a - 12 kg - Regenerierte Flasche (Kosteneffizient &amp; Nachhaltig) | Refrigerant Boys<\/title>\n<meta name=\"description\" content=\"\u2713 Eco-Tax (Reg. UE 2024\/573) 4,29 \u20ac\/kg  GWP Die ideale L\u00f6sung, um die Betriebskosten Ihrer Werkstatt zu senken, ohne auf Qualit\u00e4t zu verzichten. Professionell regenerierte 12-kg-Flasche mit R134a Gas.     Vorteil: G\u00fcnstigerer Preis im Vergleich zu neuen Flaschen.    Qualit\u00e4t: 100 % neues Frischgas.    Nachhaltigkeit: Umweltfreundliche Wahl (Kreislaufwirtschaft).    Anschluss: 1\/4&quot; SAE Ventil.\" \/>\n<meta name=\"robots\" content=\"index, follow, max-snippet:-1, max-image-preview:large, max-video-preview:-1\" \/>\n<link rel=\"canonical\" href=\"https:\/\/www.refrigerantboys.com\/de\/kaufen\/kaeltemittelgase\/r134a\/kaltemittel-gas-r134a-in-flasche-kaltemittel-mit-12-kg-ventil-1-4\/\" \/>\n<meta property=\"og:locale\" content=\"de_DE\" \/>\n<meta property=\"og:type\" content=\"article\" \/>\n<meta property=\"og:title\" content=\"K\u00e4ltemittel R134a - 12 kg - Regenerierte Flasche (Kosteneffizient &amp; Nachhaltig) | Refrigerant Boys\" \/>\n<meta property=\"og:description\" content=\"\u2713 Eco-Tax (Reg. UE 2024\/573) 4,29 \u20ac\/kg  GWP Die ideale L\u00f6sung, um die Betriebskosten Ihrer Werkstatt zu senken, ohne auf Qualit\u00e4t zu verzichten. Professionell regenerierte 12-kg-Flasche mit R134a Gas.     Vorteil: G\u00fcnstigerer Preis im Vergleich zu neuen Flaschen.    Qualit\u00e4t: 100 % neues Frischgas.    Nachhaltigkeit: Umweltfreundliche Wahl (Kreislaufwirtschaft).    Anschluss: 1\/4&quot; SAE Ventil.\" \/>\n<meta property=\"og:url\" content=\"https:\/\/www.refrigerantboys.com\/de\/kaufen\/kaeltemittelgase\/r134a\/kaltemittel-gas-r134a-in-flasche-kaltemittel-mit-12-kg-ventil-1-4\/\" \/>\n<meta property=\"og:site_name\" content=\"Refrigerant Boys\" \/>\n<meta property=\"article:modified_time\" content=\"2026-04-14T13:27:55+00:00\" \/>\n<meta property=\"og:image\" content=\"https:\/\/www.refrigerantboys.com\/wp-content\/uploads\/2022\/02\/r134a-12kgu-300x590-1.png\" \/>\n\t<meta property=\"og:image:width\" content=\"382\" \/>\n\t<meta property=\"og:image:height\" content=\"642\" \/>\n\t<meta property=\"og:image:type\" content=\"image\/png\" \/>\n<meta name=\"twitter:card\" content=\"summary_large_image\" \/>\n<meta name=\"twitter:label1\" content=\"Gesch\u00e4tzte Lesezeit\" \/>\n\t<meta name=\"twitter:data1\" content=\"1\u00a0Minute\" \/>\n<script type=\"application\/ld+json\" class=\"yoast-schema-graph\">{\"@context\":\"https:\/\/schema.org\",\"@graph\":[{\"@type\":\"WebPage\",\"@id\":\"https:\/\/www.refrigerantboys.com\/de\/kaufen\/kaeltemittelgase\/r134a\/kaltemittel-gas-r134a-in-flasche-kaltemittel-mit-12-kg-ventil-1-4\/\",\"url\":\"https:\/\/www.refrigerantboys.com\/de\/kaufen\/kaeltemittelgase\/r134a\/kaltemittel-gas-r134a-in-flasche-kaltemittel-mit-12-kg-ventil-1-4\/\",\"name\":\"K\u00e4ltemittel R134a - 12 kg - Regenerierte Flasche (Kosteneffizient & Nachhaltig) | Refrigerant Boys\",\"isPartOf\":{\"@id\":\"https:\/\/www.refrigerantboys.com\/de\/#website\"},\"datePublished\":\"2022-02-24T14:27:45+00:00\",\"dateModified\":\"2026-04-14T13:27:55+00:00\",\"description\":\"\u2713 Eco-Tax (Reg. UE 2024\/573) 4,29 \u20ac\/kg GWP Die ideale L\u00f6sung, um die Betriebskosten Ihrer Werkstatt zu senken, ohne auf Qualit\u00e4t zu verzichten. Professionell regenerierte 12-kg-Flasche mit R134a Gas. Vorteil: G\u00fcnstigerer Preis im Vergleich zu neuen Flaschen. Qualit\u00e4t: 100 % neues Frischgas. Nachhaltigkeit: Umweltfreundliche Wahl (Kreislaufwirtschaft). Anschluss: 1\/4\\\" SAE Ventil.\",\"breadcrumb\":{\"@id\":\"https:\/\/www.refrigerantboys.com\/de\/kaufen\/kaeltemittelgase\/r134a\/kaltemittel-gas-r134a-in-flasche-kaltemittel-mit-12-kg-ventil-1-4\/#breadcrumb\"},\"inLanguage\":\"de\",\"potentialAction\":[{\"@type\":\"ReadAction\",\"target\":[\"https:\/\/www.refrigerantboys.com\/de\/kaufen\/kaeltemittelgase\/r134a\/kaltemittel-gas-r134a-in-flasche-kaltemittel-mit-12-kg-ventil-1-4\/\"]}]},{\"@type\":\"BreadcrumbList\",\"@id\":\"https:\/\/www.refrigerantboys.com\/de\/kaufen\/kaeltemittelgase\/r134a\/kaltemittel-gas-r134a-in-flasche-kaltemittel-mit-12-kg-ventil-1-4\/#breadcrumb\",\"itemListElement\":[{\"@type\":\"ListItem\",\"position\":1,\"name\":\"Home\",\"item\":\"https:\/\/www.refrigerantboys.com\/de\/\"},{\"@type\":\"ListItem\",\"position\":2,\"name\":\"Gesch\u00e4ft\",\"item\":\"https:\/\/www.refrigerantboys.com\/de\/geschaeft\/\"},{\"@type\":\"ListItem\",\"position\":3,\"name\":\"K\u00e4ltemittel R134a &#8211; 12 kg &#8211; Regenerierte Flasche (Kosteneffizient &#038; Nachhaltig)\"}]},{\"@type\":\"WebSite\",\"@id\":\"https:\/\/www.refrigerantboys.com\/de\/#website\",\"url\":\"https:\/\/www.refrigerantboys.com\/de\/\",\"name\":\"Refrigerant Boys\",\"description\":\"Vendita gas refrigeranti\",\"potentialAction\":[{\"@type\":\"SearchAction\",\"target\":{\"@type\":\"EntryPoint\",\"urlTemplate\":\"https:\/\/www.refrigerantboys.com\/de\/?s={search_term_string}\"},\"query-input\":\"required name=search_term_string\"}],\"inLanguage\":\"de\"}]}<\/script>\n<!-- \/ Yoast SEO plugin. -->","yoast_head_json":{"title":"K\u00e4ltemittel R134a - 12 kg - Regenerierte Flasche (Kosteneffizient & Nachhaltig) | Refrigerant Boys","description":"\u2713 Eco-Tax (Reg. UE 2024\/573) 4,29 \u20ac\/kg  GWP Die ideale L\u00f6sung, um die Betriebskosten Ihrer Werkstatt zu senken, ohne auf Qualit\u00e4t zu verzichten. Professionell regenerierte 12-kg-Flasche mit R134a Gas.     Vorteil: G\u00fcnstigerer Preis im Vergleich zu neuen Flaschen.    Qualit\u00e4t: 100 % neues Frischgas.    Nachhaltigkeit: Umweltfreundliche Wahl (Kreislaufwirtschaft).    Anschluss: 1\/4\" SAE Ventil.","robots":{"index":"index","follow":"follow","max-snippet":"max-snippet:-1","max-image-preview":"max-image-preview:large","max-video-preview":"max-video-preview:-1"},"canonical":"https:\/\/www.refrigerantboys.com\/de\/kaufen\/kaeltemittelgase\/r134a\/kaltemittel-gas-r134a-in-flasche-kaltemittel-mit-12-kg-ventil-1-4\/","og_locale":"de_DE","og_type":"article","og_title":"K\u00e4ltemittel R134a - 12 kg - Regenerierte Flasche (Kosteneffizient & Nachhaltig) | Refrigerant Boys","og_description":"\u2713 Eco-Tax (Reg. UE 2024\/573) 4,29 \u20ac\/kg  GWP Die ideale L\u00f6sung, um die Betriebskosten Ihrer Werkstatt zu senken, ohne auf Qualit\u00e4t zu verzichten. Professionell regenerierte 12-kg-Flasche mit R134a Gas.     Vorteil: G\u00fcnstigerer Preis im Vergleich zu neuen Flaschen.    Qualit\u00e4t: 100 % neues Frischgas.    Nachhaltigkeit: Umweltfreundliche Wahl (Kreislaufwirtschaft).    Anschluss: 1\/4\" SAE Ventil.","og_url":"https:\/\/www.refrigerantboys.com\/de\/kaufen\/kaeltemittelgase\/r134a\/kaltemittel-gas-r134a-in-flasche-kaltemittel-mit-12-kg-ventil-1-4\/","og_site_name":"Refrigerant Boys","article_modified_time":"2026-04-14T13:27:55+00:00","og_image":[{"width":382,"height":642,"url":"https:\/\/www.refrigerantboys.com\/wp-content\/uploads\/2022\/02\/r134a-12kgu-300x590-1.png","type":"image\/png"}],"twitter_card":"summary_large_image","twitter_misc":{"Gesch\u00e4tzte Lesezeit":"1\u00a0Minute"},"schema":{"@context":"https:\/\/schema.org","@graph":[{"@type":"WebPage","@id":"https:\/\/www.refrigerantboys.com\/de\/kaufen\/kaeltemittelgase\/r134a\/kaltemittel-gas-r134a-in-flasche-kaltemittel-mit-12-kg-ventil-1-4\/","url":"https:\/\/www.refrigerantboys.com\/de\/kaufen\/kaeltemittelgase\/r134a\/kaltemittel-gas-r134a-in-flasche-kaltemittel-mit-12-kg-ventil-1-4\/","name":"K\u00e4ltemittel R134a - 12 kg - Regenerierte Flasche (Kosteneffizient & Nachhaltig) | Refrigerant Boys","isPartOf":{"@id":"https:\/\/www.refrigerantboys.com\/de\/#website"},"datePublished":"2022-02-24T14:27:45+00:00","dateModified":"2026-04-14T13:27:55+00:00","description":"\u2713 Eco-Tax (Reg. UE 2024\/573) 4,29 \u20ac\/kg GWP Die ideale L\u00f6sung, um die Betriebskosten Ihrer Werkstatt zu senken, ohne auf Qualit\u00e4t zu verzichten. Professionell regenerierte 12-kg-Flasche mit R134a Gas. Vorteil: G\u00fcnstigerer Preis im Vergleich zu neuen Flaschen. Qualit\u00e4t: 100 % neues Frischgas. Nachhaltigkeit: Umweltfreundliche Wahl (Kreislaufwirtschaft). Anschluss: 1\/4\" SAE Ventil.","breadcrumb":{"@id":"https:\/\/www.refrigerantboys.com\/de\/kaufen\/kaeltemittelgase\/r134a\/kaltemittel-gas-r134a-in-flasche-kaltemittel-mit-12-kg-ventil-1-4\/#breadcrumb"},"inLanguage":"de","potentialAction":[{"@type":"ReadAction","target":["https:\/\/www.refrigerantboys.com\/de\/kaufen\/kaeltemittelgase\/r134a\/kaltemittel-gas-r134a-in-flasche-kaltemittel-mit-12-kg-ventil-1-4\/"]}]},{"@type":"BreadcrumbList","@id":"https:\/\/www.refrigerantboys.com\/de\/kaufen\/kaeltemittelgase\/r134a\/kaltemittel-gas-r134a-in-flasche-kaltemittel-mit-12-kg-ventil-1-4\/#breadcrumb","itemListElement":[{"@type":"ListItem","position":1,"name":"Home","item":"https:\/\/www.refrigerantboys.com\/de\/"},{"@type":"ListItem","position":2,"name":"Gesch\u00e4ft","item":"https:\/\/www.refrigerantboys.com\/de\/geschaeft\/"},{"@type":"ListItem","position":3,"name":"K\u00e4ltemittel R134a &#8211; 12 kg &#8211; Regenerierte Flasche (Kosteneffizient &#038; Nachhaltig)"}]},{"@type":"WebSite","@id":"https:\/\/www.refrigerantboys.com\/de\/#website","url":"https:\/\/www.refrigerantboys.com\/de\/","name":"Refrigerant Boys","description":"Vendita gas refrigeranti","potentialAction":[{"@type":"SearchAction","target":{"@type":"EntryPoint","urlTemplate":"https:\/\/www.refrigerantboys.com\/de\/?s={search_term_string}"},"query-input":"required name=search_term_string"}],"inLanguage":"de"}]}},"_links":{"self":[{"href":"https:\/\/www.refrigerantboys.com\/de\/wp-json\/wp\/v2\/product\/52240"}],"collection":[{"href":"https:\/\/www.refrigerantboys.com\/de\/wp-json\/wp\/v2\/product"}],"about":[{"href":"https:\/\/www.refrigerantboys.com\/de\/wp-json\/wp\/v2\/types\/product"}],"wp:featuredmedia":[{"embeddable":true,"href":"https:\/\/www.refrigerantboys.com\/de\/wp-json\/wp\/v2\/media\/68698"}],"wp:attachment":[{"href":"https:\/\/www.refrigerantboys.com\/de\/wp-json\/wp\/v2\/media?parent=52240"}],"wp:term":[{"taxonomy":"product_cat","embeddable":true,"href":"https:\/\/www.refrigerantboys.com\/de\/wp-json\/wp\/v2\/product_cat?post=52240"},{"taxonomy":"product_tag","embeddable":true,"href":"https:\/\/www.refrigerantboys.com\/de\/wp-json\/wp\/v2\/product_tag?post=52240"}],"curies":[{"name":"wp","href":"https:\/\/api.w.org\/{rel}","templated":true}]}}