{"id":5188,"date":"2017-10-28T22:48:33","date_gmt":"2017-10-28T22:48:33","guid":{"rendered":"https:\/\/www.refrigerantboys.com\/senza%20categoria\/gasflasche-450-g-zum-schweisen\/"},"modified":"2021-06-21T13:07:16","modified_gmt":"2021-06-21T12:07:16","slug":"gasflasche-450-g-zum-schweisen","status":"publish","type":"product","link":"https:\/\/www.refrigerantboys.com\/de\/kaufen\/ausruestung\/gasflasche-450-g-zum-schweisen\/","title":{"rendered":"Gasflasche 450 g zum Schwei\u00dfen"},"content":{"rendered":"<p>Gas UN 1965 in der Gasflasche 450 g mit Gasgemisch aus gasf\u00f6rmigen Kohlenwasserstoffen zum Schwei\u00dfen, kann Temperaturen \u00fcber 2500 \u00b0C erreichen. Hergestellt in Italien<\/p>\n","protected":false},"excerpt":{"rendered":"<p>Gasflasche 450 g zum Schwei\u00dfen<\/p>\n<ul>\n<li><strong><a href=\"https:\/\/www.youtube.com\/watch?v=yjIL3z6O9wI\">VIDEO<\/a><\/strong><\/li>\n<\/ul>\n","protected":false},"featured_media":50495,"template":"","meta":[],"product_cat":[246],"product_tag":[],"acf":{"ai_note":""},"yoast_head":"<!-- This site is optimized with the Yoast SEO plugin v20.2 - https:\/\/yoast.com\/wordpress\/plugins\/seo\/ -->\n<title>Gasflasche 450 g zum Schwei\u00dfen | Refrigerant Boys<\/title>\n<meta name=\"description\" content=\"Gasflasche 450 g zum Schwei\u00dfen   VIDEO\" \/>\n<meta name=\"robots\" content=\"index, follow, max-snippet:-1, max-image-preview:large, max-video-preview:-1\" \/>\n<link rel=\"canonical\" href=\"https:\/\/www.refrigerantboys.com\/de\/kaufen\/ausruestung\/gasflasche-450-g-zum-schweisen\/\" \/>\n<meta property=\"og:locale\" content=\"de_DE\" \/>\n<meta property=\"og:type\" content=\"article\" \/>\n<meta property=\"og:title\" content=\"Gasflasche 450 g zum Schwei\u00dfen | Refrigerant Boys\" \/>\n<meta property=\"og:description\" content=\"Gasflasche 450 g zum Schwei\u00dfen   VIDEO\" \/>\n<meta property=\"og:url\" content=\"https:\/\/www.refrigerantboys.com\/de\/kaufen\/ausruestung\/gasflasche-450-g-zum-schweisen\/\" \/>\n<meta property=\"og:site_name\" content=\"Refrigerant Boys\" \/>\n<meta property=\"article:modified_time\" content=\"2021-06-21T12:07:16+00:00\" \/>\n<meta property=\"og:image\" content=\"https:\/\/www.refrigerantboys.com\/wp-content\/uploads\/2017\/10\/BB450MS.png\" \/>\n\t<meta property=\"og:image:width\" content=\"498\" \/>\n\t<meta property=\"og:image:height\" content=\"627\" \/>\n\t<meta property=\"og:image:type\" content=\"image\/png\" \/>\n<meta name=\"twitter:card\" content=\"summary_large_image\" \/>\n<script type=\"application\/ld+json\" class=\"yoast-schema-graph\">{\"@context\":\"https:\/\/schema.org\",\"@graph\":[{\"@type\":\"WebPage\",\"@id\":\"https:\/\/www.refrigerantboys.com\/de\/kaufen\/ausruestung\/gasflasche-450-g-zum-schweisen\/\",\"url\":\"https:\/\/www.refrigerantboys.com\/de\/kaufen\/ausruestung\/gasflasche-450-g-zum-schweisen\/\",\"name\":\"Gasflasche 450 g zum Schwei\u00dfen | Refrigerant Boys\",\"isPartOf\":{\"@id\":\"https:\/\/www.refrigerantboys.com\/de\/#website\"},\"datePublished\":\"2017-10-28T22:48:33+00:00\",\"dateModified\":\"2021-06-21T12:07:16+00:00\",\"description\":\"Gasflasche 450 g zum Schwei\u00dfen VIDEO\",\"breadcrumb\":{\"@id\":\"https:\/\/www.refrigerantboys.com\/de\/kaufen\/ausruestung\/gasflasche-450-g-zum-schweisen\/#breadcrumb\"},\"inLanguage\":\"de\",\"potentialAction\":[{\"@type\":\"ReadAction\",\"target\":[\"https:\/\/www.refrigerantboys.com\/de\/kaufen\/ausruestung\/gasflasche-450-g-zum-schweisen\/\"]}]},{\"@type\":\"BreadcrumbList\",\"@id\":\"https:\/\/www.refrigerantboys.com\/de\/kaufen\/ausruestung\/gasflasche-450-g-zum-schweisen\/#breadcrumb\",\"itemListElement\":[{\"@type\":\"ListItem\",\"position\":1,\"name\":\"Home\",\"item\":\"https:\/\/www.refrigerantboys.com\/de\/\"},{\"@type\":\"ListItem\",\"position\":2,\"name\":\"Gesch\u00e4ft\",\"item\":\"https:\/\/www.refrigerantboys.com\/de\/geschaeft\/\"},{\"@type\":\"ListItem\",\"position\":3,\"name\":\"Gasflasche 450 g zum Schwei\u00dfen\"}]},{\"@type\":\"WebSite\",\"@id\":\"https:\/\/www.refrigerantboys.com\/de\/#website\",\"url\":\"https:\/\/www.refrigerantboys.com\/de\/\",\"name\":\"Refrigerant Boys\",\"description\":\"Vendita gas refrigeranti\",\"potentialAction\":[{\"@type\":\"SearchAction\",\"target\":{\"@type\":\"EntryPoint\",\"urlTemplate\":\"https:\/\/www.refrigerantboys.com\/de\/?s={search_term_string}\"},\"query-input\":\"required name=search_term_string\"}],\"inLanguage\":\"de\"}]}<\/script>\n<!-- \/ Yoast SEO plugin. -->","yoast_head_json":{"title":"Gasflasche 450 g zum Schwei\u00dfen | Refrigerant Boys","description":"Gasflasche 450 g zum Schwei\u00dfen   VIDEO","robots":{"index":"index","follow":"follow","max-snippet":"max-snippet:-1","max-image-preview":"max-image-preview:large","max-video-preview":"max-video-preview:-1"},"canonical":"https:\/\/www.refrigerantboys.com\/de\/kaufen\/ausruestung\/gasflasche-450-g-zum-schweisen\/","og_locale":"de_DE","og_type":"article","og_title":"Gasflasche 450 g zum Schwei\u00dfen | Refrigerant Boys","og_description":"Gasflasche 450 g zum Schwei\u00dfen   VIDEO","og_url":"https:\/\/www.refrigerantboys.com\/de\/kaufen\/ausruestung\/gasflasche-450-g-zum-schweisen\/","og_site_name":"Refrigerant Boys","article_modified_time":"2021-06-21T12:07:16+00:00","og_image":[{"width":498,"height":627,"url":"https:\/\/www.refrigerantboys.com\/wp-content\/uploads\/2017\/10\/BB450MS.png","type":"image\/png"}],"twitter_card":"summary_large_image","schema":{"@context":"https:\/\/schema.org","@graph":[{"@type":"WebPage","@id":"https:\/\/www.refrigerantboys.com\/de\/kaufen\/ausruestung\/gasflasche-450-g-zum-schweisen\/","url":"https:\/\/www.refrigerantboys.com\/de\/kaufen\/ausruestung\/gasflasche-450-g-zum-schweisen\/","name":"Gasflasche 450 g zum Schwei\u00dfen | Refrigerant Boys","isPartOf":{"@id":"https:\/\/www.refrigerantboys.com\/de\/#website"},"datePublished":"2017-10-28T22:48:33+00:00","dateModified":"2021-06-21T12:07:16+00:00","description":"Gasflasche 450 g zum Schwei\u00dfen VIDEO","breadcrumb":{"@id":"https:\/\/www.refrigerantboys.com\/de\/kaufen\/ausruestung\/gasflasche-450-g-zum-schweisen\/#breadcrumb"},"inLanguage":"de","potentialAction":[{"@type":"ReadAction","target":["https:\/\/www.refrigerantboys.com\/de\/kaufen\/ausruestung\/gasflasche-450-g-zum-schweisen\/"]}]},{"@type":"BreadcrumbList","@id":"https:\/\/www.refrigerantboys.com\/de\/kaufen\/ausruestung\/gasflasche-450-g-zum-schweisen\/#breadcrumb","itemListElement":[{"@type":"ListItem","position":1,"name":"Home","item":"https:\/\/www.refrigerantboys.com\/de\/"},{"@type":"ListItem","position":2,"name":"Gesch\u00e4ft","item":"https:\/\/www.refrigerantboys.com\/de\/geschaeft\/"},{"@type":"ListItem","position":3,"name":"Gasflasche 450 g zum Schwei\u00dfen"}]},{"@type":"WebSite","@id":"https:\/\/www.refrigerantboys.com\/de\/#website","url":"https:\/\/www.refrigerantboys.com\/de\/","name":"Refrigerant Boys","description":"Vendita gas refrigeranti","potentialAction":[{"@type":"SearchAction","target":{"@type":"EntryPoint","urlTemplate":"https:\/\/www.refrigerantboys.com\/de\/?s={search_term_string}"},"query-input":"required name=search_term_string"}],"inLanguage":"de"}]}},"_links":{"self":[{"href":"https:\/\/www.refrigerantboys.com\/de\/wp-json\/wp\/v2\/product\/5188"}],"collection":[{"href":"https:\/\/www.refrigerantboys.com\/de\/wp-json\/wp\/v2\/product"}],"about":[{"href":"https:\/\/www.refrigerantboys.com\/de\/wp-json\/wp\/v2\/types\/product"}],"wp:featuredmedia":[{"embeddable":true,"href":"https:\/\/www.refrigerantboys.com\/de\/wp-json\/wp\/v2\/media\/50495"}],"wp:attachment":[{"href":"https:\/\/www.refrigerantboys.com\/de\/wp-json\/wp\/v2\/media?parent=5188"}],"wp:term":[{"taxonomy":"product_cat","embeddable":true,"href":"https:\/\/www.refrigerantboys.com\/de\/wp-json\/wp\/v2\/product_cat?post=5188"},{"taxonomy":"product_tag","embeddable":true,"href":"https:\/\/www.refrigerantboys.com\/de\/wp-json\/wp\/v2\/product_tag?post=5188"}],"curies":[{"name":"wp","href":"https:\/\/api.w.org\/{rel}","templated":true}]}}