{"id":5185,"date":"2017-10-28T22:52:19","date_gmt":"2017-10-28T22:52:19","guid":{"rendered":"https:\/\/www.refrigerantboys.com\/senza%20categoria\/mikroleckage-kit-fur-stickstoff-wasserstoff-kuhlung\/"},"modified":"2026-04-28T12:37:39","modified_gmt":"2026-04-28T10:37:39","slug":"kit-micro-mikro-stickstoff-wasserstoff-100-lt","status":"publish","type":"product","link":"https:\/\/www.refrigerantboys.com\/de\/kaufen\/ausruestung\/kit-micro-mikro-stickstoff-wasserstoff-100-lt\/","title":{"rendered":"Professionelles Stickstoff\/Wasserstoff-Mikrolecksuchkit (N2-H2) &#8211; M10x1-Anschluss"},"content":{"rendered":"<p data-path-to-node=\"12\"><b data-path-to-node=\"12\" data-index-in-node=\"0\">Er identifiziert Verluste, wo andere versagen.<\/b><\/p>\n<p data-path-to-node=\"12\">Das Lecksuchsystem <b data-path-to-node=\"12\" data-index-in-node=\"89\">mit Stickstoff-Wasserstoff-Gemisch (N2-H2)<\/b> ist heute der h\u00f6chste Standard f\u00fcr die Wartung von K\u00fchlsystemen. W\u00e4hrend reiner Stickstoff zur Pr\u00fcfung der Gleitringdichtung verwendet wird, erm\u00f6glicht die Zugabe von 5% Wasserstoff den Einsatz spezieller elektronischer Lecksuchger\u00e4te, um winzige Lecks (weniger als 5g\/Jahr) zu finden.<\/p>\n<p data-path-to-node=\"13\"><b data-path-to-node=\"13\" data-index-in-node=\"0\">Wie der Test funktioniert:<\/b><\/p>\n<p data-path-to-node=\"13\">Der Techniker setzt das System auf den korrekten Betriebsdruck (basierend auf dem Original-K\u00e4ltemittelgas) unter Druck. Das integrierte Manometer erm\u00f6glicht eine erste visuelle \u00dcberpr\u00fcfung der Dichtheit, w\u00e4hrend das \u00dcberfahren der Verbindungen, Verdampfer und Kondensatoren mit dem Lecksuchger\u00e4t eine sofortige Identifizierung des kritischen Punktes gew\u00e4hrleistet.<\/p>\n<p data-path-to-node=\"14\"><b data-path-to-node=\"14\" data-index-in-node=\"0\">Mehrzweckanwendungen:<\/b><\/p>\n<ul data-path-to-node=\"15\">\n<li>\n<p data-path-to-node=\"15,0,0\"><b data-path-to-node=\"15,0,0\" data-index-in-node=\"0\">Fortgeschrittene Diagnostik:<\/b> Dichtheitspr\u00fcfung von HVAC- und A\/C-Systemen in Kraftfahrzeugen (R134a, R1234yf).<\/p>\n<\/li>\n<li>\n<p data-path-to-node=\"15,1,0\"><b data-path-to-node=\"15,1,0\" data-index-in-node=\"0\">Wartung von Komponenten:<\/b> Gezielte Inspektion von Verdampfern und Kondensatoren.<\/p>\n<\/li>\n<li>\n<p data-path-to-node=\"15,2,0\"><b data-path-to-node=\"15,2,0\" data-index-in-node=\"0\">Systemreinigung:<\/b> Professionelle Reinigung von HVAC-Systemen.<\/p>\n<\/li>\n<li>\n<p data-path-to-node=\"15,3,0\"><b data-path-to-node=\"15,3,0\" data-index-in-node=\"0\">Sicheres L\u00f6ten:<\/b> Stickstoffsp\u00fclung w\u00e4hrend des L\u00f6tens, um Oxidation zu verhindern.<\/p>\n<\/li>\n<li>\n<p data-path-to-node=\"15,4,0\"><b data-path-to-node=\"15,4,0\" data-index-in-node=\"0\">Kalibrierung:<\/b> \u00dcberpr\u00fcfung und Kalibrierung der bordeigenen Druckmessger\u00e4te und Druckschalter.<\/p>\n<\/li>\n<\/ul>\n<p data-path-to-node=\"16\"><b data-path-to-node=\"16\" data-index-in-node=\"0\">Warum sollten Sie sich f\u00fcr unser Micro-Performance Kit Case entscheiden?<\/b><\/p>\n<p data-path-to-node=\"16\">Er wurde f\u00fcr den t\u00e4glichen Einsatz in der Werkstatt oder auf der Baustelle entwickelt und bietet Pr\u00e4zision, die Ihre Arbeit sch\u00fctzt: weniger verlorene Nachf\u00fcllungen, weniger Garantier\u00fcckgaben, mehr Kundenzufriedenheit.<\/p>\n<hr data-path-to-node=\"17\" \/>\n<h3 data-path-to-node=\"18\">4. Tabelle der technischen Daten (zum Einscannen)<\/h3>\n<p data-path-to-node=\"19\"><i data-path-to-node=\"19\" data-index-in-node=\"0\">F\u00fcgen Sie unten auf der Seite eine Tabelle f\u00fcr &#8216;reine Daten&#8217; hinzu.<\/i><\/p>\n<table data-path-to-node=\"20\">\n<thead>\n<tr>\n<td><strong>Merkmal<\/strong><\/td>\n<td><strong>Spezifikationen<\/strong><\/td>\n<\/tr>\n<\/thead>\n<tbody>\n<tr>\n<td><span data-path-to-node=\"20,1,0,0\"><b data-path-to-node=\"20,1,0,0\" data-index-in-node=\"0\">Verwendetes Gas<\/b><\/span><\/td>\n<td><span data-path-to-node=\"20,1,1,0\">Gemisch Stickstoff 95%\/Wasserstoff 5% (Azohydro)<\/span><\/td>\n<\/tr>\n<tr>\n<td><span data-path-to-node=\"20,2,0,0\"><b data-path-to-node=\"20,2,0,0\" data-index-in-node=\"0\">Sektoren<\/b><\/span><\/td>\n<td><span data-path-to-node=\"20,2,1,0\">Automobil, HVAC, Industrielle K\u00e4ltetechnik<\/span><\/td>\n<\/tr>\n<tr>\n<td><span data-path-to-node=\"20,3,0,0\"><b data-path-to-node=\"20,3,0,0\" data-index-in-node=\"0\">Anschl\u00fcsse<\/b><\/span><\/td>\n<td><span data-path-to-node=\"20,3,1,0\">Standardm\u00e4\u00dfig kompatibel mit Azogen Druckminderern<\/span><\/td>\n<\/tr>\n<tr>\n<td><span data-path-to-node=\"20,4,0,0\"><b data-path-to-node=\"20,4,0,0\" data-index-in-node=\"0\">Tragbarkeit<\/b><\/span><\/td>\n<td><span data-path-to-node=\"20,4,1,0\">Inklusive sto\u00dffester Hartschalenkoffer<\/span><\/td>\n<\/tr>\n<\/tbody>\n<\/table>\n","protected":false},"excerpt":{"rendered":"<p data-path-to-node=\"8,0\"><b data-path-to-node=\"8,0\" data-index-in-node=\"0\">Es sp\u00fcrt unsichtbare Lecks mit h\u00f6chster Genauigkeit auf.<\/b> Professioneller Koffer zum Testen von Klimaanlagen und HVAC-Systemen mit einem Stickstoff-Wasserstoff-Gemisch. Dank des Wasserstoffmolek\u00fcls sp\u00fcrt es Lecks auf, die mit reinem Stickstoff nicht zu finden sind.<\/p>\n<ul data-path-to-node=\"8,1\">\n<li>\n<p data-path-to-node=\"8,1,0,0\"><b data-path-to-node=\"8,1,0,0\" data-index-in-node=\"0\">Standardanschluss:<\/b> Ventilgewinde <b data-path-to-node=\"8,1,0,0\" data-index-in-node=\"38\">M10x1<\/b> (kompatibel mit den wichtigsten Reduzierst\u00fccken f\u00fcr Einwegflaschen).<\/p>\n<\/li>\n<li>\n<p data-path-to-node=\"8,1,1,0\"><b data-path-to-node=\"8,1,1,0\" data-index-in-node=\"0\">Komplettset:<\/b> Robuster Koffer f\u00fcr den Einsatz in der Werkstatt oder auf der Baustelle.<\/p>\n<\/li>\n<li>\n<p data-path-to-node=\"8,1,2,0\"><b data-path-to-node=\"8,1,2,0\" data-index-in-node=\"0\">Hohe Genauigkeit:<\/b> Ideal zum Testen von Verdampfern, Kondensatoren und Autoklimaanlagen.<\/p>\n<\/li>\n<\/ul>\n","protected":false},"featured_media":68541,"template":"","meta":[],"product_cat":[246],"product_tag":[],"acf":{"ai_note":""},"yoast_head":"<!-- This site is optimized with the Yoast SEO plugin v20.2 - https:\/\/yoast.com\/wordpress\/plugins\/seo\/ -->\n<title>Professionelles Stickstoff\/Wasserstoff-Mikrolecksuchkit (N2-H2) - M10x1-Anschluss | Refrigerant Boys<\/title>\n<meta name=\"description\" content=\"Es sp\u00fcrt unsichtbare Lecks mit h\u00f6chster Genauigkeit auf. Professioneller Koffer zum Testen von Klimaanlagen und HVAC-Systemen mit einem Stickstoff-Wasserstoff-Gemisch. Dank des Wasserstoffmolek\u00fcls sp\u00fcrt es Lecks auf, die mit reinem Stickstoff nicht zu finden sind.     Standardanschluss: Ventilgewinde M10x1 (kompatibel mit den wichtigsten Reduzierst\u00fccken f\u00fcr Einwegflaschen).    Komplettset: Robuster Koffer f\u00fcr den Einsatz in der Werkstatt oder auf der Baustelle.    Hohe Genauigkeit: Ideal zum Testen von Verdampfern, Kondensatoren und Autoklimaanlagen.\" \/>\n<meta name=\"robots\" content=\"index, follow, max-snippet:-1, max-image-preview:large, max-video-preview:-1\" \/>\n<link rel=\"canonical\" href=\"https:\/\/www.refrigerantboys.com\/de\/kaufen\/ausruestung\/kit-micro-mikro-stickstoff-wasserstoff-100-lt\/\" \/>\n<meta property=\"og:locale\" content=\"de_DE\" \/>\n<meta property=\"og:type\" content=\"article\" \/>\n<meta property=\"og:title\" content=\"Professionelles Stickstoff\/Wasserstoff-Mikrolecksuchkit (N2-H2) - M10x1-Anschluss | Refrigerant Boys\" \/>\n<meta property=\"og:description\" content=\"Es sp\u00fcrt unsichtbare Lecks mit h\u00f6chster Genauigkeit auf. Professioneller Koffer zum Testen von Klimaanlagen und HVAC-Systemen mit einem Stickstoff-Wasserstoff-Gemisch. Dank des Wasserstoffmolek\u00fcls sp\u00fcrt es Lecks auf, die mit reinem Stickstoff nicht zu finden sind.     Standardanschluss: Ventilgewinde M10x1 (kompatibel mit den wichtigsten Reduzierst\u00fccken f\u00fcr Einwegflaschen).    Komplettset: Robuster Koffer f\u00fcr den Einsatz in der Werkstatt oder auf der Baustelle.    Hohe Genauigkeit: Ideal zum Testen von Verdampfern, Kondensatoren und Autoklimaanlagen.\" \/>\n<meta property=\"og:url\" content=\"https:\/\/www.refrigerantboys.com\/de\/kaufen\/ausruestung\/kit-micro-mikro-stickstoff-wasserstoff-100-lt\/\" \/>\n<meta property=\"og:site_name\" content=\"Refrigerant Boys\" \/>\n<meta property=\"article:modified_time\" content=\"2026-04-28T10:37:39+00:00\" \/>\n<meta property=\"og:image\" content=\"https:\/\/www.refrigerantboys.com\/wp-content\/uploads\/2017\/10\/KVIDAZ-1-scaled.jpg\" \/>\n\t<meta property=\"og:image:width\" content=\"2422\" \/>\n\t<meta property=\"og:image:height\" content=\"2560\" \/>\n\t<meta property=\"og:image:type\" content=\"image\/jpeg\" \/>\n<meta name=\"twitter:card\" content=\"summary_large_image\" \/>\n<meta name=\"twitter:label1\" content=\"Gesch\u00e4tzte Lesezeit\" \/>\n\t<meta name=\"twitter:data1\" content=\"2\u00a0Minuten\" \/>\n<script type=\"application\/ld+json\" class=\"yoast-schema-graph\">{\"@context\":\"https:\/\/schema.org\",\"@graph\":[{\"@type\":\"WebPage\",\"@id\":\"https:\/\/www.refrigerantboys.com\/de\/kaufen\/ausruestung\/kit-micro-mikro-stickstoff-wasserstoff-100-lt\/\",\"url\":\"https:\/\/www.refrigerantboys.com\/de\/kaufen\/ausruestung\/kit-micro-mikro-stickstoff-wasserstoff-100-lt\/\",\"name\":\"Professionelles Stickstoff\/Wasserstoff-Mikrolecksuchkit (N2-H2) - M10x1-Anschluss | Refrigerant Boys\",\"isPartOf\":{\"@id\":\"https:\/\/www.refrigerantboys.com\/de\/#website\"},\"datePublished\":\"2017-10-28T22:52:19+00:00\",\"dateModified\":\"2026-04-28T10:37:39+00:00\",\"description\":\"Es sp\u00fcrt unsichtbare Lecks mit h\u00f6chster Genauigkeit auf. Professioneller Koffer zum Testen von Klimaanlagen und HVAC-Systemen mit einem Stickstoff-Wasserstoff-Gemisch. Dank des Wasserstoffmolek\u00fcls sp\u00fcrt es Lecks auf, die mit reinem Stickstoff nicht zu finden sind. Standardanschluss: Ventilgewinde M10x1 (kompatibel mit den wichtigsten Reduzierst\u00fccken f\u00fcr Einwegflaschen). Komplettset: Robuster Koffer f\u00fcr den Einsatz in der Werkstatt oder auf der Baustelle. Hohe Genauigkeit: Ideal zum Testen von Verdampfern, Kondensatoren und Autoklimaanlagen.\",\"breadcrumb\":{\"@id\":\"https:\/\/www.refrigerantboys.com\/de\/kaufen\/ausruestung\/kit-micro-mikro-stickstoff-wasserstoff-100-lt\/#breadcrumb\"},\"inLanguage\":\"de\",\"potentialAction\":[{\"@type\":\"ReadAction\",\"target\":[\"https:\/\/www.refrigerantboys.com\/de\/kaufen\/ausruestung\/kit-micro-mikro-stickstoff-wasserstoff-100-lt\/\"]}]},{\"@type\":\"BreadcrumbList\",\"@id\":\"https:\/\/www.refrigerantboys.com\/de\/kaufen\/ausruestung\/kit-micro-mikro-stickstoff-wasserstoff-100-lt\/#breadcrumb\",\"itemListElement\":[{\"@type\":\"ListItem\",\"position\":1,\"name\":\"Home\",\"item\":\"https:\/\/www.refrigerantboys.com\/de\/\"},{\"@type\":\"ListItem\",\"position\":2,\"name\":\"Gesch\u00e4ft\",\"item\":\"https:\/\/www.refrigerantboys.com\/de\/geschaeft\/\"},{\"@type\":\"ListItem\",\"position\":3,\"name\":\"Professionelles Stickstoff\/Wasserstoff-Mikrolecksuchkit (N2-H2) &#8211; M10x1-Anschluss\"}]},{\"@type\":\"WebSite\",\"@id\":\"https:\/\/www.refrigerantboys.com\/de\/#website\",\"url\":\"https:\/\/www.refrigerantboys.com\/de\/\",\"name\":\"Refrigerant Boys\",\"description\":\"Vendita gas refrigeranti\",\"potentialAction\":[{\"@type\":\"SearchAction\",\"target\":{\"@type\":\"EntryPoint\",\"urlTemplate\":\"https:\/\/www.refrigerantboys.com\/de\/?s={search_term_string}\"},\"query-input\":\"required name=search_term_string\"}],\"inLanguage\":\"de\"}]}<\/script>\n<!-- \/ Yoast SEO plugin. -->","yoast_head_json":{"title":"Professionelles Stickstoff\/Wasserstoff-Mikrolecksuchkit (N2-H2) - M10x1-Anschluss | Refrigerant Boys","description":"Es sp\u00fcrt unsichtbare Lecks mit h\u00f6chster Genauigkeit auf. Professioneller Koffer zum Testen von Klimaanlagen und HVAC-Systemen mit einem Stickstoff-Wasserstoff-Gemisch. Dank des Wasserstoffmolek\u00fcls sp\u00fcrt es Lecks auf, die mit reinem Stickstoff nicht zu finden sind.     Standardanschluss: Ventilgewinde M10x1 (kompatibel mit den wichtigsten Reduzierst\u00fccken f\u00fcr Einwegflaschen).    Komplettset: Robuster Koffer f\u00fcr den Einsatz in der Werkstatt oder auf der Baustelle.    Hohe Genauigkeit: Ideal zum Testen von Verdampfern, Kondensatoren und Autoklimaanlagen.","robots":{"index":"index","follow":"follow","max-snippet":"max-snippet:-1","max-image-preview":"max-image-preview:large","max-video-preview":"max-video-preview:-1"},"canonical":"https:\/\/www.refrigerantboys.com\/de\/kaufen\/ausruestung\/kit-micro-mikro-stickstoff-wasserstoff-100-lt\/","og_locale":"de_DE","og_type":"article","og_title":"Professionelles Stickstoff\/Wasserstoff-Mikrolecksuchkit (N2-H2) - M10x1-Anschluss | Refrigerant Boys","og_description":"Es sp\u00fcrt unsichtbare Lecks mit h\u00f6chster Genauigkeit auf. Professioneller Koffer zum Testen von Klimaanlagen und HVAC-Systemen mit einem Stickstoff-Wasserstoff-Gemisch. Dank des Wasserstoffmolek\u00fcls sp\u00fcrt es Lecks auf, die mit reinem Stickstoff nicht zu finden sind.     Standardanschluss: Ventilgewinde M10x1 (kompatibel mit den wichtigsten Reduzierst\u00fccken f\u00fcr Einwegflaschen).    Komplettset: Robuster Koffer f\u00fcr den Einsatz in der Werkstatt oder auf der Baustelle.    Hohe Genauigkeit: Ideal zum Testen von Verdampfern, Kondensatoren und Autoklimaanlagen.","og_url":"https:\/\/www.refrigerantboys.com\/de\/kaufen\/ausruestung\/kit-micro-mikro-stickstoff-wasserstoff-100-lt\/","og_site_name":"Refrigerant Boys","article_modified_time":"2026-04-28T10:37:39+00:00","og_image":[{"width":2422,"height":2560,"url":"https:\/\/www.refrigerantboys.com\/wp-content\/uploads\/2017\/10\/KVIDAZ-1-scaled.jpg","type":"image\/jpeg"}],"twitter_card":"summary_large_image","twitter_misc":{"Gesch\u00e4tzte Lesezeit":"2\u00a0Minuten"},"schema":{"@context":"https:\/\/schema.org","@graph":[{"@type":"WebPage","@id":"https:\/\/www.refrigerantboys.com\/de\/kaufen\/ausruestung\/kit-micro-mikro-stickstoff-wasserstoff-100-lt\/","url":"https:\/\/www.refrigerantboys.com\/de\/kaufen\/ausruestung\/kit-micro-mikro-stickstoff-wasserstoff-100-lt\/","name":"Professionelles Stickstoff\/Wasserstoff-Mikrolecksuchkit (N2-H2) - M10x1-Anschluss | Refrigerant Boys","isPartOf":{"@id":"https:\/\/www.refrigerantboys.com\/de\/#website"},"datePublished":"2017-10-28T22:52:19+00:00","dateModified":"2026-04-28T10:37:39+00:00","description":"Es sp\u00fcrt unsichtbare Lecks mit h\u00f6chster Genauigkeit auf. Professioneller Koffer zum Testen von Klimaanlagen und HVAC-Systemen mit einem Stickstoff-Wasserstoff-Gemisch. Dank des Wasserstoffmolek\u00fcls sp\u00fcrt es Lecks auf, die mit reinem Stickstoff nicht zu finden sind. Standardanschluss: Ventilgewinde M10x1 (kompatibel mit den wichtigsten Reduzierst\u00fccken f\u00fcr Einwegflaschen). Komplettset: Robuster Koffer f\u00fcr den Einsatz in der Werkstatt oder auf der Baustelle. Hohe Genauigkeit: Ideal zum Testen von Verdampfern, Kondensatoren und Autoklimaanlagen.","breadcrumb":{"@id":"https:\/\/www.refrigerantboys.com\/de\/kaufen\/ausruestung\/kit-micro-mikro-stickstoff-wasserstoff-100-lt\/#breadcrumb"},"inLanguage":"de","potentialAction":[{"@type":"ReadAction","target":["https:\/\/www.refrigerantboys.com\/de\/kaufen\/ausruestung\/kit-micro-mikro-stickstoff-wasserstoff-100-lt\/"]}]},{"@type":"BreadcrumbList","@id":"https:\/\/www.refrigerantboys.com\/de\/kaufen\/ausruestung\/kit-micro-mikro-stickstoff-wasserstoff-100-lt\/#breadcrumb","itemListElement":[{"@type":"ListItem","position":1,"name":"Home","item":"https:\/\/www.refrigerantboys.com\/de\/"},{"@type":"ListItem","position":2,"name":"Gesch\u00e4ft","item":"https:\/\/www.refrigerantboys.com\/de\/geschaeft\/"},{"@type":"ListItem","position":3,"name":"Professionelles Stickstoff\/Wasserstoff-Mikrolecksuchkit (N2-H2) &#8211; M10x1-Anschluss"}]},{"@type":"WebSite","@id":"https:\/\/www.refrigerantboys.com\/de\/#website","url":"https:\/\/www.refrigerantboys.com\/de\/","name":"Refrigerant Boys","description":"Vendita gas refrigeranti","potentialAction":[{"@type":"SearchAction","target":{"@type":"EntryPoint","urlTemplate":"https:\/\/www.refrigerantboys.com\/de\/?s={search_term_string}"},"query-input":"required name=search_term_string"}],"inLanguage":"de"}]}},"_links":{"self":[{"href":"https:\/\/www.refrigerantboys.com\/de\/wp-json\/wp\/v2\/product\/5185"}],"collection":[{"href":"https:\/\/www.refrigerantboys.com\/de\/wp-json\/wp\/v2\/product"}],"about":[{"href":"https:\/\/www.refrigerantboys.com\/de\/wp-json\/wp\/v2\/types\/product"}],"wp:featuredmedia":[{"embeddable":true,"href":"https:\/\/www.refrigerantboys.com\/de\/wp-json\/wp\/v2\/media\/68541"}],"wp:attachment":[{"href":"https:\/\/www.refrigerantboys.com\/de\/wp-json\/wp\/v2\/media?parent=5185"}],"wp:term":[{"taxonomy":"product_cat","embeddable":true,"href":"https:\/\/www.refrigerantboys.com\/de\/wp-json\/wp\/v2\/product_cat?post=5185"},{"taxonomy":"product_tag","embeddable":true,"href":"https:\/\/www.refrigerantboys.com\/de\/wp-json\/wp\/v2\/product_tag?post=5185"}],"curies":[{"name":"wp","href":"https:\/\/api.w.org\/{rel}","templated":true}]}}