{"id":5116,"date":"2017-10-28T22:50:09","date_gmt":"2017-10-28T22:50:09","guid":{"rendered":"https:\/\/www.refrigerantboys.com\/senza%20categoria\/regulierbarer-schweisbrenner-mit-austrittsoffnung-o-16-mm\/"},"modified":"2023-05-17T16:29:10","modified_gmt":"2023-05-17T14:29:10","slug":"blasrohr-mit-einstellbarer-flamme-o-115-mm","status":"publish","type":"product","link":"https:\/\/www.refrigerantboys.com\/de\/kaufen\/ausruestung\/blasrohr-mit-einstellbarer-flamme-o-115-mm\/","title":{"rendered":"Brenner mit verstellbarem Flammenaustritt \u00d8 11,5 mm"},"content":{"rendered":"<p>Brenner mit Z\u00fcndung und Flammenregler ideal zum Schwei\u00dfen aller Arten von Legierungen &#8211; Durchmesser 11,5 \u00d8<\/p>\n","protected":false},"excerpt":{"rendered":"<p>Regulierbarer Schwei\u00dfbrenner mit Austritts\u00f6ffnung \u00d8 16 mm<\/p>\n","protected":false},"featured_media":68606,"template":"","meta":[],"product_cat":[246],"product_tag":[],"acf":{"ai_note":""},"yoast_head":"<!-- This site is optimized with the Yoast SEO plugin v20.2 - https:\/\/yoast.com\/wordpress\/plugins\/seo\/ -->\n<title>Brenner mit verstellbarem Flammenaustritt \u00d8 11,5 mm | Refrigerant Boys<\/title>\n<meta name=\"description\" content=\"Regulierbarer Schwei\u00dfbrenner mit Austritts\u00f6ffnung \u00d8 16 mm\" \/>\n<meta name=\"robots\" content=\"index, follow, max-snippet:-1, max-image-preview:large, max-video-preview:-1\" \/>\n<link rel=\"canonical\" href=\"https:\/\/www.refrigerantboys.com\/de\/kaufen\/ausruestung\/blasrohr-mit-einstellbarer-flamme-o-115-mm\/\" \/>\n<meta property=\"og:locale\" content=\"de_DE\" \/>\n<meta property=\"og:type\" content=\"article\" \/>\n<meta property=\"og:title\" content=\"Brenner mit verstellbarem Flammenaustritt \u00d8 11,5 mm | Refrigerant Boys\" \/>\n<meta property=\"og:description\" content=\"Regulierbarer Schwei\u00dfbrenner mit Austritts\u00f6ffnung \u00d8 16 mm\" \/>\n<meta property=\"og:url\" content=\"https:\/\/www.refrigerantboys.com\/de\/kaufen\/ausruestung\/blasrohr-mit-einstellbarer-flamme-o-115-mm\/\" \/>\n<meta property=\"og:site_name\" content=\"Refrigerant Boys\" \/>\n<meta property=\"article:modified_time\" content=\"2023-05-17T14:29:10+00:00\" \/>\n<meta property=\"og:image\" content=\"https:\/\/www.refrigerantboys.com\/wp-content\/uploads\/2017\/10\/MAP-TR_300dpi-scaled.jpg\" \/>\n\t<meta property=\"og:image:width\" content=\"1330\" \/>\n\t<meta property=\"og:image:height\" content=\"2560\" \/>\n\t<meta property=\"og:image:type\" content=\"image\/jpeg\" \/>\n<meta name=\"twitter:card\" content=\"summary_large_image\" \/>\n<meta name=\"twitter:label1\" content=\"Gesch\u00e4tzte Lesezeit\" \/>\n\t<meta name=\"twitter:data1\" content=\"1\u00a0Minute\" \/>\n<script type=\"application\/ld+json\" class=\"yoast-schema-graph\">{\"@context\":\"https:\/\/schema.org\",\"@graph\":[{\"@type\":\"WebPage\",\"@id\":\"https:\/\/www.refrigerantboys.com\/de\/kaufen\/ausruestung\/blasrohr-mit-einstellbarer-flamme-o-115-mm\/\",\"url\":\"https:\/\/www.refrigerantboys.com\/de\/kaufen\/ausruestung\/blasrohr-mit-einstellbarer-flamme-o-115-mm\/\",\"name\":\"Brenner mit verstellbarem Flammenaustritt \u00d8 11,5 mm | Refrigerant Boys\",\"isPartOf\":{\"@id\":\"https:\/\/www.refrigerantboys.com\/de\/#website\"},\"datePublished\":\"2017-10-28T22:50:09+00:00\",\"dateModified\":\"2023-05-17T14:29:10+00:00\",\"description\":\"Regulierbarer Schwei\u00dfbrenner mit Austritts\u00f6ffnung \u00d8 16 mm\",\"breadcrumb\":{\"@id\":\"https:\/\/www.refrigerantboys.com\/de\/kaufen\/ausruestung\/blasrohr-mit-einstellbarer-flamme-o-115-mm\/#breadcrumb\"},\"inLanguage\":\"de\",\"potentialAction\":[{\"@type\":\"ReadAction\",\"target\":[\"https:\/\/www.refrigerantboys.com\/de\/kaufen\/ausruestung\/blasrohr-mit-einstellbarer-flamme-o-115-mm\/\"]}]},{\"@type\":\"BreadcrumbList\",\"@id\":\"https:\/\/www.refrigerantboys.com\/de\/kaufen\/ausruestung\/blasrohr-mit-einstellbarer-flamme-o-115-mm\/#breadcrumb\",\"itemListElement\":[{\"@type\":\"ListItem\",\"position\":1,\"name\":\"Home\",\"item\":\"https:\/\/www.refrigerantboys.com\/de\/\"},{\"@type\":\"ListItem\",\"position\":2,\"name\":\"Gesch\u00e4ft\",\"item\":\"https:\/\/www.refrigerantboys.com\/de\/geschaeft\/\"},{\"@type\":\"ListItem\",\"position\":3,\"name\":\"Brenner mit verstellbarem Flammenaustritt \u00d8 11,5 mm\"}]},{\"@type\":\"WebSite\",\"@id\":\"https:\/\/www.refrigerantboys.com\/de\/#website\",\"url\":\"https:\/\/www.refrigerantboys.com\/de\/\",\"name\":\"Refrigerant Boys\",\"description\":\"Vendita gas refrigeranti\",\"potentialAction\":[{\"@type\":\"SearchAction\",\"target\":{\"@type\":\"EntryPoint\",\"urlTemplate\":\"https:\/\/www.refrigerantboys.com\/de\/?s={search_term_string}\"},\"query-input\":\"required name=search_term_string\"}],\"inLanguage\":\"de\"}]}<\/script>\n<!-- \/ Yoast SEO plugin. -->","yoast_head_json":{"title":"Brenner mit verstellbarem Flammenaustritt \u00d8 11,5 mm | Refrigerant Boys","description":"Regulierbarer Schwei\u00dfbrenner mit Austritts\u00f6ffnung \u00d8 16 mm","robots":{"index":"index","follow":"follow","max-snippet":"max-snippet:-1","max-image-preview":"max-image-preview:large","max-video-preview":"max-video-preview:-1"},"canonical":"https:\/\/www.refrigerantboys.com\/de\/kaufen\/ausruestung\/blasrohr-mit-einstellbarer-flamme-o-115-mm\/","og_locale":"de_DE","og_type":"article","og_title":"Brenner mit verstellbarem Flammenaustritt \u00d8 11,5 mm | Refrigerant Boys","og_description":"Regulierbarer Schwei\u00dfbrenner mit Austritts\u00f6ffnung \u00d8 16 mm","og_url":"https:\/\/www.refrigerantboys.com\/de\/kaufen\/ausruestung\/blasrohr-mit-einstellbarer-flamme-o-115-mm\/","og_site_name":"Refrigerant Boys","article_modified_time":"2023-05-17T14:29:10+00:00","og_image":[{"width":1330,"height":2560,"url":"https:\/\/www.refrigerantboys.com\/wp-content\/uploads\/2017\/10\/MAP-TR_300dpi-scaled.jpg","type":"image\/jpeg"}],"twitter_card":"summary_large_image","twitter_misc":{"Gesch\u00e4tzte Lesezeit":"1\u00a0Minute"},"schema":{"@context":"https:\/\/schema.org","@graph":[{"@type":"WebPage","@id":"https:\/\/www.refrigerantboys.com\/de\/kaufen\/ausruestung\/blasrohr-mit-einstellbarer-flamme-o-115-mm\/","url":"https:\/\/www.refrigerantboys.com\/de\/kaufen\/ausruestung\/blasrohr-mit-einstellbarer-flamme-o-115-mm\/","name":"Brenner mit verstellbarem Flammenaustritt \u00d8 11,5 mm | Refrigerant Boys","isPartOf":{"@id":"https:\/\/www.refrigerantboys.com\/de\/#website"},"datePublished":"2017-10-28T22:50:09+00:00","dateModified":"2023-05-17T14:29:10+00:00","description":"Regulierbarer Schwei\u00dfbrenner mit Austritts\u00f6ffnung \u00d8 16 mm","breadcrumb":{"@id":"https:\/\/www.refrigerantboys.com\/de\/kaufen\/ausruestung\/blasrohr-mit-einstellbarer-flamme-o-115-mm\/#breadcrumb"},"inLanguage":"de","potentialAction":[{"@type":"ReadAction","target":["https:\/\/www.refrigerantboys.com\/de\/kaufen\/ausruestung\/blasrohr-mit-einstellbarer-flamme-o-115-mm\/"]}]},{"@type":"BreadcrumbList","@id":"https:\/\/www.refrigerantboys.com\/de\/kaufen\/ausruestung\/blasrohr-mit-einstellbarer-flamme-o-115-mm\/#breadcrumb","itemListElement":[{"@type":"ListItem","position":1,"name":"Home","item":"https:\/\/www.refrigerantboys.com\/de\/"},{"@type":"ListItem","position":2,"name":"Gesch\u00e4ft","item":"https:\/\/www.refrigerantboys.com\/de\/geschaeft\/"},{"@type":"ListItem","position":3,"name":"Brenner mit verstellbarem Flammenaustritt \u00d8 11,5 mm"}]},{"@type":"WebSite","@id":"https:\/\/www.refrigerantboys.com\/de\/#website","url":"https:\/\/www.refrigerantboys.com\/de\/","name":"Refrigerant Boys","description":"Vendita gas refrigeranti","potentialAction":[{"@type":"SearchAction","target":{"@type":"EntryPoint","urlTemplate":"https:\/\/www.refrigerantboys.com\/de\/?s={search_term_string}"},"query-input":"required name=search_term_string"}],"inLanguage":"de"}]}},"_links":{"self":[{"href":"https:\/\/www.refrigerantboys.com\/de\/wp-json\/wp\/v2\/product\/5116"}],"collection":[{"href":"https:\/\/www.refrigerantboys.com\/de\/wp-json\/wp\/v2\/product"}],"about":[{"href":"https:\/\/www.refrigerantboys.com\/de\/wp-json\/wp\/v2\/types\/product"}],"wp:featuredmedia":[{"embeddable":true,"href":"https:\/\/www.refrigerantboys.com\/de\/wp-json\/wp\/v2\/media\/68606"}],"wp:attachment":[{"href":"https:\/\/www.refrigerantboys.com\/de\/wp-json\/wp\/v2\/media?parent=5116"}],"wp:term":[{"taxonomy":"product_cat","embeddable":true,"href":"https:\/\/www.refrigerantboys.com\/de\/wp-json\/wp\/v2\/product_cat?post=5116"},{"taxonomy":"product_tag","embeddable":true,"href":"https:\/\/www.refrigerantboys.com\/de\/wp-json\/wp\/v2\/product_tag?post=5116"}],"curies":[{"name":"wp","href":"https:\/\/api.w.org\/{rel}","templated":true}]}}