{"id":5106,"date":"2018-10-01T20:11:54","date_gmt":"2018-10-01T20:11:54","guid":{"rendered":"https:\/\/www.refrigerantboys.com\/senza%20categoria\/druckminderer-fur-gashahn-217-zoll-x-1-14-1-4-zoll\/"},"modified":"2021-10-08T13:24:58","modified_gmt":"2021-10-08T12:24:58","slug":"reduzierung-fuer-217-1-14-innengewindebohrer-1-4-aussenauslass-fuer-40-lt-kaeltemittelgasflaschen","status":"publish","type":"product","link":"https:\/\/www.refrigerantboys.com\/de\/kaufen\/ausruestung\/reduzierung-fuer-217-1-14-innengewindebohrer-1-4-aussenauslass-fuer-40-lt-kaeltemittelgasflaschen\/","title":{"rendered":"Reduzierung f\u00fcr 21,7 &#8220;- 1\/14&#8221; Innengewindebohrer 1\/4 &#8220;Au\u00dfenauslass f\u00fcr 40-lt-K\u00e4ltemittelgasflaschen"},"content":{"rendered":"<p>Reduzierung f\u00fcr <strong>21,7 \u2033 &#8211; 1\/14 \u2033 Hahn Innengewinde 1\/4 \u2033<\/strong> Ausgang Au\u00dfengewinde verwendbar f\u00fcr K\u00e4ltemittelgasflaschen<\/p>\n","protected":false},"excerpt":{"rendered":"<p><!--more--><\/p>\n","protected":false},"featured_media":94983,"template":"","meta":[],"product_cat":[246],"product_tag":[],"acf":{"ai_note":""},"yoast_head":"<!-- This site is optimized with the Yoast SEO plugin v20.2 - https:\/\/yoast.com\/wordpress\/plugins\/seo\/ -->\n<title>Reduzierung f\u00fcr 21,7 &quot;- 1\/14&quot; Innengewindebohrer 1\/4 &quot;Au\u00dfenauslass f\u00fcr 40-lt-K\u00e4ltemittelgasflaschen | Refrigerant Boys<\/title>\n<meta name=\"robots\" content=\"index, follow, max-snippet:-1, max-image-preview:large, max-video-preview:-1\" \/>\n<link rel=\"canonical\" href=\"https:\/\/www.refrigerantboys.com\/de\/kaufen\/ausruestung\/reduzierung-fuer-217-1-14-innengewindebohrer-1-4-aussenauslass-fuer-40-lt-kaeltemittelgasflaschen\/\" \/>\n<meta property=\"og:locale\" content=\"de_DE\" \/>\n<meta property=\"og:type\" content=\"article\" \/>\n<meta property=\"og:title\" content=\"Reduzierung f\u00fcr 21,7 &quot;- 1\/14&quot; Innengewindebohrer 1\/4 &quot;Au\u00dfenauslass f\u00fcr 40-lt-K\u00e4ltemittelgasflaschen | Refrigerant Boys\" \/>\n<meta property=\"og:url\" content=\"https:\/\/www.refrigerantboys.com\/de\/kaufen\/ausruestung\/reduzierung-fuer-217-1-14-innengewindebohrer-1-4-aussenauslass-fuer-40-lt-kaeltemittelgasflaschen\/\" \/>\n<meta property=\"og:site_name\" content=\"Refrigerant Boys\" \/>\n<meta property=\"article:modified_time\" content=\"2021-10-08T12:24:58+00:00\" \/>\n<meta property=\"og:image\" content=\"https:\/\/www.refrigerantboys.com\/wp-content\/uploads\/2018\/10\/RI14.png\" \/>\n\t<meta property=\"og:image:width\" content=\"504\" \/>\n\t<meta property=\"og:image:height\" content=\"442\" \/>\n\t<meta property=\"og:image:type\" content=\"image\/png\" \/>\n<meta name=\"twitter:card\" content=\"summary_large_image\" \/>\n<meta name=\"twitter:label1\" content=\"Gesch\u00e4tzte Lesezeit\" \/>\n\t<meta name=\"twitter:data1\" content=\"1\u00a0Minute\" \/>\n<script type=\"application\/ld+json\" class=\"yoast-schema-graph\">{\"@context\":\"https:\/\/schema.org\",\"@graph\":[{\"@type\":\"WebPage\",\"@id\":\"https:\/\/www.refrigerantboys.com\/de\/kaufen\/ausruestung\/reduzierung-fuer-217-1-14-innengewindebohrer-1-4-aussenauslass-fuer-40-lt-kaeltemittelgasflaschen\/\",\"url\":\"https:\/\/www.refrigerantboys.com\/de\/kaufen\/ausruestung\/reduzierung-fuer-217-1-14-innengewindebohrer-1-4-aussenauslass-fuer-40-lt-kaeltemittelgasflaschen\/\",\"name\":\"Reduzierung f\u00fcr 21,7 \\\"- 1\/14\\\" Innengewindebohrer 1\/4 \\\"Au\u00dfenauslass f\u00fcr 40-lt-K\u00e4ltemittelgasflaschen | Refrigerant Boys\",\"isPartOf\":{\"@id\":\"https:\/\/www.refrigerantboys.com\/de\/#website\"},\"datePublished\":\"2018-10-01T20:11:54+00:00\",\"dateModified\":\"2021-10-08T12:24:58+00:00\",\"breadcrumb\":{\"@id\":\"https:\/\/www.refrigerantboys.com\/de\/kaufen\/ausruestung\/reduzierung-fuer-217-1-14-innengewindebohrer-1-4-aussenauslass-fuer-40-lt-kaeltemittelgasflaschen\/#breadcrumb\"},\"inLanguage\":\"de\",\"potentialAction\":[{\"@type\":\"ReadAction\",\"target\":[\"https:\/\/www.refrigerantboys.com\/de\/kaufen\/ausruestung\/reduzierung-fuer-217-1-14-innengewindebohrer-1-4-aussenauslass-fuer-40-lt-kaeltemittelgasflaschen\/\"]}]},{\"@type\":\"BreadcrumbList\",\"@id\":\"https:\/\/www.refrigerantboys.com\/de\/kaufen\/ausruestung\/reduzierung-fuer-217-1-14-innengewindebohrer-1-4-aussenauslass-fuer-40-lt-kaeltemittelgasflaschen\/#breadcrumb\",\"itemListElement\":[{\"@type\":\"ListItem\",\"position\":1,\"name\":\"Home\",\"item\":\"https:\/\/www.refrigerantboys.com\/de\/\"},{\"@type\":\"ListItem\",\"position\":2,\"name\":\"Gesch\u00e4ft\",\"item\":\"https:\/\/www.refrigerantboys.com\/de\/geschaeft\/\"},{\"@type\":\"ListItem\",\"position\":3,\"name\":\"Reduzierung f\u00fcr 21,7 &#8220;- 1\/14&#8221; Innengewindebohrer 1\/4 &#8220;Au\u00dfenauslass f\u00fcr 40-lt-K\u00e4ltemittelgasflaschen\"}]},{\"@type\":\"WebSite\",\"@id\":\"https:\/\/www.refrigerantboys.com\/de\/#website\",\"url\":\"https:\/\/www.refrigerantboys.com\/de\/\",\"name\":\"Refrigerant Boys\",\"description\":\"Vendita gas refrigeranti\",\"potentialAction\":[{\"@type\":\"SearchAction\",\"target\":{\"@type\":\"EntryPoint\",\"urlTemplate\":\"https:\/\/www.refrigerantboys.com\/de\/?s={search_term_string}\"},\"query-input\":\"required name=search_term_string\"}],\"inLanguage\":\"de\"}]}<\/script>\n<!-- \/ Yoast SEO plugin. -->","yoast_head_json":{"title":"Reduzierung f\u00fcr 21,7 \"- 1\/14\" Innengewindebohrer 1\/4 \"Au\u00dfenauslass f\u00fcr 40-lt-K\u00e4ltemittelgasflaschen | Refrigerant Boys","robots":{"index":"index","follow":"follow","max-snippet":"max-snippet:-1","max-image-preview":"max-image-preview:large","max-video-preview":"max-video-preview:-1"},"canonical":"https:\/\/www.refrigerantboys.com\/de\/kaufen\/ausruestung\/reduzierung-fuer-217-1-14-innengewindebohrer-1-4-aussenauslass-fuer-40-lt-kaeltemittelgasflaschen\/","og_locale":"de_DE","og_type":"article","og_title":"Reduzierung f\u00fcr 21,7 \"- 1\/14\" Innengewindebohrer 1\/4 \"Au\u00dfenauslass f\u00fcr 40-lt-K\u00e4ltemittelgasflaschen | Refrigerant Boys","og_url":"https:\/\/www.refrigerantboys.com\/de\/kaufen\/ausruestung\/reduzierung-fuer-217-1-14-innengewindebohrer-1-4-aussenauslass-fuer-40-lt-kaeltemittelgasflaschen\/","og_site_name":"Refrigerant Boys","article_modified_time":"2021-10-08T12:24:58+00:00","og_image":[{"width":504,"height":442,"url":"https:\/\/www.refrigerantboys.com\/wp-content\/uploads\/2018\/10\/RI14.png","type":"image\/png"}],"twitter_card":"summary_large_image","twitter_misc":{"Gesch\u00e4tzte Lesezeit":"1\u00a0Minute"},"schema":{"@context":"https:\/\/schema.org","@graph":[{"@type":"WebPage","@id":"https:\/\/www.refrigerantboys.com\/de\/kaufen\/ausruestung\/reduzierung-fuer-217-1-14-innengewindebohrer-1-4-aussenauslass-fuer-40-lt-kaeltemittelgasflaschen\/","url":"https:\/\/www.refrigerantboys.com\/de\/kaufen\/ausruestung\/reduzierung-fuer-217-1-14-innengewindebohrer-1-4-aussenauslass-fuer-40-lt-kaeltemittelgasflaschen\/","name":"Reduzierung f\u00fcr 21,7 \"- 1\/14\" Innengewindebohrer 1\/4 \"Au\u00dfenauslass f\u00fcr 40-lt-K\u00e4ltemittelgasflaschen | Refrigerant Boys","isPartOf":{"@id":"https:\/\/www.refrigerantboys.com\/de\/#website"},"datePublished":"2018-10-01T20:11:54+00:00","dateModified":"2021-10-08T12:24:58+00:00","breadcrumb":{"@id":"https:\/\/www.refrigerantboys.com\/de\/kaufen\/ausruestung\/reduzierung-fuer-217-1-14-innengewindebohrer-1-4-aussenauslass-fuer-40-lt-kaeltemittelgasflaschen\/#breadcrumb"},"inLanguage":"de","potentialAction":[{"@type":"ReadAction","target":["https:\/\/www.refrigerantboys.com\/de\/kaufen\/ausruestung\/reduzierung-fuer-217-1-14-innengewindebohrer-1-4-aussenauslass-fuer-40-lt-kaeltemittelgasflaschen\/"]}]},{"@type":"BreadcrumbList","@id":"https:\/\/www.refrigerantboys.com\/de\/kaufen\/ausruestung\/reduzierung-fuer-217-1-14-innengewindebohrer-1-4-aussenauslass-fuer-40-lt-kaeltemittelgasflaschen\/#breadcrumb","itemListElement":[{"@type":"ListItem","position":1,"name":"Home","item":"https:\/\/www.refrigerantboys.com\/de\/"},{"@type":"ListItem","position":2,"name":"Gesch\u00e4ft","item":"https:\/\/www.refrigerantboys.com\/de\/geschaeft\/"},{"@type":"ListItem","position":3,"name":"Reduzierung f\u00fcr 21,7 &#8220;- 1\/14&#8221; Innengewindebohrer 1\/4 &#8220;Au\u00dfenauslass f\u00fcr 40-lt-K\u00e4ltemittelgasflaschen"}]},{"@type":"WebSite","@id":"https:\/\/www.refrigerantboys.com\/de\/#website","url":"https:\/\/www.refrigerantboys.com\/de\/","name":"Refrigerant Boys","description":"Vendita gas refrigeranti","potentialAction":[{"@type":"SearchAction","target":{"@type":"EntryPoint","urlTemplate":"https:\/\/www.refrigerantboys.com\/de\/?s={search_term_string}"},"query-input":"required name=search_term_string"}],"inLanguage":"de"}]}},"_links":{"self":[{"href":"https:\/\/www.refrigerantboys.com\/de\/wp-json\/wp\/v2\/product\/5106"}],"collection":[{"href":"https:\/\/www.refrigerantboys.com\/de\/wp-json\/wp\/v2\/product"}],"about":[{"href":"https:\/\/www.refrigerantboys.com\/de\/wp-json\/wp\/v2\/types\/product"}],"wp:featuredmedia":[{"embeddable":true,"href":"https:\/\/www.refrigerantboys.com\/de\/wp-json\/wp\/v2\/media\/94983"}],"wp:attachment":[{"href":"https:\/\/www.refrigerantboys.com\/de\/wp-json\/wp\/v2\/media?parent=5106"}],"wp:term":[{"taxonomy":"product_cat","embeddable":true,"href":"https:\/\/www.refrigerantboys.com\/de\/wp-json\/wp\/v2\/product_cat?post=5106"},{"taxonomy":"product_tag","embeddable":true,"href":"https:\/\/www.refrigerantboys.com\/de\/wp-json\/wp\/v2\/product_tag?post=5106"}],"curies":[{"name":"wp","href":"https:\/\/api.w.org\/{rel}","templated":true}]}}