{"id":50267,"date":"2021-10-08T14:23:31","date_gmt":"2021-10-08T13:23:31","guid":{"rendered":"https:\/\/www.refrigerantboys.com\/?post_type=product&#038;p=50267"},"modified":"2023-05-17T11:44:22","modified_gmt":"2023-05-17T09:44:22","slug":"stickstoff-druck-verpackungs-set-242lt","status":"publish","type":"product","link":"https:\/\/www.refrigerantboys.com\/de\/kaufen\/ausruestung\/stickstoff-druck-verpackungs-set-242lt\/","title":{"rendered":"Stickstoff-Kit f\u00fcr Druckbeaufschlagungssysteme 242lt"},"content":{"rendered":"<p>Koffer mit Stickstoff-Kit, bequem und einfach zu bedienen. Entwickelt zum Auffinden von Lecks in K\u00e4lte- und Klimakreisl\u00e4ufen, zum Sp\u00fclen von Schwei\u00dfn\u00e4hten, zur \u00dcberpr\u00fcfung der Kalibrierung von Manometern und Druckschaltern sowie zur Druckbeaufschlagung von Systemen und zur \u00dcberpr\u00fcfung von Ordnern. Zylinder 110 bar &#8211; 242lt<\/p>\n","protected":false},"excerpt":{"rendered":"<ul>\n<li><strong>Bausatz mit 242-Liter-Flasche: Stickstoff<\/strong><\/li>\n<\/ul>\n<div class=\"description woocommerce-product-details__short-description\">\n<div class=\"wpb_custom_0\">\n<div class=\"product_meta\"><\/div>\n<\/div>\n<\/div>\n<div class=\"wpb_custom_0\">\n<div class=\"product_meta\"><\/div>\n<\/div>\n","protected":false},"featured_media":50309,"template":"","meta":[],"product_cat":[246],"product_tag":[],"acf":{"ai_note":""},"yoast_head":"<!-- This site is optimized with the Yoast SEO plugin v20.2 - https:\/\/yoast.com\/wordpress\/plugins\/seo\/ -->\n<title>Stickstoff-Kit f\u00fcr Druckbeaufschlagungssysteme 242lt | Refrigerant Boys<\/title>\n<meta name=\"description\" content=\"Bausatz mit 242-Liter-Flasche: Stickstoff\" \/>\n<meta name=\"robots\" content=\"index, follow, max-snippet:-1, max-image-preview:large, max-video-preview:-1\" \/>\n<link rel=\"canonical\" href=\"https:\/\/www.refrigerantboys.com\/de\/kaufen\/ausruestung\/stickstoff-druck-verpackungs-set-242lt\/\" \/>\n<meta property=\"og:locale\" content=\"de_DE\" \/>\n<meta property=\"og:type\" content=\"article\" \/>\n<meta property=\"og:title\" content=\"Stickstoff-Kit f\u00fcr Druckbeaufschlagungssysteme 242lt | Refrigerant Boys\" \/>\n<meta property=\"og:description\" content=\"Bausatz mit 242-Liter-Flasche: Stickstoff\" \/>\n<meta property=\"og:url\" content=\"https:\/\/www.refrigerantboys.com\/de\/kaufen\/ausruestung\/stickstoff-druck-verpackungs-set-242lt\/\" \/>\n<meta property=\"og:site_name\" content=\"Refrigerant Boys\" \/>\n<meta property=\"article:modified_time\" content=\"2023-05-17T09:44:22+00:00\" \/>\n<meta property=\"og:image\" content=\"https:\/\/www.refrigerantboys.com\/wp-content\/uploads\/2021\/10\/kvaz-2.png\" \/>\n\t<meta property=\"og:image:width\" content=\"1344\" \/>\n\t<meta property=\"og:image:height\" content=\"1502\" \/>\n\t<meta property=\"og:image:type\" content=\"image\/png\" \/>\n<meta name=\"twitter:card\" content=\"summary_large_image\" \/>\n<meta name=\"twitter:label1\" content=\"Gesch\u00e4tzte Lesezeit\" \/>\n\t<meta name=\"twitter:data1\" content=\"1\u00a0Minute\" \/>\n<script type=\"application\/ld+json\" class=\"yoast-schema-graph\">{\"@context\":\"https:\/\/schema.org\",\"@graph\":[{\"@type\":\"WebPage\",\"@id\":\"https:\/\/www.refrigerantboys.com\/de\/kaufen\/ausruestung\/stickstoff-druck-verpackungs-set-242lt\/\",\"url\":\"https:\/\/www.refrigerantboys.com\/de\/kaufen\/ausruestung\/stickstoff-druck-verpackungs-set-242lt\/\",\"name\":\"Stickstoff-Kit f\u00fcr Druckbeaufschlagungssysteme 242lt | Refrigerant Boys\",\"isPartOf\":{\"@id\":\"https:\/\/www.refrigerantboys.com\/de\/#website\"},\"datePublished\":\"2021-10-08T13:23:31+00:00\",\"dateModified\":\"2023-05-17T09:44:22+00:00\",\"description\":\"Bausatz mit 242-Liter-Flasche: Stickstoff\",\"breadcrumb\":{\"@id\":\"https:\/\/www.refrigerantboys.com\/de\/kaufen\/ausruestung\/stickstoff-druck-verpackungs-set-242lt\/#breadcrumb\"},\"inLanguage\":\"de\",\"potentialAction\":[{\"@type\":\"ReadAction\",\"target\":[\"https:\/\/www.refrigerantboys.com\/de\/kaufen\/ausruestung\/stickstoff-druck-verpackungs-set-242lt\/\"]}]},{\"@type\":\"BreadcrumbList\",\"@id\":\"https:\/\/www.refrigerantboys.com\/de\/kaufen\/ausruestung\/stickstoff-druck-verpackungs-set-242lt\/#breadcrumb\",\"itemListElement\":[{\"@type\":\"ListItem\",\"position\":1,\"name\":\"Home\",\"item\":\"https:\/\/www.refrigerantboys.com\/de\/\"},{\"@type\":\"ListItem\",\"position\":2,\"name\":\"Gesch\u00e4ft\",\"item\":\"https:\/\/www.refrigerantboys.com\/de\/geschaeft\/\"},{\"@type\":\"ListItem\",\"position\":3,\"name\":\"Stickstoff-Kit f\u00fcr Druckbeaufschlagungssysteme 242lt\"}]},{\"@type\":\"WebSite\",\"@id\":\"https:\/\/www.refrigerantboys.com\/de\/#website\",\"url\":\"https:\/\/www.refrigerantboys.com\/de\/\",\"name\":\"Refrigerant Boys\",\"description\":\"Vendita gas refrigeranti\",\"potentialAction\":[{\"@type\":\"SearchAction\",\"target\":{\"@type\":\"EntryPoint\",\"urlTemplate\":\"https:\/\/www.refrigerantboys.com\/de\/?s={search_term_string}\"},\"query-input\":\"required name=search_term_string\"}],\"inLanguage\":\"de\"}]}<\/script>\n<!-- \/ Yoast SEO plugin. -->","yoast_head_json":{"title":"Stickstoff-Kit f\u00fcr Druckbeaufschlagungssysteme 242lt | Refrigerant Boys","description":"Bausatz mit 242-Liter-Flasche: Stickstoff","robots":{"index":"index","follow":"follow","max-snippet":"max-snippet:-1","max-image-preview":"max-image-preview:large","max-video-preview":"max-video-preview:-1"},"canonical":"https:\/\/www.refrigerantboys.com\/de\/kaufen\/ausruestung\/stickstoff-druck-verpackungs-set-242lt\/","og_locale":"de_DE","og_type":"article","og_title":"Stickstoff-Kit f\u00fcr Druckbeaufschlagungssysteme 242lt | Refrigerant Boys","og_description":"Bausatz mit 242-Liter-Flasche: Stickstoff","og_url":"https:\/\/www.refrigerantboys.com\/de\/kaufen\/ausruestung\/stickstoff-druck-verpackungs-set-242lt\/","og_site_name":"Refrigerant Boys","article_modified_time":"2023-05-17T09:44:22+00:00","og_image":[{"width":1344,"height":1502,"url":"https:\/\/www.refrigerantboys.com\/wp-content\/uploads\/2021\/10\/kvaz-2.png","type":"image\/png"}],"twitter_card":"summary_large_image","twitter_misc":{"Gesch\u00e4tzte Lesezeit":"1\u00a0Minute"},"schema":{"@context":"https:\/\/schema.org","@graph":[{"@type":"WebPage","@id":"https:\/\/www.refrigerantboys.com\/de\/kaufen\/ausruestung\/stickstoff-druck-verpackungs-set-242lt\/","url":"https:\/\/www.refrigerantboys.com\/de\/kaufen\/ausruestung\/stickstoff-druck-verpackungs-set-242lt\/","name":"Stickstoff-Kit f\u00fcr Druckbeaufschlagungssysteme 242lt | Refrigerant Boys","isPartOf":{"@id":"https:\/\/www.refrigerantboys.com\/de\/#website"},"datePublished":"2021-10-08T13:23:31+00:00","dateModified":"2023-05-17T09:44:22+00:00","description":"Bausatz mit 242-Liter-Flasche: Stickstoff","breadcrumb":{"@id":"https:\/\/www.refrigerantboys.com\/de\/kaufen\/ausruestung\/stickstoff-druck-verpackungs-set-242lt\/#breadcrumb"},"inLanguage":"de","potentialAction":[{"@type":"ReadAction","target":["https:\/\/www.refrigerantboys.com\/de\/kaufen\/ausruestung\/stickstoff-druck-verpackungs-set-242lt\/"]}]},{"@type":"BreadcrumbList","@id":"https:\/\/www.refrigerantboys.com\/de\/kaufen\/ausruestung\/stickstoff-druck-verpackungs-set-242lt\/#breadcrumb","itemListElement":[{"@type":"ListItem","position":1,"name":"Home","item":"https:\/\/www.refrigerantboys.com\/de\/"},{"@type":"ListItem","position":2,"name":"Gesch\u00e4ft","item":"https:\/\/www.refrigerantboys.com\/de\/geschaeft\/"},{"@type":"ListItem","position":3,"name":"Stickstoff-Kit f\u00fcr Druckbeaufschlagungssysteme 242lt"}]},{"@type":"WebSite","@id":"https:\/\/www.refrigerantboys.com\/de\/#website","url":"https:\/\/www.refrigerantboys.com\/de\/","name":"Refrigerant Boys","description":"Vendita gas refrigeranti","potentialAction":[{"@type":"SearchAction","target":{"@type":"EntryPoint","urlTemplate":"https:\/\/www.refrigerantboys.com\/de\/?s={search_term_string}"},"query-input":"required name=search_term_string"}],"inLanguage":"de"}]}},"_links":{"self":[{"href":"https:\/\/www.refrigerantboys.com\/de\/wp-json\/wp\/v2\/product\/50267"}],"collection":[{"href":"https:\/\/www.refrigerantboys.com\/de\/wp-json\/wp\/v2\/product"}],"about":[{"href":"https:\/\/www.refrigerantboys.com\/de\/wp-json\/wp\/v2\/types\/product"}],"wp:featuredmedia":[{"embeddable":true,"href":"https:\/\/www.refrigerantboys.com\/de\/wp-json\/wp\/v2\/media\/50309"}],"wp:attachment":[{"href":"https:\/\/www.refrigerantboys.com\/de\/wp-json\/wp\/v2\/media?parent=50267"}],"wp:term":[{"taxonomy":"product_cat","embeddable":true,"href":"https:\/\/www.refrigerantboys.com\/de\/wp-json\/wp\/v2\/product_cat?post=50267"},{"taxonomy":"product_tag","embeddable":true,"href":"https:\/\/www.refrigerantboys.com\/de\/wp-json\/wp\/v2\/product_tag?post=50267"}],"curies":[{"name":"wp","href":"https:\/\/api.w.org\/{rel}","templated":true}]}}