{"id":5007,"date":"2017-10-28T22:48:43","date_gmt":"2017-10-28T22:48:43","guid":{"rendered":"https:\/\/www.refrigerantboys.com\/senza%20categoria\/gasflasche-5-kg-mit-isobutan-r600a\/"},"modified":"2025-03-25T10:50:18","modified_gmt":"2025-03-25T09:50:18","slug":"bombola-ricaricabile-r600a-isobutano-con-5-kg-valvola-205x-1-14%e2%80%b3","status":"publish","type":"product","link":"https:\/\/www.refrigerantboys.com\/de\/kaufen\/kaeltemittelgase\/r600a\/bombola-ricaricabile-r600a-isobutano-con-5-kg-valvola-205x-1-14%e2%80%b3\/","title":{"rendered":"5 kg R600a (Isobutan) nachf\u00fcllbare Flasche. (Ventil 21,7X 1\/14\u2033)"},"content":{"rendered":"<p>Unsere R600a-Gasflasche hat ein Fassungsverm\u00f6gen von 5 kg und verf\u00fcgt \u00fcber ein 21,7 x 1\/14 Zoll gro\u00dfes linkes Ventil, um einen sicheren und zuverl\u00e4ssigen Anschluss an Ihre Klimaanlage zu gew\u00e4hrleisten. R600a wird in der gewerblichen K\u00fchlung verwendet: K\u00fchlr\u00e4ume und K\u00fchlvitrinen, Eismaschinen, Verkaufsautomaten und K\u00fchlh\u00e4usern. Wird auch in der Haushaltsk\u00fchlung verwendet: Gefrierschr\u00e4nke und Haushaltsk\u00fchlschr\u00e4nke.<\/p>\n<p>Unsere Zylinder sind aus langlebigen Materialien gefertigt und entsprechen den h\u00f6chsten Sicherheitsstandards. Vertrauen Sie bei der Nachf\u00fcllpackung Ihres R410A-Gases auf RefrigerantBoys und erhalten Sie ein Produkt h\u00f6chster Qualit\u00e4t.<\/p>\n","protected":false},"excerpt":{"rendered":"<p><strong><span style=\"color: #000000;\">K\u00e4ltemittelgas R600a in 5-kg-Flasche, zertifiziert nach T-PED \/EN 13322-1, <span style=\"color: #ff0000;\">Ventil 21,7 x 1\/14<\/span>\u2033 LINKS UN 1969<\/span><\/strong><\/p>\n<p><span style=\"color: #99cc00;\"><strong>GWP[3]<\/strong><\/span><\/p>\n<p class=\"box-excerpt is-small\"><strong><span class=\"hps\">PREIS EINSCHLIESSLICH DER FLASCHE, DIE IHR EIGENTUM BLEIBT &#8211; <a href=\"https:\/\/www.refrigerantboys.com\/ricarica-bombole-gas\/\">NACHF\u00dcLLEN DER FLASCHE<\/a><\/span><\/strong><\/p>\n","protected":false},"featured_media":68921,"template":"","meta":[],"product_cat":[232,245],"product_tag":[],"acf":{"ai_note":""},"yoast_head":"<!-- This site is optimized with the Yoast SEO plugin v20.2 - https:\/\/yoast.com\/wordpress\/plugins\/seo\/ -->\n<title>5 kg R600a (Isobutan) nachf\u00fcllbare Flasche. (Ventil 21,7X 1\/14\u2033) | Refrigerant Boys<\/title>\n<meta name=\"description\" content=\"K\u00e4ltemittelgas R600a in 5-kg-Flasche, zertifiziert nach T-PED \/EN 13322-1, Ventil 21,7 x 1\/14\u2033 LINKS UN 1969  GWP PREIS EINSCHLIESSLICH DER FLASCHE, DIE IHR EIGENTUM BLEIBT - NACHF\u00dcLLEN DER FLASCHE\" \/>\n<meta name=\"robots\" content=\"index, follow, max-snippet:-1, max-image-preview:large, max-video-preview:-1\" \/>\n<link rel=\"canonical\" href=\"https:\/\/www.refrigerantboys.com\/de\/kaufen\/kaeltemittelgase\/r600a\/bombola-ricaricabile-r600a-isobutano-con-5-kg-valvola-205x-1-14%e2%80%b3\/\" \/>\n<meta property=\"og:locale\" content=\"de_DE\" \/>\n<meta property=\"og:type\" content=\"article\" \/>\n<meta property=\"og:title\" content=\"5 kg R600a (Isobutan) nachf\u00fcllbare Flasche. (Ventil 21,7X 1\/14\u2033) | Refrigerant Boys\" \/>\n<meta property=\"og:description\" content=\"K\u00e4ltemittelgas R600a in 5-kg-Flasche, zertifiziert nach T-PED \/EN 13322-1, Ventil 21,7 x 1\/14\u2033 LINKS UN 1969  GWP PREIS EINSCHLIESSLICH DER FLASCHE, DIE IHR EIGENTUM BLEIBT - NACHF\u00dcLLEN DER FLASCHE\" \/>\n<meta property=\"og:url\" content=\"https:\/\/www.refrigerantboys.com\/de\/kaufen\/kaeltemittelgase\/r600a\/bombola-ricaricabile-r600a-isobutano-con-5-kg-valvola-205x-1-14%e2%80%b3\/\" \/>\n<meta property=\"og:site_name\" content=\"Refrigerant Boys\" \/>\n<meta property=\"article:modified_time\" content=\"2025-03-25T09:50:18+00:00\" \/>\n<meta property=\"og:image\" content=\"https:\/\/www.refrigerantboys.com\/wp-content\/uploads\/2017\/10\/r600a-5kg-3.png\" \/>\n\t<meta property=\"og:image:width\" content=\"338\" \/>\n\t<meta property=\"og:image:height\" content=\"577\" \/>\n\t<meta property=\"og:image:type\" content=\"image\/png\" \/>\n<meta name=\"twitter:card\" content=\"summary_large_image\" \/>\n<meta name=\"twitter:label1\" content=\"Gesch\u00e4tzte Lesezeit\" \/>\n\t<meta name=\"twitter:data1\" content=\"1\u00a0Minute\" \/>\n<script type=\"application\/ld+json\" class=\"yoast-schema-graph\">{\"@context\":\"https:\/\/schema.org\",\"@graph\":[{\"@type\":\"WebPage\",\"@id\":\"https:\/\/www.refrigerantboys.com\/de\/kaufen\/kaeltemittelgase\/r600a\/bombola-ricaricabile-r600a-isobutano-con-5-kg-valvola-205x-1-14%e2%80%b3\/\",\"url\":\"https:\/\/www.refrigerantboys.com\/de\/kaufen\/kaeltemittelgase\/r600a\/bombola-ricaricabile-r600a-isobutano-con-5-kg-valvola-205x-1-14%e2%80%b3\/\",\"name\":\"5 kg R600a (Isobutan) nachf\u00fcllbare Flasche. (Ventil 21,7X 1\/14\u2033) | Refrigerant Boys\",\"isPartOf\":{\"@id\":\"https:\/\/www.refrigerantboys.com\/de\/#website\"},\"datePublished\":\"2017-10-28T22:48:43+00:00\",\"dateModified\":\"2025-03-25T09:50:18+00:00\",\"description\":\"K\u00e4ltemittelgas R600a in 5-kg-Flasche, zertifiziert nach T-PED \/EN 13322-1, Ventil 21,7 x 1\/14\u2033 LINKS UN 1969 GWP PREIS EINSCHLIESSLICH DER FLASCHE, DIE IHR EIGENTUM BLEIBT - NACHF\u00dcLLEN DER FLASCHE\",\"breadcrumb\":{\"@id\":\"https:\/\/www.refrigerantboys.com\/de\/kaufen\/kaeltemittelgase\/r600a\/bombola-ricaricabile-r600a-isobutano-con-5-kg-valvola-205x-1-14%e2%80%b3\/#breadcrumb\"},\"inLanguage\":\"de\",\"potentialAction\":[{\"@type\":\"ReadAction\",\"target\":[\"https:\/\/www.refrigerantboys.com\/de\/kaufen\/kaeltemittelgase\/r600a\/bombola-ricaricabile-r600a-isobutano-con-5-kg-valvola-205x-1-14%e2%80%b3\/\"]}]},{\"@type\":\"BreadcrumbList\",\"@id\":\"https:\/\/www.refrigerantboys.com\/de\/kaufen\/kaeltemittelgase\/r600a\/bombola-ricaricabile-r600a-isobutano-con-5-kg-valvola-205x-1-14%e2%80%b3\/#breadcrumb\",\"itemListElement\":[{\"@type\":\"ListItem\",\"position\":1,\"name\":\"Home\",\"item\":\"https:\/\/www.refrigerantboys.com\/de\/\"},{\"@type\":\"ListItem\",\"position\":2,\"name\":\"Gesch\u00e4ft\",\"item\":\"https:\/\/www.refrigerantboys.com\/de\/geschaeft\/\"},{\"@type\":\"ListItem\",\"position\":3,\"name\":\"5 kg R600a (Isobutan) nachf\u00fcllbare Flasche. (Ventil 21,7X 1\/14\u2033)\"}]},{\"@type\":\"WebSite\",\"@id\":\"https:\/\/www.refrigerantboys.com\/de\/#website\",\"url\":\"https:\/\/www.refrigerantboys.com\/de\/\",\"name\":\"Refrigerant Boys\",\"description\":\"Vendita gas refrigeranti\",\"potentialAction\":[{\"@type\":\"SearchAction\",\"target\":{\"@type\":\"EntryPoint\",\"urlTemplate\":\"https:\/\/www.refrigerantboys.com\/de\/?s={search_term_string}\"},\"query-input\":\"required name=search_term_string\"}],\"inLanguage\":\"de\"}]}<\/script>\n<!-- \/ Yoast SEO plugin. -->","yoast_head_json":{"title":"5 kg R600a (Isobutan) nachf\u00fcllbare Flasche. (Ventil 21,7X 1\/14\u2033) | Refrigerant Boys","description":"K\u00e4ltemittelgas R600a in 5-kg-Flasche, zertifiziert nach T-PED \/EN 13322-1, Ventil 21,7 x 1\/14\u2033 LINKS UN 1969  GWP PREIS EINSCHLIESSLICH DER FLASCHE, DIE IHR EIGENTUM BLEIBT - NACHF\u00dcLLEN DER FLASCHE","robots":{"index":"index","follow":"follow","max-snippet":"max-snippet:-1","max-image-preview":"max-image-preview:large","max-video-preview":"max-video-preview:-1"},"canonical":"https:\/\/www.refrigerantboys.com\/de\/kaufen\/kaeltemittelgase\/r600a\/bombola-ricaricabile-r600a-isobutano-con-5-kg-valvola-205x-1-14%e2%80%b3\/","og_locale":"de_DE","og_type":"article","og_title":"5 kg R600a (Isobutan) nachf\u00fcllbare Flasche. (Ventil 21,7X 1\/14\u2033) | Refrigerant Boys","og_description":"K\u00e4ltemittelgas R600a in 5-kg-Flasche, zertifiziert nach T-PED \/EN 13322-1, Ventil 21,7 x 1\/14\u2033 LINKS UN 1969  GWP PREIS EINSCHLIESSLICH DER FLASCHE, DIE IHR EIGENTUM BLEIBT - NACHF\u00dcLLEN DER FLASCHE","og_url":"https:\/\/www.refrigerantboys.com\/de\/kaufen\/kaeltemittelgase\/r600a\/bombola-ricaricabile-r600a-isobutano-con-5-kg-valvola-205x-1-14%e2%80%b3\/","og_site_name":"Refrigerant Boys","article_modified_time":"2025-03-25T09:50:18+00:00","og_image":[{"width":338,"height":577,"url":"https:\/\/www.refrigerantboys.com\/wp-content\/uploads\/2017\/10\/r600a-5kg-3.png","type":"image\/png"}],"twitter_card":"summary_large_image","twitter_misc":{"Gesch\u00e4tzte Lesezeit":"1\u00a0Minute"},"schema":{"@context":"https:\/\/schema.org","@graph":[{"@type":"WebPage","@id":"https:\/\/www.refrigerantboys.com\/de\/kaufen\/kaeltemittelgase\/r600a\/bombola-ricaricabile-r600a-isobutano-con-5-kg-valvola-205x-1-14%e2%80%b3\/","url":"https:\/\/www.refrigerantboys.com\/de\/kaufen\/kaeltemittelgase\/r600a\/bombola-ricaricabile-r600a-isobutano-con-5-kg-valvola-205x-1-14%e2%80%b3\/","name":"5 kg R600a (Isobutan) nachf\u00fcllbare Flasche. (Ventil 21,7X 1\/14\u2033) | Refrigerant Boys","isPartOf":{"@id":"https:\/\/www.refrigerantboys.com\/de\/#website"},"datePublished":"2017-10-28T22:48:43+00:00","dateModified":"2025-03-25T09:50:18+00:00","description":"K\u00e4ltemittelgas R600a in 5-kg-Flasche, zertifiziert nach T-PED \/EN 13322-1, Ventil 21,7 x 1\/14\u2033 LINKS UN 1969 GWP PREIS EINSCHLIESSLICH DER FLASCHE, DIE IHR EIGENTUM BLEIBT - NACHF\u00dcLLEN DER FLASCHE","breadcrumb":{"@id":"https:\/\/www.refrigerantboys.com\/de\/kaufen\/kaeltemittelgase\/r600a\/bombola-ricaricabile-r600a-isobutano-con-5-kg-valvola-205x-1-14%e2%80%b3\/#breadcrumb"},"inLanguage":"de","potentialAction":[{"@type":"ReadAction","target":["https:\/\/www.refrigerantboys.com\/de\/kaufen\/kaeltemittelgase\/r600a\/bombola-ricaricabile-r600a-isobutano-con-5-kg-valvola-205x-1-14%e2%80%b3\/"]}]},{"@type":"BreadcrumbList","@id":"https:\/\/www.refrigerantboys.com\/de\/kaufen\/kaeltemittelgase\/r600a\/bombola-ricaricabile-r600a-isobutano-con-5-kg-valvola-205x-1-14%e2%80%b3\/#breadcrumb","itemListElement":[{"@type":"ListItem","position":1,"name":"Home","item":"https:\/\/www.refrigerantboys.com\/de\/"},{"@type":"ListItem","position":2,"name":"Gesch\u00e4ft","item":"https:\/\/www.refrigerantboys.com\/de\/geschaeft\/"},{"@type":"ListItem","position":3,"name":"5 kg R600a (Isobutan) nachf\u00fcllbare Flasche. (Ventil 21,7X 1\/14\u2033)"}]},{"@type":"WebSite","@id":"https:\/\/www.refrigerantboys.com\/de\/#website","url":"https:\/\/www.refrigerantboys.com\/de\/","name":"Refrigerant Boys","description":"Vendita gas refrigeranti","potentialAction":[{"@type":"SearchAction","target":{"@type":"EntryPoint","urlTemplate":"https:\/\/www.refrigerantboys.com\/de\/?s={search_term_string}"},"query-input":"required name=search_term_string"}],"inLanguage":"de"}]}},"_links":{"self":[{"href":"https:\/\/www.refrigerantboys.com\/de\/wp-json\/wp\/v2\/product\/5007"}],"collection":[{"href":"https:\/\/www.refrigerantboys.com\/de\/wp-json\/wp\/v2\/product"}],"about":[{"href":"https:\/\/www.refrigerantboys.com\/de\/wp-json\/wp\/v2\/types\/product"}],"wp:featuredmedia":[{"embeddable":true,"href":"https:\/\/www.refrigerantboys.com\/de\/wp-json\/wp\/v2\/media\/68921"}],"wp:attachment":[{"href":"https:\/\/www.refrigerantboys.com\/de\/wp-json\/wp\/v2\/media?parent=5007"}],"wp:term":[{"taxonomy":"product_cat","embeddable":true,"href":"https:\/\/www.refrigerantboys.com\/de\/wp-json\/wp\/v2\/product_cat?post=5007"},{"taxonomy":"product_tag","embeddable":true,"href":"https:\/\/www.refrigerantboys.com\/de\/wp-json\/wp\/v2\/product_tag?post=5007"}],"curies":[{"name":"wp","href":"https:\/\/api.w.org\/{rel}","templated":true}]}}