{"id":5006,"date":"2017-10-28T22:51:39","date_gmt":"2017-10-28T22:51:39","guid":{"rendered":"https:\/\/www.refrigerantboys.com\/senza%20categoria\/gasflasche-5-kg-mit-gas-r452a\/"},"modified":"2026-02-13T12:07:32","modified_gmt":"2026-02-13T11:07:32","slug":"bombola-di-gas-r452a-con-5-kg-valvola-1-4","status":"publish","type":"product","link":"https:\/\/www.refrigerantboys.com\/de\/kaufen\/kaeltemittelgase\/r452a\/bombola-di-gas-r452a-con-5-kg-valvola-1-4\/","title":{"rendered":"K\u00e4ltemittel R452A Flasche &#8211; 5kg &#8211; (T-PED) &#8211; 1\/4&#8243; SAE Ventil"},"content":{"rendered":"<ul>\n<li>\n<p data-path-to-node=\"21,0,0\"><b data-path-to-node=\"21,0,0\" data-index-in-node=\"0\">K\u00e4ltemitteleigenschaften:<\/b> R452A ist ein HFO\/HFC-Gemisch mit einem <b data-path-to-node=\"21,0,0\" data-index-in-node=\"66\">GWP von 2140<\/b>. Es ist der effiziente Ersatz f\u00fcr R404A mit einem deutlich geringeren Treibhauspotenzial.<\/p>\n<\/li>\n<li>\n<p data-path-to-node=\"21,1,0\"><b data-path-to-node=\"21,1,0\" data-index-in-node=\"0\">Thermische Stabilit\u00e4t:<\/b> Es gew\u00e4hrleistet niedrige Verdichtungsendtemperaturen, was besonders bei hohen Lasten den Kompressor schont und die Effizienz steigert.<\/p>\n<\/li>\n<li>\n<p data-path-to-node=\"21,2,0\"><b data-path-to-node=\"21,2,0\" data-index-in-node=\"0\">Sicherheitsklasse:<\/b> Eingestuft in die Sicherheitsklasse A1 (nicht brennbar), ideal f\u00fcr den Einsatz in der Transportk\u00e4lte und gewerblichen K\u00fchlung.<\/p>\n<\/li>\n<li>\n<p data-path-to-node=\"21,3,0\"><b data-path-to-node=\"21,3,0\" data-index-in-node=\"0\">Format:<\/b> Kompakte 5-kg-Flasche f\u00fcr maximale Flexibilit\u00e4t im Service; ausgestattet mit Standard <b data-path-to-node=\"21,3,0\" data-index-in-node=\"94\">1\/4&#8243; SAE<\/b> Ventil.<\/p>\n<\/li>\n<li>\n<p data-path-to-node=\"21,4,0\"><b data-path-to-node=\"21,4,0\" data-index-in-node=\"0\">Zertifizierung:<\/b> Vollst\u00e4ndige Konformit\u00e4t mit der <b data-path-to-node=\"21,4,0\" data-index-in-node=\"49\">T-PED-Richtlinie<\/b> f\u00fcr ortsbewegliche Druckger\u00e4te<\/p>\n<\/li>\n<\/ul>\n","protected":false},"excerpt":{"rendered":"<div><span style=\"color: #166534; font-weight: bold;\">\u2713 Eco-Tax (Reg. UE 2024\/573)<\/span> <span style=\"color: #dc2626; font-weight: bold; margin-left: 5px;\">6,42 \u20ac\/kg<\/span><\/div>\n<p data-path-to-node=\"39\">Kompakte wiederbef\u00fcllbare <b data-path-to-node=\"39\" data-index-in-node=\"26\">5kg R452A K\u00e4ltemittelflasche<\/b>. Die ideale L\u00f6sung f\u00fcr schnelle Serviceeins\u00e4tze und mobile Wartung. Zertifiziert nach <b data-path-to-node=\"39\" data-index-in-node=\"141\">T-PED \/ EN 13322-1<\/b>, ausgestattet mit einem Standard <b data-path-to-node=\"39\" data-index-in-node=\"193\">1\/4&#8243; SAE<\/b> Ventil. Maximale Mobilit\u00e4t f\u00fcr K\u00e4lteprofis.<\/p>\n<h3 data-path-to-node=\"40\"><\/h3>\n","protected":false},"featured_media":68891,"template":"","meta":[],"product_cat":[232,244],"product_tag":[],"acf":{"ai_note":""},"yoast_head":"<!-- This site is optimized with the Yoast SEO plugin v20.2 - https:\/\/yoast.com\/wordpress\/plugins\/seo\/ -->\n<title>K\u00e4ltemittel R452A Flasche - 5kg - (T-PED) - 1\/4&quot; SAE Ventil | Refrigerant Boys<\/title>\n<meta name=\"description\" content=\"\u2713 Eco-Tax (Reg. UE 2024\/573) 6,42 \u20ac\/kg Kompakte wiederbef\u00fcllbare 5kg R452A K\u00e4ltemittelflasche. Die ideale L\u00f6sung f\u00fcr schnelle Serviceeins\u00e4tze und mobile Wartung. Zertifiziert nach T-PED \/ EN 13322-1, ausgestattet mit einem Standard 1\/4&quot; SAE Ventil. Maximale Mobilit\u00e4t f\u00fcr K\u00e4lteprofis.\" \/>\n<meta name=\"robots\" content=\"index, follow, max-snippet:-1, max-image-preview:large, max-video-preview:-1\" \/>\n<link rel=\"canonical\" href=\"https:\/\/www.refrigerantboys.com\/de\/kaufen\/kaeltemittelgase\/r452a\/bombola-di-gas-r452a-con-5-kg-valvola-1-4\/\" \/>\n<meta property=\"og:locale\" content=\"de_DE\" \/>\n<meta property=\"og:type\" content=\"article\" \/>\n<meta property=\"og:title\" content=\"K\u00e4ltemittel R452A Flasche - 5kg - (T-PED) - 1\/4&quot; SAE Ventil | Refrigerant Boys\" \/>\n<meta property=\"og:description\" content=\"\u2713 Eco-Tax (Reg. UE 2024\/573) 6,42 \u20ac\/kg Kompakte wiederbef\u00fcllbare 5kg R452A K\u00e4ltemittelflasche. Die ideale L\u00f6sung f\u00fcr schnelle Serviceeins\u00e4tze und mobile Wartung. Zertifiziert nach T-PED \/ EN 13322-1, ausgestattet mit einem Standard 1\/4&quot; SAE Ventil. Maximale Mobilit\u00e4t f\u00fcr K\u00e4lteprofis.\" \/>\n<meta property=\"og:url\" content=\"https:\/\/www.refrigerantboys.com\/de\/kaufen\/kaeltemittelgase\/r452a\/bombola-di-gas-r452a-con-5-kg-valvola-1-4\/\" \/>\n<meta property=\"og:site_name\" content=\"Refrigerant Boys\" \/>\n<meta property=\"article:modified_time\" content=\"2026-02-13T11:07:32+00:00\" \/>\n<meta property=\"og:image\" content=\"https:\/\/www.refrigerantboys.com\/wp-content\/uploads\/2017\/10\/r452a-5kg-1.png\" \/>\n\t<meta property=\"og:image:width\" content=\"398\" \/>\n\t<meta property=\"og:image:height\" content=\"722\" \/>\n\t<meta property=\"og:image:type\" content=\"image\/png\" \/>\n<meta name=\"twitter:card\" content=\"summary_large_image\" \/>\n<meta name=\"twitter:label1\" content=\"Gesch\u00e4tzte Lesezeit\" \/>\n\t<meta name=\"twitter:data1\" content=\"1\u00a0Minute\" \/>\n<script type=\"application\/ld+json\" class=\"yoast-schema-graph\">{\"@context\":\"https:\/\/schema.org\",\"@graph\":[{\"@type\":\"WebPage\",\"@id\":\"https:\/\/www.refrigerantboys.com\/de\/kaufen\/kaeltemittelgase\/r452a\/bombola-di-gas-r452a-con-5-kg-valvola-1-4\/\",\"url\":\"https:\/\/www.refrigerantboys.com\/de\/kaufen\/kaeltemittelgase\/r452a\/bombola-di-gas-r452a-con-5-kg-valvola-1-4\/\",\"name\":\"K\u00e4ltemittel R452A Flasche - 5kg - (T-PED) - 1\/4\\\" SAE Ventil | Refrigerant Boys\",\"isPartOf\":{\"@id\":\"https:\/\/www.refrigerantboys.com\/de\/#website\"},\"datePublished\":\"2017-10-28T22:51:39+00:00\",\"dateModified\":\"2026-02-13T11:07:32+00:00\",\"description\":\"\u2713 Eco-Tax (Reg. UE 2024\/573) 6,42 \u20ac\/kg Kompakte wiederbef\u00fcllbare 5kg R452A K\u00e4ltemittelflasche. Die ideale L\u00f6sung f\u00fcr schnelle Serviceeins\u00e4tze und mobile Wartung. Zertifiziert nach T-PED \/ EN 13322-1, ausgestattet mit einem Standard 1\/4\\\" SAE Ventil. Maximale Mobilit\u00e4t f\u00fcr K\u00e4lteprofis.\",\"breadcrumb\":{\"@id\":\"https:\/\/www.refrigerantboys.com\/de\/kaufen\/kaeltemittelgase\/r452a\/bombola-di-gas-r452a-con-5-kg-valvola-1-4\/#breadcrumb\"},\"inLanguage\":\"de\",\"potentialAction\":[{\"@type\":\"ReadAction\",\"target\":[\"https:\/\/www.refrigerantboys.com\/de\/kaufen\/kaeltemittelgase\/r452a\/bombola-di-gas-r452a-con-5-kg-valvola-1-4\/\"]}]},{\"@type\":\"BreadcrumbList\",\"@id\":\"https:\/\/www.refrigerantboys.com\/de\/kaufen\/kaeltemittelgase\/r452a\/bombola-di-gas-r452a-con-5-kg-valvola-1-4\/#breadcrumb\",\"itemListElement\":[{\"@type\":\"ListItem\",\"position\":1,\"name\":\"Home\",\"item\":\"https:\/\/www.refrigerantboys.com\/de\/\"},{\"@type\":\"ListItem\",\"position\":2,\"name\":\"Gesch\u00e4ft\",\"item\":\"https:\/\/www.refrigerantboys.com\/de\/geschaeft\/\"},{\"@type\":\"ListItem\",\"position\":3,\"name\":\"K\u00e4ltemittel R452A Flasche &#8211; 5kg &#8211; (T-PED) &#8211; 1\/4&#8243; SAE Ventil\"}]},{\"@type\":\"WebSite\",\"@id\":\"https:\/\/www.refrigerantboys.com\/de\/#website\",\"url\":\"https:\/\/www.refrigerantboys.com\/de\/\",\"name\":\"Refrigerant Boys\",\"description\":\"Vendita gas refrigeranti\",\"potentialAction\":[{\"@type\":\"SearchAction\",\"target\":{\"@type\":\"EntryPoint\",\"urlTemplate\":\"https:\/\/www.refrigerantboys.com\/de\/?s={search_term_string}\"},\"query-input\":\"required name=search_term_string\"}],\"inLanguage\":\"de\"}]}<\/script>\n<!-- \/ Yoast SEO plugin. -->","yoast_head_json":{"title":"K\u00e4ltemittel R452A Flasche - 5kg - (T-PED) - 1\/4\" SAE Ventil | Refrigerant Boys","description":"\u2713 Eco-Tax (Reg. UE 2024\/573) 6,42 \u20ac\/kg Kompakte wiederbef\u00fcllbare 5kg R452A K\u00e4ltemittelflasche. Die ideale L\u00f6sung f\u00fcr schnelle Serviceeins\u00e4tze und mobile Wartung. Zertifiziert nach T-PED \/ EN 13322-1, ausgestattet mit einem Standard 1\/4\" SAE Ventil. Maximale Mobilit\u00e4t f\u00fcr K\u00e4lteprofis.","robots":{"index":"index","follow":"follow","max-snippet":"max-snippet:-1","max-image-preview":"max-image-preview:large","max-video-preview":"max-video-preview:-1"},"canonical":"https:\/\/www.refrigerantboys.com\/de\/kaufen\/kaeltemittelgase\/r452a\/bombola-di-gas-r452a-con-5-kg-valvola-1-4\/","og_locale":"de_DE","og_type":"article","og_title":"K\u00e4ltemittel R452A Flasche - 5kg - (T-PED) - 1\/4\" SAE Ventil | Refrigerant Boys","og_description":"\u2713 Eco-Tax (Reg. UE 2024\/573) 6,42 \u20ac\/kg Kompakte wiederbef\u00fcllbare 5kg R452A K\u00e4ltemittelflasche. Die ideale L\u00f6sung f\u00fcr schnelle Serviceeins\u00e4tze und mobile Wartung. Zertifiziert nach T-PED \/ EN 13322-1, ausgestattet mit einem Standard 1\/4\" SAE Ventil. Maximale Mobilit\u00e4t f\u00fcr K\u00e4lteprofis.","og_url":"https:\/\/www.refrigerantboys.com\/de\/kaufen\/kaeltemittelgase\/r452a\/bombola-di-gas-r452a-con-5-kg-valvola-1-4\/","og_site_name":"Refrigerant Boys","article_modified_time":"2026-02-13T11:07:32+00:00","og_image":[{"width":398,"height":722,"url":"https:\/\/www.refrigerantboys.com\/wp-content\/uploads\/2017\/10\/r452a-5kg-1.png","type":"image\/png"}],"twitter_card":"summary_large_image","twitter_misc":{"Gesch\u00e4tzte Lesezeit":"1\u00a0Minute"},"schema":{"@context":"https:\/\/schema.org","@graph":[{"@type":"WebPage","@id":"https:\/\/www.refrigerantboys.com\/de\/kaufen\/kaeltemittelgase\/r452a\/bombola-di-gas-r452a-con-5-kg-valvola-1-4\/","url":"https:\/\/www.refrigerantboys.com\/de\/kaufen\/kaeltemittelgase\/r452a\/bombola-di-gas-r452a-con-5-kg-valvola-1-4\/","name":"K\u00e4ltemittel R452A Flasche - 5kg - (T-PED) - 1\/4\" SAE Ventil | Refrigerant Boys","isPartOf":{"@id":"https:\/\/www.refrigerantboys.com\/de\/#website"},"datePublished":"2017-10-28T22:51:39+00:00","dateModified":"2026-02-13T11:07:32+00:00","description":"\u2713 Eco-Tax (Reg. UE 2024\/573) 6,42 \u20ac\/kg Kompakte wiederbef\u00fcllbare 5kg R452A K\u00e4ltemittelflasche. Die ideale L\u00f6sung f\u00fcr schnelle Serviceeins\u00e4tze und mobile Wartung. Zertifiziert nach T-PED \/ EN 13322-1, ausgestattet mit einem Standard 1\/4\" SAE Ventil. Maximale Mobilit\u00e4t f\u00fcr K\u00e4lteprofis.","breadcrumb":{"@id":"https:\/\/www.refrigerantboys.com\/de\/kaufen\/kaeltemittelgase\/r452a\/bombola-di-gas-r452a-con-5-kg-valvola-1-4\/#breadcrumb"},"inLanguage":"de","potentialAction":[{"@type":"ReadAction","target":["https:\/\/www.refrigerantboys.com\/de\/kaufen\/kaeltemittelgase\/r452a\/bombola-di-gas-r452a-con-5-kg-valvola-1-4\/"]}]},{"@type":"BreadcrumbList","@id":"https:\/\/www.refrigerantboys.com\/de\/kaufen\/kaeltemittelgase\/r452a\/bombola-di-gas-r452a-con-5-kg-valvola-1-4\/#breadcrumb","itemListElement":[{"@type":"ListItem","position":1,"name":"Home","item":"https:\/\/www.refrigerantboys.com\/de\/"},{"@type":"ListItem","position":2,"name":"Gesch\u00e4ft","item":"https:\/\/www.refrigerantboys.com\/de\/geschaeft\/"},{"@type":"ListItem","position":3,"name":"K\u00e4ltemittel R452A Flasche &#8211; 5kg &#8211; (T-PED) &#8211; 1\/4&#8243; SAE Ventil"}]},{"@type":"WebSite","@id":"https:\/\/www.refrigerantboys.com\/de\/#website","url":"https:\/\/www.refrigerantboys.com\/de\/","name":"Refrigerant Boys","description":"Vendita gas refrigeranti","potentialAction":[{"@type":"SearchAction","target":{"@type":"EntryPoint","urlTemplate":"https:\/\/www.refrigerantboys.com\/de\/?s={search_term_string}"},"query-input":"required name=search_term_string"}],"inLanguage":"de"}]}},"_links":{"self":[{"href":"https:\/\/www.refrigerantboys.com\/de\/wp-json\/wp\/v2\/product\/5006"}],"collection":[{"href":"https:\/\/www.refrigerantboys.com\/de\/wp-json\/wp\/v2\/product"}],"about":[{"href":"https:\/\/www.refrigerantboys.com\/de\/wp-json\/wp\/v2\/types\/product"}],"wp:featuredmedia":[{"embeddable":true,"href":"https:\/\/www.refrigerantboys.com\/de\/wp-json\/wp\/v2\/media\/68891"}],"wp:attachment":[{"href":"https:\/\/www.refrigerantboys.com\/de\/wp-json\/wp\/v2\/media?parent=5006"}],"wp:term":[{"taxonomy":"product_cat","embeddable":true,"href":"https:\/\/www.refrigerantboys.com\/de\/wp-json\/wp\/v2\/product_cat?post=5006"},{"taxonomy":"product_tag","embeddable":true,"href":"https:\/\/www.refrigerantboys.com\/de\/wp-json\/wp\/v2\/product_tag?post=5006"}],"curies":[{"name":"wp","href":"https:\/\/api.w.org\/{rel}","templated":true}]}}