{"id":5004,"date":"2019-01-03T13:54:42","date_gmt":"2019-01-03T13:54:42","guid":{"rendered":"https:\/\/www.refrigerantboys.com\/senza%20categoria\/gasflasche-35-kg-mit-gas-r452a\/"},"modified":"2026-02-13T11:30:44","modified_gmt":"2026-02-13T10:30:44","slug":"gas-refrigerante-r452a-con-30-kg-valvola-217-x-1-14","status":"publish","type":"product","link":"https:\/\/www.refrigerantboys.com\/de\/kaufen\/kaeltemittelgase\/r452a\/gas-refrigerante-r452a-con-30-kg-valvola-217-x-1-14\/","title":{"rendered":"K\u00e4ltemittel R452A Flasche &#8211; 30kg &#8211; (T-PED) &#8211; 21,8 x 1\/14&#8243; Ventil"},"content":{"rendered":"<ul>\n<li>\n<p data-path-to-node=\"23,0,0\"><b data-path-to-node=\"23,0,0\" data-index-in-node=\"0\">K\u00e4ltespezialist:<\/b> 30-kg-Format, optimiert f\u00fcr industrielle Tiefk\u00fchlung und K\u00fchltransporte (Transportk\u00e4lte).<\/p>\n<\/li>\n<li>\n<p data-path-to-node=\"23,1,0\"><b data-path-to-node=\"23,1,0\" data-index-in-node=\"0\">Kompressorschutz:<\/b> R452A zeichnet sich durch niedrige Verdichtungsendtemperaturen aus, was die Lebensdauer des Kompressors unter Last erh\u00f6ht.<\/p>\n<\/li>\n<li>\n<p data-path-to-node=\"23,2,0\"><b data-path-to-node=\"23,2,0\" data-index-in-node=\"0\">Zertifizierte Sicherheit:<\/b> Vollst\u00e4ndige Konformit\u00e4t mit der T-PED-Richtlinie f\u00fcr den sicheren Transport von Druckger\u00e4ten.<\/p>\n<\/li>\n<li>\n<p data-path-to-node=\"23,3,0\"><b data-path-to-node=\"23,3,0\" data-index-in-node=\"0\">Technische Spezifikationen:<\/b> Standardventil 21,8 x 1\/14&#8243; f\u00fcr sichere industrielle Anschl\u00fcsse.<\/p>\n<\/li>\n<li>\n<p data-path-to-node=\"23,4,0\"><b data-path-to-node=\"23,4,0\" data-index-in-node=\"0\">Rechtlicher Hinweis:<\/b> Abgabe nur an zertifizierte Fachbetriebe mit F-GAS-Nachweis (EU-Verordnung 517\/2014).<\/p>\n<\/li>\n<\/ul>\n","protected":false},"excerpt":{"rendered":"<div><span style=\"color: #166534; font-weight: bold;\">\u2713 Eco-Tax (Reg. UE 2024\/573)<\/span> <span style=\"color: #dc2626; font-weight: bold; margin-left: 5px;\">6,42 \u20ac\/kg<\/span><\/div>\n<p data-path-to-node=\"24\">Wiederbef\u00fcllbare <b data-path-to-node=\"24\" data-index-in-node=\"17\">30kg R452A K\u00e4ltemittelflasche<\/b>, speziell entwickelt f\u00fcr die <b data-path-to-node=\"24\" data-index-in-node=\"76\">Transportk\u00e4lte<\/b> und industrielle Tiefk\u00fchlsysteme. Zertifiziert nach <b data-path-to-node=\"24\" data-index-in-node=\"143\">T-PED \/ EN 13322-1<\/b>, ausgestattet mit einem <b data-path-to-node=\"24\" data-index-in-node=\"186\">21,8 x 1\/14&#8243;<\/b> Industrieventil. Der hocheffiziente Ersatz f\u00fcr R404A und R507.<\/p>\n","protected":false},"featured_media":68881,"template":"","meta":[],"product_cat":[232,244],"product_tag":[],"acf":{"ai_note":""},"yoast_head":"<!-- This site is optimized with the Yoast SEO plugin v20.2 - https:\/\/yoast.com\/wordpress\/plugins\/seo\/ -->\n<title>K\u00e4ltemittel R452A Flasche - 30kg - (T-PED) - 21,8 x 1\/14&quot; Ventil | Refrigerant Boys<\/title>\n<meta name=\"description\" content=\"\u2713 Eco-Tax (Reg. UE 2024\/573) 6,42 \u20ac\/kg Wiederbef\u00fcllbare 30kg R452A K\u00e4ltemittelflasche, speziell entwickelt f\u00fcr die Transportk\u00e4lte und industrielle Tiefk\u00fchlsysteme. Zertifiziert nach T-PED \/ EN 13322-1, ausgestattet mit einem 21,8 x 1\/14&quot; Industrieventil. Der hocheffiziente Ersatz f\u00fcr R404A und R507.\" \/>\n<meta name=\"robots\" content=\"index, follow, max-snippet:-1, max-image-preview:large, max-video-preview:-1\" \/>\n<link rel=\"canonical\" href=\"https:\/\/www.refrigerantboys.com\/de\/kaufen\/kaeltemittelgase\/r452a\/gas-refrigerante-r452a-con-30-kg-valvola-217-x-1-14\/\" \/>\n<meta property=\"og:locale\" content=\"de_DE\" \/>\n<meta property=\"og:type\" content=\"article\" \/>\n<meta property=\"og:title\" content=\"K\u00e4ltemittel R452A Flasche - 30kg - (T-PED) - 21,8 x 1\/14&quot; Ventil | Refrigerant Boys\" \/>\n<meta property=\"og:description\" content=\"\u2713 Eco-Tax (Reg. UE 2024\/573) 6,42 \u20ac\/kg Wiederbef\u00fcllbare 30kg R452A K\u00e4ltemittelflasche, speziell entwickelt f\u00fcr die Transportk\u00e4lte und industrielle Tiefk\u00fchlsysteme. Zertifiziert nach T-PED \/ EN 13322-1, ausgestattet mit einem 21,8 x 1\/14&quot; Industrieventil. Der hocheffiziente Ersatz f\u00fcr R404A und R507.\" \/>\n<meta property=\"og:url\" content=\"https:\/\/www.refrigerantboys.com\/de\/kaufen\/kaeltemittelgase\/r452a\/gas-refrigerante-r452a-con-30-kg-valvola-217-x-1-14\/\" \/>\n<meta property=\"og:site_name\" content=\"Refrigerant Boys\" \/>\n<meta property=\"article:modified_time\" content=\"2026-02-13T10:30:44+00:00\" \/>\n<meta property=\"og:image\" content=\"https:\/\/www.refrigerantboys.com\/wp-content\/uploads\/2019\/01\/r452a-30kg-2.png\" \/>\n\t<meta property=\"og:image:width\" content=\"215\" \/>\n\t<meta property=\"og:image:height\" content=\"446\" \/>\n\t<meta property=\"og:image:type\" content=\"image\/png\" \/>\n<meta name=\"twitter:card\" content=\"summary_large_image\" \/>\n<meta name=\"twitter:label1\" content=\"Gesch\u00e4tzte Lesezeit\" \/>\n\t<meta name=\"twitter:data1\" content=\"1\u00a0Minute\" \/>\n<script type=\"application\/ld+json\" class=\"yoast-schema-graph\">{\"@context\":\"https:\/\/schema.org\",\"@graph\":[{\"@type\":\"WebPage\",\"@id\":\"https:\/\/www.refrigerantboys.com\/de\/kaufen\/kaeltemittelgase\/r452a\/gas-refrigerante-r452a-con-30-kg-valvola-217-x-1-14\/\",\"url\":\"https:\/\/www.refrigerantboys.com\/de\/kaufen\/kaeltemittelgase\/r452a\/gas-refrigerante-r452a-con-30-kg-valvola-217-x-1-14\/\",\"name\":\"K\u00e4ltemittel R452A Flasche - 30kg - (T-PED) - 21,8 x 1\/14\\\" Ventil | Refrigerant Boys\",\"isPartOf\":{\"@id\":\"https:\/\/www.refrigerantboys.com\/de\/#website\"},\"datePublished\":\"2019-01-03T13:54:42+00:00\",\"dateModified\":\"2026-02-13T10:30:44+00:00\",\"description\":\"\u2713 Eco-Tax (Reg. UE 2024\/573) 6,42 \u20ac\/kg Wiederbef\u00fcllbare 30kg R452A K\u00e4ltemittelflasche, speziell entwickelt f\u00fcr die Transportk\u00e4lte und industrielle Tiefk\u00fchlsysteme. Zertifiziert nach T-PED \/ EN 13322-1, ausgestattet mit einem 21,8 x 1\/14\\\" Industrieventil. Der hocheffiziente Ersatz f\u00fcr R404A und R507.\",\"breadcrumb\":{\"@id\":\"https:\/\/www.refrigerantboys.com\/de\/kaufen\/kaeltemittelgase\/r452a\/gas-refrigerante-r452a-con-30-kg-valvola-217-x-1-14\/#breadcrumb\"},\"inLanguage\":\"de\",\"potentialAction\":[{\"@type\":\"ReadAction\",\"target\":[\"https:\/\/www.refrigerantboys.com\/de\/kaufen\/kaeltemittelgase\/r452a\/gas-refrigerante-r452a-con-30-kg-valvola-217-x-1-14\/\"]}]},{\"@type\":\"BreadcrumbList\",\"@id\":\"https:\/\/www.refrigerantboys.com\/de\/kaufen\/kaeltemittelgase\/r452a\/gas-refrigerante-r452a-con-30-kg-valvola-217-x-1-14\/#breadcrumb\",\"itemListElement\":[{\"@type\":\"ListItem\",\"position\":1,\"name\":\"Home\",\"item\":\"https:\/\/www.refrigerantboys.com\/de\/\"},{\"@type\":\"ListItem\",\"position\":2,\"name\":\"Gesch\u00e4ft\",\"item\":\"https:\/\/www.refrigerantboys.com\/de\/geschaeft\/\"},{\"@type\":\"ListItem\",\"position\":3,\"name\":\"K\u00e4ltemittel R452A Flasche &#8211; 30kg &#8211; (T-PED) &#8211; 21,8 x 1\/14&#8243; Ventil\"}]},{\"@type\":\"WebSite\",\"@id\":\"https:\/\/www.refrigerantboys.com\/de\/#website\",\"url\":\"https:\/\/www.refrigerantboys.com\/de\/\",\"name\":\"Refrigerant Boys\",\"description\":\"Vendita gas refrigeranti\",\"potentialAction\":[{\"@type\":\"SearchAction\",\"target\":{\"@type\":\"EntryPoint\",\"urlTemplate\":\"https:\/\/www.refrigerantboys.com\/de\/?s={search_term_string}\"},\"query-input\":\"required name=search_term_string\"}],\"inLanguage\":\"de\"}]}<\/script>\n<!-- \/ Yoast SEO plugin. -->","yoast_head_json":{"title":"K\u00e4ltemittel R452A Flasche - 30kg - (T-PED) - 21,8 x 1\/14\" Ventil | Refrigerant Boys","description":"\u2713 Eco-Tax (Reg. UE 2024\/573) 6,42 \u20ac\/kg Wiederbef\u00fcllbare 30kg R452A K\u00e4ltemittelflasche, speziell entwickelt f\u00fcr die Transportk\u00e4lte und industrielle Tiefk\u00fchlsysteme. Zertifiziert nach T-PED \/ EN 13322-1, ausgestattet mit einem 21,8 x 1\/14\" Industrieventil. Der hocheffiziente Ersatz f\u00fcr R404A und R507.","robots":{"index":"index","follow":"follow","max-snippet":"max-snippet:-1","max-image-preview":"max-image-preview:large","max-video-preview":"max-video-preview:-1"},"canonical":"https:\/\/www.refrigerantboys.com\/de\/kaufen\/kaeltemittelgase\/r452a\/gas-refrigerante-r452a-con-30-kg-valvola-217-x-1-14\/","og_locale":"de_DE","og_type":"article","og_title":"K\u00e4ltemittel R452A Flasche - 30kg - (T-PED) - 21,8 x 1\/14\" Ventil | Refrigerant Boys","og_description":"\u2713 Eco-Tax (Reg. UE 2024\/573) 6,42 \u20ac\/kg Wiederbef\u00fcllbare 30kg R452A K\u00e4ltemittelflasche, speziell entwickelt f\u00fcr die Transportk\u00e4lte und industrielle Tiefk\u00fchlsysteme. Zertifiziert nach T-PED \/ EN 13322-1, ausgestattet mit einem 21,8 x 1\/14\" Industrieventil. Der hocheffiziente Ersatz f\u00fcr R404A und R507.","og_url":"https:\/\/www.refrigerantboys.com\/de\/kaufen\/kaeltemittelgase\/r452a\/gas-refrigerante-r452a-con-30-kg-valvola-217-x-1-14\/","og_site_name":"Refrigerant Boys","article_modified_time":"2026-02-13T10:30:44+00:00","og_image":[{"width":215,"height":446,"url":"https:\/\/www.refrigerantboys.com\/wp-content\/uploads\/2019\/01\/r452a-30kg-2.png","type":"image\/png"}],"twitter_card":"summary_large_image","twitter_misc":{"Gesch\u00e4tzte Lesezeit":"1\u00a0Minute"},"schema":{"@context":"https:\/\/schema.org","@graph":[{"@type":"WebPage","@id":"https:\/\/www.refrigerantboys.com\/de\/kaufen\/kaeltemittelgase\/r452a\/gas-refrigerante-r452a-con-30-kg-valvola-217-x-1-14\/","url":"https:\/\/www.refrigerantboys.com\/de\/kaufen\/kaeltemittelgase\/r452a\/gas-refrigerante-r452a-con-30-kg-valvola-217-x-1-14\/","name":"K\u00e4ltemittel R452A Flasche - 30kg - (T-PED) - 21,8 x 1\/14\" Ventil | Refrigerant Boys","isPartOf":{"@id":"https:\/\/www.refrigerantboys.com\/de\/#website"},"datePublished":"2019-01-03T13:54:42+00:00","dateModified":"2026-02-13T10:30:44+00:00","description":"\u2713 Eco-Tax (Reg. UE 2024\/573) 6,42 \u20ac\/kg Wiederbef\u00fcllbare 30kg R452A K\u00e4ltemittelflasche, speziell entwickelt f\u00fcr die Transportk\u00e4lte und industrielle Tiefk\u00fchlsysteme. Zertifiziert nach T-PED \/ EN 13322-1, ausgestattet mit einem 21,8 x 1\/14\" Industrieventil. Der hocheffiziente Ersatz f\u00fcr R404A und R507.","breadcrumb":{"@id":"https:\/\/www.refrigerantboys.com\/de\/kaufen\/kaeltemittelgase\/r452a\/gas-refrigerante-r452a-con-30-kg-valvola-217-x-1-14\/#breadcrumb"},"inLanguage":"de","potentialAction":[{"@type":"ReadAction","target":["https:\/\/www.refrigerantboys.com\/de\/kaufen\/kaeltemittelgase\/r452a\/gas-refrigerante-r452a-con-30-kg-valvola-217-x-1-14\/"]}]},{"@type":"BreadcrumbList","@id":"https:\/\/www.refrigerantboys.com\/de\/kaufen\/kaeltemittelgase\/r452a\/gas-refrigerante-r452a-con-30-kg-valvola-217-x-1-14\/#breadcrumb","itemListElement":[{"@type":"ListItem","position":1,"name":"Home","item":"https:\/\/www.refrigerantboys.com\/de\/"},{"@type":"ListItem","position":2,"name":"Gesch\u00e4ft","item":"https:\/\/www.refrigerantboys.com\/de\/geschaeft\/"},{"@type":"ListItem","position":3,"name":"K\u00e4ltemittel R452A Flasche &#8211; 30kg &#8211; (T-PED) &#8211; 21,8 x 1\/14&#8243; Ventil"}]},{"@type":"WebSite","@id":"https:\/\/www.refrigerantboys.com\/de\/#website","url":"https:\/\/www.refrigerantboys.com\/de\/","name":"Refrigerant Boys","description":"Vendita gas refrigeranti","potentialAction":[{"@type":"SearchAction","target":{"@type":"EntryPoint","urlTemplate":"https:\/\/www.refrigerantboys.com\/de\/?s={search_term_string}"},"query-input":"required name=search_term_string"}],"inLanguage":"de"}]}},"_links":{"self":[{"href":"https:\/\/www.refrigerantboys.com\/de\/wp-json\/wp\/v2\/product\/5004"}],"collection":[{"href":"https:\/\/www.refrigerantboys.com\/de\/wp-json\/wp\/v2\/product"}],"about":[{"href":"https:\/\/www.refrigerantboys.com\/de\/wp-json\/wp\/v2\/types\/product"}],"wp:featuredmedia":[{"embeddable":true,"href":"https:\/\/www.refrigerantboys.com\/de\/wp-json\/wp\/v2\/media\/68881"}],"wp:attachment":[{"href":"https:\/\/www.refrigerantboys.com\/de\/wp-json\/wp\/v2\/media?parent=5004"}],"wp:term":[{"taxonomy":"product_cat","embeddable":true,"href":"https:\/\/www.refrigerantboys.com\/de\/wp-json\/wp\/v2\/product_cat?post=5004"},{"taxonomy":"product_tag","embeddable":true,"href":"https:\/\/www.refrigerantboys.com\/de\/wp-json\/wp\/v2\/product_tag?post=5004"}],"curies":[{"name":"wp","href":"https:\/\/api.w.org\/{rel}","templated":true}]}}