{"id":4998,"date":"2018-11-27T14:26:19","date_gmt":"2018-11-27T14:26:19","guid":{"rendered":"https:\/\/www.refrigerantboys.com\/senza%20categoria\/kaltemittel-r449a-in-der-gasflasche-5-kg\/"},"modified":"2026-02-13T11:18:28","modified_gmt":"2026-02-13T10:18:28","slug":"bombola-di-r449a-con-30-kg-di-gas-valvola-217-x-1-1-4","status":"publish","type":"product","link":"https:\/\/www.refrigerantboys.com\/de\/kaufen\/kaeltemittelgase\/bombola-di-r449a-con-30-kg-di-gas-valvola-217-x-1-1-4\/","title":{"rendered":"K\u00e4ltemittel R449A Flasche &#8211; 30kg &#8211; (T-PED) &#8211; 21,8 x 1\/14&#8243; Ventil"},"content":{"rendered":"<ul>\n<li>\n<p data-path-to-node=\"40,0,0\"><b data-path-to-node=\"40,0,0\" data-index-in-node=\"0\">Industrieformat:<\/b> 30kg F\u00fcllmenge, ideal f\u00fcr zentrale K\u00e4ltesysteme und Gro\u00dfanlagen.<\/p>\n<\/li>\n<li>\n<p data-path-to-node=\"40,1,0\"><b data-path-to-node=\"40,1,0\" data-index-in-node=\"0\">Gepr\u00fcfte Qualit\u00e4t:<\/b> Entspricht den europ\u00e4ischen <b data-path-to-node=\"40,1,0\" data-index-in-node=\"47\">T-PED<\/b> Richtlinien f\u00fcr ortsbewegliche Druckger\u00e4te.<\/p>\n<\/li>\n<li>\n<p data-path-to-node=\"40,2,0\"><b data-path-to-node=\"40,2,0\" data-index-in-node=\"0\">Technische Daten:<\/b> Sicherer <b data-path-to-node=\"40,2,0\" data-index-in-node=\"27\">21,8 x 1\/14&#8243;<\/b> Anschluss f\u00fcr professionelle Servicearbeiten.<\/p>\n<\/li>\n<li>\n<p data-path-to-node=\"40,3,0\"><b data-path-to-node=\"40,3,0\" data-index-in-node=\"0\">Hinweis:<\/b> Abgabe nur an zertifizierte Fachbetriebe gem\u00e4\u00df F-Gase-Verordnung (EU) 517\/2014.<\/p>\n<\/li>\n<\/ul>\n","protected":false},"excerpt":{"rendered":"<div><span style=\"color: #166534; font-weight: bold;\">\u2713 Eco-Tax (Reg. UE 2024\/573)<\/span> <span style=\"color: #dc2626; font-weight: bold; margin-left: 5px;\">4,20 \u20ac\/kg<\/span><\/div>\n<p data-path-to-node=\"38\">Wiederbef\u00fcllbare <b data-path-to-node=\"38\" data-index-in-node=\"17\">30kg R449A K\u00e4ltemittelflasche<\/b>. Entwickelt f\u00fcr gro\u00dftechnische K\u00e4lteanwendungen. Zertifiziert nach <b data-path-to-node=\"38\" data-index-in-node=\"114\">T-PED \/ EN 13322-1<\/b>, ausgestattet mit einem <b data-path-to-node=\"38\" data-index-in-node=\"157\">21,8 x 1\/14&#8243;<\/b> Ventilanschluss.<\/p>\n<h3 data-path-to-node=\"39\"><\/h3>\n","protected":false},"featured_media":68866,"template":"","meta":[],"product_cat":[232,243],"product_tag":[],"acf":{"ai_note":""},"yoast_head":"<!-- This site is optimized with the Yoast SEO plugin v20.2 - https:\/\/yoast.com\/wordpress\/plugins\/seo\/ -->\n<title>K\u00e4ltemittel R449A Flasche - 30kg - (T-PED) - 21,8 x 1\/14&quot; Ventil | Refrigerant Boys<\/title>\n<meta name=\"description\" content=\"\u2713 Eco-Tax (Reg. UE 2024\/573) 4,20 \u20ac\/kg Wiederbef\u00fcllbare 30kg R449A K\u00e4ltemittelflasche. Entwickelt f\u00fcr gro\u00dftechnische K\u00e4lteanwendungen. Zertifiziert nach T-PED \/ EN 13322-1, ausgestattet mit einem 21,8 x 1\/14&quot; Ventilanschluss.\" \/>\n<meta name=\"robots\" content=\"index, follow, max-snippet:-1, max-image-preview:large, max-video-preview:-1\" \/>\n<link rel=\"canonical\" href=\"https:\/\/www.refrigerantboys.com\/de\/kaufen\/kaeltemittelgase\/bombola-di-r449a-con-30-kg-di-gas-valvola-217-x-1-1-4\/\" \/>\n<meta property=\"og:locale\" content=\"de_DE\" \/>\n<meta property=\"og:type\" content=\"article\" \/>\n<meta property=\"og:title\" content=\"K\u00e4ltemittel R449A Flasche - 30kg - (T-PED) - 21,8 x 1\/14&quot; Ventil | Refrigerant Boys\" \/>\n<meta property=\"og:description\" content=\"\u2713 Eco-Tax (Reg. UE 2024\/573) 4,20 \u20ac\/kg Wiederbef\u00fcllbare 30kg R449A K\u00e4ltemittelflasche. Entwickelt f\u00fcr gro\u00dftechnische K\u00e4lteanwendungen. Zertifiziert nach T-PED \/ EN 13322-1, ausgestattet mit einem 21,8 x 1\/14&quot; Ventilanschluss.\" \/>\n<meta property=\"og:url\" content=\"https:\/\/www.refrigerantboys.com\/de\/kaufen\/kaeltemittelgase\/bombola-di-r449a-con-30-kg-di-gas-valvola-217-x-1-1-4\/\" \/>\n<meta property=\"og:site_name\" content=\"Refrigerant Boys\" \/>\n<meta property=\"article:modified_time\" content=\"2026-02-13T10:18:28+00:00\" \/>\n<meta property=\"og:image\" content=\"https:\/\/www.refrigerantboys.com\/wp-content\/uploads\/2018\/11\/r449a-30kg-1.png\" \/>\n\t<meta property=\"og:image:width\" content=\"206\" \/>\n\t<meta property=\"og:image:height\" content=\"446\" \/>\n\t<meta property=\"og:image:type\" content=\"image\/png\" \/>\n<meta name=\"twitter:card\" content=\"summary_large_image\" \/>\n<meta name=\"twitter:label1\" content=\"Gesch\u00e4tzte Lesezeit\" \/>\n\t<meta name=\"twitter:data1\" content=\"1\u00a0Minute\" \/>\n<script type=\"application\/ld+json\" class=\"yoast-schema-graph\">{\"@context\":\"https:\/\/schema.org\",\"@graph\":[{\"@type\":\"WebPage\",\"@id\":\"https:\/\/www.refrigerantboys.com\/de\/kaufen\/kaeltemittelgase\/bombola-di-r449a-con-30-kg-di-gas-valvola-217-x-1-1-4\/\",\"url\":\"https:\/\/www.refrigerantboys.com\/de\/kaufen\/kaeltemittelgase\/bombola-di-r449a-con-30-kg-di-gas-valvola-217-x-1-1-4\/\",\"name\":\"K\u00e4ltemittel R449A Flasche - 30kg - (T-PED) - 21,8 x 1\/14\\\" Ventil | Refrigerant Boys\",\"isPartOf\":{\"@id\":\"https:\/\/www.refrigerantboys.com\/de\/#website\"},\"datePublished\":\"2018-11-27T14:26:19+00:00\",\"dateModified\":\"2026-02-13T10:18:28+00:00\",\"description\":\"\u2713 Eco-Tax (Reg. UE 2024\/573) 4,20 \u20ac\/kg Wiederbef\u00fcllbare 30kg R449A K\u00e4ltemittelflasche. Entwickelt f\u00fcr gro\u00dftechnische K\u00e4lteanwendungen. Zertifiziert nach T-PED \/ EN 13322-1, ausgestattet mit einem 21,8 x 1\/14\\\" Ventilanschluss.\",\"breadcrumb\":{\"@id\":\"https:\/\/www.refrigerantboys.com\/de\/kaufen\/kaeltemittelgase\/bombola-di-r449a-con-30-kg-di-gas-valvola-217-x-1-1-4\/#breadcrumb\"},\"inLanguage\":\"de\",\"potentialAction\":[{\"@type\":\"ReadAction\",\"target\":[\"https:\/\/www.refrigerantboys.com\/de\/kaufen\/kaeltemittelgase\/bombola-di-r449a-con-30-kg-di-gas-valvola-217-x-1-1-4\/\"]}]},{\"@type\":\"BreadcrumbList\",\"@id\":\"https:\/\/www.refrigerantboys.com\/de\/kaufen\/kaeltemittelgase\/bombola-di-r449a-con-30-kg-di-gas-valvola-217-x-1-1-4\/#breadcrumb\",\"itemListElement\":[{\"@type\":\"ListItem\",\"position\":1,\"name\":\"Home\",\"item\":\"https:\/\/www.refrigerantboys.com\/de\/\"},{\"@type\":\"ListItem\",\"position\":2,\"name\":\"Gesch\u00e4ft\",\"item\":\"https:\/\/www.refrigerantboys.com\/de\/geschaeft\/\"},{\"@type\":\"ListItem\",\"position\":3,\"name\":\"K\u00e4ltemittel R449A Flasche &#8211; 30kg &#8211; (T-PED) &#8211; 21,8 x 1\/14&#8243; Ventil\"}]},{\"@type\":\"WebSite\",\"@id\":\"https:\/\/www.refrigerantboys.com\/de\/#website\",\"url\":\"https:\/\/www.refrigerantboys.com\/de\/\",\"name\":\"Refrigerant Boys\",\"description\":\"Vendita gas refrigeranti\",\"potentialAction\":[{\"@type\":\"SearchAction\",\"target\":{\"@type\":\"EntryPoint\",\"urlTemplate\":\"https:\/\/www.refrigerantboys.com\/de\/?s={search_term_string}\"},\"query-input\":\"required name=search_term_string\"}],\"inLanguage\":\"de\"}]}<\/script>\n<!-- \/ Yoast SEO plugin. -->","yoast_head_json":{"title":"K\u00e4ltemittel R449A Flasche - 30kg - (T-PED) - 21,8 x 1\/14\" Ventil | Refrigerant Boys","description":"\u2713 Eco-Tax (Reg. UE 2024\/573) 4,20 \u20ac\/kg Wiederbef\u00fcllbare 30kg R449A K\u00e4ltemittelflasche. Entwickelt f\u00fcr gro\u00dftechnische K\u00e4lteanwendungen. Zertifiziert nach T-PED \/ EN 13322-1, ausgestattet mit einem 21,8 x 1\/14\" Ventilanschluss.","robots":{"index":"index","follow":"follow","max-snippet":"max-snippet:-1","max-image-preview":"max-image-preview:large","max-video-preview":"max-video-preview:-1"},"canonical":"https:\/\/www.refrigerantboys.com\/de\/kaufen\/kaeltemittelgase\/bombola-di-r449a-con-30-kg-di-gas-valvola-217-x-1-1-4\/","og_locale":"de_DE","og_type":"article","og_title":"K\u00e4ltemittel R449A Flasche - 30kg - (T-PED) - 21,8 x 1\/14\" Ventil | Refrigerant Boys","og_description":"\u2713 Eco-Tax (Reg. UE 2024\/573) 4,20 \u20ac\/kg Wiederbef\u00fcllbare 30kg R449A K\u00e4ltemittelflasche. Entwickelt f\u00fcr gro\u00dftechnische K\u00e4lteanwendungen. Zertifiziert nach T-PED \/ EN 13322-1, ausgestattet mit einem 21,8 x 1\/14\" Ventilanschluss.","og_url":"https:\/\/www.refrigerantboys.com\/de\/kaufen\/kaeltemittelgase\/bombola-di-r449a-con-30-kg-di-gas-valvola-217-x-1-1-4\/","og_site_name":"Refrigerant Boys","article_modified_time":"2026-02-13T10:18:28+00:00","og_image":[{"width":206,"height":446,"url":"https:\/\/www.refrigerantboys.com\/wp-content\/uploads\/2018\/11\/r449a-30kg-1.png","type":"image\/png"}],"twitter_card":"summary_large_image","twitter_misc":{"Gesch\u00e4tzte Lesezeit":"1\u00a0Minute"},"schema":{"@context":"https:\/\/schema.org","@graph":[{"@type":"WebPage","@id":"https:\/\/www.refrigerantboys.com\/de\/kaufen\/kaeltemittelgase\/bombola-di-r449a-con-30-kg-di-gas-valvola-217-x-1-1-4\/","url":"https:\/\/www.refrigerantboys.com\/de\/kaufen\/kaeltemittelgase\/bombola-di-r449a-con-30-kg-di-gas-valvola-217-x-1-1-4\/","name":"K\u00e4ltemittel R449A Flasche - 30kg - (T-PED) - 21,8 x 1\/14\" Ventil | Refrigerant Boys","isPartOf":{"@id":"https:\/\/www.refrigerantboys.com\/de\/#website"},"datePublished":"2018-11-27T14:26:19+00:00","dateModified":"2026-02-13T10:18:28+00:00","description":"\u2713 Eco-Tax (Reg. UE 2024\/573) 4,20 \u20ac\/kg Wiederbef\u00fcllbare 30kg R449A K\u00e4ltemittelflasche. Entwickelt f\u00fcr gro\u00dftechnische K\u00e4lteanwendungen. Zertifiziert nach T-PED \/ EN 13322-1, ausgestattet mit einem 21,8 x 1\/14\" Ventilanschluss.","breadcrumb":{"@id":"https:\/\/www.refrigerantboys.com\/de\/kaufen\/kaeltemittelgase\/bombola-di-r449a-con-30-kg-di-gas-valvola-217-x-1-1-4\/#breadcrumb"},"inLanguage":"de","potentialAction":[{"@type":"ReadAction","target":["https:\/\/www.refrigerantboys.com\/de\/kaufen\/kaeltemittelgase\/bombola-di-r449a-con-30-kg-di-gas-valvola-217-x-1-1-4\/"]}]},{"@type":"BreadcrumbList","@id":"https:\/\/www.refrigerantboys.com\/de\/kaufen\/kaeltemittelgase\/bombola-di-r449a-con-30-kg-di-gas-valvola-217-x-1-1-4\/#breadcrumb","itemListElement":[{"@type":"ListItem","position":1,"name":"Home","item":"https:\/\/www.refrigerantboys.com\/de\/"},{"@type":"ListItem","position":2,"name":"Gesch\u00e4ft","item":"https:\/\/www.refrigerantboys.com\/de\/geschaeft\/"},{"@type":"ListItem","position":3,"name":"K\u00e4ltemittel R449A Flasche &#8211; 30kg &#8211; (T-PED) &#8211; 21,8 x 1\/14&#8243; Ventil"}]},{"@type":"WebSite","@id":"https:\/\/www.refrigerantboys.com\/de\/#website","url":"https:\/\/www.refrigerantboys.com\/de\/","name":"Refrigerant Boys","description":"Vendita gas refrigeranti","potentialAction":[{"@type":"SearchAction","target":{"@type":"EntryPoint","urlTemplate":"https:\/\/www.refrigerantboys.com\/de\/?s={search_term_string}"},"query-input":"required name=search_term_string"}],"inLanguage":"de"}]}},"_links":{"self":[{"href":"https:\/\/www.refrigerantboys.com\/de\/wp-json\/wp\/v2\/product\/4998"}],"collection":[{"href":"https:\/\/www.refrigerantboys.com\/de\/wp-json\/wp\/v2\/product"}],"about":[{"href":"https:\/\/www.refrigerantboys.com\/de\/wp-json\/wp\/v2\/types\/product"}],"wp:featuredmedia":[{"embeddable":true,"href":"https:\/\/www.refrigerantboys.com\/de\/wp-json\/wp\/v2\/media\/68866"}],"wp:attachment":[{"href":"https:\/\/www.refrigerantboys.com\/de\/wp-json\/wp\/v2\/media?parent=4998"}],"wp:term":[{"taxonomy":"product_cat","embeddable":true,"href":"https:\/\/www.refrigerantboys.com\/de\/wp-json\/wp\/v2\/product_cat?post=4998"},{"taxonomy":"product_tag","embeddable":true,"href":"https:\/\/www.refrigerantboys.com\/de\/wp-json\/wp\/v2\/product_tag?post=4998"}],"curies":[{"name":"wp","href":"https:\/\/api.w.org\/{rel}","templated":true}]}}