{"id":4997,"date":"2017-10-28T22:52:03","date_gmt":"2017-10-28T22:52:03","guid":{"rendered":"https:\/\/www.refrigerantboys.com\/senza%20categoria\/gas-r448a-in-der-gasflasche-800-g\/"},"modified":"2026-02-12T15:24:46","modified_gmt":"2026-02-12T14:24:46","slug":"gas-r448a-in-der-gasflasche-800-g-ventil-1-4","status":"publish","type":"product","link":"https:\/\/www.refrigerantboys.com\/de\/kaufen\/kaeltemittelgase\/gas-r448a-in-der-gasflasche-800-g-ventil-1-4\/","title":{"rendered":"K\u00e4ltemittel R448A \u2013 800g Flasche Ventil 1\/4 &#8220;"},"content":{"rendered":"<p data-path-to-node=\"42,0\"><b data-path-to-node=\"42,0\" data-index-in-node=\"0\">Zukunftsweisende Effizienz f\u00fcr die K\u00e4ltetechnik<\/b> Nicht brennbares Gemisch (A1) aus HFO und HFC. Perfekt f\u00fcr Gewerbek\u00e4lte und K\u00fchlzellen.<\/p>\n<ul data-path-to-node=\"42,1\">\n<li>\n<p data-path-to-node=\"42,1,0,0\"><b data-path-to-node=\"42,1,0,0\" data-index-in-node=\"0\">Energieeffizienz:<\/b> Bis zu 10% weniger Stromverbrauch.<\/p>\n<\/li>\n<li>\n<p data-path-to-node=\"42,1,1,0\"><b data-path-to-node=\"42,1,1,0\" data-index-in-node=\"0\">Gepr\u00fcfte Qualit\u00e4t:<\/b> Flaschen zertifiziert nach europ\u00e4ischem <b data-path-to-node=\"42,1,1,0\" data-index-in-node=\"59\">T-PED<\/b> Standard.<\/p>\n<\/li>\n<li>\n<p data-path-to-node=\"42,1,2,0\"><b data-path-to-node=\"42,1,2,0\" data-index-in-node=\"0\">Anschluss:<\/b> Standardm\u00e4\u00dfiges <b data-path-to-node=\"42,1,2,0\" data-index-in-node=\"27\">1\/4&#8243; SAE<\/b> Ventil f\u00fcr sicheres Arbeiten.<\/p>\n<\/li>\n<\/ul>\n","protected":false},"excerpt":{"rendered":"<div><span style=\"color: #166534; font-weight: bold;\">\u2713 Eco-Tax (Reg. UE 2024\/573)<\/span> <span style=\"color: #dc2626; font-weight: bold; margin-left: 5px;\">4,16 \u20ac\/kg<\/span><\/div>\n<p data-path-to-node=\"40,0\"><b data-path-to-node=\"40,0\" data-index-in-node=\"0\">R448A (Solstice\u00ae N40)<\/b> ist ein HFO-K\u00e4ltemittel der n\u00e4chsten Generation. Der ideale Ersatz f\u00fcr R404A und R507 mit einem um 68% niedrigeren GWP.<\/p>\n<ul data-path-to-node=\"40,1\">\n<li>\n<p data-path-to-node=\"40,1,0,0\"><b data-path-to-node=\"40,1,0,0\" data-index-in-node=\"0\">Format:<\/b> Kompakte 800g Flasche.<\/p>\n<\/li>\n<li>\n<p data-path-to-node=\"40,1,1,0\"><b data-path-to-node=\"40,1,1,0\" data-index-in-node=\"0\">Sicherheit:<\/b> Entspricht <b data-path-to-node=\"40,1,1,0\" data-index-in-node=\"23\">T-PED \/ EN 13322-1<\/b>.<\/p>\n<\/li>\n<li>\n<p data-path-to-node=\"40,1,2,0\"><b data-path-to-node=\"40,1,2,0\" data-index-in-node=\"0\">Anschluss:<\/b> <b data-path-to-node=\"40,1,2,0\" data-index-in-node=\"11\">1\/4&#8243; SAE<\/b> Ventil.<\/p>\n<\/li>\n<\/ul>\n","protected":false},"featured_media":8067,"template":"","meta":[],"product_cat":[232,242],"product_tag":[],"acf":{"ai_note":""},"yoast_head":"<!-- This site is optimized with the Yoast SEO plugin v20.2 - https:\/\/yoast.com\/wordpress\/plugins\/seo\/ -->\n<title>K\u00e4ltemittel R448A \u2013 800g Flasche Ventil 1\/4 &quot; | Refrigerant Boys<\/title>\n<meta name=\"description\" content=\"\u2713 Eco-Tax (Reg. UE 2024\/573) 4,16 \u20ac\/kg R448A (Solstice\u00ae N40) ist ein HFO-K\u00e4ltemittel der n\u00e4chsten Generation. Der ideale Ersatz f\u00fcr R404A und R507 mit einem um 68% niedrigeren GWP.     Format: Kompakte 800g Flasche.    Sicherheit: Entspricht T-PED \/ EN 13322-1.    Anschluss: 1\/4&quot; SAE Ventil.\" \/>\n<meta name=\"robots\" content=\"index, follow, max-snippet:-1, max-image-preview:large, max-video-preview:-1\" \/>\n<link rel=\"canonical\" href=\"https:\/\/www.refrigerantboys.com\/de\/kaufen\/kaeltemittelgase\/gas-r448a-in-der-gasflasche-800-g-ventil-1-4\/\" \/>\n<meta property=\"og:locale\" content=\"de_DE\" \/>\n<meta property=\"og:type\" content=\"article\" \/>\n<meta property=\"og:title\" content=\"K\u00e4ltemittel R448A \u2013 800g Flasche Ventil 1\/4 &quot; | Refrigerant Boys\" \/>\n<meta property=\"og:description\" content=\"\u2713 Eco-Tax (Reg. UE 2024\/573) 4,16 \u20ac\/kg R448A (Solstice\u00ae N40) ist ein HFO-K\u00e4ltemittel der n\u00e4chsten Generation. Der ideale Ersatz f\u00fcr R404A und R507 mit einem um 68% niedrigeren GWP.     Format: Kompakte 800g Flasche.    Sicherheit: Entspricht T-PED \/ EN 13322-1.    Anschluss: 1\/4&quot; SAE Ventil.\" \/>\n<meta property=\"og:url\" content=\"https:\/\/www.refrigerantboys.com\/de\/kaufen\/kaeltemittelgase\/gas-r448a-in-der-gasflasche-800-g-ventil-1-4\/\" \/>\n<meta property=\"og:site_name\" content=\"Refrigerant Boys\" \/>\n<meta property=\"article:modified_time\" content=\"2026-02-12T14:24:46+00:00\" \/>\n<meta property=\"og:image\" content=\"https:\/\/www.refrigerantboys.com\/wp-content\/uploads\/2017\/10\/0001723_0-1-1-260x457-1.jpeg\" \/>\n\t<meta property=\"og:image:width\" content=\"198\" \/>\n\t<meta property=\"og:image:height\" content=\"464\" \/>\n\t<meta property=\"og:image:type\" content=\"image\/jpeg\" \/>\n<meta name=\"twitter:card\" content=\"summary_large_image\" \/>\n<meta name=\"twitter:label1\" content=\"Gesch\u00e4tzte Lesezeit\" \/>\n\t<meta name=\"twitter:data1\" content=\"1\u00a0Minute\" \/>\n<script type=\"application\/ld+json\" class=\"yoast-schema-graph\">{\"@context\":\"https:\/\/schema.org\",\"@graph\":[{\"@type\":\"WebPage\",\"@id\":\"https:\/\/www.refrigerantboys.com\/de\/kaufen\/kaeltemittelgase\/gas-r448a-in-der-gasflasche-800-g-ventil-1-4\/\",\"url\":\"https:\/\/www.refrigerantboys.com\/de\/kaufen\/kaeltemittelgase\/gas-r448a-in-der-gasflasche-800-g-ventil-1-4\/\",\"name\":\"K\u00e4ltemittel R448A \u2013 800g Flasche Ventil 1\/4 \\\" | Refrigerant Boys\",\"isPartOf\":{\"@id\":\"https:\/\/www.refrigerantboys.com\/de\/#website\"},\"datePublished\":\"2017-10-28T22:52:03+00:00\",\"dateModified\":\"2026-02-12T14:24:46+00:00\",\"description\":\"\u2713 Eco-Tax (Reg. UE 2024\/573) 4,16 \u20ac\/kg R448A (Solstice\u00ae N40) ist ein HFO-K\u00e4ltemittel der n\u00e4chsten Generation. Der ideale Ersatz f\u00fcr R404A und R507 mit einem um 68% niedrigeren GWP. Format: Kompakte 800g Flasche. Sicherheit: Entspricht T-PED \/ EN 13322-1. Anschluss: 1\/4\\\" SAE Ventil.\",\"breadcrumb\":{\"@id\":\"https:\/\/www.refrigerantboys.com\/de\/kaufen\/kaeltemittelgase\/gas-r448a-in-der-gasflasche-800-g-ventil-1-4\/#breadcrumb\"},\"inLanguage\":\"de\",\"potentialAction\":[{\"@type\":\"ReadAction\",\"target\":[\"https:\/\/www.refrigerantboys.com\/de\/kaufen\/kaeltemittelgase\/gas-r448a-in-der-gasflasche-800-g-ventil-1-4\/\"]}]},{\"@type\":\"BreadcrumbList\",\"@id\":\"https:\/\/www.refrigerantboys.com\/de\/kaufen\/kaeltemittelgase\/gas-r448a-in-der-gasflasche-800-g-ventil-1-4\/#breadcrumb\",\"itemListElement\":[{\"@type\":\"ListItem\",\"position\":1,\"name\":\"Home\",\"item\":\"https:\/\/www.refrigerantboys.com\/de\/\"},{\"@type\":\"ListItem\",\"position\":2,\"name\":\"Gesch\u00e4ft\",\"item\":\"https:\/\/www.refrigerantboys.com\/de\/geschaeft\/\"},{\"@type\":\"ListItem\",\"position\":3,\"name\":\"K\u00e4ltemittel R448A \u2013 800g Flasche Ventil 1\/4 &#8220;\"}]},{\"@type\":\"WebSite\",\"@id\":\"https:\/\/www.refrigerantboys.com\/de\/#website\",\"url\":\"https:\/\/www.refrigerantboys.com\/de\/\",\"name\":\"Refrigerant Boys\",\"description\":\"Vendita gas refrigeranti\",\"potentialAction\":[{\"@type\":\"SearchAction\",\"target\":{\"@type\":\"EntryPoint\",\"urlTemplate\":\"https:\/\/www.refrigerantboys.com\/de\/?s={search_term_string}\"},\"query-input\":\"required name=search_term_string\"}],\"inLanguage\":\"de\"}]}<\/script>\n<!-- \/ Yoast SEO plugin. -->","yoast_head_json":{"title":"K\u00e4ltemittel R448A \u2013 800g Flasche Ventil 1\/4 \" | Refrigerant Boys","description":"\u2713 Eco-Tax (Reg. UE 2024\/573) 4,16 \u20ac\/kg R448A (Solstice\u00ae N40) ist ein HFO-K\u00e4ltemittel der n\u00e4chsten Generation. Der ideale Ersatz f\u00fcr R404A und R507 mit einem um 68% niedrigeren GWP.     Format: Kompakte 800g Flasche.    Sicherheit: Entspricht T-PED \/ EN 13322-1.    Anschluss: 1\/4\" SAE Ventil.","robots":{"index":"index","follow":"follow","max-snippet":"max-snippet:-1","max-image-preview":"max-image-preview:large","max-video-preview":"max-video-preview:-1"},"canonical":"https:\/\/www.refrigerantboys.com\/de\/kaufen\/kaeltemittelgase\/gas-r448a-in-der-gasflasche-800-g-ventil-1-4\/","og_locale":"de_DE","og_type":"article","og_title":"K\u00e4ltemittel R448A \u2013 800g Flasche Ventil 1\/4 \" | Refrigerant Boys","og_description":"\u2713 Eco-Tax (Reg. UE 2024\/573) 4,16 \u20ac\/kg R448A (Solstice\u00ae N40) ist ein HFO-K\u00e4ltemittel der n\u00e4chsten Generation. Der ideale Ersatz f\u00fcr R404A und R507 mit einem um 68% niedrigeren GWP.     Format: Kompakte 800g Flasche.    Sicherheit: Entspricht T-PED \/ EN 13322-1.    Anschluss: 1\/4\" SAE Ventil.","og_url":"https:\/\/www.refrigerantboys.com\/de\/kaufen\/kaeltemittelgase\/gas-r448a-in-der-gasflasche-800-g-ventil-1-4\/","og_site_name":"Refrigerant Boys","article_modified_time":"2026-02-12T14:24:46+00:00","og_image":[{"width":198,"height":464,"url":"https:\/\/www.refrigerantboys.com\/wp-content\/uploads\/2017\/10\/0001723_0-1-1-260x457-1.jpeg","type":"image\/jpeg"}],"twitter_card":"summary_large_image","twitter_misc":{"Gesch\u00e4tzte Lesezeit":"1\u00a0Minute"},"schema":{"@context":"https:\/\/schema.org","@graph":[{"@type":"WebPage","@id":"https:\/\/www.refrigerantboys.com\/de\/kaufen\/kaeltemittelgase\/gas-r448a-in-der-gasflasche-800-g-ventil-1-4\/","url":"https:\/\/www.refrigerantboys.com\/de\/kaufen\/kaeltemittelgase\/gas-r448a-in-der-gasflasche-800-g-ventil-1-4\/","name":"K\u00e4ltemittel R448A \u2013 800g Flasche Ventil 1\/4 \" | Refrigerant Boys","isPartOf":{"@id":"https:\/\/www.refrigerantboys.com\/de\/#website"},"datePublished":"2017-10-28T22:52:03+00:00","dateModified":"2026-02-12T14:24:46+00:00","description":"\u2713 Eco-Tax (Reg. UE 2024\/573) 4,16 \u20ac\/kg R448A (Solstice\u00ae N40) ist ein HFO-K\u00e4ltemittel der n\u00e4chsten Generation. Der ideale Ersatz f\u00fcr R404A und R507 mit einem um 68% niedrigeren GWP. Format: Kompakte 800g Flasche. Sicherheit: Entspricht T-PED \/ EN 13322-1. Anschluss: 1\/4\" SAE Ventil.","breadcrumb":{"@id":"https:\/\/www.refrigerantboys.com\/de\/kaufen\/kaeltemittelgase\/gas-r448a-in-der-gasflasche-800-g-ventil-1-4\/#breadcrumb"},"inLanguage":"de","potentialAction":[{"@type":"ReadAction","target":["https:\/\/www.refrigerantboys.com\/de\/kaufen\/kaeltemittelgase\/gas-r448a-in-der-gasflasche-800-g-ventil-1-4\/"]}]},{"@type":"BreadcrumbList","@id":"https:\/\/www.refrigerantboys.com\/de\/kaufen\/kaeltemittelgase\/gas-r448a-in-der-gasflasche-800-g-ventil-1-4\/#breadcrumb","itemListElement":[{"@type":"ListItem","position":1,"name":"Home","item":"https:\/\/www.refrigerantboys.com\/de\/"},{"@type":"ListItem","position":2,"name":"Gesch\u00e4ft","item":"https:\/\/www.refrigerantboys.com\/de\/geschaeft\/"},{"@type":"ListItem","position":3,"name":"K\u00e4ltemittel R448A \u2013 800g Flasche Ventil 1\/4 &#8220;"}]},{"@type":"WebSite","@id":"https:\/\/www.refrigerantboys.com\/de\/#website","url":"https:\/\/www.refrigerantboys.com\/de\/","name":"Refrigerant Boys","description":"Vendita gas refrigeranti","potentialAction":[{"@type":"SearchAction","target":{"@type":"EntryPoint","urlTemplate":"https:\/\/www.refrigerantboys.com\/de\/?s={search_term_string}"},"query-input":"required name=search_term_string"}],"inLanguage":"de"}]}},"_links":{"self":[{"href":"https:\/\/www.refrigerantboys.com\/de\/wp-json\/wp\/v2\/product\/4997"}],"collection":[{"href":"https:\/\/www.refrigerantboys.com\/de\/wp-json\/wp\/v2\/product"}],"about":[{"href":"https:\/\/www.refrigerantboys.com\/de\/wp-json\/wp\/v2\/types\/product"}],"wp:featuredmedia":[{"embeddable":true,"href":"https:\/\/www.refrigerantboys.com\/de\/wp-json\/wp\/v2\/media\/8067"}],"wp:attachment":[{"href":"https:\/\/www.refrigerantboys.com\/de\/wp-json\/wp\/v2\/media?parent=4997"}],"wp:term":[{"taxonomy":"product_cat","embeddable":true,"href":"https:\/\/www.refrigerantboys.com\/de\/wp-json\/wp\/v2\/product_cat?post=4997"},{"taxonomy":"product_tag","embeddable":true,"href":"https:\/\/www.refrigerantboys.com\/de\/wp-json\/wp\/v2\/product_tag?post=4997"}],"curies":[{"name":"wp","href":"https:\/\/api.w.org\/{rel}","templated":true}]}}