{"id":4995,"date":"2017-10-28T22:52:11","date_gmt":"2017-10-28T22:52:11","guid":{"rendered":"https:\/\/www.refrigerantboys.com\/senza%20categoria\/kaltemittel-r448a-in-der-gasflasche-5-kg\/"},"modified":"2026-02-12T15:45:15","modified_gmt":"2026-02-12T14:45:15","slug":"gas-refrigerante-r448a-con-5-kg-valvola-1-4-sae","status":"publish","type":"product","link":"https:\/\/www.refrigerantboys.com\/de\/kaufen\/kaeltemittelgase\/gas-refrigerante-r448a-con-5-kg-valvola-1-4-sae\/","title":{"rendered":"K\u00e4ltemittel R448A \u2013 5 kg Flasche Ventil 1\/4 SAE"},"content":{"rendered":"<p data-path-to-node=\"41,0\"><b data-path-to-node=\"41,0\" data-index-in-node=\"0\">Effizienz und Kapazit\u00e4t f\u00fcr die K\u00e4ltetechnik<\/b> R448A ist das f\u00fchrende HFO\/HFC-Gemisch f\u00fcr die gewerbliche Normalk\u00fchlung und Tiefk\u00fchlung. Das 5 kg Format bietet ausreichend Kapazit\u00e4t f\u00fcr mittelgro\u00dfe Anlagen.<\/p>\n<ul data-path-to-node=\"41,1\">\n<li>\n<p data-path-to-node=\"41,1,0,0\"><b data-path-to-node=\"41,1,0,0\" data-index-in-node=\"0\">Betriebskosten senken:<\/b> Reduziert den Stromverbrauch um bis zu 10% durch einen verbesserten COP.<\/p>\n<\/li>\n<li>\n<p data-path-to-node=\"41,1,1,0\"><b data-path-to-node=\"41,1,1,0\" data-index-in-node=\"0\">Gepr\u00fcfte Sicherheit:<\/b> Stahlflaschen gem\u00e4\u00df europ\u00e4ischem <b data-path-to-node=\"41,1,1,0\" data-index-in-node=\"54\">T-PED<\/b> Standard f\u00fcr sicheren Transport.<\/p>\n<\/li>\n<li>\n<p data-path-to-node=\"41,1,2,0\"><b data-path-to-node=\"41,1,2,0\" data-index-in-node=\"0\">Einfacher Anschluss:<\/b> Ausgestattet mit einem <b data-path-to-node=\"41,1,2,0\" data-index-in-node=\"44\">1\/4&#8243; SAE<\/b> Ventil f\u00fcr den Standardanschluss.<\/p>\n<\/li>\n<\/ul>\n","protected":false},"excerpt":{"rendered":"<div><span style=\"color: #166534; font-weight: bold;\">\u2713 Eco-Tax (Reg. UE 2024\/573)<\/span> <span style=\"color: #dc2626; font-weight: bold; margin-left: 5px;\">4,16 \u20ac\/kg<\/span><\/div>\n<p data-path-to-node=\"39,0\"><b data-path-to-node=\"39,0\" data-index-in-node=\"0\">R448A (Solstice\u00ae N40)<\/b> in der 5 kg Flasche ist die ausgewogene Profil\u00f6sung f\u00fcr Bef\u00fcllung und Umr\u00fcstung. H\u00f6chste Energieeffizienz bei einem um 68% niedrigeren GWP im Vergleich zu R404A.<\/p>\n<ul data-path-to-node=\"39,1\">\n<li>\n<p data-path-to-node=\"39,1,0,0\"><b data-path-to-node=\"39,1,0,0\" data-index-in-node=\"0\">Format:<\/b> 5 kg Mehrwegflasche.<\/p>\n<\/li>\n<li>\n<p data-path-to-node=\"39,1,1,0\"><b data-path-to-node=\"39,1,1,0\" data-index-in-node=\"0\">Sicherheit:<\/b> Zertifiziert nach <b data-path-to-node=\"39,1,1,0\" data-index-in-node=\"30\">T-PED \/ EN 13322-1<\/b>.<\/p>\n<\/li>\n<li>\n<p data-path-to-node=\"39,1,2,0\"><b data-path-to-node=\"39,1,2,0\" data-index-in-node=\"0\">Anschluss:<\/b> <b data-path-to-node=\"39,1,2,0\" data-index-in-node=\"11\">1\/4&#8243; SAE<\/b> Ventil.<\/p>\n<\/li>\n<\/ul>\n","protected":false},"featured_media":68856,"template":"","meta":[],"product_cat":[232,242],"product_tag":[],"acf":{"ai_note":""},"yoast_head":"<!-- This site is optimized with the Yoast SEO plugin v20.2 - https:\/\/yoast.com\/wordpress\/plugins\/seo\/ -->\n<title>K\u00e4ltemittel R448A \u2013 5 kg Flasche Ventil 1\/4 SAE | Refrigerant Boys<\/title>\n<meta name=\"description\" content=\"\u2713 Eco-Tax (Reg. UE 2024\/573) 4,16 \u20ac\/kg R448A (Solstice\u00ae N40) in der 5 kg Flasche ist die ausgewogene Profil\u00f6sung f\u00fcr Bef\u00fcllung und Umr\u00fcstung. H\u00f6chste Energieeffizienz bei einem um 68% niedrigeren GWP im Vergleich zu R404A.     Format: 5 kg Mehrwegflasche.    Sicherheit: Zertifiziert nach T-PED \/ EN 13322-1.    Anschluss: 1\/4&quot; SAE Ventil.\" \/>\n<meta name=\"robots\" content=\"index, follow, max-snippet:-1, max-image-preview:large, max-video-preview:-1\" \/>\n<link rel=\"canonical\" href=\"https:\/\/www.refrigerantboys.com\/de\/kaufen\/kaeltemittelgase\/gas-refrigerante-r448a-con-5-kg-valvola-1-4-sae\/\" \/>\n<meta property=\"og:locale\" content=\"de_DE\" \/>\n<meta property=\"og:type\" content=\"article\" \/>\n<meta property=\"og:title\" content=\"K\u00e4ltemittel R448A \u2013 5 kg Flasche Ventil 1\/4 SAE | Refrigerant Boys\" \/>\n<meta property=\"og:description\" content=\"\u2713 Eco-Tax (Reg. UE 2024\/573) 4,16 \u20ac\/kg R448A (Solstice\u00ae N40) in der 5 kg Flasche ist die ausgewogene Profil\u00f6sung f\u00fcr Bef\u00fcllung und Umr\u00fcstung. H\u00f6chste Energieeffizienz bei einem um 68% niedrigeren GWP im Vergleich zu R404A.     Format: 5 kg Mehrwegflasche.    Sicherheit: Zertifiziert nach T-PED \/ EN 13322-1.    Anschluss: 1\/4&quot; SAE Ventil.\" \/>\n<meta property=\"og:url\" content=\"https:\/\/www.refrigerantboys.com\/de\/kaufen\/kaeltemittelgase\/gas-refrigerante-r448a-con-5-kg-valvola-1-4-sae\/\" \/>\n<meta property=\"og:site_name\" content=\"Refrigerant Boys\" \/>\n<meta property=\"article:modified_time\" content=\"2026-02-12T14:45:15+00:00\" \/>\n<meta property=\"og:image\" content=\"https:\/\/www.refrigerantboys.com\/wp-content\/uploads\/2017\/10\/r448-5kg-1.png\" \/>\n\t<meta property=\"og:image:width\" content=\"398\" \/>\n\t<meta property=\"og:image:height\" content=\"722\" \/>\n\t<meta property=\"og:image:type\" content=\"image\/png\" \/>\n<meta name=\"twitter:card\" content=\"summary_large_image\" \/>\n<meta name=\"twitter:label1\" content=\"Gesch\u00e4tzte Lesezeit\" \/>\n\t<meta name=\"twitter:data1\" content=\"1\u00a0Minute\" \/>\n<script type=\"application\/ld+json\" class=\"yoast-schema-graph\">{\"@context\":\"https:\/\/schema.org\",\"@graph\":[{\"@type\":\"WebPage\",\"@id\":\"https:\/\/www.refrigerantboys.com\/de\/kaufen\/kaeltemittelgase\/gas-refrigerante-r448a-con-5-kg-valvola-1-4-sae\/\",\"url\":\"https:\/\/www.refrigerantboys.com\/de\/kaufen\/kaeltemittelgase\/gas-refrigerante-r448a-con-5-kg-valvola-1-4-sae\/\",\"name\":\"K\u00e4ltemittel R448A \u2013 5 kg Flasche Ventil 1\/4 SAE | Refrigerant Boys\",\"isPartOf\":{\"@id\":\"https:\/\/www.refrigerantboys.com\/de\/#website\"},\"datePublished\":\"2017-10-28T22:52:11+00:00\",\"dateModified\":\"2026-02-12T14:45:15+00:00\",\"description\":\"\u2713 Eco-Tax (Reg. UE 2024\/573) 4,16 \u20ac\/kg R448A (Solstice\u00ae N40) in der 5 kg Flasche ist die ausgewogene Profil\u00f6sung f\u00fcr Bef\u00fcllung und Umr\u00fcstung. H\u00f6chste Energieeffizienz bei einem um 68% niedrigeren GWP im Vergleich zu R404A. Format: 5 kg Mehrwegflasche. Sicherheit: Zertifiziert nach T-PED \/ EN 13322-1. Anschluss: 1\/4\\\" SAE Ventil.\",\"breadcrumb\":{\"@id\":\"https:\/\/www.refrigerantboys.com\/de\/kaufen\/kaeltemittelgase\/gas-refrigerante-r448a-con-5-kg-valvola-1-4-sae\/#breadcrumb\"},\"inLanguage\":\"de\",\"potentialAction\":[{\"@type\":\"ReadAction\",\"target\":[\"https:\/\/www.refrigerantboys.com\/de\/kaufen\/kaeltemittelgase\/gas-refrigerante-r448a-con-5-kg-valvola-1-4-sae\/\"]}]},{\"@type\":\"BreadcrumbList\",\"@id\":\"https:\/\/www.refrigerantboys.com\/de\/kaufen\/kaeltemittelgase\/gas-refrigerante-r448a-con-5-kg-valvola-1-4-sae\/#breadcrumb\",\"itemListElement\":[{\"@type\":\"ListItem\",\"position\":1,\"name\":\"Home\",\"item\":\"https:\/\/www.refrigerantboys.com\/de\/\"},{\"@type\":\"ListItem\",\"position\":2,\"name\":\"Gesch\u00e4ft\",\"item\":\"https:\/\/www.refrigerantboys.com\/de\/geschaeft\/\"},{\"@type\":\"ListItem\",\"position\":3,\"name\":\"K\u00e4ltemittel R448A \u2013 5 kg Flasche Ventil 1\/4 SAE\"}]},{\"@type\":\"WebSite\",\"@id\":\"https:\/\/www.refrigerantboys.com\/de\/#website\",\"url\":\"https:\/\/www.refrigerantboys.com\/de\/\",\"name\":\"Refrigerant Boys\",\"description\":\"Vendita gas refrigeranti\",\"potentialAction\":[{\"@type\":\"SearchAction\",\"target\":{\"@type\":\"EntryPoint\",\"urlTemplate\":\"https:\/\/www.refrigerantboys.com\/de\/?s={search_term_string}\"},\"query-input\":\"required name=search_term_string\"}],\"inLanguage\":\"de\"}]}<\/script>\n<!-- \/ Yoast SEO plugin. -->","yoast_head_json":{"title":"K\u00e4ltemittel R448A \u2013 5 kg Flasche Ventil 1\/4 SAE | Refrigerant Boys","description":"\u2713 Eco-Tax (Reg. UE 2024\/573) 4,16 \u20ac\/kg R448A (Solstice\u00ae N40) in der 5 kg Flasche ist die ausgewogene Profil\u00f6sung f\u00fcr Bef\u00fcllung und Umr\u00fcstung. H\u00f6chste Energieeffizienz bei einem um 68% niedrigeren GWP im Vergleich zu R404A.     Format: 5 kg Mehrwegflasche.    Sicherheit: Zertifiziert nach T-PED \/ EN 13322-1.    Anschluss: 1\/4\" SAE Ventil.","robots":{"index":"index","follow":"follow","max-snippet":"max-snippet:-1","max-image-preview":"max-image-preview:large","max-video-preview":"max-video-preview:-1"},"canonical":"https:\/\/www.refrigerantboys.com\/de\/kaufen\/kaeltemittelgase\/gas-refrigerante-r448a-con-5-kg-valvola-1-4-sae\/","og_locale":"de_DE","og_type":"article","og_title":"K\u00e4ltemittel R448A \u2013 5 kg Flasche Ventil 1\/4 SAE | Refrigerant Boys","og_description":"\u2713 Eco-Tax (Reg. UE 2024\/573) 4,16 \u20ac\/kg R448A (Solstice\u00ae N40) in der 5 kg Flasche ist die ausgewogene Profil\u00f6sung f\u00fcr Bef\u00fcllung und Umr\u00fcstung. H\u00f6chste Energieeffizienz bei einem um 68% niedrigeren GWP im Vergleich zu R404A.     Format: 5 kg Mehrwegflasche.    Sicherheit: Zertifiziert nach T-PED \/ EN 13322-1.    Anschluss: 1\/4\" SAE Ventil.","og_url":"https:\/\/www.refrigerantboys.com\/de\/kaufen\/kaeltemittelgase\/gas-refrigerante-r448a-con-5-kg-valvola-1-4-sae\/","og_site_name":"Refrigerant Boys","article_modified_time":"2026-02-12T14:45:15+00:00","og_image":[{"width":398,"height":722,"url":"https:\/\/www.refrigerantboys.com\/wp-content\/uploads\/2017\/10\/r448-5kg-1.png","type":"image\/png"}],"twitter_card":"summary_large_image","twitter_misc":{"Gesch\u00e4tzte Lesezeit":"1\u00a0Minute"},"schema":{"@context":"https:\/\/schema.org","@graph":[{"@type":"WebPage","@id":"https:\/\/www.refrigerantboys.com\/de\/kaufen\/kaeltemittelgase\/gas-refrigerante-r448a-con-5-kg-valvola-1-4-sae\/","url":"https:\/\/www.refrigerantboys.com\/de\/kaufen\/kaeltemittelgase\/gas-refrigerante-r448a-con-5-kg-valvola-1-4-sae\/","name":"K\u00e4ltemittel R448A \u2013 5 kg Flasche Ventil 1\/4 SAE | Refrigerant Boys","isPartOf":{"@id":"https:\/\/www.refrigerantboys.com\/de\/#website"},"datePublished":"2017-10-28T22:52:11+00:00","dateModified":"2026-02-12T14:45:15+00:00","description":"\u2713 Eco-Tax (Reg. UE 2024\/573) 4,16 \u20ac\/kg R448A (Solstice\u00ae N40) in der 5 kg Flasche ist die ausgewogene Profil\u00f6sung f\u00fcr Bef\u00fcllung und Umr\u00fcstung. H\u00f6chste Energieeffizienz bei einem um 68% niedrigeren GWP im Vergleich zu R404A. Format: 5 kg Mehrwegflasche. Sicherheit: Zertifiziert nach T-PED \/ EN 13322-1. Anschluss: 1\/4\" SAE Ventil.","breadcrumb":{"@id":"https:\/\/www.refrigerantboys.com\/de\/kaufen\/kaeltemittelgase\/gas-refrigerante-r448a-con-5-kg-valvola-1-4-sae\/#breadcrumb"},"inLanguage":"de","potentialAction":[{"@type":"ReadAction","target":["https:\/\/www.refrigerantboys.com\/de\/kaufen\/kaeltemittelgase\/gas-refrigerante-r448a-con-5-kg-valvola-1-4-sae\/"]}]},{"@type":"BreadcrumbList","@id":"https:\/\/www.refrigerantboys.com\/de\/kaufen\/kaeltemittelgase\/gas-refrigerante-r448a-con-5-kg-valvola-1-4-sae\/#breadcrumb","itemListElement":[{"@type":"ListItem","position":1,"name":"Home","item":"https:\/\/www.refrigerantboys.com\/de\/"},{"@type":"ListItem","position":2,"name":"Gesch\u00e4ft","item":"https:\/\/www.refrigerantboys.com\/de\/geschaeft\/"},{"@type":"ListItem","position":3,"name":"K\u00e4ltemittel R448A \u2013 5 kg Flasche Ventil 1\/4 SAE"}]},{"@type":"WebSite","@id":"https:\/\/www.refrigerantboys.com\/de\/#website","url":"https:\/\/www.refrigerantboys.com\/de\/","name":"Refrigerant Boys","description":"Vendita gas refrigeranti","potentialAction":[{"@type":"SearchAction","target":{"@type":"EntryPoint","urlTemplate":"https:\/\/www.refrigerantboys.com\/de\/?s={search_term_string}"},"query-input":"required name=search_term_string"}],"inLanguage":"de"}]}},"_links":{"self":[{"href":"https:\/\/www.refrigerantboys.com\/de\/wp-json\/wp\/v2\/product\/4995"}],"collection":[{"href":"https:\/\/www.refrigerantboys.com\/de\/wp-json\/wp\/v2\/product"}],"about":[{"href":"https:\/\/www.refrigerantboys.com\/de\/wp-json\/wp\/v2\/types\/product"}],"wp:featuredmedia":[{"embeddable":true,"href":"https:\/\/www.refrigerantboys.com\/de\/wp-json\/wp\/v2\/media\/68856"}],"wp:attachment":[{"href":"https:\/\/www.refrigerantboys.com\/de\/wp-json\/wp\/v2\/media?parent=4995"}],"wp:term":[{"taxonomy":"product_cat","embeddable":true,"href":"https:\/\/www.refrigerantboys.com\/de\/wp-json\/wp\/v2\/product_cat?post=4995"},{"taxonomy":"product_tag","embeddable":true,"href":"https:\/\/www.refrigerantboys.com\/de\/wp-json\/wp\/v2\/product_tag?post=4995"}],"curies":[{"name":"wp","href":"https:\/\/api.w.org\/{rel}","templated":true}]}}