{"id":4973,"date":"2017-10-28T22:46:27","date_gmt":"2017-10-28T22:46:27","guid":{"rendered":"https:\/\/www.refrigerantboys.com\/senza%20categoria\/gas-r410a-in-der-gasflasche-800-g\/"},"modified":"2026-04-20T21:09:43","modified_gmt":"2026-04-20T19:09:43","slug":"aufladung-r410a-mit-800-gramm-fur-diagnose-und-aufladung-konditionierung-ventil-1-2-acme","status":"publish","type":"product","link":"https:\/\/www.refrigerantboys.com\/de\/kaufen\/kaeltemittelgase\/r410a\/aufladung-r410a-mit-800-gramm-fur-diagnose-und-aufladung-konditionierung-ventil-1-2-acme\/","title":{"rendered":"R410A RECHARGE mit 800 Gramm f\u00fcr Diagnose und Konditionierung Nachf\u00fcllventil 1\/2 Acme"},"content":{"rendered":"<p>Unsere R410A-Gasnachf\u00fcllflasche hat ein Fassungsverm\u00f6gen von 800 Gramm mit einem 1\/2\u2033 SAE-Ventil, um einen sicheren und zuverl\u00e4ssigen Anschluss an Ihr Klimasystem zu gew\u00e4hrleisten. R410A wird h\u00e4ufig in privaten und gewerblichen Klimaanlagen und W\u00e4rmepumpen verwendet. Unsere Zylinder sind aus langlebigen Materialien gefertigt und entsprechen den h\u00f6chsten Sicherheitsstandards. Verlassen Sie sich bei Ihrer R410A-Gasflasche auf RefrigerantBoys und erhalten Sie ein hochwertiges Produkt.<\/p>\n","protected":false},"excerpt":{"rendered":"<p><strong>800 Gramm K\u00e4ltemittelgas R410A zugelassen T-PED \/ EN 13322-1 Zylinder R410A nachf\u00fcllen ZUR VERWENDUNG <span style=\"color: #ff0000;\">NUR<\/span> <span style=\"color: #ff0000;\">MIT NEVADA<\/span> selbst. Ventil 1\/2\u2033acme UN 3163<\/strong><\/p>\n<pre><span style=\"color: #ff0000; font-size: 20px;\"><strong>GWP[2088]<\/strong><\/span><\/pre>\n<p>&nbsp;<\/p>\n<div><span style=\"color: #166534; font-weight: bold;\">\u2713 Eco-Tax (Reg. UE 2024\/573)<\/span> <span style=\"color: #dc2626; font-weight: bold; margin-left: 5px;\">6,26 \u20ac\/kg<\/span><\/div>\n<p><strong>NUR MIT NEVADA-MANOMETER VERWENDEN <img decoding=\"async\" loading=\"lazy\" class=\"alignnone wp-image-11174\" src=\"https:\/\/www.refrigerantboys.com\/wp-content\/uploads\/2017\/10\/Immagine186-220x400.png\" alt=\"\" width=\"44\" height=\"80\" \/><\/strong><\/p>\n","protected":false},"featured_media":96647,"template":"","meta":[],"product_cat":[232,240],"product_tag":[],"acf":{"ai_note":""},"yoast_head":"<!-- This site is optimized with the Yoast SEO plugin v20.2 - https:\/\/yoast.com\/wordpress\/plugins\/seo\/ -->\n<title>K\u00e4ltemittel R410A 800g Flasche - 1\/2\u2033 ACME Ventil<\/title>\n<meta name=\"description\" content=\"R410A K\u00e4ltemittel 800g mit 1\/2\u2033 ACME Ventil kaufen. Exklusiv f\u00fcr Nevada Druckmesser. Profi-L\u00f6sung f\u00fcr pr\u00e4zise Klimaanlagen-Bef\u00fcllung.\" \/>\n<meta name=\"robots\" content=\"index, follow, max-snippet:-1, max-image-preview:large, max-video-preview:-1\" \/>\n<link rel=\"canonical\" href=\"https:\/\/www.refrigerantboys.com\/de\/kaufen\/kaeltemittelgase\/r410a\/aufladung-r410a-mit-800-gramm-fur-diagnose-und-aufladung-konditionierung-ventil-1-2-acme\/\" \/>\n<meta property=\"og:locale\" content=\"de_DE\" \/>\n<meta property=\"og:type\" content=\"article\" \/>\n<meta property=\"og:title\" content=\"K\u00e4ltemittel R410A 800g Flasche - 1\/2\u2033 ACME Ventil\" \/>\n<meta property=\"og:description\" content=\"R410A K\u00e4ltemittel 800g mit 1\/2\u2033 ACME Ventil kaufen. Exklusiv f\u00fcr Nevada Druckmesser. Profi-L\u00f6sung f\u00fcr pr\u00e4zise Klimaanlagen-Bef\u00fcllung.\" \/>\n<meta property=\"og:url\" content=\"https:\/\/www.refrigerantboys.com\/de\/kaufen\/kaeltemittelgase\/r410a\/aufladung-r410a-mit-800-gramm-fur-diagnose-und-aufladung-konditionierung-ventil-1-2-acme\/\" \/>\n<meta property=\"og:site_name\" content=\"Refrigerant Boys\" \/>\n<meta property=\"article:modified_time\" content=\"2026-04-20T19:09:43+00:00\" \/>\n<meta property=\"og:image\" content=\"https:\/\/www.refrigerantboys.com\/wp-content\/uploads\/2017\/10\/BB410K08R.png\" \/>\n\t<meta property=\"og:image:width\" content=\"183\" \/>\n\t<meta property=\"og:image:height\" content=\"420\" \/>\n\t<meta property=\"og:image:type\" content=\"image\/png\" \/>\n<meta name=\"twitter:card\" content=\"summary_large_image\" \/>\n<meta name=\"twitter:label1\" content=\"Gesch\u00e4tzte Lesezeit\" \/>\n\t<meta name=\"twitter:data1\" content=\"1\u00a0Minute\" \/>\n<script type=\"application\/ld+json\" class=\"yoast-schema-graph\">{\"@context\":\"https:\/\/schema.org\",\"@graph\":[{\"@type\":\"WebPage\",\"@id\":\"https:\/\/www.refrigerantboys.com\/de\/kaufen\/kaeltemittelgase\/r410a\/aufladung-r410a-mit-800-gramm-fur-diagnose-und-aufladung-konditionierung-ventil-1-2-acme\/\",\"url\":\"https:\/\/www.refrigerantboys.com\/de\/kaufen\/kaeltemittelgase\/r410a\/aufladung-r410a-mit-800-gramm-fur-diagnose-und-aufladung-konditionierung-ventil-1-2-acme\/\",\"name\":\"K\u00e4ltemittel R410A 800g Flasche - 1\/2\u2033 ACME Ventil\",\"isPartOf\":{\"@id\":\"https:\/\/www.refrigerantboys.com\/de\/#website\"},\"datePublished\":\"2017-10-28T22:46:27+00:00\",\"dateModified\":\"2026-04-20T19:09:43+00:00\",\"description\":\"R410A K\u00e4ltemittel 800g mit 1\/2\u2033 ACME Ventil kaufen. Exklusiv f\u00fcr Nevada Druckmesser. Profi-L\u00f6sung f\u00fcr pr\u00e4zise Klimaanlagen-Bef\u00fcllung.\",\"breadcrumb\":{\"@id\":\"https:\/\/www.refrigerantboys.com\/de\/kaufen\/kaeltemittelgase\/r410a\/aufladung-r410a-mit-800-gramm-fur-diagnose-und-aufladung-konditionierung-ventil-1-2-acme\/#breadcrumb\"},\"inLanguage\":\"de\",\"potentialAction\":[{\"@type\":\"ReadAction\",\"target\":[\"https:\/\/www.refrigerantboys.com\/de\/kaufen\/kaeltemittelgase\/r410a\/aufladung-r410a-mit-800-gramm-fur-diagnose-und-aufladung-konditionierung-ventil-1-2-acme\/\"]}]},{\"@type\":\"BreadcrumbList\",\"@id\":\"https:\/\/www.refrigerantboys.com\/de\/kaufen\/kaeltemittelgase\/r410a\/aufladung-r410a-mit-800-gramm-fur-diagnose-und-aufladung-konditionierung-ventil-1-2-acme\/#breadcrumb\",\"itemListElement\":[{\"@type\":\"ListItem\",\"position\":1,\"name\":\"Home\",\"item\":\"https:\/\/www.refrigerantboys.com\/de\/\"},{\"@type\":\"ListItem\",\"position\":2,\"name\":\"Gesch\u00e4ft\",\"item\":\"https:\/\/www.refrigerantboys.com\/de\/geschaeft\/\"},{\"@type\":\"ListItem\",\"position\":3,\"name\":\"R410A RECHARGE mit 800 Gramm f\u00fcr Diagnose und Konditionierung Nachf\u00fcllventil 1\/2 Acme\"}]},{\"@type\":\"WebSite\",\"@id\":\"https:\/\/www.refrigerantboys.com\/de\/#website\",\"url\":\"https:\/\/www.refrigerantboys.com\/de\/\",\"name\":\"Refrigerant Boys\",\"description\":\"Vendita gas refrigeranti\",\"potentialAction\":[{\"@type\":\"SearchAction\",\"target\":{\"@type\":\"EntryPoint\",\"urlTemplate\":\"https:\/\/www.refrigerantboys.com\/de\/?s={search_term_string}\"},\"query-input\":\"required name=search_term_string\"}],\"inLanguage\":\"de\"}]}<\/script>\n<!-- \/ Yoast SEO plugin. -->","yoast_head_json":{"title":"K\u00e4ltemittel R410A 800g Flasche - 1\/2\u2033 ACME Ventil","description":"R410A K\u00e4ltemittel 800g mit 1\/2\u2033 ACME Ventil kaufen. Exklusiv f\u00fcr Nevada Druckmesser. Profi-L\u00f6sung f\u00fcr pr\u00e4zise Klimaanlagen-Bef\u00fcllung.","robots":{"index":"index","follow":"follow","max-snippet":"max-snippet:-1","max-image-preview":"max-image-preview:large","max-video-preview":"max-video-preview:-1"},"canonical":"https:\/\/www.refrigerantboys.com\/de\/kaufen\/kaeltemittelgase\/r410a\/aufladung-r410a-mit-800-gramm-fur-diagnose-und-aufladung-konditionierung-ventil-1-2-acme\/","og_locale":"de_DE","og_type":"article","og_title":"K\u00e4ltemittel R410A 800g Flasche - 1\/2\u2033 ACME Ventil","og_description":"R410A K\u00e4ltemittel 800g mit 1\/2\u2033 ACME Ventil kaufen. Exklusiv f\u00fcr Nevada Druckmesser. Profi-L\u00f6sung f\u00fcr pr\u00e4zise Klimaanlagen-Bef\u00fcllung.","og_url":"https:\/\/www.refrigerantboys.com\/de\/kaufen\/kaeltemittelgase\/r410a\/aufladung-r410a-mit-800-gramm-fur-diagnose-und-aufladung-konditionierung-ventil-1-2-acme\/","og_site_name":"Refrigerant Boys","article_modified_time":"2026-04-20T19:09:43+00:00","og_image":[{"width":183,"height":420,"url":"https:\/\/www.refrigerantboys.com\/wp-content\/uploads\/2017\/10\/BB410K08R.png","type":"image\/png"}],"twitter_card":"summary_large_image","twitter_misc":{"Gesch\u00e4tzte Lesezeit":"1\u00a0Minute"},"schema":{"@context":"https:\/\/schema.org","@graph":[{"@type":"WebPage","@id":"https:\/\/www.refrigerantboys.com\/de\/kaufen\/kaeltemittelgase\/r410a\/aufladung-r410a-mit-800-gramm-fur-diagnose-und-aufladung-konditionierung-ventil-1-2-acme\/","url":"https:\/\/www.refrigerantboys.com\/de\/kaufen\/kaeltemittelgase\/r410a\/aufladung-r410a-mit-800-gramm-fur-diagnose-und-aufladung-konditionierung-ventil-1-2-acme\/","name":"K\u00e4ltemittel R410A 800g Flasche - 1\/2\u2033 ACME Ventil","isPartOf":{"@id":"https:\/\/www.refrigerantboys.com\/de\/#website"},"datePublished":"2017-10-28T22:46:27+00:00","dateModified":"2026-04-20T19:09:43+00:00","description":"R410A K\u00e4ltemittel 800g mit 1\/2\u2033 ACME Ventil kaufen. Exklusiv f\u00fcr Nevada Druckmesser. Profi-L\u00f6sung f\u00fcr pr\u00e4zise Klimaanlagen-Bef\u00fcllung.","breadcrumb":{"@id":"https:\/\/www.refrigerantboys.com\/de\/kaufen\/kaeltemittelgase\/r410a\/aufladung-r410a-mit-800-gramm-fur-diagnose-und-aufladung-konditionierung-ventil-1-2-acme\/#breadcrumb"},"inLanguage":"de","potentialAction":[{"@type":"ReadAction","target":["https:\/\/www.refrigerantboys.com\/de\/kaufen\/kaeltemittelgase\/r410a\/aufladung-r410a-mit-800-gramm-fur-diagnose-und-aufladung-konditionierung-ventil-1-2-acme\/"]}]},{"@type":"BreadcrumbList","@id":"https:\/\/www.refrigerantboys.com\/de\/kaufen\/kaeltemittelgase\/r410a\/aufladung-r410a-mit-800-gramm-fur-diagnose-und-aufladung-konditionierung-ventil-1-2-acme\/#breadcrumb","itemListElement":[{"@type":"ListItem","position":1,"name":"Home","item":"https:\/\/www.refrigerantboys.com\/de\/"},{"@type":"ListItem","position":2,"name":"Gesch\u00e4ft","item":"https:\/\/www.refrigerantboys.com\/de\/geschaeft\/"},{"@type":"ListItem","position":3,"name":"R410A RECHARGE mit 800 Gramm f\u00fcr Diagnose und Konditionierung Nachf\u00fcllventil 1\/2 Acme"}]},{"@type":"WebSite","@id":"https:\/\/www.refrigerantboys.com\/de\/#website","url":"https:\/\/www.refrigerantboys.com\/de\/","name":"Refrigerant Boys","description":"Vendita gas refrigeranti","potentialAction":[{"@type":"SearchAction","target":{"@type":"EntryPoint","urlTemplate":"https:\/\/www.refrigerantboys.com\/de\/?s={search_term_string}"},"query-input":"required name=search_term_string"}],"inLanguage":"de"}]}},"_links":{"self":[{"href":"https:\/\/www.refrigerantboys.com\/de\/wp-json\/wp\/v2\/product\/4973"}],"collection":[{"href":"https:\/\/www.refrigerantboys.com\/de\/wp-json\/wp\/v2\/product"}],"about":[{"href":"https:\/\/www.refrigerantboys.com\/de\/wp-json\/wp\/v2\/types\/product"}],"wp:featuredmedia":[{"embeddable":true,"href":"https:\/\/www.refrigerantboys.com\/de\/wp-json\/wp\/v2\/media\/96647"}],"wp:attachment":[{"href":"https:\/\/www.refrigerantboys.com\/de\/wp-json\/wp\/v2\/media?parent=4973"}],"wp:term":[{"taxonomy":"product_cat","embeddable":true,"href":"https:\/\/www.refrigerantboys.com\/de\/wp-json\/wp\/v2\/product_cat?post=4973"},{"taxonomy":"product_tag","embeddable":true,"href":"https:\/\/www.refrigerantboys.com\/de\/wp-json\/wp\/v2\/product_tag?post=4973"}],"curies":[{"name":"wp","href":"https:\/\/api.w.org\/{rel}","templated":true}]}}