{"id":4967,"date":"2017-10-28T22:52:31","date_gmt":"2017-10-28T22:52:31","guid":{"rendered":"https:\/\/www.refrigerantboys.com\/senza%20categoria\/gasflasche-10-kg-mit-gas-r407h\/"},"modified":"2026-02-11T11:35:36","modified_gmt":"2026-02-11T10:35:36","slug":"wiederbefuellbare-gasflasche-r407h-ab-10-kg-1-4-ventil","status":"publish","type":"product","link":"https:\/\/www.refrigerantboys.com\/de\/kaufen\/kaeltemittelgase\/r407h\/wiederbefuellbare-gasflasche-r407h-ab-10-kg-1-4-ventil\/","title":{"rendered":"K\u00e4ltemittel R407H 10 kg \u2013 Wiederbef\u00fcllbare T-PED Flasche \u2013 1\/4&#8243; SAE Ventil"},"content":{"rendered":"<p data-path-to-node=\"32\">Die <b data-path-to-node=\"32\" data-index-in-node=\"25\">10 kg R407H K\u00e4ltemittelflasche<\/b> von Refrigerant Boys ist die ideale technische L\u00f6sung f\u00fcr die Wartung und Umr\u00fcstung von Normal- und Tiefk\u00fchlanlagen. Als hocheffizienter Ersatz f\u00fcr R404A und R507 verl\u00e4ngert R407H die Lebensdauer bestehender Anlagen. Ausgestattet mit einem <b data-path-to-node=\"32\" data-index-in-node=\"296\">1\/4&#8243; SAE Au\u00dfengewinde<\/b> ist die Flasche sofort mit allen professionellen Werkzeugen kompatibel. Die T-PED-Kennzeichnung garantiert, dass sie <b data-path-to-node=\"32\" data-index-in-node=\"435\">vollst\u00e4ndig wiederbef\u00fcllbar<\/b> und sicher f\u00fcr den Transport ist.<\/p>\n","protected":false},"excerpt":{"rendered":"<div><span style=\"color: #166534; font-weight: bold;\">\u2713 Eco-Tax (Reg. UE 2024\/573)<\/span> <span style=\"color: #dc2626; font-weight: bold; margin-left: 5px;\">4,48 \u20ac\/kg<\/span><\/div>\n<p>K\u00e4ltemittel R407H in der wiederbef\u00fcllbaren 10 kg Flasche. Ideal f\u00fcr vollst\u00e4ndige Bef\u00fcllungen an mittleren und gro\u00dfen gewerblichen sowie industriellen K\u00e4lteanlagen.<\/p>\n<p>T-PED \/ EN 13322-1 Zertifizierung: Europ\u00e4ischer Sicherheitsstandard f\u00fcr wiederbef\u00fcllbare Stahlflaschen.<\/p>\n<p>1\/4&#8243; SAE Ventil: Professioneller Standardanschluss.<\/p>\n<p>GWP 1495: Hocheffiziente, nachhaltige Alternative, vollst\u00e4ndig konform mit der F-Gas-Verordnung.<\/p>\n","protected":false},"featured_media":68818,"template":"","meta":[],"product_cat":[232,239],"product_tag":[],"acf":{"ai_note":""},"yoast_head":"<!-- This site is optimized with the Yoast SEO plugin v20.2 - https:\/\/yoast.com\/wordpress\/plugins\/seo\/ -->\n<title>K\u00e4ltemittel R407H 10 kg \u2013 Wiederbef\u00fcllbare T-PED Flasche \u2013 1\/4&quot; SAE Ventil | Refrigerant Boys<\/title>\n<meta name=\"description\" content=\"\u2713 Eco-Tax (Reg. UE 2024\/573) 4,48 \u20ac\/kg K\u00e4ltemittel R407H in der wiederbef\u00fcllbaren 10 kg Flasche. Ideal f\u00fcr vollst\u00e4ndige Bef\u00fcllungen an mittleren und gro\u00dfen gewerblichen sowie industriellen K\u00e4lteanlagen.  T-PED \/ EN 13322-1 Zertifizierung: Europ\u00e4ischer Sicherheitsstandard f\u00fcr wiederbef\u00fcllbare Stahlflaschen.  1\/4&quot; SAE Ventil: Professioneller Standardanschluss.  GWP 1495: Hocheffiziente, nachhaltige Alternative, vollst\u00e4ndig konform mit der F-Gas-Verordnung.\" \/>\n<meta name=\"robots\" content=\"index, follow, max-snippet:-1, max-image-preview:large, max-video-preview:-1\" \/>\n<link rel=\"canonical\" href=\"https:\/\/www.refrigerantboys.com\/de\/kaufen\/kaeltemittelgase\/r407h\/wiederbefuellbare-gasflasche-r407h-ab-10-kg-1-4-ventil\/\" \/>\n<meta property=\"og:locale\" content=\"de_DE\" \/>\n<meta property=\"og:type\" content=\"article\" \/>\n<meta property=\"og:title\" content=\"K\u00e4ltemittel R407H 10 kg \u2013 Wiederbef\u00fcllbare T-PED Flasche \u2013 1\/4&quot; SAE Ventil | Refrigerant Boys\" \/>\n<meta property=\"og:description\" content=\"\u2713 Eco-Tax (Reg. UE 2024\/573) 4,48 \u20ac\/kg K\u00e4ltemittel R407H in der wiederbef\u00fcllbaren 10 kg Flasche. Ideal f\u00fcr vollst\u00e4ndige Bef\u00fcllungen an mittleren und gro\u00dfen gewerblichen sowie industriellen K\u00e4lteanlagen.  T-PED \/ EN 13322-1 Zertifizierung: Europ\u00e4ischer Sicherheitsstandard f\u00fcr wiederbef\u00fcllbare Stahlflaschen.  1\/4&quot; SAE Ventil: Professioneller Standardanschluss.  GWP 1495: Hocheffiziente, nachhaltige Alternative, vollst\u00e4ndig konform mit der F-Gas-Verordnung.\" \/>\n<meta property=\"og:url\" content=\"https:\/\/www.refrigerantboys.com\/de\/kaufen\/kaeltemittelgase\/r407h\/wiederbefuellbare-gasflasche-r407h-ab-10-kg-1-4-ventil\/\" \/>\n<meta property=\"og:site_name\" content=\"Refrigerant Boys\" \/>\n<meta property=\"article:modified_time\" content=\"2026-02-11T10:35:36+00:00\" \/>\n<meta property=\"og:image\" content=\"https:\/\/www.refrigerantboys.com\/wp-content\/uploads\/2017\/10\/r407f-10kg-300x544-2.png\" \/>\n\t<meta property=\"og:image:width\" content=\"262\" \/>\n\t<meta property=\"og:image:height\" content=\"534\" \/>\n\t<meta property=\"og:image:type\" content=\"image\/png\" \/>\n<meta name=\"twitter:card\" content=\"summary_large_image\" \/>\n<meta name=\"twitter:label1\" content=\"Gesch\u00e4tzte Lesezeit\" \/>\n\t<meta name=\"twitter:data1\" content=\"1\u00a0Minute\" \/>\n<script type=\"application\/ld+json\" class=\"yoast-schema-graph\">{\"@context\":\"https:\/\/schema.org\",\"@graph\":[{\"@type\":\"WebPage\",\"@id\":\"https:\/\/www.refrigerantboys.com\/de\/kaufen\/kaeltemittelgase\/r407h\/wiederbefuellbare-gasflasche-r407h-ab-10-kg-1-4-ventil\/\",\"url\":\"https:\/\/www.refrigerantboys.com\/de\/kaufen\/kaeltemittelgase\/r407h\/wiederbefuellbare-gasflasche-r407h-ab-10-kg-1-4-ventil\/\",\"name\":\"K\u00e4ltemittel R407H 10 kg \u2013 Wiederbef\u00fcllbare T-PED Flasche \u2013 1\/4\\\" SAE Ventil | Refrigerant Boys\",\"isPartOf\":{\"@id\":\"https:\/\/www.refrigerantboys.com\/de\/#website\"},\"datePublished\":\"2017-10-28T22:52:31+00:00\",\"dateModified\":\"2026-02-11T10:35:36+00:00\",\"description\":\"\u2713 Eco-Tax (Reg. UE 2024\/573) 4,48 \u20ac\/kg K\u00e4ltemittel R407H in der wiederbef\u00fcllbaren 10 kg Flasche. Ideal f\u00fcr vollst\u00e4ndige Bef\u00fcllungen an mittleren und gro\u00dfen gewerblichen sowie industriellen K\u00e4lteanlagen. T-PED \/ EN 13322-1 Zertifizierung: Europ\u00e4ischer Sicherheitsstandard f\u00fcr wiederbef\u00fcllbare Stahlflaschen. 1\/4\\\" SAE Ventil: Professioneller Standardanschluss. GWP 1495: Hocheffiziente, nachhaltige Alternative, vollst\u00e4ndig konform mit der F-Gas-Verordnung.\",\"breadcrumb\":{\"@id\":\"https:\/\/www.refrigerantboys.com\/de\/kaufen\/kaeltemittelgase\/r407h\/wiederbefuellbare-gasflasche-r407h-ab-10-kg-1-4-ventil\/#breadcrumb\"},\"inLanguage\":\"de\",\"potentialAction\":[{\"@type\":\"ReadAction\",\"target\":[\"https:\/\/www.refrigerantboys.com\/de\/kaufen\/kaeltemittelgase\/r407h\/wiederbefuellbare-gasflasche-r407h-ab-10-kg-1-4-ventil\/\"]}]},{\"@type\":\"BreadcrumbList\",\"@id\":\"https:\/\/www.refrigerantboys.com\/de\/kaufen\/kaeltemittelgase\/r407h\/wiederbefuellbare-gasflasche-r407h-ab-10-kg-1-4-ventil\/#breadcrumb\",\"itemListElement\":[{\"@type\":\"ListItem\",\"position\":1,\"name\":\"Home\",\"item\":\"https:\/\/www.refrigerantboys.com\/de\/\"},{\"@type\":\"ListItem\",\"position\":2,\"name\":\"Gesch\u00e4ft\",\"item\":\"https:\/\/www.refrigerantboys.com\/de\/geschaeft\/\"},{\"@type\":\"ListItem\",\"position\":3,\"name\":\"K\u00e4ltemittel R407H 10 kg \u2013 Wiederbef\u00fcllbare T-PED Flasche \u2013 1\/4&#8243; SAE Ventil\"}]},{\"@type\":\"WebSite\",\"@id\":\"https:\/\/www.refrigerantboys.com\/de\/#website\",\"url\":\"https:\/\/www.refrigerantboys.com\/de\/\",\"name\":\"Refrigerant Boys\",\"description\":\"Vendita gas refrigeranti\",\"potentialAction\":[{\"@type\":\"SearchAction\",\"target\":{\"@type\":\"EntryPoint\",\"urlTemplate\":\"https:\/\/www.refrigerantboys.com\/de\/?s={search_term_string}\"},\"query-input\":\"required name=search_term_string\"}],\"inLanguage\":\"de\"}]}<\/script>\n<!-- \/ Yoast SEO plugin. -->","yoast_head_json":{"title":"K\u00e4ltemittel R407H 10 kg \u2013 Wiederbef\u00fcllbare T-PED Flasche \u2013 1\/4\" SAE Ventil | Refrigerant Boys","description":"\u2713 Eco-Tax (Reg. UE 2024\/573) 4,48 \u20ac\/kg K\u00e4ltemittel R407H in der wiederbef\u00fcllbaren 10 kg Flasche. Ideal f\u00fcr vollst\u00e4ndige Bef\u00fcllungen an mittleren und gro\u00dfen gewerblichen sowie industriellen K\u00e4lteanlagen.  T-PED \/ EN 13322-1 Zertifizierung: Europ\u00e4ischer Sicherheitsstandard f\u00fcr wiederbef\u00fcllbare Stahlflaschen.  1\/4\" SAE Ventil: Professioneller Standardanschluss.  GWP 1495: Hocheffiziente, nachhaltige Alternative, vollst\u00e4ndig konform mit der F-Gas-Verordnung.","robots":{"index":"index","follow":"follow","max-snippet":"max-snippet:-1","max-image-preview":"max-image-preview:large","max-video-preview":"max-video-preview:-1"},"canonical":"https:\/\/www.refrigerantboys.com\/de\/kaufen\/kaeltemittelgase\/r407h\/wiederbefuellbare-gasflasche-r407h-ab-10-kg-1-4-ventil\/","og_locale":"de_DE","og_type":"article","og_title":"K\u00e4ltemittel R407H 10 kg \u2013 Wiederbef\u00fcllbare T-PED Flasche \u2013 1\/4\" SAE Ventil | Refrigerant Boys","og_description":"\u2713 Eco-Tax (Reg. UE 2024\/573) 4,48 \u20ac\/kg K\u00e4ltemittel R407H in der wiederbef\u00fcllbaren 10 kg Flasche. Ideal f\u00fcr vollst\u00e4ndige Bef\u00fcllungen an mittleren und gro\u00dfen gewerblichen sowie industriellen K\u00e4lteanlagen.  T-PED \/ EN 13322-1 Zertifizierung: Europ\u00e4ischer Sicherheitsstandard f\u00fcr wiederbef\u00fcllbare Stahlflaschen.  1\/4\" SAE Ventil: Professioneller Standardanschluss.  GWP 1495: Hocheffiziente, nachhaltige Alternative, vollst\u00e4ndig konform mit der F-Gas-Verordnung.","og_url":"https:\/\/www.refrigerantboys.com\/de\/kaufen\/kaeltemittelgase\/r407h\/wiederbefuellbare-gasflasche-r407h-ab-10-kg-1-4-ventil\/","og_site_name":"Refrigerant Boys","article_modified_time":"2026-02-11T10:35:36+00:00","og_image":[{"width":262,"height":534,"url":"https:\/\/www.refrigerantboys.com\/wp-content\/uploads\/2017\/10\/r407f-10kg-300x544-2.png","type":"image\/png"}],"twitter_card":"summary_large_image","twitter_misc":{"Gesch\u00e4tzte Lesezeit":"1\u00a0Minute"},"schema":{"@context":"https:\/\/schema.org","@graph":[{"@type":"WebPage","@id":"https:\/\/www.refrigerantboys.com\/de\/kaufen\/kaeltemittelgase\/r407h\/wiederbefuellbare-gasflasche-r407h-ab-10-kg-1-4-ventil\/","url":"https:\/\/www.refrigerantboys.com\/de\/kaufen\/kaeltemittelgase\/r407h\/wiederbefuellbare-gasflasche-r407h-ab-10-kg-1-4-ventil\/","name":"K\u00e4ltemittel R407H 10 kg \u2013 Wiederbef\u00fcllbare T-PED Flasche \u2013 1\/4\" SAE Ventil | Refrigerant Boys","isPartOf":{"@id":"https:\/\/www.refrigerantboys.com\/de\/#website"},"datePublished":"2017-10-28T22:52:31+00:00","dateModified":"2026-02-11T10:35:36+00:00","description":"\u2713 Eco-Tax (Reg. UE 2024\/573) 4,48 \u20ac\/kg K\u00e4ltemittel R407H in der wiederbef\u00fcllbaren 10 kg Flasche. Ideal f\u00fcr vollst\u00e4ndige Bef\u00fcllungen an mittleren und gro\u00dfen gewerblichen sowie industriellen K\u00e4lteanlagen. T-PED \/ EN 13322-1 Zertifizierung: Europ\u00e4ischer Sicherheitsstandard f\u00fcr wiederbef\u00fcllbare Stahlflaschen. 1\/4\" SAE Ventil: Professioneller Standardanschluss. GWP 1495: Hocheffiziente, nachhaltige Alternative, vollst\u00e4ndig konform mit der F-Gas-Verordnung.","breadcrumb":{"@id":"https:\/\/www.refrigerantboys.com\/de\/kaufen\/kaeltemittelgase\/r407h\/wiederbefuellbare-gasflasche-r407h-ab-10-kg-1-4-ventil\/#breadcrumb"},"inLanguage":"de","potentialAction":[{"@type":"ReadAction","target":["https:\/\/www.refrigerantboys.com\/de\/kaufen\/kaeltemittelgase\/r407h\/wiederbefuellbare-gasflasche-r407h-ab-10-kg-1-4-ventil\/"]}]},{"@type":"BreadcrumbList","@id":"https:\/\/www.refrigerantboys.com\/de\/kaufen\/kaeltemittelgase\/r407h\/wiederbefuellbare-gasflasche-r407h-ab-10-kg-1-4-ventil\/#breadcrumb","itemListElement":[{"@type":"ListItem","position":1,"name":"Home","item":"https:\/\/www.refrigerantboys.com\/de\/"},{"@type":"ListItem","position":2,"name":"Gesch\u00e4ft","item":"https:\/\/www.refrigerantboys.com\/de\/geschaeft\/"},{"@type":"ListItem","position":3,"name":"K\u00e4ltemittel R407H 10 kg \u2013 Wiederbef\u00fcllbare T-PED Flasche \u2013 1\/4&#8243; SAE Ventil"}]},{"@type":"WebSite","@id":"https:\/\/www.refrigerantboys.com\/de\/#website","url":"https:\/\/www.refrigerantboys.com\/de\/","name":"Refrigerant Boys","description":"Vendita gas refrigeranti","potentialAction":[{"@type":"SearchAction","target":{"@type":"EntryPoint","urlTemplate":"https:\/\/www.refrigerantboys.com\/de\/?s={search_term_string}"},"query-input":"required name=search_term_string"}],"inLanguage":"de"}]}},"_links":{"self":[{"href":"https:\/\/www.refrigerantboys.com\/de\/wp-json\/wp\/v2\/product\/4967"}],"collection":[{"href":"https:\/\/www.refrigerantboys.com\/de\/wp-json\/wp\/v2\/product"}],"about":[{"href":"https:\/\/www.refrigerantboys.com\/de\/wp-json\/wp\/v2\/types\/product"}],"wp:featuredmedia":[{"embeddable":true,"href":"https:\/\/www.refrigerantboys.com\/de\/wp-json\/wp\/v2\/media\/68818"}],"wp:attachment":[{"href":"https:\/\/www.refrigerantboys.com\/de\/wp-json\/wp\/v2\/media?parent=4967"}],"wp:term":[{"taxonomy":"product_cat","embeddable":true,"href":"https:\/\/www.refrigerantboys.com\/de\/wp-json\/wp\/v2\/product_cat?post=4967"},{"taxonomy":"product_tag","embeddable":true,"href":"https:\/\/www.refrigerantboys.com\/de\/wp-json\/wp\/v2\/product_tag?post=4967"}],"curies":[{"name":"wp","href":"https:\/\/api.w.org\/{rel}","templated":true}]}}