{"id":4794,"date":"2017-10-28T22:47:00","date_gmt":"2017-10-28T22:47:00","guid":{"rendered":"https:\/\/www.refrigerantboys.com\/senza%20categoria\/kaltemittelgas-propan-r290-in-der-gasflasche-5-kg\/"},"modified":"2025-03-25T10:35:47","modified_gmt":"2025-03-25T09:35:47","slug":"refrigerante-r290-propano-in-bombola-da-5-kg-valvola-217x-1-14-sinistra","status":"publish","type":"product","link":"https:\/\/www.refrigerantboys.com\/de\/kaufen\/kaeltemittelgase\/r290\/refrigerante-r290-propano-in-bombola-da-5-kg-valvola-217x-1-14-sinistra\/","title":{"rendered":"K\u00e4ltemittel R290 (Propan) in 5 kg Flasche Ventil 21.7X 1\/14&#8243; LINKS"},"content":{"rendered":"<p><span style=\"font-weight: 400;\">5 kg-Flasche mit K\u00e4ltemittel R290 (Propan) <\/span>, zertifiziert nach T-PED \/EN 13322-1. Es ist ein brennbares Gas (Klasse A3) und wird in der gewerblichen und h\u00e4uslichen K\u00fchlung sowie in mobilen Klimaanlagen verwendet. Es ist ein umweltfreundliches Gas. Unsere Zylinder sind aus langlebigen Materialien gefertigt und entsprechen den h\u00f6chsten Sicherheitsstandards. Verlassen Sie sich bei Ihrer R290-Gasflasche auf RefrigerantBoys und erhalten Sie ein erstklassiges Produkt.<\/p>\n","protected":false},"excerpt":{"rendered":"<p><strong><br \/>\n<span style=\"color: #000000;\">5 kg-Flasche mit K\u00e4ltemittelgas R290 (Propan). Das Produkt wird in gewerblichen Einrichtungen wie Schauk\u00e4sten und K\u00fchlr\u00e4umen verwendet. Es ist ein umweltfreundliches Gas. T-PED \/EN 13322-1 <span style=\"color: #ff0000;\">Ventil 21.7X 1\/14&#8243; LINKS<\/span> UN 1978<\/span><br \/>\n<\/strong><\/p>\n<p class=\"box-excerpt is-small\"><strong><br \/>\n<span class=\"hps\">PREIS EINSCHLIESSLICH DER FLASCHE, DIE IHR EIGENTUM BLEIBT &#8211; <a href=\"https:\/\/www.refrigerantboys.com\/ricarica-bombole-gas\/\">NACHF\u00dcLLEN DER FLASCHE<\/a><\/span><br \/>\n<\/strong><\/p>\n<pre><span style=\"color: #99cc00; font-size: 20px;\"><strong>GWP[3]<\/strong><\/span><\/pre>\n","protected":false},"featured_media":99096,"template":"","meta":[],"product_cat":[232,235],"product_tag":[],"acf":{"ai_note":""},"yoast_head":"<!-- This site is optimized with the Yoast SEO plugin v20.2 - https:\/\/yoast.com\/wordpress\/plugins\/seo\/ -->\n<title>K\u00e4ltemittel R290 (Propan) in 5 kg Flasche Ventil 21.7X 1\/14&quot; LINKS | Refrigerant Boys<\/title>\n<meta name=\"description\" content=\"5 kg-Flasche mit K\u00e4ltemittelgas R290 (Propan). Das Produkt wird in gewerblichen Einrichtungen wie Schauk\u00e4sten und K\u00fchlr\u00e4umen verwendet. Es ist ein umweltfreundliches Gas. T-PED \/EN 13322-1 Ventil 21.7X 1\/14&quot; LINKS UN 1978   PREIS EINSCHLIESSLICH DER FLASCHE, DIE IHR EIGENTUM BLEIBT - NACHF\u00dcLLEN DER FLASCHE   GWP\" \/>\n<meta name=\"robots\" content=\"index, follow, max-snippet:-1, max-image-preview:large, max-video-preview:-1\" \/>\n<link rel=\"canonical\" href=\"https:\/\/www.refrigerantboys.com\/de\/kaufen\/kaeltemittelgase\/r290\/refrigerante-r290-propano-in-bombola-da-5-kg-valvola-217x-1-14-sinistra\/\" \/>\n<meta property=\"og:locale\" content=\"de_DE\" \/>\n<meta property=\"og:type\" content=\"article\" \/>\n<meta property=\"og:title\" content=\"K\u00e4ltemittel R290 (Propan) in 5 kg Flasche Ventil 21.7X 1\/14&quot; LINKS | Refrigerant Boys\" \/>\n<meta property=\"og:description\" content=\"5 kg-Flasche mit K\u00e4ltemittelgas R290 (Propan). Das Produkt wird in gewerblichen Einrichtungen wie Schauk\u00e4sten und K\u00fchlr\u00e4umen verwendet. Es ist ein umweltfreundliches Gas. T-PED \/EN 13322-1 Ventil 21.7X 1\/14&quot; LINKS UN 1978   PREIS EINSCHLIESSLICH DER FLASCHE, DIE IHR EIGENTUM BLEIBT - NACHF\u00dcLLEN DER FLASCHE   GWP\" \/>\n<meta property=\"og:url\" content=\"https:\/\/www.refrigerantboys.com\/de\/kaufen\/kaeltemittelgase\/r290\/refrigerante-r290-propano-in-bombola-da-5-kg-valvola-217x-1-14-sinistra\/\" \/>\n<meta property=\"og:site_name\" content=\"Refrigerant Boys\" \/>\n<meta property=\"article:modified_time\" content=\"2025-03-25T09:35:47+00:00\" \/>\n<meta property=\"og:image\" content=\"https:\/\/www.refrigerantboys.com\/wp-content\/uploads\/2017\/10\/r290a-5kg-300x531-1.png\" \/>\n\t<meta property=\"og:image:width\" content=\"305\" \/>\n\t<meta property=\"og:image:height\" content=\"524\" \/>\n\t<meta property=\"og:image:type\" content=\"image\/png\" \/>\n<meta name=\"twitter:card\" content=\"summary_large_image\" \/>\n<meta name=\"twitter:label1\" content=\"Gesch\u00e4tzte Lesezeit\" \/>\n\t<meta name=\"twitter:data1\" content=\"1\u00a0Minute\" \/>\n<script type=\"application\/ld+json\" class=\"yoast-schema-graph\">{\"@context\":\"https:\/\/schema.org\",\"@graph\":[{\"@type\":\"WebPage\",\"@id\":\"https:\/\/www.refrigerantboys.com\/de\/kaufen\/kaeltemittelgase\/r290\/refrigerante-r290-propano-in-bombola-da-5-kg-valvola-217x-1-14-sinistra\/\",\"url\":\"https:\/\/www.refrigerantboys.com\/de\/kaufen\/kaeltemittelgase\/r290\/refrigerante-r290-propano-in-bombola-da-5-kg-valvola-217x-1-14-sinistra\/\",\"name\":\"K\u00e4ltemittel R290 (Propan) in 5 kg Flasche Ventil 21.7X 1\/14\\\" LINKS | Refrigerant Boys\",\"isPartOf\":{\"@id\":\"https:\/\/www.refrigerantboys.com\/de\/#website\"},\"datePublished\":\"2017-10-28T22:47:00+00:00\",\"dateModified\":\"2025-03-25T09:35:47+00:00\",\"description\":\"5 kg-Flasche mit K\u00e4ltemittelgas R290 (Propan). Das Produkt wird in gewerblichen Einrichtungen wie Schauk\u00e4sten und K\u00fchlr\u00e4umen verwendet. Es ist ein umweltfreundliches Gas. T-PED \/EN 13322-1 Ventil 21.7X 1\/14\\\" LINKS UN 1978 PREIS EINSCHLIESSLICH DER FLASCHE, DIE IHR EIGENTUM BLEIBT - NACHF\u00dcLLEN DER FLASCHE GWP\",\"breadcrumb\":{\"@id\":\"https:\/\/www.refrigerantboys.com\/de\/kaufen\/kaeltemittelgase\/r290\/refrigerante-r290-propano-in-bombola-da-5-kg-valvola-217x-1-14-sinistra\/#breadcrumb\"},\"inLanguage\":\"de\",\"potentialAction\":[{\"@type\":\"ReadAction\",\"target\":[\"https:\/\/www.refrigerantboys.com\/de\/kaufen\/kaeltemittelgase\/r290\/refrigerante-r290-propano-in-bombola-da-5-kg-valvola-217x-1-14-sinistra\/\"]}]},{\"@type\":\"BreadcrumbList\",\"@id\":\"https:\/\/www.refrigerantboys.com\/de\/kaufen\/kaeltemittelgase\/r290\/refrigerante-r290-propano-in-bombola-da-5-kg-valvola-217x-1-14-sinistra\/#breadcrumb\",\"itemListElement\":[{\"@type\":\"ListItem\",\"position\":1,\"name\":\"Home\",\"item\":\"https:\/\/www.refrigerantboys.com\/de\/\"},{\"@type\":\"ListItem\",\"position\":2,\"name\":\"Gesch\u00e4ft\",\"item\":\"https:\/\/www.refrigerantboys.com\/de\/geschaeft\/\"},{\"@type\":\"ListItem\",\"position\":3,\"name\":\"K\u00e4ltemittel R290 (Propan) in 5 kg Flasche Ventil 21.7X 1\/14&#8243; LINKS\"}]},{\"@type\":\"WebSite\",\"@id\":\"https:\/\/www.refrigerantboys.com\/de\/#website\",\"url\":\"https:\/\/www.refrigerantboys.com\/de\/\",\"name\":\"Refrigerant Boys\",\"description\":\"Vendita gas refrigeranti\",\"potentialAction\":[{\"@type\":\"SearchAction\",\"target\":{\"@type\":\"EntryPoint\",\"urlTemplate\":\"https:\/\/www.refrigerantboys.com\/de\/?s={search_term_string}\"},\"query-input\":\"required name=search_term_string\"}],\"inLanguage\":\"de\"}]}<\/script>\n<!-- \/ Yoast SEO plugin. -->","yoast_head_json":{"title":"K\u00e4ltemittel R290 (Propan) in 5 kg Flasche Ventil 21.7X 1\/14\" LINKS | Refrigerant Boys","description":"5 kg-Flasche mit K\u00e4ltemittelgas R290 (Propan). Das Produkt wird in gewerblichen Einrichtungen wie Schauk\u00e4sten und K\u00fchlr\u00e4umen verwendet. Es ist ein umweltfreundliches Gas. T-PED \/EN 13322-1 Ventil 21.7X 1\/14\" LINKS UN 1978   PREIS EINSCHLIESSLICH DER FLASCHE, DIE IHR EIGENTUM BLEIBT - NACHF\u00dcLLEN DER FLASCHE   GWP","robots":{"index":"index","follow":"follow","max-snippet":"max-snippet:-1","max-image-preview":"max-image-preview:large","max-video-preview":"max-video-preview:-1"},"canonical":"https:\/\/www.refrigerantboys.com\/de\/kaufen\/kaeltemittelgase\/r290\/refrigerante-r290-propano-in-bombola-da-5-kg-valvola-217x-1-14-sinistra\/","og_locale":"de_DE","og_type":"article","og_title":"K\u00e4ltemittel R290 (Propan) in 5 kg Flasche Ventil 21.7X 1\/14\" LINKS | Refrigerant Boys","og_description":"5 kg-Flasche mit K\u00e4ltemittelgas R290 (Propan). Das Produkt wird in gewerblichen Einrichtungen wie Schauk\u00e4sten und K\u00fchlr\u00e4umen verwendet. Es ist ein umweltfreundliches Gas. T-PED \/EN 13322-1 Ventil 21.7X 1\/14\" LINKS UN 1978   PREIS EINSCHLIESSLICH DER FLASCHE, DIE IHR EIGENTUM BLEIBT - NACHF\u00dcLLEN DER FLASCHE   GWP","og_url":"https:\/\/www.refrigerantboys.com\/de\/kaufen\/kaeltemittelgase\/r290\/refrigerante-r290-propano-in-bombola-da-5-kg-valvola-217x-1-14-sinistra\/","og_site_name":"Refrigerant Boys","article_modified_time":"2025-03-25T09:35:47+00:00","og_image":[{"width":305,"height":524,"url":"https:\/\/www.refrigerantboys.com\/wp-content\/uploads\/2017\/10\/r290a-5kg-300x531-1.png","type":"image\/png"}],"twitter_card":"summary_large_image","twitter_misc":{"Gesch\u00e4tzte Lesezeit":"1\u00a0Minute"},"schema":{"@context":"https:\/\/schema.org","@graph":[{"@type":"WebPage","@id":"https:\/\/www.refrigerantboys.com\/de\/kaufen\/kaeltemittelgase\/r290\/refrigerante-r290-propano-in-bombola-da-5-kg-valvola-217x-1-14-sinistra\/","url":"https:\/\/www.refrigerantboys.com\/de\/kaufen\/kaeltemittelgase\/r290\/refrigerante-r290-propano-in-bombola-da-5-kg-valvola-217x-1-14-sinistra\/","name":"K\u00e4ltemittel R290 (Propan) in 5 kg Flasche Ventil 21.7X 1\/14\" LINKS | Refrigerant Boys","isPartOf":{"@id":"https:\/\/www.refrigerantboys.com\/de\/#website"},"datePublished":"2017-10-28T22:47:00+00:00","dateModified":"2025-03-25T09:35:47+00:00","description":"5 kg-Flasche mit K\u00e4ltemittelgas R290 (Propan). Das Produkt wird in gewerblichen Einrichtungen wie Schauk\u00e4sten und K\u00fchlr\u00e4umen verwendet. Es ist ein umweltfreundliches Gas. T-PED \/EN 13322-1 Ventil 21.7X 1\/14\" LINKS UN 1978 PREIS EINSCHLIESSLICH DER FLASCHE, DIE IHR EIGENTUM BLEIBT - NACHF\u00dcLLEN DER FLASCHE GWP","breadcrumb":{"@id":"https:\/\/www.refrigerantboys.com\/de\/kaufen\/kaeltemittelgase\/r290\/refrigerante-r290-propano-in-bombola-da-5-kg-valvola-217x-1-14-sinistra\/#breadcrumb"},"inLanguage":"de","potentialAction":[{"@type":"ReadAction","target":["https:\/\/www.refrigerantboys.com\/de\/kaufen\/kaeltemittelgase\/r290\/refrigerante-r290-propano-in-bombola-da-5-kg-valvola-217x-1-14-sinistra\/"]}]},{"@type":"BreadcrumbList","@id":"https:\/\/www.refrigerantboys.com\/de\/kaufen\/kaeltemittelgase\/r290\/refrigerante-r290-propano-in-bombola-da-5-kg-valvola-217x-1-14-sinistra\/#breadcrumb","itemListElement":[{"@type":"ListItem","position":1,"name":"Home","item":"https:\/\/www.refrigerantboys.com\/de\/"},{"@type":"ListItem","position":2,"name":"Gesch\u00e4ft","item":"https:\/\/www.refrigerantboys.com\/de\/geschaeft\/"},{"@type":"ListItem","position":3,"name":"K\u00e4ltemittel R290 (Propan) in 5 kg Flasche Ventil 21.7X 1\/14&#8243; LINKS"}]},{"@type":"WebSite","@id":"https:\/\/www.refrigerantboys.com\/de\/#website","url":"https:\/\/www.refrigerantboys.com\/de\/","name":"Refrigerant Boys","description":"Vendita gas refrigeranti","potentialAction":[{"@type":"SearchAction","target":{"@type":"EntryPoint","urlTemplate":"https:\/\/www.refrigerantboys.com\/de\/?s={search_term_string}"},"query-input":"required name=search_term_string"}],"inLanguage":"de"}]}},"_links":{"self":[{"href":"https:\/\/www.refrigerantboys.com\/de\/wp-json\/wp\/v2\/product\/4794"}],"collection":[{"href":"https:\/\/www.refrigerantboys.com\/de\/wp-json\/wp\/v2\/product"}],"about":[{"href":"https:\/\/www.refrigerantboys.com\/de\/wp-json\/wp\/v2\/types\/product"}],"wp:featuredmedia":[{"embeddable":true,"href":"https:\/\/www.refrigerantboys.com\/de\/wp-json\/wp\/v2\/media\/99096"}],"wp:attachment":[{"href":"https:\/\/www.refrigerantboys.com\/de\/wp-json\/wp\/v2\/media?parent=4794"}],"wp:term":[{"taxonomy":"product_cat","embeddable":true,"href":"https:\/\/www.refrigerantboys.com\/de\/wp-json\/wp\/v2\/product_cat?post=4794"},{"taxonomy":"product_tag","embeddable":true,"href":"https:\/\/www.refrigerantboys.com\/de\/wp-json\/wp\/v2\/product_tag?post=4794"}],"curies":[{"name":"wp","href":"https:\/\/api.w.org\/{rel}","templated":true}]}}