{"id":4766,"date":"2017-10-28T22:46:18","date_gmt":"2017-10-28T22:46:18","guid":{"rendered":"https:\/\/www.refrigerantboys.com\/senza%20categoria\/gasflasche-40-kg-mit-gas-r134a\/"},"modified":"2026-03-25T13:38:13","modified_gmt":"2026-03-25T12:38:13","slug":"gas-refrigerante-r134a-in-bombola-da-40-kg-valvola-217-x-1-14","status":"publish","type":"product","link":"https:\/\/www.refrigerantboys.com\/de\/kaufen\/kaeltemittelgase\/r134a\/gas-refrigerante-r134a-in-bombola-da-40-kg-valvola-217-x-1-14\/","title":{"rendered":"K\u00e4ltemittel R134a &#8211; 40 kg Flasche (T-PED \/ EN 13322-1 zertifiziert)"},"content":{"rendered":"<h2 data-path-to-node=\"55\"><b data-path-to-node=\"55\" data-index-in-node=\"0\">R134a 40 kg: Maximale Autonomie f\u00fcr Industrie und Wartung<\/b><\/h2>\n<p data-path-to-node=\"56\">Das 40-kg-Format ist die ultimative L\u00f6sung f\u00fcr die Bew\u00e4ltigung gro\u00dfer F\u00fcllmengen. Ideal f\u00fcr den Anschluss an station\u00e4re Ladestationen oder f\u00fcr die Wartung gro\u00dffl\u00e4chiger Klimaanlagen gew\u00e4hrleistet diese Flasche Betriebskontinuit\u00e4t und Wirtschaftlichkeit.<\/p>\n<p data-path-to-node=\"57\"><b data-path-to-node=\"57\" data-index-in-node=\"0\">Technische Spezifikationen:<\/b><\/p>\n<ul data-path-to-node=\"58\">\n<li>\n<p data-path-to-node=\"58,0,0\"><b data-path-to-node=\"58,0,0\" data-index-in-node=\"0\">Hohe Reinheit:<\/b> Hochwertiges Gas, das den ordnungsgem\u00e4\u00dfen Betrieb der Kompressoren und eine maximale thermische Effizienz gew\u00e4hrleistet.<\/p>\n<\/li>\n<li>\n<p data-path-to-node=\"58,1,0\"><b data-path-to-node=\"58,1,0\" data-index-in-node=\"0\">Spezifisches Ventil:<\/b> Ausgestattet mit einem <b data-path-to-node=\"58,1,0\" data-index-in-node=\"44\">21,7 x 1\/14<\/b> Anschluss, dem Standard f\u00fcr industrielle Formate, f\u00fcr eine sichere und robuste Verbindung.<\/p>\n<\/li>\n<li>\n<p data-path-to-node=\"58,2,0\"><b data-path-to-node=\"58,2,0\" data-index-in-node=\"0\">Zertifizierte Sicherheit:<\/b> Hochfester Stahlbeh\u00e4lter, zertifiziert nach den europ\u00e4ischen Richtlinien <b data-path-to-node=\"58,2,0\" data-index-in-node=\"99\">T-PED \/ EN 13322-1<\/b>.<\/p>\n<\/li>\n<\/ul>\n<p data-path-to-node=\"59\"><b data-path-to-node=\"59\" data-index-in-node=\"0\">Einsatzbereiche:<\/b><\/p>\n<ul data-path-to-node=\"60\">\n<li>\n<p data-path-to-node=\"60,0,0\"><b data-path-to-node=\"60,0,0\" data-index-in-node=\"0\">Servicezentren mit hohem Aufkommen:<\/b> Reduziert Ausfallzeiten durch h\u00e4ufiges Wechseln kleiner Flaschen.<\/p>\n<\/li>\n<li>\n<p data-path-to-node=\"60,1,0\"><b data-path-to-node=\"60,1,0\" data-index-in-node=\"0\">Industrielle K\u00fchlung:<\/b> Perfekt f\u00fcr Chiller, K\u00fchllager und gro\u00dfe zentralisierte Systeme.<\/p>\n<\/li>\n<li>\n<p data-path-to-node=\"60,2,0\"><b data-path-to-node=\"60,2,0\" data-index-in-node=\"0\">Transportsektor:<\/b> Ideal f\u00fcr die Wartung von Fuhrparks f\u00fcr Busse, Lastwagen und Z\u00fcge.<\/p>\n<\/li>\n<\/ul>\n<blockquote data-path-to-node=\"61\">\n<p data-path-to-node=\"61,0\"><b data-path-to-node=\"61,0\" data-index-in-node=\"0\">Rechtlicher Hinweis:<\/b> Der Kauf ist professionellen Anwendern vorbehalten, die im Besitz einer F-Gase-Zertifizierung gem\u00e4\u00df der Verordnung (EU) Nr. 517\/2014 sind.<\/p>\n<\/blockquote>\n","protected":false},"excerpt":{"rendered":"<p data-path-to-node=\"52\">K\u00e4ltemittelgas <b data-path-to-node=\"52\" data-index-in-node=\"15\">R134a<\/b> im industriellen <b data-path-to-node=\"52\" data-index-in-node=\"38\">40-kg-Format<\/b>. Entwickelt f\u00fcr Gro\u00dfanlagen und Servicezentren mit hohem Aufkommen, garantiert es maximale Autonomie und geringere Logistikkosten.<\/p>\n<ul data-path-to-node=\"53\">\n<li>\n<p data-path-to-node=\"53,0,0\"><b data-path-to-node=\"53,0,0\" data-index-in-node=\"0\">Kapazit\u00e4t:<\/b> 40 kg reines Gas.<\/p>\n<\/li>\n<li>\n<p data-path-to-node=\"53,1,0\"><b data-path-to-node=\"53,1,0\" data-index-in-node=\"0\">Ventil:<\/b> 21,7 x 1\/14&#8243; (Industriestandard).<\/p>\n<\/li>\n<li>\n<p data-path-to-node=\"53,2,0\"><b data-path-to-node=\"53,2,0\" data-index-in-node=\"0\">Zertifizierung:<\/b> T-PED \/ EN 13322-1.<\/p>\n<\/li>\n<li>\n<p data-path-to-node=\"53,3,0\"><b data-path-to-node=\"53,3,0\" data-index-in-node=\"0\">Einsatz:<\/b> Profi-Bereich, Industrieanlagen und Automotive.<\/p>\n<\/li>\n<li>\n<p data-path-to-node=\"53,4,0\"><b data-path-to-node=\"53,4,0\" data-index-in-node=\"0\">Sicherheitscode:<\/b> UN 3159.<\/p>\n<\/li>\n<\/ul>\n<pre><span style=\"color: #ff0000; font-size: 20px;\"><strong>GWP[1430]<\/strong><\/span><\/pre>\n<div style=\"font-family: 'Segoe UI', Arial, sans-serif; background-color: #ffffff; border: 1px solid #16a34a; border-radius: 8px; overflow: hidden; max-width: 360px; box-shadow: 0 4px 12px rgba(0,0,0,0.1); margin: 10px auto;\">\n<div><span style=\"color: #166534; font-weight: bold;\">\u2713 Eco-Tax (Reg. UE 2024\/573)<\/span> <span style=\"color: #dc2626; font-weight: bold; margin-left: 5px;\">4,29 \u20ac\/kg<\/span><\/div>\n<\/div>\n","protected":false},"featured_media":68713,"template":"","meta":[],"product_cat":[232,231],"product_tag":[821],"acf":{"ai_note":""},"yoast_head":"<!-- This site is optimized with the Yoast SEO plugin v20.2 - https:\/\/yoast.com\/wordpress\/plugins\/seo\/ -->\n<title>K\u00e4ltemittel R134a - 40 kg Flasche (T-PED \/ EN 13322-1 zertifiziert) | Refrigerant Boys<\/title>\n<meta name=\"description\" content=\"K\u00e4ltemittelgas R134a im industriellen 40-kg-Format. Entwickelt f\u00fcr Gro\u00dfanlagen und Servicezentren mit hohem Aufkommen, garantiert es maximale Autonomie und geringere Logistikkosten.     Kapazit\u00e4t: 40 kg reines Gas.    Ventil: 21,7 x 1\/14&quot; (Industriestandard).    Zertifizierung: T-PED \/ EN 13322-1.    Einsatz: Profi-Bereich, Industrieanlagen und Automotive.    Sicherheitscode: UN 3159.   GWP  \u2713 Eco-Tax (Reg. UE 2024\/573) 4,29 \u20ac\/kg\" \/>\n<meta name=\"robots\" content=\"index, follow, max-snippet:-1, max-image-preview:large, max-video-preview:-1\" \/>\n<link rel=\"canonical\" href=\"https:\/\/www.refrigerantboys.com\/de\/kaufen\/kaeltemittelgase\/r134a\/gas-refrigerante-r134a-in-bombola-da-40-kg-valvola-217-x-1-14\/\" \/>\n<meta property=\"og:locale\" content=\"de_DE\" \/>\n<meta property=\"og:type\" content=\"article\" \/>\n<meta property=\"og:title\" content=\"K\u00e4ltemittel R134a - 40 kg Flasche (T-PED \/ EN 13322-1 zertifiziert) | Refrigerant Boys\" \/>\n<meta property=\"og:description\" content=\"K\u00e4ltemittelgas R134a im industriellen 40-kg-Format. Entwickelt f\u00fcr Gro\u00dfanlagen und Servicezentren mit hohem Aufkommen, garantiert es maximale Autonomie und geringere Logistikkosten.     Kapazit\u00e4t: 40 kg reines Gas.    Ventil: 21,7 x 1\/14&quot; (Industriestandard).    Zertifizierung: T-PED \/ EN 13322-1.    Einsatz: Profi-Bereich, Industrieanlagen und Automotive.    Sicherheitscode: UN 3159.   GWP  \u2713 Eco-Tax (Reg. UE 2024\/573) 4,29 \u20ac\/kg\" \/>\n<meta property=\"og:url\" content=\"https:\/\/www.refrigerantboys.com\/de\/kaufen\/kaeltemittelgase\/r134a\/gas-refrigerante-r134a-in-bombola-da-40-kg-valvola-217-x-1-14\/\" \/>\n<meta property=\"og:site_name\" content=\"Refrigerant Boys\" \/>\n<meta property=\"article:modified_time\" content=\"2026-03-25T12:38:13+00:00\" \/>\n<meta property=\"og:image\" content=\"https:\/\/www.refrigerantboys.com\/wp-content\/uploads\/2017\/10\/r134a-40kg-6-247x470-1.png\" \/>\n\t<meta property=\"og:image:width\" content=\"213\" \/>\n\t<meta property=\"og:image:height\" content=\"453\" \/>\n\t<meta property=\"og:image:type\" content=\"image\/png\" \/>\n<meta name=\"twitter:card\" content=\"summary_large_image\" \/>\n<meta name=\"twitter:label1\" content=\"Gesch\u00e4tzte Lesezeit\" \/>\n\t<meta name=\"twitter:data1\" content=\"1\u00a0Minute\" \/>\n<script type=\"application\/ld+json\" class=\"yoast-schema-graph\">{\"@context\":\"https:\/\/schema.org\",\"@graph\":[{\"@type\":\"WebPage\",\"@id\":\"https:\/\/www.refrigerantboys.com\/de\/kaufen\/kaeltemittelgase\/r134a\/gas-refrigerante-r134a-in-bombola-da-40-kg-valvola-217-x-1-14\/\",\"url\":\"https:\/\/www.refrigerantboys.com\/de\/kaufen\/kaeltemittelgase\/r134a\/gas-refrigerante-r134a-in-bombola-da-40-kg-valvola-217-x-1-14\/\",\"name\":\"K\u00e4ltemittel R134a - 40 kg Flasche (T-PED \/ EN 13322-1 zertifiziert) | Refrigerant Boys\",\"isPartOf\":{\"@id\":\"https:\/\/www.refrigerantboys.com\/de\/#website\"},\"datePublished\":\"2017-10-28T22:46:18+00:00\",\"dateModified\":\"2026-03-25T12:38:13+00:00\",\"description\":\"K\u00e4ltemittelgas R134a im industriellen 40-kg-Format. Entwickelt f\u00fcr Gro\u00dfanlagen und Servicezentren mit hohem Aufkommen, garantiert es maximale Autonomie und geringere Logistikkosten. Kapazit\u00e4t: 40 kg reines Gas. Ventil: 21,7 x 1\/14\\\" (Industriestandard). Zertifizierung: T-PED \/ EN 13322-1. Einsatz: Profi-Bereich, Industrieanlagen und Automotive. Sicherheitscode: UN 3159. GWP \u2713 Eco-Tax (Reg. UE 2024\/573) 4,29 \u20ac\/kg\",\"breadcrumb\":{\"@id\":\"https:\/\/www.refrigerantboys.com\/de\/kaufen\/kaeltemittelgase\/r134a\/gas-refrigerante-r134a-in-bombola-da-40-kg-valvola-217-x-1-14\/#breadcrumb\"},\"inLanguage\":\"de\",\"potentialAction\":[{\"@type\":\"ReadAction\",\"target\":[\"https:\/\/www.refrigerantboys.com\/de\/kaufen\/kaeltemittelgase\/r134a\/gas-refrigerante-r134a-in-bombola-da-40-kg-valvola-217-x-1-14\/\"]}]},{\"@type\":\"BreadcrumbList\",\"@id\":\"https:\/\/www.refrigerantboys.com\/de\/kaufen\/kaeltemittelgase\/r134a\/gas-refrigerante-r134a-in-bombola-da-40-kg-valvola-217-x-1-14\/#breadcrumb\",\"itemListElement\":[{\"@type\":\"ListItem\",\"position\":1,\"name\":\"Home\",\"item\":\"https:\/\/www.refrigerantboys.com\/de\/\"},{\"@type\":\"ListItem\",\"position\":2,\"name\":\"Gesch\u00e4ft\",\"item\":\"https:\/\/www.refrigerantboys.com\/de\/geschaeft\/\"},{\"@type\":\"ListItem\",\"position\":3,\"name\":\"K\u00e4ltemittel R134a &#8211; 40 kg Flasche (T-PED \/ EN 13322-1 zertifiziert)\"}]},{\"@type\":\"WebSite\",\"@id\":\"https:\/\/www.refrigerantboys.com\/de\/#website\",\"url\":\"https:\/\/www.refrigerantboys.com\/de\/\",\"name\":\"Refrigerant Boys\",\"description\":\"Vendita gas refrigeranti\",\"potentialAction\":[{\"@type\":\"SearchAction\",\"target\":{\"@type\":\"EntryPoint\",\"urlTemplate\":\"https:\/\/www.refrigerantboys.com\/de\/?s={search_term_string}\"},\"query-input\":\"required name=search_term_string\"}],\"inLanguage\":\"de\"}]}<\/script>\n<!-- \/ Yoast SEO plugin. -->","yoast_head_json":{"title":"K\u00e4ltemittel R134a - 40 kg Flasche (T-PED \/ EN 13322-1 zertifiziert) | Refrigerant Boys","description":"K\u00e4ltemittelgas R134a im industriellen 40-kg-Format. Entwickelt f\u00fcr Gro\u00dfanlagen und Servicezentren mit hohem Aufkommen, garantiert es maximale Autonomie und geringere Logistikkosten.     Kapazit\u00e4t: 40 kg reines Gas.    Ventil: 21,7 x 1\/14\" (Industriestandard).    Zertifizierung: T-PED \/ EN 13322-1.    Einsatz: Profi-Bereich, Industrieanlagen und Automotive.    Sicherheitscode: UN 3159.   GWP  \u2713 Eco-Tax (Reg. UE 2024\/573) 4,29 \u20ac\/kg","robots":{"index":"index","follow":"follow","max-snippet":"max-snippet:-1","max-image-preview":"max-image-preview:large","max-video-preview":"max-video-preview:-1"},"canonical":"https:\/\/www.refrigerantboys.com\/de\/kaufen\/kaeltemittelgase\/r134a\/gas-refrigerante-r134a-in-bombola-da-40-kg-valvola-217-x-1-14\/","og_locale":"de_DE","og_type":"article","og_title":"K\u00e4ltemittel R134a - 40 kg Flasche (T-PED \/ EN 13322-1 zertifiziert) | Refrigerant Boys","og_description":"K\u00e4ltemittelgas R134a im industriellen 40-kg-Format. Entwickelt f\u00fcr Gro\u00dfanlagen und Servicezentren mit hohem Aufkommen, garantiert es maximale Autonomie und geringere Logistikkosten.     Kapazit\u00e4t: 40 kg reines Gas.    Ventil: 21,7 x 1\/14\" (Industriestandard).    Zertifizierung: T-PED \/ EN 13322-1.    Einsatz: Profi-Bereich, Industrieanlagen und Automotive.    Sicherheitscode: UN 3159.   GWP  \u2713 Eco-Tax (Reg. UE 2024\/573) 4,29 \u20ac\/kg","og_url":"https:\/\/www.refrigerantboys.com\/de\/kaufen\/kaeltemittelgase\/r134a\/gas-refrigerante-r134a-in-bombola-da-40-kg-valvola-217-x-1-14\/","og_site_name":"Refrigerant Boys","article_modified_time":"2026-03-25T12:38:13+00:00","og_image":[{"width":213,"height":453,"url":"https:\/\/www.refrigerantboys.com\/wp-content\/uploads\/2017\/10\/r134a-40kg-6-247x470-1.png","type":"image\/png"}],"twitter_card":"summary_large_image","twitter_misc":{"Gesch\u00e4tzte Lesezeit":"1\u00a0Minute"},"schema":{"@context":"https:\/\/schema.org","@graph":[{"@type":"WebPage","@id":"https:\/\/www.refrigerantboys.com\/de\/kaufen\/kaeltemittelgase\/r134a\/gas-refrigerante-r134a-in-bombola-da-40-kg-valvola-217-x-1-14\/","url":"https:\/\/www.refrigerantboys.com\/de\/kaufen\/kaeltemittelgase\/r134a\/gas-refrigerante-r134a-in-bombola-da-40-kg-valvola-217-x-1-14\/","name":"K\u00e4ltemittel R134a - 40 kg Flasche (T-PED \/ EN 13322-1 zertifiziert) | Refrigerant Boys","isPartOf":{"@id":"https:\/\/www.refrigerantboys.com\/de\/#website"},"datePublished":"2017-10-28T22:46:18+00:00","dateModified":"2026-03-25T12:38:13+00:00","description":"K\u00e4ltemittelgas R134a im industriellen 40-kg-Format. Entwickelt f\u00fcr Gro\u00dfanlagen und Servicezentren mit hohem Aufkommen, garantiert es maximale Autonomie und geringere Logistikkosten. Kapazit\u00e4t: 40 kg reines Gas. Ventil: 21,7 x 1\/14\" (Industriestandard). Zertifizierung: T-PED \/ EN 13322-1. Einsatz: Profi-Bereich, Industrieanlagen und Automotive. Sicherheitscode: UN 3159. GWP \u2713 Eco-Tax (Reg. UE 2024\/573) 4,29 \u20ac\/kg","breadcrumb":{"@id":"https:\/\/www.refrigerantboys.com\/de\/kaufen\/kaeltemittelgase\/r134a\/gas-refrigerante-r134a-in-bombola-da-40-kg-valvola-217-x-1-14\/#breadcrumb"},"inLanguage":"de","potentialAction":[{"@type":"ReadAction","target":["https:\/\/www.refrigerantboys.com\/de\/kaufen\/kaeltemittelgase\/r134a\/gas-refrigerante-r134a-in-bombola-da-40-kg-valvola-217-x-1-14\/"]}]},{"@type":"BreadcrumbList","@id":"https:\/\/www.refrigerantboys.com\/de\/kaufen\/kaeltemittelgase\/r134a\/gas-refrigerante-r134a-in-bombola-da-40-kg-valvola-217-x-1-14\/#breadcrumb","itemListElement":[{"@type":"ListItem","position":1,"name":"Home","item":"https:\/\/www.refrigerantboys.com\/de\/"},{"@type":"ListItem","position":2,"name":"Gesch\u00e4ft","item":"https:\/\/www.refrigerantboys.com\/de\/geschaeft\/"},{"@type":"ListItem","position":3,"name":"K\u00e4ltemittel R134a &#8211; 40 kg Flasche (T-PED \/ EN 13322-1 zertifiziert)"}]},{"@type":"WebSite","@id":"https:\/\/www.refrigerantboys.com\/de\/#website","url":"https:\/\/www.refrigerantboys.com\/de\/","name":"Refrigerant Boys","description":"Vendita gas refrigeranti","potentialAction":[{"@type":"SearchAction","target":{"@type":"EntryPoint","urlTemplate":"https:\/\/www.refrigerantboys.com\/de\/?s={search_term_string}"},"query-input":"required name=search_term_string"}],"inLanguage":"de"}]}},"_links":{"self":[{"href":"https:\/\/www.refrigerantboys.com\/de\/wp-json\/wp\/v2\/product\/4766"}],"collection":[{"href":"https:\/\/www.refrigerantboys.com\/de\/wp-json\/wp\/v2\/product"}],"about":[{"href":"https:\/\/www.refrigerantboys.com\/de\/wp-json\/wp\/v2\/types\/product"}],"wp:featuredmedia":[{"embeddable":true,"href":"https:\/\/www.refrigerantboys.com\/de\/wp-json\/wp\/v2\/media\/68713"}],"wp:attachment":[{"href":"https:\/\/www.refrigerantboys.com\/de\/wp-json\/wp\/v2\/media?parent=4766"}],"wp:term":[{"taxonomy":"product_cat","embeddable":true,"href":"https:\/\/www.refrigerantboys.com\/de\/wp-json\/wp\/v2\/product_cat?post=4766"},{"taxonomy":"product_tag","embeddable":true,"href":"https:\/\/www.refrigerantboys.com\/de\/wp-json\/wp\/v2\/product_tag?post=4766"}],"curies":[{"name":"wp","href":"https:\/\/api.w.org\/{rel}","templated":true}]}}