{"id":10218,"date":"2020-04-23T14:17:17","date_gmt":"2020-04-23T14:17:19","guid":{"rendered":"https:\/\/www.refrigerantboys.com\/?post_type=product&#038;p=10218"},"modified":"2021-03-05T14:35:37","modified_gmt":"2021-03-05T13:35:37","slug":"ozongenerator-uv-lampe-65-m3-h","status":"publish","type":"product","link":"https:\/\/www.refrigerantboys.com\/de\/kaufen\/ausruestung\/ozongenerator-uv-lampe-65-m3-h\/","title":{"rendered":"Ozongenerator, UV-Lampe 65 m3 \/ h"},"content":{"rendered":"<p>Fortschrittliche Technologie zur Erzeugung von Ozon als nat\u00fcrlicher Schutz zur Beseitigung von Viren und Bakterien im Fahrgastraum und in der Klimaanlage. Die neue \u201e<strong><span style=\"color: #ed1c24;\">UV-Lampen<\/span><\/strong>\u201c -Technologie bietet im Vergleich zu Standardgeneratoren erhebliche Energieeinsparungen und hohe Ertr\u00e4ge auch bei Feuchtigkeit. Neben der perfekten Behandlung des Innenraums von PKWs, Wohnmobilen, LKWs und \u00f6ffentlichen Verkehrsmitteln wird es in Arztpraxen, Krankenh\u00e4usern, in der Lebensmittelverarbeitung und in allen Bereichen eingesetzt, in denen hohe Sterilisationsstandards erforderlich sind.<\/p>\n<p style=\"text-align: center;\">\n","protected":false},"excerpt":{"rendered":"<p><img decoding=\"async\" loading=\"lazy\" class=\"alignnone wp-image-10240 aligncenter\" src=\"https:\/\/www.refrigerantboys.com\/wp-content\/uploads\/2020\/04\/images-7.jpg\" alt=\"\" width=\"72\" height=\"72\" \/><\/p>\n<p style=\"text-align: center;\"><span style=\"color: #008000;\"><strong><a style=\"color: #008000;\" href=\"https:\/\/www.refrigerantboys.com\/wp-content\/uploads\/2020\/04\/9066M_OZONE_istruzioni_DET-refr.pdf\">ANLEITUNG<\/a><\/strong><\/span><\/p>\n","protected":false},"featured_media":50406,"template":"","meta":[],"product_cat":[246],"product_tag":[],"acf":{"ai_note":""},"yoast_head":"<!-- This site is optimized with the Yoast SEO plugin v20.2 - https:\/\/yoast.com\/wordpress\/plugins\/seo\/ -->\n<title>Ozongenerator, UV-Lampe 65 m3 \/ h | Refrigerant Boys<\/title>\n<meta name=\"description\" content=\"ANLEITUNG\" \/>\n<meta name=\"robots\" content=\"index, follow, max-snippet:-1, max-image-preview:large, max-video-preview:-1\" \/>\n<link rel=\"canonical\" href=\"https:\/\/www.refrigerantboys.com\/de\/kaufen\/ausruestung\/ozongenerator-uv-lampe-65-m3-h\/\" \/>\n<meta property=\"og:locale\" content=\"de_DE\" \/>\n<meta property=\"og:type\" content=\"article\" \/>\n<meta property=\"og:title\" content=\"Ozongenerator, UV-Lampe 65 m3 \/ h | Refrigerant Boys\" \/>\n<meta property=\"og:description\" content=\"ANLEITUNG\" \/>\n<meta property=\"og:url\" content=\"https:\/\/www.refrigerantboys.com\/de\/kaufen\/ausruestung\/ozongenerator-uv-lampe-65-m3-h\/\" \/>\n<meta property=\"og:site_name\" content=\"Refrigerant Boys\" \/>\n<meta property=\"article:modified_time\" content=\"2021-03-05T13:35:37+00:00\" \/>\n<meta property=\"og:image\" content=\"https:\/\/www.refrigerantboys.com\/wp-content\/uploads\/2020\/04\/ozone-m.jpg\" \/>\n\t<meta property=\"og:image:width\" content=\"1416\" \/>\n\t<meta property=\"og:image:height\" content=\"753\" \/>\n\t<meta property=\"og:image:type\" content=\"image\/jpeg\" \/>\n<meta name=\"twitter:card\" content=\"summary_large_image\" \/>\n<script type=\"application\/ld+json\" class=\"yoast-schema-graph\">{\"@context\":\"https:\/\/schema.org\",\"@graph\":[{\"@type\":\"WebPage\",\"@id\":\"https:\/\/www.refrigerantboys.com\/de\/kaufen\/ausruestung\/ozongenerator-uv-lampe-65-m3-h\/\",\"url\":\"https:\/\/www.refrigerantboys.com\/de\/kaufen\/ausruestung\/ozongenerator-uv-lampe-65-m3-h\/\",\"name\":\"Ozongenerator, UV-Lampe 65 m3 \/ h | Refrigerant Boys\",\"isPartOf\":{\"@id\":\"https:\/\/www.refrigerantboys.com\/de\/#website\"},\"datePublished\":\"2020-04-23T14:17:19+00:00\",\"dateModified\":\"2021-03-05T13:35:37+00:00\",\"description\":\"ANLEITUNG\",\"breadcrumb\":{\"@id\":\"https:\/\/www.refrigerantboys.com\/de\/kaufen\/ausruestung\/ozongenerator-uv-lampe-65-m3-h\/#breadcrumb\"},\"inLanguage\":\"de\",\"potentialAction\":[{\"@type\":\"ReadAction\",\"target\":[\"https:\/\/www.refrigerantboys.com\/de\/kaufen\/ausruestung\/ozongenerator-uv-lampe-65-m3-h\/\"]}]},{\"@type\":\"BreadcrumbList\",\"@id\":\"https:\/\/www.refrigerantboys.com\/de\/kaufen\/ausruestung\/ozongenerator-uv-lampe-65-m3-h\/#breadcrumb\",\"itemListElement\":[{\"@type\":\"ListItem\",\"position\":1,\"name\":\"Home\",\"item\":\"https:\/\/www.refrigerantboys.com\/de\/\"},{\"@type\":\"ListItem\",\"position\":2,\"name\":\"Gesch\u00e4ft\",\"item\":\"https:\/\/www.refrigerantboys.com\/de\/geschaeft\/\"},{\"@type\":\"ListItem\",\"position\":3,\"name\":\"Ozongenerator, UV-Lampe 65 m3 \/ h\"}]},{\"@type\":\"WebSite\",\"@id\":\"https:\/\/www.refrigerantboys.com\/de\/#website\",\"url\":\"https:\/\/www.refrigerantboys.com\/de\/\",\"name\":\"Refrigerant Boys\",\"description\":\"Vendita gas refrigeranti\",\"potentialAction\":[{\"@type\":\"SearchAction\",\"target\":{\"@type\":\"EntryPoint\",\"urlTemplate\":\"https:\/\/www.refrigerantboys.com\/de\/?s={search_term_string}\"},\"query-input\":\"required name=search_term_string\"}],\"inLanguage\":\"de\"}]}<\/script>\n<!-- \/ Yoast SEO plugin. -->","yoast_head_json":{"title":"Ozongenerator, UV-Lampe 65 m3 \/ h | Refrigerant Boys","description":"ANLEITUNG","robots":{"index":"index","follow":"follow","max-snippet":"max-snippet:-1","max-image-preview":"max-image-preview:large","max-video-preview":"max-video-preview:-1"},"canonical":"https:\/\/www.refrigerantboys.com\/de\/kaufen\/ausruestung\/ozongenerator-uv-lampe-65-m3-h\/","og_locale":"de_DE","og_type":"article","og_title":"Ozongenerator, UV-Lampe 65 m3 \/ h | Refrigerant Boys","og_description":"ANLEITUNG","og_url":"https:\/\/www.refrigerantboys.com\/de\/kaufen\/ausruestung\/ozongenerator-uv-lampe-65-m3-h\/","og_site_name":"Refrigerant Boys","article_modified_time":"2021-03-05T13:35:37+00:00","og_image":[{"width":1416,"height":753,"url":"https:\/\/www.refrigerantboys.com\/wp-content\/uploads\/2020\/04\/ozone-m.jpg","type":"image\/jpeg"}],"twitter_card":"summary_large_image","schema":{"@context":"https:\/\/schema.org","@graph":[{"@type":"WebPage","@id":"https:\/\/www.refrigerantboys.com\/de\/kaufen\/ausruestung\/ozongenerator-uv-lampe-65-m3-h\/","url":"https:\/\/www.refrigerantboys.com\/de\/kaufen\/ausruestung\/ozongenerator-uv-lampe-65-m3-h\/","name":"Ozongenerator, UV-Lampe 65 m3 \/ h | Refrigerant Boys","isPartOf":{"@id":"https:\/\/www.refrigerantboys.com\/de\/#website"},"datePublished":"2020-04-23T14:17:19+00:00","dateModified":"2021-03-05T13:35:37+00:00","description":"ANLEITUNG","breadcrumb":{"@id":"https:\/\/www.refrigerantboys.com\/de\/kaufen\/ausruestung\/ozongenerator-uv-lampe-65-m3-h\/#breadcrumb"},"inLanguage":"de","potentialAction":[{"@type":"ReadAction","target":["https:\/\/www.refrigerantboys.com\/de\/kaufen\/ausruestung\/ozongenerator-uv-lampe-65-m3-h\/"]}]},{"@type":"BreadcrumbList","@id":"https:\/\/www.refrigerantboys.com\/de\/kaufen\/ausruestung\/ozongenerator-uv-lampe-65-m3-h\/#breadcrumb","itemListElement":[{"@type":"ListItem","position":1,"name":"Home","item":"https:\/\/www.refrigerantboys.com\/de\/"},{"@type":"ListItem","position":2,"name":"Gesch\u00e4ft","item":"https:\/\/www.refrigerantboys.com\/de\/geschaeft\/"},{"@type":"ListItem","position":3,"name":"Ozongenerator, UV-Lampe 65 m3 \/ h"}]},{"@type":"WebSite","@id":"https:\/\/www.refrigerantboys.com\/de\/#website","url":"https:\/\/www.refrigerantboys.com\/de\/","name":"Refrigerant Boys","description":"Vendita gas refrigeranti","potentialAction":[{"@type":"SearchAction","target":{"@type":"EntryPoint","urlTemplate":"https:\/\/www.refrigerantboys.com\/de\/?s={search_term_string}"},"query-input":"required name=search_term_string"}],"inLanguage":"de"}]}},"_links":{"self":[{"href":"https:\/\/www.refrigerantboys.com\/de\/wp-json\/wp\/v2\/product\/10218"}],"collection":[{"href":"https:\/\/www.refrigerantboys.com\/de\/wp-json\/wp\/v2\/product"}],"about":[{"href":"https:\/\/www.refrigerantboys.com\/de\/wp-json\/wp\/v2\/types\/product"}],"wp:featuredmedia":[{"embeddable":true,"href":"https:\/\/www.refrigerantboys.com\/de\/wp-json\/wp\/v2\/media\/50406"}],"wp:attachment":[{"href":"https:\/\/www.refrigerantboys.com\/de\/wp-json\/wp\/v2\/media?parent=10218"}],"wp:term":[{"taxonomy":"product_cat","embeddable":true,"href":"https:\/\/www.refrigerantboys.com\/de\/wp-json\/wp\/v2\/product_cat?post=10218"},{"taxonomy":"product_tag","embeddable":true,"href":"https:\/\/www.refrigerantboys.com\/de\/wp-json\/wp\/v2\/product_tag?post=10218"}],"curies":[{"name":"wp","href":"https:\/\/api.w.org\/{rel}","templated":true}]}}