{"id":5385,"date":"2019-04-07T12:53:35","date_gmt":"2019-04-07T12:53:35","guid":{"rendered":"https:\/\/www.refrigerantboys.com\/?page_id=5385"},"modified":"2024-05-28T14:54:55","modified_gmt":"2024-05-28T12:54:55","slug":"zahlungen-werden-akzeptiert","status":"publish","type":"page","link":"https:\/\/www.refrigerantboys.com\/de\/zahlungen-werden-akzeptiert\/","title":{"rendered":"Zahlungen werden akzeptiert"},"content":{"rendered":"<section class=\"wpb-content-wrapper\"><p>[vc_row full_width=&#8221;stretch_row&#8221; el_class=&#8221;py-5 m-0&#8243; conditional_render=&#8221;%5B%7B%22value_role%22%3A%22administrator%22%7D%5D&#8221;][vc_column][vc_column_text]<em class=\"text-green\">Wenn Ihr Unternehmen bei V.I.E.S. (Elektronisches Datenaustauschsystem mit Mehrwertsteuer) muss keine Steuer von 22% zahlen<\/em><\/p>\n<p><strong class=\"text-red\">Die auf unserer Website angezeigten Preise sind alle ohne MwSt.<\/strong><\/p>\n<p>K\u00e4ltemittel Jungen S.r.l. Akzeptiert elektronische Zahlungen wie Paypal und Kreditkarten oder per Bank\u00fcberweisung ohne Provisionszahlungen sind absolut sicher, da sie durch die TLS \/ SSL-Verbindung gesch\u00fctzt sind, die die Sicherheit einer Internetverbindung garantiert und die ausgetauschten sensiblen Daten sch\u00fctzt. Zahlungen per \u00dcberweisung werden automatisch storniert, wenn sie nicht innerhalb von 6 Tagen abgeschlossen sind, und Sie m\u00fcssen mit der Abgabe einer neuen Bestellung fortfahren.<\/p>\n<p>Kontaktieren Sie uns per E-Mail unter der Adresse <a href=\"mailto:service@refrigerantboys.it\">service@refrigerantboys.it<\/a>[\/vc_column_text][\/vc_column][\/vc_row][vc_row full_width=&#8221;stretch_row&#8221; el_class=&#8221;py-5 m-0&#8243; css=&#8221;.vc_custom_1675088722233{background-color: #f5f5f5 !important;}&#8221; conditional_render=&#8221;%5B%7B%22value_role%22%3A%22administrator%22%7D%5D&#8221;][vc_column]<div class=\"porto-u-heading  wpb_custom_95aa9a11c17ad45cfabaf210d84ee7cc porto-u-55ca8359258f9a412be7e73af65d2aac \"><div class=\"porto-u-main-heading\"><h2  >Abrechnung<\/h2><\/div><style>.porto-u-55ca8359258f9a412be7e73af65d2aac.porto-u-heading{text-align:center}<\/style><\/div>[vc_column_text]Rechnungen werden innerhalb von 5 Tagen nach Abschluss der Bestellung per E-Mail an die bei der Registrierung angegebene Adresse versandt.<\/p>\n<p><strong class=\"text-red\">WICHTIG: Wenn die Unternehmensdaten nicht korrekt eingegeben wurden (Firmenname \u2013 Umsatzsteuer-Identifikationsnummer) und nicht innerhalb von 10 Tagen nach dem Monat ab Bestellung per E-Mail \u00fcbermittelt werden, kann die Rechnung nicht mehr ausgestellt werden und der Verkauf wird als Generikum registriert Erw\u00e4gung.<\/strong>[\/vc_column_text][\/vc_column][\/vc_row][vc_row full_width=&#8221;stretch_row&#8221; el_class=&#8221;py-5 m-0&#8243; conditional_render=&#8221;%5B%7B%22value_role%22%3A%22administrator%22%7D%5D&#8221;][vc_column width=&#8221;1\/2&#8243;][vc_column_text]<\/p>\n<h2 class=\"uppercase\" style=\"text-align: center;\">BANK\u00dcBERWEISUNG<\/h2>\n<h5 style=\"text-align: center;\"><strong>IBAN: IT 35 C 02008 22800 000104149887<br \/>\n<\/strong><\/h5>\n<p style=\"text-align: center;\"><strong>BIC\/SWIFT: UNCRITM1305<\/strong><\/p>\n<p style=\"text-align: center;\">KAUSAL: EINF\u00dcHREN N\u00b0BESTELLEN<\/p>\n<p>[\/vc_column_text][\/vc_column][vc_column width=&#8221;1\/2&#8243;][vc_single_image image=&#8221;46282&#8243; img_size=&#8221;full&#8221;][\/vc_column][\/vc_row]<\/p>\n<\/section>","protected":false},"excerpt":{"rendered":"<p>[vc_row full_width=&#8221;stretch_row&#8221; el_class=&#8221;py-5 m-0&#8243; conditional_render=&#8221;%5B%7B%22value_role%22%3A%22administrator%22%7D%5D&#8221;][vc_column][vc_column_text]Wenn Ihr Unternehmen bei V.I.E.S. (Elektronisches Datenaustauschsystem mit Mehrwertsteuer) muss keine Steuer von 22% zahlen Die auf unserer Website angezeigten Preise sind alle ohne MwSt. K\u00e4ltemittel Jungen S.r.l. Akzeptiert elektronische Zahlungen wie Paypal und Kreditkarten oder per Bank\u00fcberweisung ohne Provisionszahlungen sind absolut sicher, da sie durch die TLS \/ SSL-Verbindung gesch\u00fctzt [&hellip;]<\/p>\n","protected":false},"author":1,"featured_media":0,"parent":0,"menu_order":0,"comment_status":"closed","ping_status":"closed","template":"","meta":[],"acf":[],"yoast_head":"<!-- This site is optimized with the Yoast SEO plugin v20.2 - https:\/\/yoast.com\/wordpress\/plugins\/seo\/ -->\n<title>Zahlungen werden akzeptiert | Refrigerant Boys<\/title>\n<meta name=\"robots\" content=\"index, follow, max-snippet:-1, max-image-preview:large, max-video-preview:-1\" \/>\n<link rel=\"canonical\" href=\"https:\/\/www.refrigerantboys.com\/de\/zahlungen-werden-akzeptiert\/\" \/>\n<meta property=\"og:locale\" content=\"de_DE\" \/>\n<meta property=\"og:type\" content=\"article\" \/>\n<meta property=\"og:title\" content=\"Zahlungen werden akzeptiert | Refrigerant Boys\" \/>\n<meta property=\"og:description\" content=\"[vc_row full_width=&#8221;stretch_row&#8221; el_class=&#8221;py-5 m-0&#8243; conditional_render=&#8221;%5B%7B%22value_role%22%3A%22administrator%22%7D%5D&#8221;][vc_column][vc_column_text]Wenn Ihr Unternehmen bei V.I.E.S. (Elektronisches Datenaustauschsystem mit Mehrwertsteuer) muss keine Steuer von 22% zahlen Die auf unserer Website angezeigten Preise sind alle ohne MwSt. K\u00e4ltemittel Jungen S.r.l. Akzeptiert elektronische Zahlungen wie Paypal und Kreditkarten oder per Bank\u00fcberweisung ohne Provisionszahlungen sind absolut sicher, da sie durch die TLS \/ SSL-Verbindung gesch\u00fctzt [&hellip;]\" \/>\n<meta property=\"og:url\" content=\"https:\/\/www.refrigerantboys.com\/de\/zahlungen-werden-akzeptiert\/\" \/>\n<meta property=\"og:site_name\" content=\"Refrigerant Boys\" \/>\n<meta property=\"article:modified_time\" content=\"2024-05-28T12:54:55+00:00\" \/>\n<meta name=\"twitter:card\" content=\"summary_large_image\" \/>\n<meta name=\"twitter:label1\" content=\"Gesch\u00e4tzte Lesezeit\" \/>\n\t<meta name=\"twitter:data1\" content=\"2\u00a0Minuten\" \/>\n<script type=\"application\/ld+json\" class=\"yoast-schema-graph\">{\"@context\":\"https:\/\/schema.org\",\"@graph\":[{\"@type\":\"WebPage\",\"@id\":\"https:\/\/www.refrigerantboys.com\/de\/zahlungen-werden-akzeptiert\/\",\"url\":\"https:\/\/www.refrigerantboys.com\/de\/zahlungen-werden-akzeptiert\/\",\"name\":\"Zahlungen werden akzeptiert | Refrigerant Boys\",\"isPartOf\":{\"@id\":\"https:\/\/www.refrigerantboys.com\/de\/#website\"},\"datePublished\":\"2019-04-07T12:53:35+00:00\",\"dateModified\":\"2024-05-28T12:54:55+00:00\",\"breadcrumb\":{\"@id\":\"https:\/\/www.refrigerantboys.com\/de\/zahlungen-werden-akzeptiert\/#breadcrumb\"},\"inLanguage\":\"de\",\"potentialAction\":[{\"@type\":\"ReadAction\",\"target\":[\"https:\/\/www.refrigerantboys.com\/de\/zahlungen-werden-akzeptiert\/\"]}]},{\"@type\":\"BreadcrumbList\",\"@id\":\"https:\/\/www.refrigerantboys.com\/de\/zahlungen-werden-akzeptiert\/#breadcrumb\",\"itemListElement\":[{\"@type\":\"ListItem\",\"position\":1,\"name\":\"Home\",\"item\":\"https:\/\/www.refrigerantboys.com\/de\/\"},{\"@type\":\"ListItem\",\"position\":2,\"name\":\"Zahlungen werden akzeptiert\"}]},{\"@type\":\"WebSite\",\"@id\":\"https:\/\/www.refrigerantboys.com\/de\/#website\",\"url\":\"https:\/\/www.refrigerantboys.com\/de\/\",\"name\":\"Refrigerant Boys\",\"description\":\"Vendita gas refrigeranti\",\"potentialAction\":[{\"@type\":\"SearchAction\",\"target\":{\"@type\":\"EntryPoint\",\"urlTemplate\":\"https:\/\/www.refrigerantboys.com\/de\/?s={search_term_string}\"},\"query-input\":\"required name=search_term_string\"}],\"inLanguage\":\"de\"}]}<\/script>\n<!-- \/ Yoast SEO plugin. -->","yoast_head_json":{"title":"Zahlungen werden akzeptiert | Refrigerant Boys","robots":{"index":"index","follow":"follow","max-snippet":"max-snippet:-1","max-image-preview":"max-image-preview:large","max-video-preview":"max-video-preview:-1"},"canonical":"https:\/\/www.refrigerantboys.com\/de\/zahlungen-werden-akzeptiert\/","og_locale":"de_DE","og_type":"article","og_title":"Zahlungen werden akzeptiert | Refrigerant Boys","og_description":"[vc_row full_width=&#8221;stretch_row&#8221; el_class=&#8221;py-5 m-0&#8243; conditional_render=&#8221;%5B%7B%22value_role%22%3A%22administrator%22%7D%5D&#8221;][vc_column][vc_column_text]Wenn Ihr Unternehmen bei V.I.E.S. (Elektronisches Datenaustauschsystem mit Mehrwertsteuer) muss keine Steuer von 22% zahlen Die auf unserer Website angezeigten Preise sind alle ohne MwSt. K\u00e4ltemittel Jungen S.r.l. Akzeptiert elektronische Zahlungen wie Paypal und Kreditkarten oder per Bank\u00fcberweisung ohne Provisionszahlungen sind absolut sicher, da sie durch die TLS \/ SSL-Verbindung gesch\u00fctzt [&hellip;]","og_url":"https:\/\/www.refrigerantboys.com\/de\/zahlungen-werden-akzeptiert\/","og_site_name":"Refrigerant Boys","article_modified_time":"2024-05-28T12:54:55+00:00","twitter_card":"summary_large_image","twitter_misc":{"Gesch\u00e4tzte Lesezeit":"2\u00a0Minuten"},"schema":{"@context":"https:\/\/schema.org","@graph":[{"@type":"WebPage","@id":"https:\/\/www.refrigerantboys.com\/de\/zahlungen-werden-akzeptiert\/","url":"https:\/\/www.refrigerantboys.com\/de\/zahlungen-werden-akzeptiert\/","name":"Zahlungen werden akzeptiert | Refrigerant Boys","isPartOf":{"@id":"https:\/\/www.refrigerantboys.com\/de\/#website"},"datePublished":"2019-04-07T12:53:35+00:00","dateModified":"2024-05-28T12:54:55+00:00","breadcrumb":{"@id":"https:\/\/www.refrigerantboys.com\/de\/zahlungen-werden-akzeptiert\/#breadcrumb"},"inLanguage":"de","potentialAction":[{"@type":"ReadAction","target":["https:\/\/www.refrigerantboys.com\/de\/zahlungen-werden-akzeptiert\/"]}]},{"@type":"BreadcrumbList","@id":"https:\/\/www.refrigerantboys.com\/de\/zahlungen-werden-akzeptiert\/#breadcrumb","itemListElement":[{"@type":"ListItem","position":1,"name":"Home","item":"https:\/\/www.refrigerantboys.com\/de\/"},{"@type":"ListItem","position":2,"name":"Zahlungen werden akzeptiert"}]},{"@type":"WebSite","@id":"https:\/\/www.refrigerantboys.com\/de\/#website","url":"https:\/\/www.refrigerantboys.com\/de\/","name":"Refrigerant Boys","description":"Vendita gas refrigeranti","potentialAction":[{"@type":"SearchAction","target":{"@type":"EntryPoint","urlTemplate":"https:\/\/www.refrigerantboys.com\/de\/?s={search_term_string}"},"query-input":"required name=search_term_string"}],"inLanguage":"de"}]}},"_links":{"self":[{"href":"https:\/\/www.refrigerantboys.com\/de\/wp-json\/wp\/v2\/pages\/5385"}],"collection":[{"href":"https:\/\/www.refrigerantboys.com\/de\/wp-json\/wp\/v2\/pages"}],"about":[{"href":"https:\/\/www.refrigerantboys.com\/de\/wp-json\/wp\/v2\/types\/page"}],"author":[{"embeddable":true,"href":"https:\/\/www.refrigerantboys.com\/de\/wp-json\/wp\/v2\/users\/1"}],"replies":[{"embeddable":true,"href":"https:\/\/www.refrigerantboys.com\/de\/wp-json\/wp\/v2\/comments?post=5385"}],"version-history":[{"count":3,"href":"https:\/\/www.refrigerantboys.com\/de\/wp-json\/wp\/v2\/pages\/5385\/revisions"}],"predecessor-version":[{"id":78616,"href":"https:\/\/www.refrigerantboys.com\/de\/wp-json\/wp\/v2\/pages\/5385\/revisions\/78616"}],"wp:attachment":[{"href":"https:\/\/www.refrigerantboys.com\/de\/wp-json\/wp\/v2\/media?parent=5385"}],"curies":[{"name":"wp","href":"https:\/\/api.w.org\/{rel}","templated":true}]}}