{"id":5383,"date":"2019-04-07T12:49:30","date_gmt":"2019-04-07T12:49:30","guid":{"rendered":"https:\/\/www.refrigerantboys.com\/?page_id=5383"},"modified":"2025-09-22T11:59:47","modified_gmt":"2025-09-22T09:59:47","slug":"f-gas","status":"publish","type":"page","link":"https:\/\/www.refrigerantboys.com\/de\/f-gas\/","title":{"rendered":"F-GAS-Verordnung f\u00fcr den Kauf von K\u00e4ltemittelgas"},"content":{"rendered":"<section class=\"wpb-content-wrapper\"><p>[vc_row][vc_column][vc_single_image image=&#8221;46134&#8243; img_size=&#8221;full&#8221; alignment=&#8221;center&#8221; style=&#8221;vc_box_shadow&#8221;][vc_column_text]<span style=\"font-size: 20px;\"><strong>Verordnung (EU) 2024\/573 | F-Gase<\/strong><\/span><br \/>\nDie neue Verordnung (EU) 2024\/573 \u00fcber fluorierte Treibhausgase (F-Gase) hebt die bisherige Verordnung (EU) 517\/2014 auf und ersetzt sie.<\/p>\n<p><span style=\"font-size: 20px;\"><strong>Wer sind Betreiber?<\/strong><\/span><br \/>\nBetreiber ist das Unternehmen, das die tats\u00e4chliche Kontrolle \u00fcber die technische Funktion der unter diese Verordnung fallenden Produkte, Ger\u00e4te oder Systeme aus\u00fcbt, oder der Eigent\u00fcmer, sofern der Mitgliedstaat den Eigent\u00fcmer unter bestimmten Umst\u00e4nden f\u00fcr die Betreiberpflichten verantwortlich macht.<\/p>\n<p>Demnach: der Eigent\u00fcmer oder eine andere nat\u00fcrliche oder juristische Person, die die tats\u00e4chliche Kontrolle \u00fcber die technische Funktion der Produkte und Ger\u00e4te aus\u00fcbt.<\/p>\n<p><span style=\"font-size: 20px;\"><strong>Welche Ger\u00e4te sind betroffen?<\/strong><\/span><br \/>\nDie folgenden Ger\u00e4te fallen unter die Verordnung:<\/p>\n<p>station\u00e4re K\u00e4lteanlagen;<br \/>\nstation\u00e4re Klimaanlagen;<br \/>\nstation\u00e4re W\u00e4rmepumpen;<br \/>\nstation\u00e4re Brandschutzanlagen;<br \/>\nK\u00fchlr\u00e4ume von K\u00fchlfahrzeugen und -anh\u00e4ngern;<br \/>\nelektrische Schaltanlagen.<br \/>\nWelche Pflichten haben Betreiber?<br \/>\nZun\u00e4chst ist es wichtig klarzustellen, dass Unternehmen oder Einrichtungen, die sich als Betreiber von F-Gas-haltigen Anlagen bezeichnen, weder eine Registrierung noch eine Zertifizierung ben\u00f6tigen.<\/p>\n<p>Sie m\u00fcssen jedoch Folgendes tun: F\u00fcr die Installation, Wartung, Reparatur, Unterst\u00fctzung und Demontage von F-Gas-haltigen Anlagen sowie f\u00fcr die Lecksuche und R\u00fcckgewinnung der darin enthaltenen F-Gase sind die Betreiber verpflichtet:<\/p>\n<p>Eigenes registriertes und zertifiziertes Personal einzusetzen oder<br \/>\nauf zertifizierte Personen oder Unternehmen zur\u00fcckzugreifen.<br \/>\nWARNUNG! Es liegt daher in der Verantwortung des Betreibers, sicherzustellen, dass er die Arbeiten geeigneten Personen anvertraut hat, und deren Durchf\u00fchrung (Lecksuche, Aufzeichnungen) zu \u00fcberpr\u00fcfen.<\/p>\n<p><span style=\"font-size: 20px;\"><strong>Keine Genehmigung erforderlich:<\/strong><\/span><\/p>\n<p>\u2013 Weiterverkauf von F-Gas an Dritte<\/p>\n<p>\u2013 Erstbef\u00fcllungssysteme (Hersteller\/Produzent\/OEM)<\/p>\n<p>\u2013 Exporteur von F-Gas au\u00dferhalb der Europ\u00e4ischen Gemeinschaft[\/vc_column_text]<div class=\"porto-btn-ctn-center \"><a class=\"porto-btn porto-adjust-bottom-margin porto-btn-large porto-btn-no-hover-bg   wpb_custom_a75d8f956e25195a7f23ee43523a1f33  porto-btn-center \"  rel='' href = \"https:\/\/www.gazzettaufficiale.it\/eli\/gu\/2019\/01\/09\/7\/sg\/pdf\"  data-hover=\"\" data-border-color=\"\" data-bg=\"#43ac34\" data-hover-bg=\"\" data-border-hover=\"\" data-shadow-click=\"none\" data-shadow=\"\" style=\"border:none;background: #43ac34;color: #ffffff;\"><span class=\"porto-btn-hover\"><\/span><span class=\"porto-btn-data porto-btn-text \" >gazzettaufficiale.it\/eli\/gu\/2019\/01\/09\/7<\/span><\/a><\/div>[\/vc_column][\/vc_row][vc_row full_width=&#8221;stretch_row&#8221; el_class=&#8221;py-5&#8243; css=&#8221;.vc_custom_1675087233390{background-color: #f5f5f5 !important;}&#8221; conditional_render=&#8221;%5B%7B%22value_role%22%3A%22administrator%22%7D%5D&#8221;][vc_column width=&#8221;1\/2&#8243;]<div class=\"porto-u-heading  wpb_custom_95aa9a11c17ad45cfabaf210d84ee7cc porto-u-ad87e2eaf3f9c495180fe0156ddf3eb0 \"><div class=\"porto-u-main-heading\"><h2   style=\"color:#43ac34;\">Refrigerantboys s.r.l.<\/h2><\/div><div class=\"porto-u-sub-heading\" style=\"color: #43ac34;\">ITALY<\/div><style>.porto-u-ad87e2eaf3f9c495180fe0156ddf3eb0.porto-u-heading{text-align:left}<\/style><\/div>[vc_single_image image=&#8221;46164&#8243; img_size=&#8221;full&#8221;][\/vc_column][vc_column width=&#8221;1\/2&#8243;][vc_column_text]Starting from this year <strong>2023<\/strong>, there is a sharp increase in the price of <strong>HFC gas and for some HFOs<\/strong><\/p>\n<p>This is due to the reduction of <strong>GWP<\/strong> quotas put in place by the European Community and the decision of some refrigerant gas manufacturers to stop importing <strong>HFCs<\/strong> into Europe : this situation is creating less product availability in the market leading to inevitable price increases .<\/p>\n<p>The gases most affected will be those with high <strong>GWP<\/strong> such as: <strong class=\"text-red\">R404a, R410, R422B, R407C, R134a<\/strong>, etc.<\/p>\n<p>Our company is trying to keep prices in line with the market and maintain standard product availability.[\/vc_column_text]<div class=\"porto-btn-ctn-center \"><a class=\"porto-btn porto-adjust-bottom-margin porto-btn-large porto-btn-no-hover-bg   wpb_custom_a75d8f956e25195a7f23ee43523a1f33  porto-btn-center \"  rel='' href = \"mailto:CUSTOMERCARE@REFRIGERANTBOYS.COM\"  data-hover=\"\" data-border-color=\"\" data-bg=\"#43ac34\" data-hover-bg=\"\" data-border-hover=\"\" data-shadow-click=\"none\" data-shadow=\"\" style=\"border:none;background: #43ac34;color: #ffffff;\"><span class=\"porto-btn-hover\"><\/span><span class=\"porto-btn-data porto-btn-text \" >Contattaci via mail:<\/span><\/a><\/div>[\/vc_column][\/vc_row][vc_row][vc_column]<div class=\"porto-u-heading  wpb_custom_95aa9a11c17ad45cfabaf210d84ee7cc porto-u-55ca8359258f9a412be7e73af65d2aac \"><div class=\"porto-u-main-heading\"><h2  >DOWNLOAD STATEMENT PURCHASE SALE F-GAS<\/h2><\/div><style>.porto-u-55ca8359258f9a412be7e73af65d2aac.porto-u-heading{text-align:center}<\/style><\/div><div class=\"porto-btn-ctn-center \"><a class=\"porto-btn porto-adjust-bottom-margin porto-btn-large porto-btn-no-hover-bg   wpb_custom_a75d8f956e25195a7f23ee43523a1f33  porto-btn-center \"  rel='' href = \"https:\/\/www.refrigerantboys.com\/en\/purchase_declaration_gas_en-2\/\"  data-hover=\"\" data-border-color=\"\" data-bg=\"#43ac34\" data-hover-bg=\"\" data-border-hover=\"\" data-shadow-click=\"none\" data-shadow=\"\" style=\"border:none;background: #43ac34;color: #ffffff;\"><span class=\"porto-btn-hover\"><\/span><span class=\"porto-btn-data porto-btn-text \" >Download F-GAS PDF<\/span><\/a><\/div>[\/vc_column][\/vc_row]<\/p>\n<\/section>","protected":false},"excerpt":{"rendered":"<p>[vc_row][vc_column][vc_single_image image=&#8221;46134&#8243; img_size=&#8221;full&#8221; alignment=&#8221;center&#8221; style=&#8221;vc_box_shadow&#8221;][vc_column_text]Verordnung (EU) 2024\/573 | F-Gase Die neue Verordnung (EU) 2024\/573 \u00fcber fluorierte Treibhausgase (F-Gase) hebt die bisherige Verordnung (EU) 517\/2014 auf und ersetzt sie. Wer sind Betreiber? Betreiber ist das Unternehmen, das die tats\u00e4chliche Kontrolle \u00fcber die technische Funktion der unter diese Verordnung fallenden Produkte, Ger\u00e4te oder Systeme aus\u00fcbt, oder der [&hellip;]<\/p>\n","protected":false},"author":1,"featured_media":0,"parent":0,"menu_order":0,"comment_status":"closed","ping_status":"closed","template":"","meta":[],"acf":[],"yoast_head":"<!-- This site is optimized with the Yoast SEO plugin v20.2 - https:\/\/yoast.com\/wordpress\/plugins\/seo\/ -->\n<title>F-GAS-Verordnung f\u00fcr den Kauf von K\u00e4ltemittelgas | Refrigerant Boys<\/title>\n<meta name=\"robots\" content=\"index, follow, max-snippet:-1, max-image-preview:large, max-video-preview:-1\" \/>\n<link rel=\"canonical\" href=\"https:\/\/www.refrigerantboys.com\/de\/f-gas\/\" \/>\n<meta property=\"og:locale\" content=\"de_DE\" \/>\n<meta property=\"og:type\" content=\"article\" \/>\n<meta property=\"og:title\" content=\"F-GAS-Verordnung f\u00fcr den Kauf von K\u00e4ltemittelgas | Refrigerant Boys\" \/>\n<meta property=\"og:description\" content=\"[vc_row][vc_column][vc_single_image image=&#8221;46134&#8243; img_size=&#8221;full&#8221; alignment=&#8221;center&#8221; style=&#8221;vc_box_shadow&#8221;][vc_column_text]Verordnung (EU) 2024\/573 | F-Gase Die neue Verordnung (EU) 2024\/573 \u00fcber fluorierte Treibhausgase (F-Gase) hebt die bisherige Verordnung (EU) 517\/2014 auf und ersetzt sie. Wer sind Betreiber? Betreiber ist das Unternehmen, das die tats\u00e4chliche Kontrolle \u00fcber die technische Funktion der unter diese Verordnung fallenden Produkte, Ger\u00e4te oder Systeme aus\u00fcbt, oder der [&hellip;]\" \/>\n<meta property=\"og:url\" content=\"https:\/\/www.refrigerantboys.com\/de\/f-gas\/\" \/>\n<meta property=\"og:site_name\" content=\"Refrigerant Boys\" \/>\n<meta property=\"article:modified_time\" content=\"2025-09-22T09:59:47+00:00\" \/>\n<meta name=\"twitter:card\" content=\"summary_large_image\" \/>\n<meta name=\"twitter:label1\" content=\"Gesch\u00e4tzte Lesezeit\" \/>\n\t<meta name=\"twitter:data1\" content=\"2\u00a0Minuten\" \/>\n<script type=\"application\/ld+json\" class=\"yoast-schema-graph\">{\"@context\":\"https:\/\/schema.org\",\"@graph\":[{\"@type\":\"WebPage\",\"@id\":\"https:\/\/www.refrigerantboys.com\/de\/f-gas\/\",\"url\":\"https:\/\/www.refrigerantboys.com\/de\/f-gas\/\",\"name\":\"F-GAS-Verordnung f\u00fcr den Kauf von K\u00e4ltemittelgas | Refrigerant Boys\",\"isPartOf\":{\"@id\":\"https:\/\/www.refrigerantboys.com\/de\/#website\"},\"datePublished\":\"2019-04-07T12:49:30+00:00\",\"dateModified\":\"2025-09-22T09:59:47+00:00\",\"breadcrumb\":{\"@id\":\"https:\/\/www.refrigerantboys.com\/de\/f-gas\/#breadcrumb\"},\"inLanguage\":\"de\",\"potentialAction\":[{\"@type\":\"ReadAction\",\"target\":[\"https:\/\/www.refrigerantboys.com\/de\/f-gas\/\"]}]},{\"@type\":\"BreadcrumbList\",\"@id\":\"https:\/\/www.refrigerantboys.com\/de\/f-gas\/#breadcrumb\",\"itemListElement\":[{\"@type\":\"ListItem\",\"position\":1,\"name\":\"Home\",\"item\":\"https:\/\/www.refrigerantboys.com\/de\/\"},{\"@type\":\"ListItem\",\"position\":2,\"name\":\"F-GAS-Verordnung f\u00fcr den Kauf von K\u00e4ltemittelgas\"}]},{\"@type\":\"WebSite\",\"@id\":\"https:\/\/www.refrigerantboys.com\/de\/#website\",\"url\":\"https:\/\/www.refrigerantboys.com\/de\/\",\"name\":\"Refrigerant Boys\",\"description\":\"Vendita gas refrigeranti\",\"potentialAction\":[{\"@type\":\"SearchAction\",\"target\":{\"@type\":\"EntryPoint\",\"urlTemplate\":\"https:\/\/www.refrigerantboys.com\/de\/?s={search_term_string}\"},\"query-input\":\"required name=search_term_string\"}],\"inLanguage\":\"de\"}]}<\/script>\n<!-- \/ Yoast SEO plugin. -->","yoast_head_json":{"title":"F-GAS-Verordnung f\u00fcr den Kauf von K\u00e4ltemittelgas | Refrigerant Boys","robots":{"index":"index","follow":"follow","max-snippet":"max-snippet:-1","max-image-preview":"max-image-preview:large","max-video-preview":"max-video-preview:-1"},"canonical":"https:\/\/www.refrigerantboys.com\/de\/f-gas\/","og_locale":"de_DE","og_type":"article","og_title":"F-GAS-Verordnung f\u00fcr den Kauf von K\u00e4ltemittelgas | Refrigerant Boys","og_description":"[vc_row][vc_column][vc_single_image image=&#8221;46134&#8243; img_size=&#8221;full&#8221; alignment=&#8221;center&#8221; style=&#8221;vc_box_shadow&#8221;][vc_column_text]Verordnung (EU) 2024\/573 | F-Gase Die neue Verordnung (EU) 2024\/573 \u00fcber fluorierte Treibhausgase (F-Gase) hebt die bisherige Verordnung (EU) 517\/2014 auf und ersetzt sie. Wer sind Betreiber? Betreiber ist das Unternehmen, das die tats\u00e4chliche Kontrolle \u00fcber die technische Funktion der unter diese Verordnung fallenden Produkte, Ger\u00e4te oder Systeme aus\u00fcbt, oder der [&hellip;]","og_url":"https:\/\/www.refrigerantboys.com\/de\/f-gas\/","og_site_name":"Refrigerant Boys","article_modified_time":"2025-09-22T09:59:47+00:00","twitter_card":"summary_large_image","twitter_misc":{"Gesch\u00e4tzte Lesezeit":"2\u00a0Minuten"},"schema":{"@context":"https:\/\/schema.org","@graph":[{"@type":"WebPage","@id":"https:\/\/www.refrigerantboys.com\/de\/f-gas\/","url":"https:\/\/www.refrigerantboys.com\/de\/f-gas\/","name":"F-GAS-Verordnung f\u00fcr den Kauf von K\u00e4ltemittelgas | Refrigerant Boys","isPartOf":{"@id":"https:\/\/www.refrigerantboys.com\/de\/#website"},"datePublished":"2019-04-07T12:49:30+00:00","dateModified":"2025-09-22T09:59:47+00:00","breadcrumb":{"@id":"https:\/\/www.refrigerantboys.com\/de\/f-gas\/#breadcrumb"},"inLanguage":"de","potentialAction":[{"@type":"ReadAction","target":["https:\/\/www.refrigerantboys.com\/de\/f-gas\/"]}]},{"@type":"BreadcrumbList","@id":"https:\/\/www.refrigerantboys.com\/de\/f-gas\/#breadcrumb","itemListElement":[{"@type":"ListItem","position":1,"name":"Home","item":"https:\/\/www.refrigerantboys.com\/de\/"},{"@type":"ListItem","position":2,"name":"F-GAS-Verordnung f\u00fcr den Kauf von K\u00e4ltemittelgas"}]},{"@type":"WebSite","@id":"https:\/\/www.refrigerantboys.com\/de\/#website","url":"https:\/\/www.refrigerantboys.com\/de\/","name":"Refrigerant Boys","description":"Vendita gas refrigeranti","potentialAction":[{"@type":"SearchAction","target":{"@type":"EntryPoint","urlTemplate":"https:\/\/www.refrigerantboys.com\/de\/?s={search_term_string}"},"query-input":"required name=search_term_string"}],"inLanguage":"de"}]}},"_links":{"self":[{"href":"https:\/\/www.refrigerantboys.com\/de\/wp-json\/wp\/v2\/pages\/5383"}],"collection":[{"href":"https:\/\/www.refrigerantboys.com\/de\/wp-json\/wp\/v2\/pages"}],"about":[{"href":"https:\/\/www.refrigerantboys.com\/de\/wp-json\/wp\/v2\/types\/page"}],"author":[{"embeddable":true,"href":"https:\/\/www.refrigerantboys.com\/de\/wp-json\/wp\/v2\/users\/1"}],"replies":[{"embeddable":true,"href":"https:\/\/www.refrigerantboys.com\/de\/wp-json\/wp\/v2\/comments?post=5383"}],"version-history":[{"count":0,"href":"https:\/\/www.refrigerantboys.com\/de\/wp-json\/wp\/v2\/pages\/5383\/revisions"}],"wp:attachment":[{"href":"https:\/\/www.refrigerantboys.com\/de\/wp-json\/wp\/v2\/media?parent=5383"}],"curies":[{"name":"wp","href":"https:\/\/api.w.org\/{rel}","templated":true}]}}