{"id":4751,"date":"2019-03-07T11:03:17","date_gmt":"2019-03-07T11:03:17","guid":{"rendered":"https:\/\/www.refrigerantboys.com\/?page_id=4751"},"modified":"2023-03-01T09:52:11","modified_gmt":"2023-03-01T08:52:11","slug":"kaeltemittelgase-und-fluide-aus-unserem-sortiment","status":"publish","type":"page","link":"https:\/\/www.refrigerantboys.com\/de\/kaeltemittelgase-und-fluide-aus-unserem-sortiment\/","title":{"rendered":"K\u00e4ltemittel"},"content":{"rendered":"<section class=\"wpb-content-wrapper\"><p>[vc_row full_width=&#8221;stretch_row&#8221; el_class=&#8221;py-5 m-0 bg-overlay main-no-padding&#8221; css=&#8221;.vc_custom_1675324271012{background-image: url(https:\/\/refrigerantboys.com\/wp-content\/uploads\/2018\/04\/refrigerant.jpg?id=9034) !important;background-position: center !important;background-repeat: no-repeat !important;background-size: cover !important;}&#8221; conditional_render=&#8221;%5B%7B%22value_role%22%3A%22administrator%22%7D%5D&#8221;][vc_column]<div class=\"porto-u-heading  wpb_custom_8c3ad193a912f398c30e5b63082c323c porto-u-55ca8359258f9a412be7e73af65d2aac \"><div class=\"porto-u-main-heading\"><h2   style=\"color:#ffffff;margin-bottom: 30px;\">K\u00e4ltemittel<\/h2><\/div><div class=\"porto-u-sub-heading\" style=\"color: #ffffff;margin-bottom:50px;\">Wenn Sie nach einem K\u00e4ltemittel suchen, lesen Sie den Abschnitt K\u00c4LTEMITTELGAS. Dort finden Sie die meisten auf dem Markt erh\u00e4ltlichen Gase.<\/div><style>.porto-u-55ca8359258f9a412be7e73af65d2aac.porto-u-heading{text-align:center}<\/style><\/div><div class=\"porto-btn-ctn-center btn-green\"><a class=\"porto-btn porto-adjust-bottom-margin porto-btn-large porto-btn-no-hover-bg   wpb_custom_fa51088c2567b780100c1edcf8821d3b  porto-btn-center \"  rel='' href = \"https:\/\/refrigerantboys.com\/de\/geschaft\/kaeltemittelgase\/\"  data-hover=\"\" data-border-color=\"\" data-bg=\"#43ac34\" data-hover-bg=\"\" data-border-hover=\"\" data-shadow-click=\"none\" data-shadow=\"\" style=\"border:none;background: #43ac34;color: #ffffff;\"><span class=\"porto-btn-hover\"><\/span><span class=\"porto-btn-data porto-btn-text \" >Kaufen<\/span><\/a><\/div>[\/vc_column][\/vc_row][vc_row][vc_column width=&#8221;1\/3&#8243;]<div class=\"porto-sicon-box  vc_custom_1675326641003 m-5  wpb_custom_b2558a407b98911ccc962cfe41b037e8 style_1 top-icon\"><div class=\"porto-sicon-top\"><div class=\"porto-just-icon-wrapper porto-sicon-img  porto-icon-6ab677815b2272e3a6a897ebf5e8ffd0\" style=\"background:#ffffff;border-style:solid;border-color:#43ac34;border-width:2px;padding:15px;border-radius:100px;font-size: 50px;\"><img class=\"img-icon\" alt=\"\" src=\"https:\/\/www.refrigerantboys.com\/wp-content\/uploads\/2018\/04\/001-round.png\" width=\"256\" height=\"256\" \/><\/div><\/div><div class=\"porto-sicon-header\"><h3 class=\"porto-sicon-title\" style=\"\">WAS F\u00dcR GASE SIND DAS?<\/h3><\/div> <!-- header --><div class=\"porto-sicon-description\" style=\"\">Eine K\u00e4ltemittelfl\u00fcssigkeit ist f\u00fcr die \u00dcbertragung von W\u00e4rme von einer hei\u00dfen zu einer kalten Quelle unerl\u00e4sslich. Erwerben Sie die mit der besten Leistungsf\u00e4higkeit.<\/div> <!-- description --><\/div><!-- porto-sicon-box -->[\/vc_column][vc_column width=&#8221;1\/3&#8243;]<div class=\"porto-sicon-box  vc_custom_1675326650297 m-5  wpb_custom_b2558a407b98911ccc962cfe41b037e8 style_1 top-icon\"><div class=\"porto-sicon-top\"><div class=\"porto-just-icon-wrapper porto-sicon-img  porto-icon-6ab677815b2272e3a6a897ebf5e8ffd0\" style=\"background:#ffffff;border-style:solid;border-color:#43ac34;border-width:2px;padding:15px;border-radius:100px;font-size: 50px;\"><img class=\"img-icon\" alt=\"\" src=\"https:\/\/www.refrigerantboys.com\/wp-content\/uploads\/2018\/04\/002-list.png\" width=\"256\" height=\"256\" \/><\/div><\/div><div class=\"porto-sicon-header\"><h3 class=\"porto-sicon-title\" style=\"\">WIE WERDEN SIE KLASSIFIZIERT?<\/h3><\/div> <!-- header --><div class=\"porto-sicon-description\" style=\"\">K\u00e4ltemittelgase: Was f\u00fcr Gase sind das, wie werden sie klassifiziert und welche Besonderheiten haben sie?\u00a0<a href=\"https:\/\/it.wikipedia.org\/wiki\/Fluido_refrigerante\">Informationen finden Sie auch in Wikipedia<\/a>, aber auch der\u00a0<a href=\"https:\/\/www.legambiente.it\/sites\/default\/files\/docs\/i_gas_refrigeranti_in_italia_.pdf\">Bericht von Legambiente<\/a>\u00a0ist interessant.<\/div> <!-- description --><\/div><!-- porto-sicon-box -->[\/vc_column][vc_column width=&#8221;1\/3&#8243;]<div class=\"porto-sicon-box  vc_custom_1675326662326 m-5  wpb_custom_b2558a407b98911ccc962cfe41b037e8 style_1 top-icon\"><div class=\"porto-sicon-top\"><div class=\"porto-just-icon-wrapper porto-sicon-img  porto-icon-6ab677815b2272e3a6a897ebf5e8ffd0\" style=\"background:#ffffff;border-style:solid;border-color:#43ac34;border-width:2px;padding:15px;border-radius:100px;font-size: 50px;\"><img class=\"img-icon\" alt=\"\" src=\"https:\/\/www.refrigerantboys.com\/wp-content\/uploads\/2018\/04\/003-gas.png\" width=\"256\" height=\"256\" \/><\/div><\/div><div class=\"porto-sicon-header\"><h3 class=\"porto-sicon-title\" style=\"\">UNSERE SERIEN<\/h3><\/div> <!-- header --><div class=\"porto-sicon-description\" style=\"\">Entdecken Sie unsere K\u00e4ltemittelgas- und -fl\u00fcssigkeitenserien: R32, R134a, R290, R404A, R407C, R407F, R410A, R422B, R448A, R600a, R1234yf.<\/div> <!-- description --><\/div><!-- porto-sicon-box -->[\/vc_column][\/vc_row][vc_row full_width=&#8221;stretch_row&#8221; el_class=&#8221;py-5 m-0 bg-dark&#8221; conditional_render=&#8221;%5B%7B%22value_role%22%3A%22administrator%22%7D%5D&#8221;][vc_column]<div class=\"porto-u-heading  wpb_custom_c4617b5f16c71546a6eee5f224561a54 porto-u-55ca8359258f9a412be7e73af65d2aac \"><div class=\"porto-u-main-heading\"><h2   style=\"color:#ffffff;margin-bottom: 30px;\">W\u00c4HLEN SIE DAS BESTE K\u00c4LTEMITTELGAS<\/h2><\/div><div class=\"porto-u-sub-heading\" style=\"color: #ffffff;\">In diesem Bereich unseres K\u00e4ltemittelshops finden Sie alle Arten von Gasen f\u00fcr Klimaanlagen, K\u00fchlsysteme und die Automobilindustrie. Unsere Gase werden nach dem ASHRAE-Standard klassifiziert, der urspr\u00fcnglich von den DuPont-Industrien entwickelt wurde. Informationen \u00fcber chemische Produkte f\u00fcr die Reinigung und Wartung von Anlagen oder Spezialzubeh\u00f6r (wie Armaturen, Rohrleitungen, Diagnose-Kits) finden Sie in den entsprechenden Bereichen.<\/div><style>.porto-u-55ca8359258f9a412be7e73af65d2aac.porto-u-heading{text-align:center}<\/style><\/div>[\/vc_column][\/vc_row][vc_row full_width=&#8221;stretch_row&#8221; el_class=&#8221;py-5 m-0&#8243; conditional_render=&#8221;%5B%7B%22value_role%22%3A%22administrator%22%7D%5D&#8221; css=&#8221;.vc_custom_1675098639954{background-color: #f5f5f5 !important;}&#8221;][vc_column width=&#8221;2\/3&#8243;]<div class=\"porto-u-heading  wpb_custom_95aa9a11c17ad45cfabaf210d84ee7cc porto-u-ad87e2eaf3f9c495180fe0156ddf3eb0 \"><div class=\"porto-u-main-heading\"><h2  >GASE DER SERIE R000<\/h2><\/div><div class=\"porto-u-sub-heading\" style=\"\">Erfahren Sie mehr \u00fcber die Gase der Serie R000. Diese Gase bestehen aus Methanderivaten, wie zum Beispiel unser K\u00e4ltemittel R32 (Daikin).<\/div><style>.porto-u-ad87e2eaf3f9c495180fe0156ddf3eb0.porto-u-heading{text-align:left}<\/style><\/div><div class=\"porto-btn-ctn-left btn-green\"><a class=\"porto-btn porto-adjust-bottom-margin porto-btn-normal porto-btn-no-hover-bg   wpb_custom_fa51088c2567b780100c1edcf8821d3b  porto-btn-left \"  rel='' href = \"https:\/\/refrigerantboys.com\/de\/geschaft\/kaeltemittelgase\/r32\/\"  data-hover=\"\" data-border-color=\"\" data-bg=\"#43ac33\" data-hover-bg=\"\" data-border-hover=\"\" data-shadow-click=\"none\" data-shadow=\"\" style=\"border:none;background: #43ac33;color: #ffffff;\"><span class=\"porto-btn-hover\"><\/span><span class=\"porto-btn-data porto-btn-text \" >Kaufen<\/span><\/a><\/div>[\/vc_column][vc_column width=&#8221;1\/3&#8243;][vc_single_image image=&#8221;49625&#8243; img_size=&#8221;full&#8221; alignment=&#8221;right&#8221; style=&#8221;vc_box_shadow&#8221; el_class=&#8221;img-250-auto&#8221; label=&#8221;&#8221;][\/vc_column][\/vc_row][vc_row el_class=&#8221;py-5 m-0&#8243; conditional_render=&#8221;%5B%7B%22value_role%22%3A%22administrator%22%7D%5D&#8221;][vc_column width=&#8221;1\/3&#8243;][vc_single_image image=&#8221;49854&#8243; img_size=&#8221;full&#8221; style=&#8221;vc_box_shadow&#8221; el_class=&#8221;img-250-auto&#8221; label=&#8221;&#8221;][\/vc_column][vc_column width=&#8221;2\/3&#8243;]<div class=\"porto-u-heading  wpb_custom_95aa9a11c17ad45cfabaf210d84ee7cc porto-u-deedcbb7371acea8894cf5880bfdad9c \"><div class=\"porto-u-main-heading\"><h2  >K\u00c4LTEMITTELFL\u00dcSSIGKEITEN DER SERIE R100<\/h2><\/div><div class=\"porto-u-sub-heading\" style=\"\">Unsere \u2013 aus Ethanderivaten bestehenden \u2013 Gase geh\u00f6ren zur Serie R100, wie R134a und R1234yf. Sie finden Sie in unserem Shop und k\u00f6nnen Sie dort mit einem Klick erwerben.<\/div><style>.porto-u-deedcbb7371acea8894cf5880bfdad9c.porto-u-heading{text-align:right}<\/style><\/div><div class=\"porto-btn-ctn-right btn-green\"><a class=\"porto-btn porto-adjust-bottom-margin porto-btn-normal porto-btn-no-hover-bg   wpb_custom_fa51088c2567b780100c1edcf8821d3b  porto-btn-right \"  rel='' href = \"https:\/\/refrigerantboys.com\/de\/geschaft\/kaeltemittelgase\/r1234yf\/\"  data-hover=\"\" data-border-color=\"\" data-bg=\"#43ac33\" data-hover-bg=\"\" data-border-hover=\"\" data-shadow-click=\"none\" data-shadow=\"\" style=\"border:none;background: #43ac33;color: #ffffff;\"><span class=\"porto-btn-hover\"><\/span><span class=\"porto-btn-data porto-btn-text \" >Kaufen<\/span><\/a><\/div>[\/vc_column][\/vc_row][vc_row full_width=&#8221;stretch_row&#8221; el_class=&#8221;py-5 m-0&#8243; conditional_render=&#8221;%5B%7B%22value_role%22%3A%22administrator%22%7D%5D&#8221; css=&#8221;.vc_custom_1675098645390{background-color: #f5f5f5 !important;}&#8221;][vc_column width=&#8221;2\/3&#8243;]<div class=\"porto-u-heading  wpb_custom_95aa9a11c17ad45cfabaf210d84ee7cc porto-u-ad87e2eaf3f9c495180fe0156ddf3eb0 \"><div class=\"porto-u-main-heading\"><h2  >DIE K\u00c4LTEMITTELSERIE R200<\/h2><\/div><div class=\"porto-u-sub-heading\" style=\"\">Zu den aus Propanderivaten bestehenden K\u00e4ltemittelgasen geh\u00f6rt auch unser K\u00e4ltemittel R290, das zu den K\u00e4ltemittelfl\u00fcssigkeiten der Serie R200 z\u00e4hlt.<\/div><style>.porto-u-ad87e2eaf3f9c495180fe0156ddf3eb0.porto-u-heading{text-align:left}<\/style><\/div><div class=\"porto-btn-ctn-left btn-green\"><a class=\"porto-btn porto-adjust-bottom-margin porto-btn-normal porto-btn-no-hover-bg   wpb_custom_fa51088c2567b780100c1edcf8821d3b  porto-btn-left \"  rel='' href = \"https:\/\/refrigerantboys.com\/de\/geschaft\/kaeltemittelgase\/r290\/\"  data-hover=\"\" data-border-color=\"\" data-bg=\"#43ac33\" data-hover-bg=\"\" data-border-hover=\"\" data-shadow-click=\"none\" data-shadow=\"\" style=\"border:none;background: #43ac33;color: #ffffff;\"><span class=\"porto-btn-hover\"><\/span><span class=\"porto-btn-data porto-btn-text \" >Kaufen<\/span><\/a><\/div>[\/vc_column][vc_column width=&#8221;1\/3&#8243;][vc_single_image image=&#8221;49946&#8243; img_size=&#8221;full&#8221; alignment=&#8221;right&#8221; style=&#8221;vc_box_shadow&#8221; el_class=&#8221;img-250-auto&#8221; label=&#8221;&#8221;][\/vc_column][\/vc_row][vc_row el_class=&#8221;py-5 m-0&#8243; conditional_render=&#8221;%5B%7B%22value_role%22%3A%22administrator%22%7D%5D&#8221;][vc_column width=&#8221;1\/3&#8243;][vc_single_image image=&#8221;4488&#8243; img_size=&#8221;full&#8221; style=&#8221;vc_box_shadow&#8221; el_class=&#8221;img-250-auto&#8221; label=&#8221;&#8221;][\/vc_column][vc_column width=&#8221;2\/3&#8243;]<div class=\"porto-u-heading  wpb_custom_95aa9a11c17ad45cfabaf210d84ee7cc porto-u-deedcbb7371acea8894cf5880bfdad9c \"><div class=\"porto-u-main-heading\"><h2  >DIE K\u00c4LTEMITTELSERIE R400<\/h2><\/div><div class=\"porto-u-sub-heading\" style=\"\">Zu den auch zeotrope Gemische genannten Gasen z\u00e4hlen die K\u00e4ltemittelgase R410A, R407F, R404A, R448A, R407C, R422B, die alle der Serie R400 angeh\u00f6ren.<\/div><style>.porto-u-deedcbb7371acea8894cf5880bfdad9c.porto-u-heading{text-align:right}<\/style><\/div><div class=\"porto-btn-ctn-right btn-green\"><a class=\"porto-btn porto-adjust-bottom-margin porto-btn-normal porto-btn-no-hover-bg   wpb_custom_fa51088c2567b780100c1edcf8821d3b  porto-btn-right \"  rel='' href = \"https:\/\/refrigerantboys.com\/de\/geschaft\/kaeltemittelgase\/r404a\/\"  data-hover=\"\" data-border-color=\"\" data-bg=\"#43ac33\" data-hover-bg=\"\" data-border-hover=\"\" data-shadow-click=\"none\" data-shadow=\"\" style=\"border:none;background: #43ac33;color: #ffffff;\"><span class=\"porto-btn-hover\"><\/span><span class=\"porto-btn-data porto-btn-text \" >Kaufen<\/span><\/a><\/div>[\/vc_column][\/vc_row][vc_row full_width=&#8221;stretch_row&#8221; equal_height=&#8221;yes&#8221; el_class=&#8221;py-5 m-0&#8243; conditional_render=&#8221;%5B%7B%22value_role%22%3A%22administrator%22%7D%5D&#8221; css=&#8221;.vc_custom_1675152307913{background-color: #f5f5f5 !important;}&#8221;][vc_column width=&#8221;2\/3&#8243;]<div class=\"porto-u-heading  wpb_custom_95aa9a11c17ad45cfabaf210d84ee7cc porto-u-ad87e2eaf3f9c495180fe0156ddf3eb0 \"><div class=\"porto-u-main-heading\"><h2  >DIE K\u00c4LTEMITTELFL\u00dcSSIGKEITSERIE R600<\/h2><\/div><div class=\"porto-u-sub-heading\" style=\"\">Unser K\u00e4ltemittelgas R600A geh\u00f6rt zur Serie R600 der Gase, die aus organischen Verbindungen hergestellt werden. Zu dieser Gruppe geh\u00f6ren Alkane mit vier oder mehr Kohlenstoffatomen<\/div><style>.porto-u-ad87e2eaf3f9c495180fe0156ddf3eb0.porto-u-heading{text-align:left}<\/style><\/div><div class=\"porto-btn-ctn-left btn-green\"><a class=\"porto-btn porto-adjust-bottom-margin porto-btn-normal porto-btn-no-hover-bg   wpb_custom_02921415a430092e54e8aa5160e8c23e  porto-btn-left \"  rel='' href = \"https:\/\/refrigerantboys.com\/de\/geschaft\/kaeltemittelgase\/r600a\/\"  data-hover=\"\" data-border-color=\"\" data-bg=\"#43ac33\" data-hover-bg=\"\" data-border-hover=\"\" data-shadow-click=\"none\" data-shadow=\"\" style=\"border:none;background: #43ac33;color: #ffffff;\"><span class=\"porto-btn-hover\"><\/span><span class=\"porto-btn-data porto-btn-text \" >Kaufen<\/span><\/a><\/div>[\/vc_column][vc_column width=&#8221;1\/3&#8243;][vc_single_image image=&#8221;4593&#8243; img_size=&#8221;full&#8221; alignment=&#8221;right&#8221; style=&#8221;vc_box_shadow&#8221; el_class=&#8221;img-250-auto&#8221; label=&#8221;&#8221;][\/vc_column][\/vc_row]<\/p>\n<\/section>","protected":false},"excerpt":{"rendered":"<p>[vc_row full_width=&#8221;stretch_row&#8221; el_class=&#8221;py-5 m-0 bg-overlay main-no-padding&#8221; css=&#8221;.vc_custom_1675324271012{background-image: url(https:\/\/refrigerantboys.com\/wp-content\/uploads\/2018\/04\/refrigerant.jpg?id=9034) !important;background-position: center !important;background-repeat: no-repeat !important;background-size: cover !important;}&#8221; conditional_render=&#8221;%5B%7B%22value_role%22%3A%22administrator%22%7D%5D&#8221;][vc_column][\/vc_column][\/vc_row][vc_row][vc_column width=&#8221;1\/3&#8243;][\/vc_column][vc_column width=&#8221;1\/3&#8243;][\/vc_column][vc_column width=&#8221;1\/3&#8243;][\/vc_column][\/vc_row][vc_row full_width=&#8221;stretch_row&#8221; el_class=&#8221;py-5 m-0 bg-dark&#8221; conditional_render=&#8221;%5B%7B%22value_role%22%3A%22administrator%22%7D%5D&#8221;][vc_column][\/vc_column][\/vc_row][vc_row full_width=&#8221;stretch_row&#8221; el_class=&#8221;py-5 m-0&#8243; conditional_render=&#8221;%5B%7B%22value_role%22%3A%22administrator%22%7D%5D&#8221; css=&#8221;.vc_custom_1675098639954{background-color: #f5f5f5 !important;}&#8221;][vc_column width=&#8221;2\/3&#8243;][\/vc_column][vc_column width=&#8221;1\/3&#8243;][vc_single_image image=&#8221;49625&#8243; img_size=&#8221;full&#8221; alignment=&#8221;right&#8221; style=&#8221;vc_box_shadow&#8221; el_class=&#8221;img-250-auto&#8221; label=&#8221;&#8221;][\/vc_column][\/vc_row][vc_row el_class=&#8221;py-5 m-0&#8243; conditional_render=&#8221;%5B%7B%22value_role%22%3A%22administrator%22%7D%5D&#8221;][vc_column width=&#8221;1\/3&#8243;][vc_single_image image=&#8221;49854&#8243; img_size=&#8221;full&#8221; style=&#8221;vc_box_shadow&#8221; el_class=&#8221;img-250-auto&#8221; label=&#8221;&#8221;][\/vc_column][vc_column width=&#8221;2\/3&#8243;][\/vc_column][\/vc_row][vc_row full_width=&#8221;stretch_row&#8221; el_class=&#8221;py-5 m-0&#8243; conditional_render=&#8221;%5B%7B%22value_role%22%3A%22administrator%22%7D%5D&#8221; css=&#8221;.vc_custom_1675098645390{background-color: #f5f5f5 [&hellip;]<\/p>\n","protected":false},"author":1,"featured_media":0,"parent":0,"menu_order":1,"comment_status":"closed","ping_status":"closed","template":"","meta":[],"acf":[],"yoast_head":"<!-- This site is optimized with the Yoast SEO plugin v20.2 - https:\/\/yoast.com\/wordpress\/plugins\/seo\/ -->\n<title>K\u00e4ltemittel | Refrigerant Boys K\u00e4ltemittelgase und -fluide aus unserem Sortiment<\/title>\n<meta name=\"description\" content=\"Erwerben Sie K\u00e4ltemittelgase und -fluide in Gasflaschen in unserem Shop. Das ist einfach, sicher und praktisch. Finden Sie mit einem Klick heraus, warum.\" \/>\n<meta name=\"robots\" content=\"index, follow, max-snippet:-1, max-image-preview:large, max-video-preview:-1\" \/>\n<link rel=\"canonical\" href=\"https:\/\/www.refrigerantboys.com\/de\/kaeltemittelgase-und-fluide-aus-unserem-sortiment\/\" \/>\n<meta property=\"og:locale\" content=\"de_DE\" \/>\n<meta property=\"og:type\" content=\"article\" \/>\n<meta property=\"og:title\" content=\"K\u00e4ltemittel | Refrigerant Boys K\u00e4ltemittelgase und -fluide aus unserem Sortiment\" \/>\n<meta property=\"og:description\" content=\"Erwerben Sie K\u00e4ltemittelgase und -fluide in Gasflaschen in unserem Shop. Das ist einfach, sicher und praktisch. Finden Sie mit einem Klick heraus, warum.\" \/>\n<meta property=\"og:url\" content=\"https:\/\/www.refrigerantboys.com\/de\/kaeltemittelgase-und-fluide-aus-unserem-sortiment\/\" \/>\n<meta property=\"og:site_name\" content=\"Refrigerant Boys\" \/>\n<meta property=\"article:modified_time\" content=\"2023-03-01T08:52:11+00:00\" \/>\n<meta name=\"twitter:card\" content=\"summary_large_image\" \/>\n<meta name=\"twitter:label1\" content=\"Gesch\u00e4tzte Lesezeit\" \/>\n\t<meta name=\"twitter:data1\" content=\"3\u00a0Minuten\" \/>\n<script type=\"application\/ld+json\" class=\"yoast-schema-graph\">{\"@context\":\"https:\/\/schema.org\",\"@graph\":[{\"@type\":\"WebPage\",\"@id\":\"https:\/\/www.refrigerantboys.com\/de\/kaeltemittelgase-und-fluide-aus-unserem-sortiment\/\",\"url\":\"https:\/\/www.refrigerantboys.com\/de\/kaeltemittelgase-und-fluide-aus-unserem-sortiment\/\",\"name\":\"K\u00e4ltemittel | Refrigerant Boys K\u00e4ltemittelgase und -fluide aus unserem Sortiment\",\"isPartOf\":{\"@id\":\"https:\/\/www.refrigerantboys.com\/de\/#website\"},\"datePublished\":\"2019-03-07T11:03:17+00:00\",\"dateModified\":\"2023-03-01T08:52:11+00:00\",\"description\":\"Erwerben Sie K\u00e4ltemittelgase und -fluide in Gasflaschen in unserem Shop. Das ist einfach, sicher und praktisch. Finden Sie mit einem Klick heraus, warum.\",\"breadcrumb\":{\"@id\":\"https:\/\/www.refrigerantboys.com\/de\/kaeltemittelgase-und-fluide-aus-unserem-sortiment\/#breadcrumb\"},\"inLanguage\":\"de\",\"potentialAction\":[{\"@type\":\"ReadAction\",\"target\":[\"https:\/\/www.refrigerantboys.com\/de\/kaeltemittelgase-und-fluide-aus-unserem-sortiment\/\"]}]},{\"@type\":\"BreadcrumbList\",\"@id\":\"https:\/\/www.refrigerantboys.com\/de\/kaeltemittelgase-und-fluide-aus-unserem-sortiment\/#breadcrumb\",\"itemListElement\":[{\"@type\":\"ListItem\",\"position\":1,\"name\":\"Home\",\"item\":\"https:\/\/www.refrigerantboys.com\/de\/\"},{\"@type\":\"ListItem\",\"position\":2,\"name\":\"K\u00e4ltemittel\"}]},{\"@type\":\"WebSite\",\"@id\":\"https:\/\/www.refrigerantboys.com\/de\/#website\",\"url\":\"https:\/\/www.refrigerantboys.com\/de\/\",\"name\":\"Refrigerant Boys\",\"description\":\"Vendita gas refrigeranti\",\"potentialAction\":[{\"@type\":\"SearchAction\",\"target\":{\"@type\":\"EntryPoint\",\"urlTemplate\":\"https:\/\/www.refrigerantboys.com\/de\/?s={search_term_string}\"},\"query-input\":\"required name=search_term_string\"}],\"inLanguage\":\"de\"}]}<\/script>\n<!-- \/ Yoast SEO plugin. -->","yoast_head_json":{"title":"K\u00e4ltemittel | Refrigerant Boys K\u00e4ltemittelgase und -fluide aus unserem Sortiment","description":"Erwerben Sie K\u00e4ltemittelgase und -fluide in Gasflaschen in unserem Shop. Das ist einfach, sicher und praktisch. Finden Sie mit einem Klick heraus, warum.","robots":{"index":"index","follow":"follow","max-snippet":"max-snippet:-1","max-image-preview":"max-image-preview:large","max-video-preview":"max-video-preview:-1"},"canonical":"https:\/\/www.refrigerantboys.com\/de\/kaeltemittelgase-und-fluide-aus-unserem-sortiment\/","og_locale":"de_DE","og_type":"article","og_title":"K\u00e4ltemittel | Refrigerant Boys K\u00e4ltemittelgase und -fluide aus unserem Sortiment","og_description":"Erwerben Sie K\u00e4ltemittelgase und -fluide in Gasflaschen in unserem Shop. Das ist einfach, sicher und praktisch. Finden Sie mit einem Klick heraus, warum.","og_url":"https:\/\/www.refrigerantboys.com\/de\/kaeltemittelgase-und-fluide-aus-unserem-sortiment\/","og_site_name":"Refrigerant Boys","article_modified_time":"2023-03-01T08:52:11+00:00","twitter_card":"summary_large_image","twitter_misc":{"Gesch\u00e4tzte Lesezeit":"3\u00a0Minuten"},"schema":{"@context":"https:\/\/schema.org","@graph":[{"@type":"WebPage","@id":"https:\/\/www.refrigerantboys.com\/de\/kaeltemittelgase-und-fluide-aus-unserem-sortiment\/","url":"https:\/\/www.refrigerantboys.com\/de\/kaeltemittelgase-und-fluide-aus-unserem-sortiment\/","name":"K\u00e4ltemittel | Refrigerant Boys K\u00e4ltemittelgase und -fluide aus unserem Sortiment","isPartOf":{"@id":"https:\/\/www.refrigerantboys.com\/de\/#website"},"datePublished":"2019-03-07T11:03:17+00:00","dateModified":"2023-03-01T08:52:11+00:00","description":"Erwerben Sie K\u00e4ltemittelgase und -fluide in Gasflaschen in unserem Shop. Das ist einfach, sicher und praktisch. Finden Sie mit einem Klick heraus, warum.","breadcrumb":{"@id":"https:\/\/www.refrigerantboys.com\/de\/kaeltemittelgase-und-fluide-aus-unserem-sortiment\/#breadcrumb"},"inLanguage":"de","potentialAction":[{"@type":"ReadAction","target":["https:\/\/www.refrigerantboys.com\/de\/kaeltemittelgase-und-fluide-aus-unserem-sortiment\/"]}]},{"@type":"BreadcrumbList","@id":"https:\/\/www.refrigerantboys.com\/de\/kaeltemittelgase-und-fluide-aus-unserem-sortiment\/#breadcrumb","itemListElement":[{"@type":"ListItem","position":1,"name":"Home","item":"https:\/\/www.refrigerantboys.com\/de\/"},{"@type":"ListItem","position":2,"name":"K\u00e4ltemittel"}]},{"@type":"WebSite","@id":"https:\/\/www.refrigerantboys.com\/de\/#website","url":"https:\/\/www.refrigerantboys.com\/de\/","name":"Refrigerant Boys","description":"Vendita gas refrigeranti","potentialAction":[{"@type":"SearchAction","target":{"@type":"EntryPoint","urlTemplate":"https:\/\/www.refrigerantboys.com\/de\/?s={search_term_string}"},"query-input":"required name=search_term_string"}],"inLanguage":"de"}]}},"_links":{"self":[{"href":"https:\/\/www.refrigerantboys.com\/de\/wp-json\/wp\/v2\/pages\/4751"}],"collection":[{"href":"https:\/\/www.refrigerantboys.com\/de\/wp-json\/wp\/v2\/pages"}],"about":[{"href":"https:\/\/www.refrigerantboys.com\/de\/wp-json\/wp\/v2\/types\/page"}],"author":[{"embeddable":true,"href":"https:\/\/www.refrigerantboys.com\/de\/wp-json\/wp\/v2\/users\/1"}],"replies":[{"embeddable":true,"href":"https:\/\/www.refrigerantboys.com\/de\/wp-json\/wp\/v2\/comments?post=4751"}],"version-history":[{"count":2,"href":"https:\/\/www.refrigerantboys.com\/de\/wp-json\/wp\/v2\/pages\/4751\/revisions"}],"predecessor-version":[{"id":66864,"href":"https:\/\/www.refrigerantboys.com\/de\/wp-json\/wp\/v2\/pages\/4751\/revisions\/66864"}],"wp:attachment":[{"href":"https:\/\/www.refrigerantboys.com\/de\/wp-json\/wp\/v2\/media?parent=4751"}],"curies":[{"name":"wp","href":"https:\/\/api.w.org\/{rel}","templated":true}]}}