{"id":4749,"date":"2019-03-07T10:49:54","date_gmt":"2019-03-07T10:49:54","guid":{"rendered":"https:\/\/www.refrigerantboys.com\/?page_id=4749"},"modified":"2023-03-01T09:24:09","modified_gmt":"2023-03-01T08:24:09","slug":"produkte-fuer-die-wartung-von-kuehlanlagen","status":"publish","type":"page","link":"https:\/\/www.refrigerantboys.com\/de\/produkte-fuer-die-wartung-von-kuehlanlagen\/","title":{"rendered":"Produkte fuer die wartung von kuehlanlagen"},"content":{"rendered":"<section class=\"wpb-content-wrapper\"><p>[vc_row full_width=&#8221;stretch_row&#8221; el_class=&#8221;py-5 m-0 bg-overlay main-no-padding&#8221; css=&#8221;.vc_custom_1675323758844{background-image: url(https:\/\/refrigerantboys.com\/wp-content\/uploads\/2018\/04\/refrigerant.jpg?id=9034) !important;background-position: center !important;background-repeat: no-repeat !important;background-size: cover !important;}&#8221; conditional_render=&#8221;%5B%7B%22value_role%22%3A%22administrator%22%7D%5D&#8221;][vc_column]<div class=\"porto-u-heading  wpb_custom_8c3ad193a912f398c30e5b63082c323c porto-u-55ca8359258f9a412be7e73af65d2aac \"><div class=\"porto-u-main-heading\"><h2   style=\"color:#ffffff;margin-bottom: 30px;\">Chemikalien<\/h2><\/div><div class=\"porto-u-sub-heading\" style=\"color: #ffffff;margin-bottom:50px;\">Wenn Sie ein bestimmtes chemisches Produkt zur Reinigung und Wartung ben\u00f6tigen, sollten Sie den entsprechenden Abschnitt in unserem Shop besuchen.<\/div><style>.porto-u-55ca8359258f9a412be7e73af65d2aac.porto-u-heading{text-align:center}<\/style><\/div><div class=\"porto-btn-ctn-center btn-green\"><a class=\"porto-btn porto-adjust-bottom-margin porto-btn-large porto-btn-no-hover-bg   wpb_custom_fa51088c2567b780100c1edcf8821d3b  porto-btn-center \"  rel='' href = \"https:\/\/refrigerantboys.com\/de\/geschaft\/chemikalie\/\"  data-hover=\"\" data-border-color=\"\" data-bg=\"#43ac34\" data-hover-bg=\"\" data-border-hover=\"\" data-shadow-click=\"none\" data-shadow=\"\" style=\"border:none;background: #43ac34;color: #ffffff;\"><span class=\"porto-btn-hover\"><\/span><span class=\"porto-btn-data porto-btn-text \" >Kaufen<\/span><\/a><\/div>[\/vc_column][\/vc_row][vc_row][vc_column width=&#8221;1\/3&#8243;]<div class=\"porto-sicon-box  vc_custom_1675324120475 m-5  wpb_custom_b2558a407b98911ccc962cfe41b037e8 style_1 top-icon\"><div class=\"porto-sicon-top\"><div class=\"porto-just-icon-wrapper porto-sicon-img  porto-icon-6ab677815b2272e3a6a897ebf5e8ffd0\" style=\"background:#ffffff;border-style:solid;border-color:#43ac34;border-width:2px;padding:15px;border-radius:100px;font-size: 50px;\"><img class=\"img-icon\" alt=\"\" src=\"https:\/\/www.refrigerantboys.com\/wp-content\/uploads\/2018\/04\/002-medical.png\" width=\"256\" height=\"256\" \/><\/div><\/div><div class=\"porto-sicon-header\"><h3 class=\"porto-sicon-title\" style=\"\">DESINFEKTION<\/h3><\/div> <!-- header --><div class=\"porto-sicon-description\" style=\"\">Desinfizieren Sie K\u00fchlsysteme und Autoklimaanlagen mit den Reinigungs- und Desinfektionsmitteln aus unserem Produktkatalog.<\/div> <!-- description --><\/div><!-- porto-sicon-box -->[\/vc_column][vc_column width=&#8221;1\/3&#8243;]<div class=\"porto-sicon-box  vc_custom_1675324130865 m-5  wpb_custom_b2558a407b98911ccc962cfe41b037e8 style_1 top-icon\"><div class=\"porto-sicon-top\"><div class=\"porto-just-icon-wrapper porto-sicon-img  porto-icon-6ab677815b2272e3a6a897ebf5e8ffd0\" style=\"background:#ffffff;border-style:solid;border-color:#43ac34;border-width:2px;padding:15px;border-radius:100px;font-size: 50px;\"><img class=\"img-icon\" alt=\"\" src=\"https:\/\/www.refrigerantboys.com\/wp-content\/uploads\/2018\/04\/003-tools.png\" width=\"256\" height=\"256\" \/><\/div><\/div><div class=\"porto-sicon-header\"><h3 class=\"porto-sicon-title\" style=\"\">LECKS ABDICHTEN<\/h3><\/div> <!-- header --><div class=\"porto-sicon-description\" style=\"\">Reparieren von Undichtigkeiten und Lecks in Klimaanlagen. Mit unseren Leckdichtungsprodukten verhindern Sie den Austritt von K\u00e4ltemittelgas im Handumdrehen.<\/div> <!-- description --><\/div><!-- porto-sicon-box -->[\/vc_column][vc_column width=&#8221;1\/3&#8243;]<div class=\"porto-sicon-box  vc_custom_1675324141411 m-5  wpb_custom_b2558a407b98911ccc962cfe41b037e8 style_1 top-icon\"><div class=\"porto-sicon-top\"><div class=\"porto-just-icon-wrapper porto-sicon-img  porto-icon-6ab677815b2272e3a6a897ebf5e8ffd0\" style=\"background:#ffffff;border-style:solid;border-color:#43ac34;border-width:2px;padding:15px;border-radius:100px;font-size: 50px;\"><img class=\"img-icon\" alt=\"\" src=\"https:\/\/www.refrigerantboys.com\/wp-content\/uploads\/2018\/01\/002-pipe.png\" width=\"256\" height=\"256\" \/><\/div><\/div><div class=\"porto-sicon-header\"><h3 class=\"porto-sicon-title\" style=\"\">LECKAGEN AUFSP\u00dcREN<\/h3><\/div> <!-- header --><div class=\"porto-sicon-description\" style=\"\">Haben Sie es mit einer undichten Anlage zu tun? Sp\u00fcren Sie Lecks im Handumdrehen mit fluoreszierenden Molek\u00fclmarkern und UV-Lampen aus unserem Katalog auf.<\/div> <!-- description --><\/div><!-- porto-sicon-box -->[\/vc_column][\/vc_row][vc_row full_width=&#8221;stretch_row&#8221; el_class=&#8221;py-5 m-0 bg-dark&#8221; conditional_render=&#8221;%5B%7B%22value_role%22%3A%22administrator%22%7D%5D&#8221;][vc_column]<div class=\"porto-u-heading  wpb_custom_c4617b5f16c71546a6eee5f224561a54 porto-u-55ca8359258f9a412be7e73af65d2aac \"><div class=\"porto-u-main-heading\"><h2   style=\"color:#ffffff;margin-bottom: 30px;\">K\u00dcHL- UND KLIMAANLAGEN: WARTUNG UND REPARATUR<\/h2><\/div><div class=\"porto-u-sub-heading\" style=\"color: #ffffff;\">Produkte zur Desinfektion, die Probleme mit Schimmel und unangenehmen Ger\u00fcchen l\u00f6sen, Molek\u00fclmarker f\u00fcr die Suche nach Leckagen in Anlagen, Spr\u00fchflaschen mit Reinigungsfl\u00fcssigkeit zum Sp\u00fclen von K\u00fchl- oder Klimaanlagenkreisl\u00e4ufen.<br \/>\nDas sind nur einige der chemischen Produkte, die Sie in diesem Bereich unseres Shops finden k\u00f6nnen.<br \/>\nInformationen \u00fcber spezifische Ger\u00e4te (wie Armaturen, Manometer, Rohrleitungen) oder K\u00fchlmittelgase finden Sie in den entsprechenden Bereichen unserer Website.<\/div><style>.porto-u-55ca8359258f9a412be7e73af65d2aac.porto-u-heading{text-align:center}<\/style><\/div>[\/vc_column][\/vc_row][vc_row full_width=&#8221;stretch_row&#8221; el_class=&#8221;py-5 m-0&#8243; conditional_render=&#8221;%5B%7B%22value_role%22%3A%22administrator%22%7D%5D&#8221; css=&#8221;.vc_custom_1675098639954{background-color: #f5f5f5 !important;}&#8221;][vc_column width=&#8221;2\/3&#8243;]<div class=\"porto-u-heading  wpb_custom_95aa9a11c17ad45cfabaf210d84ee7cc porto-u-ad87e2eaf3f9c495180fe0156ddf3eb0 \"><div class=\"porto-u-main-heading\"><h2  >DESINFEKTION VON K\u00dcHLANLAGEN: REINIGUNGS- UND DESINFEKTIONSMITTEL<\/h2><\/div><div class=\"porto-u-sub-heading\" style=\"\">Die Desinfektion einer K\u00fchlanlage ist sehr wichtig, da dadurch die Belastung durch Bakterien reduziert werden kann, die sich in K\u00fchlsystemen oder in der Klimaanlage Ihres Autos ansammeln k\u00f6nnen.<br \/>\nNeben der Verringerung der Bakterienbelastung beseitigt die Desinfektion der Klimaanlage unangenehme Ger\u00fcche (z.B. durch Smog oder Nikotin bei Autoklimaanlagen) und bringt einen angenehmen Duft in die Anlage und die Umgebung.<\/div><style>.porto-u-ad87e2eaf3f9c495180fe0156ddf3eb0.porto-u-heading{text-align:left}<\/style><\/div><div class=\"porto-btn-ctn-left btn-green\"><a class=\"porto-btn porto-adjust-bottom-margin porto-btn-normal porto-btn-no-hover-bg   wpb_custom_fa51088c2567b780100c1edcf8821d3b  porto-btn-left \"  rel='' href = \"https:\/\/refrigerantboys.com\/de\/kaufen\/chemikalie\/desinfektionsmittel-400-ml\/\"  data-hover=\"\" data-border-color=\"\" data-bg=\"#43ac33\" data-hover-bg=\"\" data-border-hover=\"\" data-shadow-click=\"none\" data-shadow=\"\" style=\"border:none;background: #43ac33;color: #ffffff;\"><span class=\"porto-btn-hover\"><\/span><span class=\"porto-btn-data porto-btn-text \" >Kaufen<\/span><\/a><\/div>[\/vc_column][vc_column width=&#8221;1\/3&#8243;][vc_single_image image=&#8221;67495&#8243; img_size=&#8221;full&#8221; alignment=&#8221;right&#8221; style=&#8221;vc_box_shadow&#8221; el_class=&#8221;img-250-auto&#8221; label=&#8221;&#8221;][\/vc_column][\/vc_row][vc_row el_class=&#8221;py-5 m-0&#8243; conditional_render=&#8221;%5B%7B%22value_role%22%3A%22administrator%22%7D%5D&#8221;][vc_column width=&#8221;1\/3&#8243;][vc_single_image image=&#8221;4871&#8243; img_size=&#8221;full&#8221; style=&#8221;vc_box_shadow&#8221; el_class=&#8221;img-250-auto&#8221; label=&#8221;&#8221;][\/vc_column][vc_column width=&#8221;2\/3&#8243;]<div class=\"porto-u-heading  wpb_custom_95aa9a11c17ad45cfabaf210d84ee7cc porto-u-deedcbb7371acea8894cf5880bfdad9c \"><div class=\"porto-u-main-heading\"><h2  >SCHLIESSEN VON UNDICHTIGKEITEN UND LECKAGEN: REPARATUR VON KLIMAANLAGEN<\/h2><\/div><div class=\"porto-u-sub-heading\" style=\"\">Die Produkte zum Verschlie\u00dfen von Undichtigkeiten und Leckagen bei K\u00fchlanlagen funktionieren wie die Blutpl\u00e4ttchen im Blut: Sie werden in die Anlage eingef\u00fchrt, zirkulieren in den Rohrleitungen und sammeln sich an undichten Punkten, L\u00f6chern und Rissen. Diese Komponenten (in einem Universalschmiermittel mikroskopisch vorhanden) verschlie\u00dfen die Undichtigkeit, indem sie den Gasdurchfluss behindern, und erm\u00f6glichen so den K\u00fchlsystemen, wieder effizient zu arbeiten<\/div><style>.porto-u-deedcbb7371acea8894cf5880bfdad9c.porto-u-heading{text-align:right}<\/style><\/div><div class=\"porto-btn-ctn-right btn-green\"><a class=\"porto-btn porto-adjust-bottom-margin porto-btn-normal porto-btn-no-hover-bg   wpb_custom_fa51088c2567b780100c1edcf8821d3b  porto-btn-right \"  rel='' href = \"https:\/\/refrigerantboys.com\/de\/kaufen\/chemikalie\/leckagedichtmittel-30-ml-fur-autoklimaanlagen\/\"  data-hover=\"\" data-border-color=\"\" data-bg=\"#43ac33\" data-hover-bg=\"\" data-border-hover=\"\" data-shadow-click=\"none\" data-shadow=\"\" style=\"border:none;background: #43ac33;color: #ffffff;\"><span class=\"porto-btn-hover\"><\/span><span class=\"porto-btn-data porto-btn-text \" >Kaufen<\/span><\/a><\/div>[\/vc_column][\/vc_row][vc_row full_width=&#8221;stretch_row&#8221; el_class=&#8221;py-5 m-0&#8243; conditional_render=&#8221;%5B%7B%22value_role%22%3A%22administrator%22%7D%5D&#8221; css=&#8221;.vc_custom_1675098645390{background-color: #f5f5f5 !important;}&#8221;][vc_column width=&#8221;2\/3&#8243;]<div class=\"porto-u-heading  wpb_custom_95aa9a11c17ad45cfabaf210d84ee7cc porto-u-ad87e2eaf3f9c495180fe0156ddf3eb0 \"><div class=\"porto-u-main-heading\"><h2  >FINDEN VON UNDICHTIGKEITEN IN KLIMAANLAGEN<\/h2><\/div><div class=\"porto-u-sub-heading\" style=\"\">Wie findet man Leckagen in K\u00fchl- und Klimaanlagen? Dank der Verwendung von fluoreszierenden Molek\u00fclmarkern, die mithilfe geeigneter Spritzen in die Anlage injiziert werden. Das spezielle Suchgas fluoresziert im Licht einer beliebigen UV-Lampe und l\u00e4sst so Lecks, undichte Verbindungen, por\u00f6se Rohrleitungen und Mikrogaslecks sichtbar werden.<\/div><style>.porto-u-ad87e2eaf3f9c495180fe0156ddf3eb0.porto-u-heading{text-align:left}<\/style><\/div><div class=\"porto-btn-ctn-left btn-green\"><a class=\"porto-btn porto-adjust-bottom-margin porto-btn-normal porto-btn-no-hover-bg   wpb_custom_fa51088c2567b780100c1edcf8821d3b  porto-btn-left \"  rel='' href = \"https:\/\/refrigerantboys.com\/de\/kaufen\/chemikalie\/multigas-molekulmarker-45-ml\/\"  data-hover=\"\" data-border-color=\"\" data-bg=\"#43ac33\" data-hover-bg=\"\" data-border-hover=\"\" data-shadow-click=\"none\" data-shadow=\"\" style=\"border:none;background: #43ac33;color: #ffffff;\"><span class=\"porto-btn-hover\"><\/span><span class=\"porto-btn-data porto-btn-text \" >Kaufen<\/span><\/a><\/div>[\/vc_column][vc_column width=&#8221;1\/3&#8243;][vc_single_image image=&#8221;4886&#8243; img_size=&#8221;full&#8221; alignment=&#8221;right&#8221; style=&#8221;vc_box_shadow&#8221; el_class=&#8221;img-250-auto&#8221; label=&#8221;&#8221;][\/vc_column][\/vc_row]<\/p>\n<\/section>","protected":false},"excerpt":{"rendered":"<p>[vc_row full_width=&#8221;stretch_row&#8221; el_class=&#8221;py-5 m-0 bg-overlay main-no-padding&#8221; css=&#8221;.vc_custom_1675323758844{background-image: url(https:\/\/refrigerantboys.com\/wp-content\/uploads\/2018\/04\/refrigerant.jpg?id=9034) !important;background-position: center !important;background-repeat: no-repeat !important;background-size: cover !important;}&#8221; conditional_render=&#8221;%5B%7B%22value_role%22%3A%22administrator%22%7D%5D&#8221;][vc_column][\/vc_column][\/vc_row][vc_row][vc_column width=&#8221;1\/3&#8243;][\/vc_column][vc_column width=&#8221;1\/3&#8243;][\/vc_column][vc_column width=&#8221;1\/3&#8243;][\/vc_column][\/vc_row][vc_row full_width=&#8221;stretch_row&#8221; el_class=&#8221;py-5 m-0 bg-dark&#8221; conditional_render=&#8221;%5B%7B%22value_role%22%3A%22administrator%22%7D%5D&#8221;][vc_column][\/vc_column][\/vc_row][vc_row full_width=&#8221;stretch_row&#8221; el_class=&#8221;py-5 m-0&#8243; conditional_render=&#8221;%5B%7B%22value_role%22%3A%22administrator%22%7D%5D&#8221; css=&#8221;.vc_custom_1675098639954{background-color: #f5f5f5 !important;}&#8221;][vc_column width=&#8221;2\/3&#8243;][\/vc_column][vc_column width=&#8221;1\/3&#8243;][vc_single_image image=&#8221;67495&#8243; img_size=&#8221;full&#8221; alignment=&#8221;right&#8221; style=&#8221;vc_box_shadow&#8221; el_class=&#8221;img-250-auto&#8221; label=&#8221;&#8221;][\/vc_column][\/vc_row][vc_row el_class=&#8221;py-5 m-0&#8243; conditional_render=&#8221;%5B%7B%22value_role%22%3A%22administrator%22%7D%5D&#8221;][vc_column width=&#8221;1\/3&#8243;][vc_single_image image=&#8221;4871&#8243; img_size=&#8221;full&#8221; style=&#8221;vc_box_shadow&#8221; el_class=&#8221;img-250-auto&#8221; label=&#8221;&#8221;][\/vc_column][vc_column width=&#8221;2\/3&#8243;][\/vc_column][\/vc_row][vc_row full_width=&#8221;stretch_row&#8221; el_class=&#8221;py-5 m-0&#8243; conditional_render=&#8221;%5B%7B%22value_role%22%3A%22administrator%22%7D%5D&#8221; css=&#8221;.vc_custom_1675098645390{background-color: #f5f5f5 [&hellip;]<\/p>\n","protected":false},"author":1,"featured_media":0,"parent":0,"menu_order":1,"comment_status":"closed","ping_status":"closed","template":"","meta":[],"acf":[],"yoast_head":"<!-- This site is optimized with the Yoast SEO plugin v20.2 - https:\/\/yoast.com\/wordpress\/plugins\/seo\/ -->\n<title>Produkte fuer die wartung von kuehlanlagen | Refrigerant Boys Produkte f\u00fcr die Wartung von K\u00fchlanlagen<\/title>\n<meta name=\"description\" content=\"F\u00fcr die Wartung von zivilen und industriellen K\u00fchlanlagen bieten wir eine Reihe von chemischen Produkten wie Schimmelhemmer, Molek\u00fclmarker, Geruchshemmer und vieles mehr an.\" \/>\n<meta name=\"robots\" content=\"index, follow, max-snippet:-1, max-image-preview:large, max-video-preview:-1\" \/>\n<link rel=\"canonical\" href=\"https:\/\/www.refrigerantboys.com\/de\/produkte-fuer-die-wartung-von-kuehlanlagen\/\" \/>\n<meta property=\"og:locale\" content=\"de_DE\" \/>\n<meta property=\"og:type\" content=\"article\" \/>\n<meta property=\"og:title\" content=\"Produkte fuer die wartung von kuehlanlagen | Refrigerant Boys Produkte f\u00fcr die Wartung von K\u00fchlanlagen\" \/>\n<meta property=\"og:description\" content=\"F\u00fcr die Wartung von zivilen und industriellen K\u00fchlanlagen bieten wir eine Reihe von chemischen Produkten wie Schimmelhemmer, Molek\u00fclmarker, Geruchshemmer und vieles mehr an.\" \/>\n<meta property=\"og:url\" content=\"https:\/\/www.refrigerantboys.com\/de\/produkte-fuer-die-wartung-von-kuehlanlagen\/\" \/>\n<meta property=\"og:site_name\" content=\"Refrigerant Boys\" \/>\n<meta property=\"article:modified_time\" content=\"2023-03-01T08:24:09+00:00\" \/>\n<meta property=\"og:image\" content=\"https:\/\/www.refrigerantboys.com\/wp-content\/uploads\/2016\/08\/dummy-1.jpg\" \/>\n\t<meta property=\"og:image:width\" content=\"400\" \/>\n\t<meta property=\"og:image:height\" content=\"260\" \/>\n\t<meta property=\"og:image:type\" content=\"image\/jpeg\" \/>\n<meta name=\"twitter:card\" content=\"summary_large_image\" \/>\n<meta name=\"twitter:label1\" content=\"Gesch\u00e4tzte Lesezeit\" \/>\n\t<meta name=\"twitter:data1\" content=\"3\u00a0Minuten\" \/>\n<script type=\"application\/ld+json\" class=\"yoast-schema-graph\">{\"@context\":\"https:\/\/schema.org\",\"@graph\":[{\"@type\":\"WebPage\",\"@id\":\"https:\/\/www.refrigerantboys.com\/de\/produkte-fuer-die-wartung-von-kuehlanlagen\/\",\"url\":\"https:\/\/www.refrigerantboys.com\/de\/produkte-fuer-die-wartung-von-kuehlanlagen\/\",\"name\":\"Produkte fuer die wartung von kuehlanlagen | Refrigerant Boys Produkte f\u00fcr die Wartung von K\u00fchlanlagen\",\"isPartOf\":{\"@id\":\"https:\/\/www.refrigerantboys.com\/de\/#website\"},\"datePublished\":\"2019-03-07T10:49:54+00:00\",\"dateModified\":\"2023-03-01T08:24:09+00:00\",\"description\":\"F\u00fcr die Wartung von zivilen und industriellen K\u00fchlanlagen bieten wir eine Reihe von chemischen Produkten wie Schimmelhemmer, Molek\u00fclmarker, Geruchshemmer und vieles mehr an.\",\"breadcrumb\":{\"@id\":\"https:\/\/www.refrigerantboys.com\/de\/produkte-fuer-die-wartung-von-kuehlanlagen\/#breadcrumb\"},\"inLanguage\":\"de\",\"potentialAction\":[{\"@type\":\"ReadAction\",\"target\":[\"https:\/\/www.refrigerantboys.com\/de\/produkte-fuer-die-wartung-von-kuehlanlagen\/\"]}]},{\"@type\":\"BreadcrumbList\",\"@id\":\"https:\/\/www.refrigerantboys.com\/de\/produkte-fuer-die-wartung-von-kuehlanlagen\/#breadcrumb\",\"itemListElement\":[{\"@type\":\"ListItem\",\"position\":1,\"name\":\"Home\",\"item\":\"https:\/\/www.refrigerantboys.com\/de\/\"},{\"@type\":\"ListItem\",\"position\":2,\"name\":\"Produkte fuer die wartung von kuehlanlagen\"}]},{\"@type\":\"WebSite\",\"@id\":\"https:\/\/www.refrigerantboys.com\/de\/#website\",\"url\":\"https:\/\/www.refrigerantboys.com\/de\/\",\"name\":\"Refrigerant Boys\",\"description\":\"Vendita gas refrigeranti\",\"potentialAction\":[{\"@type\":\"SearchAction\",\"target\":{\"@type\":\"EntryPoint\",\"urlTemplate\":\"https:\/\/www.refrigerantboys.com\/de\/?s={search_term_string}\"},\"query-input\":\"required name=search_term_string\"}],\"inLanguage\":\"de\"}]}<\/script>\n<!-- \/ Yoast SEO plugin. -->","yoast_head_json":{"title":"Produkte fuer die wartung von kuehlanlagen | Refrigerant Boys Produkte f\u00fcr die Wartung von K\u00fchlanlagen","description":"F\u00fcr die Wartung von zivilen und industriellen K\u00fchlanlagen bieten wir eine Reihe von chemischen Produkten wie Schimmelhemmer, Molek\u00fclmarker, Geruchshemmer und vieles mehr an.","robots":{"index":"index","follow":"follow","max-snippet":"max-snippet:-1","max-image-preview":"max-image-preview:large","max-video-preview":"max-video-preview:-1"},"canonical":"https:\/\/www.refrigerantboys.com\/de\/produkte-fuer-die-wartung-von-kuehlanlagen\/","og_locale":"de_DE","og_type":"article","og_title":"Produkte fuer die wartung von kuehlanlagen | Refrigerant Boys Produkte f\u00fcr die Wartung von K\u00fchlanlagen","og_description":"F\u00fcr die Wartung von zivilen und industriellen K\u00fchlanlagen bieten wir eine Reihe von chemischen Produkten wie Schimmelhemmer, Molek\u00fclmarker, Geruchshemmer und vieles mehr an.","og_url":"https:\/\/www.refrigerantboys.com\/de\/produkte-fuer-die-wartung-von-kuehlanlagen\/","og_site_name":"Refrigerant Boys","article_modified_time":"2023-03-01T08:24:09+00:00","og_image":[{"width":400,"height":260,"url":"https:\/\/www.refrigerantboys.com\/wp-content\/uploads\/2016\/08\/dummy-1.jpg","type":"image\/jpeg"}],"twitter_card":"summary_large_image","twitter_misc":{"Gesch\u00e4tzte Lesezeit":"3\u00a0Minuten"},"schema":{"@context":"https:\/\/schema.org","@graph":[{"@type":"WebPage","@id":"https:\/\/www.refrigerantboys.com\/de\/produkte-fuer-die-wartung-von-kuehlanlagen\/","url":"https:\/\/www.refrigerantboys.com\/de\/produkte-fuer-die-wartung-von-kuehlanlagen\/","name":"Produkte fuer die wartung von kuehlanlagen | Refrigerant Boys Produkte f\u00fcr die Wartung von K\u00fchlanlagen","isPartOf":{"@id":"https:\/\/www.refrigerantboys.com\/de\/#website"},"datePublished":"2019-03-07T10:49:54+00:00","dateModified":"2023-03-01T08:24:09+00:00","description":"F\u00fcr die Wartung von zivilen und industriellen K\u00fchlanlagen bieten wir eine Reihe von chemischen Produkten wie Schimmelhemmer, Molek\u00fclmarker, Geruchshemmer und vieles mehr an.","breadcrumb":{"@id":"https:\/\/www.refrigerantboys.com\/de\/produkte-fuer-die-wartung-von-kuehlanlagen\/#breadcrumb"},"inLanguage":"de","potentialAction":[{"@type":"ReadAction","target":["https:\/\/www.refrigerantboys.com\/de\/produkte-fuer-die-wartung-von-kuehlanlagen\/"]}]},{"@type":"BreadcrumbList","@id":"https:\/\/www.refrigerantboys.com\/de\/produkte-fuer-die-wartung-von-kuehlanlagen\/#breadcrumb","itemListElement":[{"@type":"ListItem","position":1,"name":"Home","item":"https:\/\/www.refrigerantboys.com\/de\/"},{"@type":"ListItem","position":2,"name":"Produkte fuer die wartung von kuehlanlagen"}]},{"@type":"WebSite","@id":"https:\/\/www.refrigerantboys.com\/de\/#website","url":"https:\/\/www.refrigerantboys.com\/de\/","name":"Refrigerant Boys","description":"Vendita gas refrigeranti","potentialAction":[{"@type":"SearchAction","target":{"@type":"EntryPoint","urlTemplate":"https:\/\/www.refrigerantboys.com\/de\/?s={search_term_string}"},"query-input":"required name=search_term_string"}],"inLanguage":"de"}]}},"_links":{"self":[{"href":"https:\/\/www.refrigerantboys.com\/de\/wp-json\/wp\/v2\/pages\/4749"}],"collection":[{"href":"https:\/\/www.refrigerantboys.com\/de\/wp-json\/wp\/v2\/pages"}],"about":[{"href":"https:\/\/www.refrigerantboys.com\/de\/wp-json\/wp\/v2\/types\/page"}],"author":[{"embeddable":true,"href":"https:\/\/www.refrigerantboys.com\/de\/wp-json\/wp\/v2\/users\/1"}],"replies":[{"embeddable":true,"href":"https:\/\/www.refrigerantboys.com\/de\/wp-json\/wp\/v2\/comments?post=4749"}],"version-history":[{"count":0,"href":"https:\/\/www.refrigerantboys.com\/de\/wp-json\/wp\/v2\/pages\/4749\/revisions"}],"wp:attachment":[{"href":"https:\/\/www.refrigerantboys.com\/de\/wp-json\/wp\/v2\/media?parent=4749"}],"curies":[{"name":"wp","href":"https:\/\/api.w.org\/{rel}","templated":true}]}}