{"id":4744,"date":"2019-03-07T09:48:00","date_gmt":"2019-03-07T09:48:00","guid":{"rendered":"https:\/\/www.refrigerantboys.com\/?page_id=4744"},"modified":"2025-05-23T12:42:54","modified_gmt":"2025-05-23T10:42:54","slug":"wiederbefuellung-von-kaeltemittelgasflaschen","status":"publish","type":"page","link":"https:\/\/www.refrigerantboys.com\/de\/wiederbefuellung-von-kaeltemittelgasflaschen\/","title":{"rendered":"Wiederbefuellung von kaeltemittelgasflaschen"},"content":{"rendered":"<section class=\"wpb-content-wrapper\"><p>[vc_row full_width=&#8221;stretch_row&#8221; el_class=&#8221;py-5 m-0 bg-overlay main-no-padding&#8221; css=&#8221;.vc_custom_1675324664165{background-image: url(https:\/\/refrigerantboys.com\/wp-content\/uploads\/2018\/07\/gas_1.jpg?id=3206) !important;background-position: center !important;background-repeat: no-repeat !important;background-size: cover !important;}&#8221; conditional_render=&#8221;%5B%7B%22value_role%22%3A%22administrator%22%7D%5D&#8221;][vc_column]<div class=\"porto-u-heading  wpb_custom_c4617b5f16c71546a6eee5f224561a54 porto-u-55ca8359258f9a412be7e73af65d2aac \"><div class=\"porto-u-main-heading\"><h2   style=\"color:#ffffff;margin-bottom: 30px;\">F\u00fcllen Sie Ihre eigenen Flaschen nach:<\/h2><\/div><div class=\"porto-u-sub-heading\" style=\"color: #ffffff;\">Refrigerantboys bietet einen Nachf\u00fcllservice f\u00fcr Ihre Immobilie an. Senden Sie eine E-Mail-Anfrage an: <a href=\"mailto:CUSTOMERCARE@REFRIGERANTBOYS.COM\" data-cmp-ab=\"2\">CUSTOMERCARE@REFRIGERANTBOYS.COM<\/a>, um Sch\u00fcttgas zu kaufen. Praktisch, weil Sie die Kosten f\u00fcr den Zylinder sparen. Sicher, weil durch die Professionalit\u00e4t der Refrigerantboys garantiert.<\/div><style>.porto-u-55ca8359258f9a412be7e73af65d2aac.porto-u-heading{text-align:center}<\/style><\/div>[\/vc_column][\/vc_row][vc_row full_width=&#8221;stretch_row&#8221; el_class=&#8221;py-5 m-0&#8243; css=&#8221;.vc_custom_1675092567509{background-color: #f5f5f5 !important;}&#8221; conditional_render=&#8221;%5B%7B%22value_role%22%3A%22administrator%22%7D%5D&#8221;][vc_column]<div class=\"porto-u-heading  wpb_custom_c4617b5f16c71546a6eee5f224561a54 porto-u-55ca8359258f9a412be7e73af65d2aac \"><div class=\"porto-u-main-heading\"><h2   style=\"margin-bottom: 30px;\">F\u00dcLLEN SIE IHRE GASFLASCHEN EINFACH WIEDER AUF!<\/h2><\/div><div class=\"porto-u-sub-heading\" style=\"\">Um das Nachf\u00fcllen Ihrer Zylinder zu vereinfachen, klicken Sie auf die Schaltfl\u00e4che unten, f\u00fcllen Sie das Formular aus und senden Sie es vollst\u00e4ndig ausgef\u00fcllt. Erst nach dem Nachf\u00fcllen (und nur f\u00fcr g\u00fcltige Zylinder, wie beschrieben) erhalten Sie eine E-Mail mit der zu zahlende Gesamtbetrag.<\/div><style>.porto-u-55ca8359258f9a412be7e73af65d2aac.porto-u-heading{text-align:center}<\/style><\/div>[\/vc_column][\/vc_row][vc_row][vc_column]<div class=\"porto-u-heading  wpb_custom_95aa9a11c17ad45cfabaf210d84ee7cc porto-u-55ca8359258f9a412be7e73af65d2aac \"><div class=\"porto-u-main-heading\"><h2  >F\u00dcLLE DAS FORMULAR AUS<\/h2><\/div><style>.porto-u-55ca8359258f9a412be7e73af65d2aac.porto-u-heading{text-align:center}<\/style><\/div><div class=\"wpb_custom_8e39365fa00ded789edeaf348f33ca36\">\n<div class=\"wpcf7 no-js\" id=\"wpcf7-f66868-o1\" lang=\"de-DE\" dir=\"ltr\">\n<div class=\"screen-reader-response\"><p role=\"status\" aria-live=\"polite\" aria-atomic=\"true\"><\/p> <ul><\/ul><\/div>\n<form action=\"\/de\/wp-json\/wp\/v2\/pages\/4744#wpcf7-f66868-o1\" method=\"post\" class=\"wpcf7-form init\" aria-label=\"Kontaktformular\" novalidate=\"novalidate\" data-status=\"init\">\n<div style=\"display: none;\">\n<input type=\"hidden\" name=\"_wpcf7\" value=\"66868\" \/>\n<input type=\"hidden\" name=\"_wpcf7_version\" value=\"5.7.4\" \/>\n<input type=\"hidden\" name=\"_wpcf7_locale\" value=\"de_DE\" \/>\n<input type=\"hidden\" name=\"_wpcf7_unit_tag\" value=\"wpcf7-f66868-o1\" \/>\n<input type=\"hidden\" name=\"_wpcf7_container_post\" value=\"0\" \/>\n<input type=\"hidden\" name=\"_wpcf7_posted_data_hash\" value=\"\" \/>\n<input type=\"hidden\" name=\"_wpcf7_recaptcha_response\" value=\"\" \/>\n<\/div>\n<div class=\"row\">\n\t<div class=\"col-6\">\n\t\t<p><label> Ragione Sociale (*)<br \/>\n<span class=\"wpcf7-form-control-wrap\" data-name=\"rag-soc\"><input size=\"40\" class=\"wpcf7-form-control wpcf7-text wpcf7-validates-as-required\" aria-required=\"true\" aria-invalid=\"false\" value=\"\" type=\"text\" name=\"rag-soc\" \/><\/span><br \/>\n<\/label>\n\t\t<\/p>\n\t\t<p><label> Indirizzo (*)<br \/>\n<span class=\"wpcf7-form-control-wrap\" data-name=\"indirizzo\"><input size=\"40\" class=\"wpcf7-form-control wpcf7-text wpcf7-validates-as-required\" aria-required=\"true\" aria-invalid=\"false\" value=\"\" type=\"text\" name=\"indirizzo\" \/><\/span><br \/>\n<\/label>\n\t\t<\/p>\n\t\t<p><label> E-mail (*)<br \/>\n<span class=\"wpcf7-form-control-wrap\" data-name=\"your-email\"><input size=\"40\" class=\"wpcf7-form-control wpcf7-text wpcf7-email wpcf7-validates-as-required wpcf7-validates-as-email\" aria-required=\"true\" aria-invalid=\"false\" value=\"\" type=\"email\" name=\"your-email\" \/><\/span> <\/label>\n\t\t<\/p>\n\t\t<p><label> Cosa vuoi ricaricare? (*)<br \/>\n<span class=\"wpcf7-form-control-wrap\" data-name=\"tipibombole\"><textarea cols=\"40\" rows=\"10\" class=\"wpcf7-form-control wpcf7-textarea wpcf7-validates-as-required\" aria-required=\"true\" aria-invalid=\"false\" placeholder=\"Indica modelli, tipo di gas e quantit\u00e0\" name=\"tipibombole\"><\/textarea><\/span><br \/>\n<\/label>\n\t\t<\/p>\n\t<\/div>\n\t<div class=\"col-6\">\n\t\t<p>Imballaggio (*)\n\t\t<\/p>\n\t\t<p><span class=\"wpcf7-form-control-wrap\" data-name=\"Imballaggio\"><span class=\"wpcf7-form-control wpcf7-radio\"><span class=\"wpcf7-list-item first\"><span class=\"wpcf7-list-item-label\">bancali<\/span><input type=\"radio\" name=\"Imballaggio\" value=\"bancali\" checked=\"checked\" \/><\/span><span class=\"wpcf7-list-item last\"><span class=\"wpcf7-list-item-label\">scatole<\/span><input type=\"radio\" name=\"Imballaggio\" value=\"scatole\" \/><\/span><\/span><\/span>\n\t\t<\/p>\n\t\t<p>Ritiro con sponda idraulica (*)\n\t\t<\/p>\n\t\t<p><i>(servizio opzionale al costo di 45\u20ac circa)<\/i><br \/>\n<span class=\"wpcf7-form-control-wrap\" data-name=\"ritiro\"><span class=\"wpcf7-form-control wpcf7-radio\"><span class=\"wpcf7-list-item first\"><span class=\"wpcf7-list-item-label\">s\u00ec<\/span><input type=\"radio\" name=\"ritiro\" value=\"s\u00ec\" checked=\"checked\" \/><\/span><span class=\"wpcf7-list-item last\"><span class=\"wpcf7-list-item-label\">no<\/span><input type=\"radio\" name=\"ritiro\" value=\"no\" \/><\/span><\/span><\/span>\n\t\t<\/p>\n\t\t<p><label> Numero totale colli (*)<br \/>\n<span class=\"wpcf7-form-control-wrap\" data-name=\"totcolli\"><input size=\"40\" class=\"wpcf7-form-control wpcf7-text wpcf7-validates-as-required\" aria-required=\"true\" aria-invalid=\"false\" value=\"\" type=\"text\" name=\"totcolli\" \/><\/span> <\/label>\n\t\t<\/p>\n\t\t<p><label> Data ritiro (*)<br \/>\n<span class=\"wpcf7-form-control-wrap\" data-name=\"dataritiro\"><input size=\"40\" class=\"wpcf7-form-control wpcf7-text wpcf7-validates-as-required\" aria-required=\"true\" aria-invalid=\"false\" value=\"\" type=\"text\" name=\"dataritiro\" \/><\/span><br \/>\n<\/label>\n\t\t<\/p>\n\t\t<p><label> Persona di riferimento (*)<br \/>\n<span class=\"wpcf7-form-control-wrap\" data-name=\"personarif\"><input size=\"40\" class=\"wpcf7-form-control wpcf7-text wpcf7-validates-as-required\" aria-required=\"true\" aria-invalid=\"false\" value=\"\" type=\"text\" name=\"personarif\" \/><\/span><br \/>\n<\/label>\n\t\t<\/p>\n\t\t<p><input class=\"wpcf7-form-control has-spinner wpcf7-submit button primary rounded\" type=\"submit\" value=\"Invia richiesta\" \/>\n\t\t<\/p>\n\t<\/div>\n<\/div><div class=\"wpcf7-response-output\" aria-hidden=\"true\"><\/div>\n<\/form>\n<\/div>\n<\/div>[\/vc_column][\/vc_row][vc_row full_width=&#8221;stretch_row&#8221; el_class=&#8221;py-5 m-0 bg-dark&#8221; conditional_render=&#8221;%5B%7B%22value_role%22%3A%22administrator%22%7D%5D&#8221;][vc_column]<div class=\"porto-u-heading  wpb_custom_c4617b5f16c71546a6eee5f224561a54 porto-u-55ca8359258f9a412be7e73af65d2aac \"><div class=\"porto-u-sub-heading\" style=\"color: #ffffff;\">Wenn Sie an neuen K\u00e4ltemittelflaschen, K\u00fchlger\u00e4ten oder chemischen Produkten f\u00fcr die Diagnose und Wartung von Anlagen interessiert sind, k\u00f6nnen Sie die entsprechenden Bereiche unseres E-Commerce besuchen.<\/div><style>.porto-u-55ca8359258f9a412be7e73af65d2aac.porto-u-heading{text-align:center}<\/style><\/div>[\/vc_column][\/vc_row][vc_row][vc_column][vc_single_image image=&#8221;8265&#8243; img_size=&#8221;full&#8221;][vc_column_text]<\/p>\n<p style=\"text-align: center;\"><strong>Cylinders<\/strong><br \/>\n<strong>Green for refrigerant gases class 2A<\/strong><br \/>\n<strong>Red class 2F according to directive 2010\/35 \/ UE T-PED<\/strong><br \/>\n<strong>Rechargeable EN 13322-1- threads 17E \/ 25E<\/strong><br \/>\n<strong>Pressures 36\/48 bar<\/strong><\/p>\n<p>[\/vc_column_text]<div class=\"porto-u-heading  wpb_custom_95aa9a11c17ad45cfabaf210d84ee7cc porto-u-ad87e2eaf3f9c495180fe0156ddf3eb0 \"><div class=\"porto-u-main-heading\"><h2   style=\"margin-bottom: 30px;\">WELCHE GASFLASCHEN SIND F\u00dcR EINE WIEDERBEF\u00dcLLUNG ZUGELASSEN?<\/h2><\/div><div class=\"porto-u-sub-heading\" style=\"\">Der Nachf\u00fcllservice f\u00fcr gebrauchte Zylinder wird von Refrigerantboys nur unter bestimmten Bedingungen in \u00dcbereinstimmung mit den geltenden Gesetzen und Vorschriften durchgef\u00fchrt. Stellen Sie insbesondere sicher, dass Sie die folgenden Parameter einhalten, bevor Sie unseren Aufladeservice anfordern:<\/p>\n<ul>\n<li><strong>Die Zylinder m\u00fcssen unter die T-PED-Richtlinie (Pressure Equipment Directive, allgemein als PED mit dem englischen Namen Pressure Equipment Directive bezeichnet) fallen.<\/strong><\/li>\n<li><strong>Die Zylinder m\u00fcssen in gutem Zustand sein, ohne Dellen und \/ oder Br\u00fcche zu zeigen.<\/strong><\/li>\n<li><strong>Entnahme von leeren Zylindern und volle R\u00fccksendung auf unsere Kosten mit <\/strong><\/li>\n<li><strong>Geb\u00fchr auf der Rechnung der Kosten<\/strong><\/li>\n<li><strong>Zylinder auf einer Palette.<\/strong><\/li>\n<li><strong>F\u00fcr R410A Gasflaschen mindestens 42-44 bar<\/strong><\/li>\n<li><strong>F\u00fcr Gas R32-R600a-R290-R1234yf Rote Zylinder mit Ventilhahn W21.7 \u00d7 1\/14 \u2033<\/strong><\/li>\n<li><strong>F\u00fcr Gas R134a-R407H-R407C-R449A-R452A usw. 36 Stangenzylinder<\/strong><\/li>\n<li><strong class=\"text-red\">\u00dcberpr\u00fcfen Sie das Verfallsdatum auf dem Zylinderwulst (10 Jahre G\u00fcltigkeit)<\/strong><\/li>\n<\/ul>\n<p><\/div><style>.porto-u-ad87e2eaf3f9c495180fe0156ddf3eb0.porto-u-heading{text-align:left}<\/style><\/div>[vc_single_image image=&#8221;17168&#8243; img_size=&#8221;full&#8221;][\/vc_column][\/vc_row][vc_row full_width=&#8221;stretch_row&#8221; el_class=&#8221;py-5 m-0 bg-dark&#8221; conditional_render=&#8221;%5B%7B%22value_role%22%3A%22administrator%22%7D%5D&#8221;][vc_column]<div class=\"porto-u-heading  wpb_custom_c4617b5f16c71546a6eee5f224561a54 porto-u-55ca8359258f9a412be7e73af65d2aac \"><div class=\"porto-u-main-heading\"><h2   style=\"color:#ffffff;margin-bottom: 30px;\">ALLGEMEINE GESCH\u00c4FTSBEDINGUNGEN F\u00dcR DAS WIEDERBEF\u00dcLLEN VON GASFLASCHEN<\/h2><\/div><div class=\"porto-u-sub-heading\" style=\"color: #ffffff;\">Refrigerant Boys S.r.l. beh\u00e4lt sich das Recht vor, die Beh\u00e4lter bei ihrer Ankunft zu \u00fcberpr\u00fcfen, um sicherzustellen, dass alle Gasflaschen den geltenden Vorschriften und den oben aufgelisteten Eigenschaften entsprechen. Sollten dabei Unregelm\u00e4\u00dfigkeiten auftreten, k\u00f6nnen wir mit der Wiederbef\u00fcllung nicht fortfahren und Ihnen werden neuen Gasflaschen als Ersatz f\u00fcr die alten angeboten, die jedoch ebenfalls bei der R\u00fccksendung der Waren mit zur\u00fcckgegeben werden.<\/div><style>.porto-u-55ca8359258f9a412be7e73af65d2aac.porto-u-heading{text-align:center}<\/style><\/div>[\/vc_column][\/vc_row]<\/p>\n<\/section>","protected":false},"excerpt":{"rendered":"<p>[vc_row full_width=&#8221;stretch_row&#8221; el_class=&#8221;py-5 m-0 bg-overlay main-no-padding&#8221; css=&#8221;.vc_custom_1675324664165{background-image: url(https:\/\/refrigerantboys.com\/wp-content\/uploads\/2018\/07\/gas_1.jpg?id=3206) !important;background-position: center !important;background-repeat: no-repeat !important;background-size: cover !important;}&#8221; conditional_render=&#8221;%5B%7B%22value_role%22%3A%22administrator%22%7D%5D&#8221;][vc_column][\/vc_column][\/vc_row][vc_row full_width=&#8221;stretch_row&#8221; el_class=&#8221;py-5 m-0&#8243; css=&#8221;.vc_custom_1675092567509{background-color: #f5f5f5 !important;}&#8221; conditional_render=&#8221;%5B%7B%22value_role%22%3A%22administrator%22%7D%5D&#8221;][vc_column][\/vc_column][\/vc_row][vc_row][vc_column][\/vc_column][\/vc_row][vc_row full_width=&#8221;stretch_row&#8221; el_class=&#8221;py-5 m-0 bg-dark&#8221; conditional_render=&#8221;%5B%7B%22value_role%22%3A%22administrator%22%7D%5D&#8221;][vc_column][\/vc_column][\/vc_row][vc_row][vc_column][vc_single_image image=&#8221;8265&#8243; img_size=&#8221;full&#8221;][vc_column_text] Cylinders Green for refrigerant gases class 2A Red class 2F according to directive 2010\/35 \/ UE T-PED Rechargeable EN 13322-1- threads 17E \/ 25E Pressures [&hellip;]<\/p>\n","protected":false},"author":1,"featured_media":0,"parent":0,"menu_order":0,"comment_status":"closed","ping_status":"closed","template":"","meta":[],"acf":[],"yoast_head":"<!-- This site is optimized with the Yoast SEO plugin v20.2 - https:\/\/yoast.com\/wordpress\/plugins\/seo\/ -->\n<title>Wiederbefuellung von kaeltemittelgasflaschen | Refrigerant Boys Wiederbef\u00fcllung von K\u00e4ltemittelgasflaschen<\/title>\n<meta name=\"description\" content=\"Bef\u00fcllen Sie Ihre gebrauchten Gasflaschen mit unserem K\u00e4ltemittelgas. Praktisch und sicher. In diesem Abschnitt: Die PED-Richtlinie und die Vorteile des Wiederbef\u00fcllens.\" \/>\n<meta name=\"robots\" content=\"index, follow, max-snippet:-1, max-image-preview:large, max-video-preview:-1\" \/>\n<link rel=\"canonical\" href=\"https:\/\/www.refrigerantboys.com\/de\/wiederbefuellung-von-kaeltemittelgasflaschen\/\" \/>\n<meta property=\"og:locale\" content=\"de_DE\" \/>\n<meta property=\"og:type\" content=\"article\" \/>\n<meta property=\"og:title\" content=\"Wiederbefuellung von kaeltemittelgasflaschen | Refrigerant Boys Wiederbef\u00fcllung von K\u00e4ltemittelgasflaschen\" \/>\n<meta property=\"og:description\" content=\"Bef\u00fcllen Sie Ihre gebrauchten Gasflaschen mit unserem K\u00e4ltemittelgas. Praktisch und sicher. In diesem Abschnitt: Die PED-Richtlinie und die Vorteile des Wiederbef\u00fcllens.\" \/>\n<meta property=\"og:url\" content=\"https:\/\/www.refrigerantboys.com\/de\/wiederbefuellung-von-kaeltemittelgasflaschen\/\" \/>\n<meta property=\"og:site_name\" content=\"Refrigerant Boys\" \/>\n<meta property=\"article:modified_time\" content=\"2025-05-23T10:42:54+00:00\" \/>\n<meta name=\"twitter:card\" content=\"summary_large_image\" \/>\n<meta name=\"twitter:label1\" content=\"Gesch\u00e4tzte Lesezeit\" \/>\n\t<meta name=\"twitter:data1\" content=\"3\u00a0Minuten\" \/>\n<script type=\"application\/ld+json\" class=\"yoast-schema-graph\">{\"@context\":\"https:\/\/schema.org\",\"@graph\":[{\"@type\":\"WebPage\",\"@id\":\"https:\/\/www.refrigerantboys.com\/de\/wiederbefuellung-von-kaeltemittelgasflaschen\/\",\"url\":\"https:\/\/www.refrigerantboys.com\/de\/wiederbefuellung-von-kaeltemittelgasflaschen\/\",\"name\":\"Wiederbefuellung von kaeltemittelgasflaschen | Refrigerant Boys Wiederbef\u00fcllung von K\u00e4ltemittelgasflaschen\",\"isPartOf\":{\"@id\":\"https:\/\/www.refrigerantboys.com\/de\/#website\"},\"datePublished\":\"2019-03-07T09:48:00+00:00\",\"dateModified\":\"2025-05-23T10:42:54+00:00\",\"description\":\"Bef\u00fcllen Sie Ihre gebrauchten Gasflaschen mit unserem K\u00e4ltemittelgas. Praktisch und sicher. In diesem Abschnitt: Die PED-Richtlinie und die Vorteile des Wiederbef\u00fcllens.\",\"breadcrumb\":{\"@id\":\"https:\/\/www.refrigerantboys.com\/de\/wiederbefuellung-von-kaeltemittelgasflaschen\/#breadcrumb\"},\"inLanguage\":\"de\",\"potentialAction\":[{\"@type\":\"ReadAction\",\"target\":[\"https:\/\/www.refrigerantboys.com\/de\/wiederbefuellung-von-kaeltemittelgasflaschen\/\"]}]},{\"@type\":\"BreadcrumbList\",\"@id\":\"https:\/\/www.refrigerantboys.com\/de\/wiederbefuellung-von-kaeltemittelgasflaschen\/#breadcrumb\",\"itemListElement\":[{\"@type\":\"ListItem\",\"position\":1,\"name\":\"Home\",\"item\":\"https:\/\/www.refrigerantboys.com\/de\/\"},{\"@type\":\"ListItem\",\"position\":2,\"name\":\"Wiederbefuellung von kaeltemittelgasflaschen\"}]},{\"@type\":\"WebSite\",\"@id\":\"https:\/\/www.refrigerantboys.com\/de\/#website\",\"url\":\"https:\/\/www.refrigerantboys.com\/de\/\",\"name\":\"Refrigerant Boys\",\"description\":\"Vendita gas refrigeranti\",\"potentialAction\":[{\"@type\":\"SearchAction\",\"target\":{\"@type\":\"EntryPoint\",\"urlTemplate\":\"https:\/\/www.refrigerantboys.com\/de\/?s={search_term_string}\"},\"query-input\":\"required name=search_term_string\"}],\"inLanguage\":\"de\"}]}<\/script>\n<!-- \/ Yoast SEO plugin. -->","yoast_head_json":{"title":"Wiederbefuellung von kaeltemittelgasflaschen | Refrigerant Boys Wiederbef\u00fcllung von K\u00e4ltemittelgasflaschen","description":"Bef\u00fcllen Sie Ihre gebrauchten Gasflaschen mit unserem K\u00e4ltemittelgas. Praktisch und sicher. In diesem Abschnitt: Die PED-Richtlinie und die Vorteile des Wiederbef\u00fcllens.","robots":{"index":"index","follow":"follow","max-snippet":"max-snippet:-1","max-image-preview":"max-image-preview:large","max-video-preview":"max-video-preview:-1"},"canonical":"https:\/\/www.refrigerantboys.com\/de\/wiederbefuellung-von-kaeltemittelgasflaschen\/","og_locale":"de_DE","og_type":"article","og_title":"Wiederbefuellung von kaeltemittelgasflaschen | Refrigerant Boys Wiederbef\u00fcllung von K\u00e4ltemittelgasflaschen","og_description":"Bef\u00fcllen Sie Ihre gebrauchten Gasflaschen mit unserem K\u00e4ltemittelgas. Praktisch und sicher. In diesem Abschnitt: Die PED-Richtlinie und die Vorteile des Wiederbef\u00fcllens.","og_url":"https:\/\/www.refrigerantboys.com\/de\/wiederbefuellung-von-kaeltemittelgasflaschen\/","og_site_name":"Refrigerant Boys","article_modified_time":"2025-05-23T10:42:54+00:00","twitter_card":"summary_large_image","twitter_misc":{"Gesch\u00e4tzte Lesezeit":"3\u00a0Minuten"},"schema":{"@context":"https:\/\/schema.org","@graph":[{"@type":"WebPage","@id":"https:\/\/www.refrigerantboys.com\/de\/wiederbefuellung-von-kaeltemittelgasflaschen\/","url":"https:\/\/www.refrigerantboys.com\/de\/wiederbefuellung-von-kaeltemittelgasflaschen\/","name":"Wiederbefuellung von kaeltemittelgasflaschen | Refrigerant Boys Wiederbef\u00fcllung von K\u00e4ltemittelgasflaschen","isPartOf":{"@id":"https:\/\/www.refrigerantboys.com\/de\/#website"},"datePublished":"2019-03-07T09:48:00+00:00","dateModified":"2025-05-23T10:42:54+00:00","description":"Bef\u00fcllen Sie Ihre gebrauchten Gasflaschen mit unserem K\u00e4ltemittelgas. Praktisch und sicher. In diesem Abschnitt: Die PED-Richtlinie und die Vorteile des Wiederbef\u00fcllens.","breadcrumb":{"@id":"https:\/\/www.refrigerantboys.com\/de\/wiederbefuellung-von-kaeltemittelgasflaschen\/#breadcrumb"},"inLanguage":"de","potentialAction":[{"@type":"ReadAction","target":["https:\/\/www.refrigerantboys.com\/de\/wiederbefuellung-von-kaeltemittelgasflaschen\/"]}]},{"@type":"BreadcrumbList","@id":"https:\/\/www.refrigerantboys.com\/de\/wiederbefuellung-von-kaeltemittelgasflaschen\/#breadcrumb","itemListElement":[{"@type":"ListItem","position":1,"name":"Home","item":"https:\/\/www.refrigerantboys.com\/de\/"},{"@type":"ListItem","position":2,"name":"Wiederbefuellung von kaeltemittelgasflaschen"}]},{"@type":"WebSite","@id":"https:\/\/www.refrigerantboys.com\/de\/#website","url":"https:\/\/www.refrigerantboys.com\/de\/","name":"Refrigerant Boys","description":"Vendita gas refrigeranti","potentialAction":[{"@type":"SearchAction","target":{"@type":"EntryPoint","urlTemplate":"https:\/\/www.refrigerantboys.com\/de\/?s={search_term_string}"},"query-input":"required name=search_term_string"}],"inLanguage":"de"}]}},"_links":{"self":[{"href":"https:\/\/www.refrigerantboys.com\/de\/wp-json\/wp\/v2\/pages\/4744"}],"collection":[{"href":"https:\/\/www.refrigerantboys.com\/de\/wp-json\/wp\/v2\/pages"}],"about":[{"href":"https:\/\/www.refrigerantboys.com\/de\/wp-json\/wp\/v2\/types\/page"}],"author":[{"embeddable":true,"href":"https:\/\/www.refrigerantboys.com\/de\/wp-json\/wp\/v2\/users\/1"}],"replies":[{"embeddable":true,"href":"https:\/\/www.refrigerantboys.com\/de\/wp-json\/wp\/v2\/comments?post=4744"}],"version-history":[{"count":0,"href":"https:\/\/www.refrigerantboys.com\/de\/wp-json\/wp\/v2\/pages\/4744\/revisions"}],"wp:attachment":[{"href":"https:\/\/www.refrigerantboys.com\/de\/wp-json\/wp\/v2\/media?parent=4744"}],"curies":[{"name":"wp","href":"https:\/\/api.w.org\/{rel}","templated":true}]}}