{"id":4735,"date":"2019-03-07T09:26:37","date_gmt":"2019-03-07T09:26:37","guid":{"rendered":"https:\/\/www.refrigerantboys.com\/?page_id=4735"},"modified":"2023-03-01T10:13:13","modified_gmt":"2023-03-01T09:13:13","slug":"erwerb-von-grossen-mengen-an-kaeltemittelgas","status":"publish","type":"page","link":"https:\/\/www.refrigerantboys.com\/de\/erwerb-von-grossen-mengen-an-kaeltemittelgas\/","title":{"rendered":"Grandi quantitativi"},"content":{"rendered":"<section class=\"wpb-content-wrapper\"><p>[vc_row full_width=&#8221;stretch_row&#8221; css=&#8221;.vc_custom_1675324653953{background-image: url(https:\/\/refrigerantboys.com\/wp-content\/uploads\/2018\/01\/refrigerant-fluid.jpg?id=2241) !important;background-position: center !important;background-repeat: no-repeat !important;background-size: cover !important;}&#8221; conditional_render=&#8221;%5B%7B%22value_role%22%3A%22administrator%22%7D%5D&#8221; el_class=&#8221;py-5 m-0 bg-overlay main-no-padding&#8221;][vc_column]<div class=\"porto-u-heading  wpb_custom_436036575a42ef4fd9a876bc831be0e6 porto-u-55ca8359258f9a412be7e73af65d2aac \"><div class=\"porto-u-main-heading\"><h2   style=\"color:#ffffff;margin-bottom: 30px;\">K\u00e4ltemittelgas: Erwerb von gro\u00dfen Mengen<\/h2><\/div><div class=\"porto-u-sub-heading\" style=\"color: #ffffff;\">M\u00f6chten Sie gro\u00dfe Mengen an K\u00e4ltemittelgas erwerben? Kontaktieren Sie uns direkt, damit wir Ihre Bestellung weiterleiten und Ihnen gegebenenfalls Sonderpreise und besondere Versandkonditionen anbieten k\u00f6nnen.<br \/>\nSchreiben Sie an <a href=\"mailto:service@refrigerantboys.it\">service@refrigerantboys.it<\/a> oder rufen Sie uns an unter <a href=\"tel:+393291858456\">+393291858456<\/a>.<\/div><style>.porto-u-55ca8359258f9a412be7e73af65d2aac.porto-u-heading{text-align:center}<\/style><\/div>[\/vc_column][\/vc_row][vc_row full_width=&#8221;stretch_row&#8221; css=&#8221;.vc_custom_1675089786479{background-color: #f5f5f5 !important;}&#8221; conditional_render=&#8221;%5B%7B%22value_role%22%3A%22administrator%22%7D%5D&#8221; el_class=&#8221;py-5 m-0&#8243;][vc_column]<div class=\"porto-u-heading  wpb_custom_c4617b5f16c71546a6eee5f224561a54 porto-u-55ca8359258f9a412be7e73af65d2aac \"><div class=\"porto-u-main-heading\"><h2   style=\"margin-bottom: 30px;\">GROSSE GASMENGEN:WAS SIND DIE VORTEILE?<\/h2><\/div><div class=\"porto-u-sub-heading\" style=\"\">Wenn Sie gro\u00dfe Mengen an K\u00e4ltemittelgas erwerben, erhalten Sie je nach Gasart und Bestellmenge einen Sonderpreis. Um mehr zu erfahren, k\u00f6nnen Sie uns direkt kontaktieren, um private Verhandlungen aufzunehmen.<\/div><style>.porto-u-55ca8359258f9a412be7e73af65d2aac.porto-u-heading{text-align:center}<\/style><\/div>[\/vc_column][\/vc_row][vc_row][vc_column width=&#8221;1\/2&#8243;]<div class=\"porto-u-heading  wpb_custom_c4617b5f16c71546a6eee5f224561a54 porto-u-55ca8359258f9a412be7e73af65d2aac \"><div class=\"porto-u-main-heading\"><h2   style=\"margin-bottom: 30px;\">WANN FALLE ICH UNTER DIE KATEGORIE \u201eGROSSE MENGEN\u201c?<\/h2><\/div><div class=\"porto-u-sub-heading\" style=\"\">Damit sich eine private Verhandlung zum Erwerb gro\u00dfer Gasmengen f\u00fcr Sie lohnt, m\u00fcssen Sie mindestens 20 Gasflaschen bestellen. Wenn Sie also drei\u00dfig, vierzig oder hundert Gasflaschen erwerben m\u00f6chten, k\u00f6nnen Sie Refrigerant Boys anrufen oder anschreiben.<\/div><style>.porto-u-55ca8359258f9a412be7e73af65d2aac.porto-u-heading{text-align:center}<\/style><\/div>[\/vc_column][vc_column width=&#8221;1\/2&#8243;]<div class=\"porto-u-heading  wpb_custom_c4617b5f16c71546a6eee5f224561a54 porto-u-55ca8359258f9a412be7e73af65d2aac \"><div class=\"porto-u-main-heading\"><h2   style=\"margin-bottom: 30px;\">UND WENN ICH NUR WENIGE FLASCHEN K\u00c4LTEMITTELGAS KAUFEN M\u00d6CHTE?<\/h2><\/div><div class=\"porto-u-sub-heading\" style=\"\">M\u00f6chten Sie kleinere Mengen an K\u00e4ltemittelgas erwerben? Wenn Sie weniger als f\u00fcnfzehn Gasflaschen ben\u00f6tigen, k\u00f6nnen Sie diese bequem \u00fcber unseren E-Commerce erwerben. Dort finden Sie neben <a href=\"https:\/\/www.refrigerantboys.com\/?post_type=shop_order&#038;p=94437\">K\u00e4ltemittelgasen<\/a> auch <a href=\"https:\/\/www.refrigerantboys.com\/?post_type=shop_order&#038;p=94289\">Ger\u00e4te<\/a> und <a href=\"https:\/\/www.refrigerantboys.com\/?post_type=acf-field-group&#038;p=94411\">chemische<\/a> Produkte f\u00fcr K\u00fchl- und Klimaanlagen.<\/div><style>.porto-u-55ca8359258f9a412be7e73af65d2aac.porto-u-heading{text-align:center}<\/style><\/div>[\/vc_column][\/vc_row]<\/p>\n<\/section>","protected":false},"excerpt":{"rendered":"<p>[vc_row full_width=&#8221;stretch_row&#8221; css=&#8221;.vc_custom_1675324653953{background-image: url(https:\/\/refrigerantboys.com\/wp-content\/uploads\/2018\/01\/refrigerant-fluid.jpg?id=2241) !important;background-position: center !important;background-repeat: no-repeat !important;background-size: cover !important;}&#8221; conditional_render=&#8221;%5B%7B%22value_role%22%3A%22administrator%22%7D%5D&#8221; el_class=&#8221;py-5 m-0 bg-overlay main-no-padding&#8221;][vc_column][\/vc_column][\/vc_row][vc_row full_width=&#8221;stretch_row&#8221; css=&#8221;.vc_custom_1675089786479{background-color: #f5f5f5 !important;}&#8221; conditional_render=&#8221;%5B%7B%22value_role%22%3A%22administrator%22%7D%5D&#8221; el_class=&#8221;py-5 m-0&#8243;][vc_column][\/vc_column][\/vc_row][vc_row][vc_column width=&#8221;1\/2&#8243;][\/vc_column][vc_column width=&#8221;1\/2&#8243;][\/vc_column][\/vc_row]<\/p>\n","protected":false},"author":1,"featured_media":0,"parent":0,"menu_order":0,"comment_status":"closed","ping_status":"closed","template":"","meta":[],"acf":[],"yoast_head":"<!-- This site is optimized with the Yoast SEO plugin v20.2 - https:\/\/yoast.com\/wordpress\/plugins\/seo\/ -->\n<title>Grandi quantitativi | Refrigerant Boys Erwerb von gro\u00dfen Mengen an K\u00e4ltemittelgas<\/title>\n<meta name=\"description\" content=\"Wenn Sie gro\u00dfe Mengen an K\u00e4ltemittelgasen und -fluiden erwerben m\u00f6chten, lesen Sie diese Erkl\u00e4rung und nehmen Sie f\u00fcr die Verhandlungen mit uns Kontakt auf\" \/>\n<meta name=\"robots\" content=\"index, follow, max-snippet:-1, max-image-preview:large, max-video-preview:-1\" \/>\n<link rel=\"canonical\" href=\"https:\/\/www.refrigerantboys.com\/de\/erwerb-von-grossen-mengen-an-kaeltemittelgas\/\" \/>\n<meta property=\"og:locale\" content=\"de_DE\" \/>\n<meta property=\"og:type\" content=\"article\" \/>\n<meta property=\"og:title\" content=\"Grandi quantitativi | Refrigerant Boys Erwerb von gro\u00dfen Mengen an K\u00e4ltemittelgas\" \/>\n<meta property=\"og:description\" content=\"Wenn Sie gro\u00dfe Mengen an K\u00e4ltemittelgasen und -fluiden erwerben m\u00f6chten, lesen Sie diese Erkl\u00e4rung und nehmen Sie f\u00fcr die Verhandlungen mit uns Kontakt auf\" \/>\n<meta property=\"og:url\" content=\"https:\/\/www.refrigerantboys.com\/de\/erwerb-von-grossen-mengen-an-kaeltemittelgas\/\" \/>\n<meta property=\"og:site_name\" content=\"Refrigerant Boys\" \/>\n<meta property=\"article:modified_time\" content=\"2023-03-01T09:13:13+00:00\" \/>\n<meta property=\"og:image\" content=\"https:\/\/www.refrigerantboys.com\/wp-content\/uploads\/2016\/08\/dummy-1.jpg\" \/>\n\t<meta property=\"og:image:width\" content=\"400\" \/>\n\t<meta property=\"og:image:height\" content=\"260\" \/>\n\t<meta property=\"og:image:type\" content=\"image\/jpeg\" \/>\n<meta name=\"twitter:card\" content=\"summary_large_image\" \/>\n<meta name=\"twitter:label1\" content=\"Gesch\u00e4tzte Lesezeit\" \/>\n\t<meta name=\"twitter:data1\" content=\"2\u00a0Minuten\" \/>\n<script type=\"application\/ld+json\" class=\"yoast-schema-graph\">{\"@context\":\"https:\/\/schema.org\",\"@graph\":[{\"@type\":\"WebPage\",\"@id\":\"https:\/\/www.refrigerantboys.com\/de\/erwerb-von-grossen-mengen-an-kaeltemittelgas\/\",\"url\":\"https:\/\/www.refrigerantboys.com\/de\/erwerb-von-grossen-mengen-an-kaeltemittelgas\/\",\"name\":\"Grandi quantitativi | Refrigerant Boys Erwerb von gro\u00dfen Mengen an K\u00e4ltemittelgas\",\"isPartOf\":{\"@id\":\"https:\/\/www.refrigerantboys.com\/de\/#website\"},\"datePublished\":\"2019-03-07T09:26:37+00:00\",\"dateModified\":\"2023-03-01T09:13:13+00:00\",\"description\":\"Wenn Sie gro\u00dfe Mengen an K\u00e4ltemittelgasen und -fluiden erwerben m\u00f6chten, lesen Sie diese Erkl\u00e4rung und nehmen Sie f\u00fcr die Verhandlungen mit uns Kontakt auf\",\"breadcrumb\":{\"@id\":\"https:\/\/www.refrigerantboys.com\/de\/erwerb-von-grossen-mengen-an-kaeltemittelgas\/#breadcrumb\"},\"inLanguage\":\"de\",\"potentialAction\":[{\"@type\":\"ReadAction\",\"target\":[\"https:\/\/www.refrigerantboys.com\/de\/erwerb-von-grossen-mengen-an-kaeltemittelgas\/\"]}]},{\"@type\":\"BreadcrumbList\",\"@id\":\"https:\/\/www.refrigerantboys.com\/de\/erwerb-von-grossen-mengen-an-kaeltemittelgas\/#breadcrumb\",\"itemListElement\":[{\"@type\":\"ListItem\",\"position\":1,\"name\":\"Home\",\"item\":\"https:\/\/www.refrigerantboys.com\/de\/\"},{\"@type\":\"ListItem\",\"position\":2,\"name\":\"Grandi quantitativi\"}]},{\"@type\":\"WebSite\",\"@id\":\"https:\/\/www.refrigerantboys.com\/de\/#website\",\"url\":\"https:\/\/www.refrigerantboys.com\/de\/\",\"name\":\"Refrigerant Boys\",\"description\":\"Vendita gas refrigeranti\",\"potentialAction\":[{\"@type\":\"SearchAction\",\"target\":{\"@type\":\"EntryPoint\",\"urlTemplate\":\"https:\/\/www.refrigerantboys.com\/de\/?s={search_term_string}\"},\"query-input\":\"required name=search_term_string\"}],\"inLanguage\":\"de\"}]}<\/script>\n<!-- \/ Yoast SEO plugin. -->","yoast_head_json":{"title":"Grandi quantitativi | Refrigerant Boys Erwerb von gro\u00dfen Mengen an K\u00e4ltemittelgas","description":"Wenn Sie gro\u00dfe Mengen an K\u00e4ltemittelgasen und -fluiden erwerben m\u00f6chten, lesen Sie diese Erkl\u00e4rung und nehmen Sie f\u00fcr die Verhandlungen mit uns Kontakt auf","robots":{"index":"index","follow":"follow","max-snippet":"max-snippet:-1","max-image-preview":"max-image-preview:large","max-video-preview":"max-video-preview:-1"},"canonical":"https:\/\/www.refrigerantboys.com\/de\/erwerb-von-grossen-mengen-an-kaeltemittelgas\/","og_locale":"de_DE","og_type":"article","og_title":"Grandi quantitativi | Refrigerant Boys Erwerb von gro\u00dfen Mengen an K\u00e4ltemittelgas","og_description":"Wenn Sie gro\u00dfe Mengen an K\u00e4ltemittelgasen und -fluiden erwerben m\u00f6chten, lesen Sie diese Erkl\u00e4rung und nehmen Sie f\u00fcr die Verhandlungen mit uns Kontakt auf","og_url":"https:\/\/www.refrigerantboys.com\/de\/erwerb-von-grossen-mengen-an-kaeltemittelgas\/","og_site_name":"Refrigerant Boys","article_modified_time":"2023-03-01T09:13:13+00:00","og_image":[{"width":400,"height":260,"url":"https:\/\/www.refrigerantboys.com\/wp-content\/uploads\/2016\/08\/dummy-1.jpg","type":"image\/jpeg"}],"twitter_card":"summary_large_image","twitter_misc":{"Gesch\u00e4tzte Lesezeit":"2\u00a0Minuten"},"schema":{"@context":"https:\/\/schema.org","@graph":[{"@type":"WebPage","@id":"https:\/\/www.refrigerantboys.com\/de\/erwerb-von-grossen-mengen-an-kaeltemittelgas\/","url":"https:\/\/www.refrigerantboys.com\/de\/erwerb-von-grossen-mengen-an-kaeltemittelgas\/","name":"Grandi quantitativi | Refrigerant Boys Erwerb von gro\u00dfen Mengen an K\u00e4ltemittelgas","isPartOf":{"@id":"https:\/\/www.refrigerantboys.com\/de\/#website"},"datePublished":"2019-03-07T09:26:37+00:00","dateModified":"2023-03-01T09:13:13+00:00","description":"Wenn Sie gro\u00dfe Mengen an K\u00e4ltemittelgasen und -fluiden erwerben m\u00f6chten, lesen Sie diese Erkl\u00e4rung und nehmen Sie f\u00fcr die Verhandlungen mit uns Kontakt auf","breadcrumb":{"@id":"https:\/\/www.refrigerantboys.com\/de\/erwerb-von-grossen-mengen-an-kaeltemittelgas\/#breadcrumb"},"inLanguage":"de","potentialAction":[{"@type":"ReadAction","target":["https:\/\/www.refrigerantboys.com\/de\/erwerb-von-grossen-mengen-an-kaeltemittelgas\/"]}]},{"@type":"BreadcrumbList","@id":"https:\/\/www.refrigerantboys.com\/de\/erwerb-von-grossen-mengen-an-kaeltemittelgas\/#breadcrumb","itemListElement":[{"@type":"ListItem","position":1,"name":"Home","item":"https:\/\/www.refrigerantboys.com\/de\/"},{"@type":"ListItem","position":2,"name":"Grandi quantitativi"}]},{"@type":"WebSite","@id":"https:\/\/www.refrigerantboys.com\/de\/#website","url":"https:\/\/www.refrigerantboys.com\/de\/","name":"Refrigerant Boys","description":"Vendita gas refrigeranti","potentialAction":[{"@type":"SearchAction","target":{"@type":"EntryPoint","urlTemplate":"https:\/\/www.refrigerantboys.com\/de\/?s={search_term_string}"},"query-input":"required name=search_term_string"}],"inLanguage":"de"}]}},"_links":{"self":[{"href":"https:\/\/www.refrigerantboys.com\/de\/wp-json\/wp\/v2\/pages\/4735"}],"collection":[{"href":"https:\/\/www.refrigerantboys.com\/de\/wp-json\/wp\/v2\/pages"}],"about":[{"href":"https:\/\/www.refrigerantboys.com\/de\/wp-json\/wp\/v2\/types\/page"}],"author":[{"embeddable":true,"href":"https:\/\/www.refrigerantboys.com\/de\/wp-json\/wp\/v2\/users\/1"}],"replies":[{"embeddable":true,"href":"https:\/\/www.refrigerantboys.com\/de\/wp-json\/wp\/v2\/comments?post=4735"}],"version-history":[{"count":0,"href":"https:\/\/www.refrigerantboys.com\/de\/wp-json\/wp\/v2\/pages\/4735\/revisions"}],"wp:attachment":[{"href":"https:\/\/www.refrigerantboys.com\/de\/wp-json\/wp\/v2\/media?parent=4735"}],"curies":[{"name":"wp","href":"https:\/\/api.w.org\/{rel}","templated":true}]}}